{"id":931,"date":"2024-05-29T13:50:36","date_gmt":"2024-05-29T11:50:36","guid":{"rendered":"https:\/\/www.uneviesurterre.com\/?page_id=931"},"modified":"2024-12-24T11:48:05","modified_gmt":"2024-12-24T10:48:05","slug":"angleterre","status":"publish","type":"page","link":"https:\/\/www.uneviesurterre.com\/?page_id=931","title":{"rendered":"Angleterre"},"content":{"rendered":"\t\t<div data-elementor-type=\"wp-page\" data-elementor-id=\"931\" class=\"elementor elementor-931\">\n\t\t\t\t<div class=\"elementor-element elementor-element-c2cefad e-flex e-con-boxed e-con e-parent\" data-id=\"c2cefad\" data-element_type=\"container\">\n\t\t\t\t\t<div class=\"e-con-inner\">\n\t\t\t\t<div class=\"elementor-element elementor-element-6cd3bc60 elementor-widget elementor-widget-text-editor\" data-id=\"6cd3bc60\" data-element_type=\"widget\" data-widget_type=\"text-editor.default\">\n\t\t\t\t<div class=\"elementor-widget-container\">\n\t\t\t\t\t\t\t\t\t<div class=\"wp-block-spacer\" style=\"height: 29px;\" aria-hidden=\"true\">\u00a0<\/div>\n<div aria-hidden=\"true\">\u00a0<\/div>\n<div aria-hidden=\"true\">\u00a0<\/div>\n<div aria-hidden=\"true\">\u00a0<\/div>\n<p><!-- \/wp:spacer --><!-- wp:heading {\"textAlign\":\"center\",\"level\":1,\"style\":{\"typography\":{\"fontSize\":\"24px\"}}} --><\/p>\n<h1 class=\"wp-block-heading has-text-align-center\" style=\"font-size: 24px;\">Prologue<\/h1>\n<p><!-- \/wp:heading --><!-- wp:heading {\"textAlign\":\"center\",\"level\":4,\"style\":{\"typography\":{\"fontStyle\":\"normal\",\"fontWeight\":\"400\",\"fontSize\":\"17px\"}}} --><\/p>\n<h4 class=\"wp-block-heading has-text-align-center\" style=\"font-size: 17px; font-style: normal; font-weight: 400;\">Isol\u00e9 de l&#8217;Europe continentale, l&#8217;Angleterre n&#8217;est pourtant pas trop difficile d&#8217;acc\u00e8s (pour nous, belges et fran\u00e7ais de ch&#8217;Nord en tout cas). Malgr\u00e9 cela, on se contente souvent de se rendre \u00e0 Londres. Alors, pourquoi ne pas essayer de voir autre chose ?<\/h4>\n<p><!-- \/wp:spacer --><\/p>\t\t\t\t\t\t\t\t<\/div>\n\t\t\t\t<\/div>\n\t\t\t\t<div class=\"elementor-element elementor-element-8ecf3e4 elementor-hidden-mobile elementor-widget elementor-widget-spacer\" data-id=\"8ecf3e4\" data-element_type=\"widget\" data-widget_type=\"spacer.default\">\n\t\t\t\t<div class=\"elementor-widget-container\">\n\t\t\t\t\t\t\t<div class=\"elementor-spacer\">\n\t\t\t<div class=\"elementor-spacer-inner\"><\/div>\n\t\t<\/div>\n\t\t\t\t\t\t<\/div>\n\t\t\t\t<\/div>\n\t\t\t\t\t<\/div>\n\t\t\t\t<\/div>\n\t\t<div class=\"elementor-element elementor-element-1d2f5e0 e-con-full e-flex e-con e-parent\" data-id=\"1d2f5e0\" data-element_type=\"container\">\n\t\t<div class=\"elementor-element elementor-element-697e178 e-con-full e-flex e-con e-child\" data-id=\"697e178\" data-element_type=\"container\" data-settings=\"{&quot;background_background&quot;:&quot;classic&quot;}\">\n\t\t\t\t<div class=\"elementor-element elementor-element-5924c42 elementor-widget elementor-widget-heading\" data-id=\"5924c42\" data-element_type=\"widget\" data-widget_type=\"heading.default\">\n\t\t\t\t<div class=\"elementor-widget-container\">\n\t\t\t\t\t<h2 class=\"elementor-heading-title elementor-size-default\"><a href=\"https:\/\/www.uneviesurterre.com\/?page_id=859\">Sud de l'Angleterre : 4 jours entre le Kent et le Sussex<\/a><\/h2>\t\t\t\t<\/div>\n\t\t\t\t<\/div>\n\t\t\t\t<\/div>\n\t\t<div class=\"elementor-element elementor-element-ff85d31 e-con-full e-flex e-con e-child\" data-id=\"ff85d31\" data-element_type=\"container\">\n\t\t\t\t<\/div>\n\t\t\t\t<\/div>\n\t\t\t\t<\/div>\n\t\t","protected":false},"excerpt":{"rendered":"<p>\u00a0 \u00a0 \u00a0 \u00a0 Prologue Isol\u00e9 de l&#8217;Europe continentale, l&#8217;Angleterre n&#8217;est pourtant pas trop difficile d&#8217;acc\u00e8s (pour nous, belges et fran\u00e7ais de ch&#8217;Nord en tout cas). Malgr\u00e9 cela, on se contente souvent de se rendre \u00e0 Londres. Alors, pourquoi ne pas essayer de voir autre chose ? Sud de l&#8217;Angleterre : 4 jours entre le &hellip; <\/p>\n<p class=\"link-more\"><a href=\"https:\/\/www.uneviesurterre.com\/?page_id=931\" class=\"more-link\">Read more<span class=\"screen-reader-text\"> &#8220;Angleterre&#8221;<\/span><\/a><\/p>\n","protected":false},"author":1,"featured_media":929,"parent":0,"menu_order":0,"comment_status":"closed","ping_status":"closed","template":"","meta":{"footnotes":""},"class_list":["post-931","page","type-page","status-publish","has-post-thumbnail","hentry"],"jetpack_sharing_enabled":true,"_links":{"self":[{"href":"https:\/\/www.uneviesurterre.com\/index.php?rest_route=\/wp\/v2\/pages\/931","targetHints":{"allow":["GET"]}}],"collection":[{"href":"https:\/\/www.uneviesurterre.com\/index.php?rest_route=\/wp\/v2\/pages"}],"about":[{"href":"https:\/\/www.uneviesurterre.com\/index.php?rest_route=\/wp\/v2\/types\/page"}],"author":[{"embeddable":true,"href":"https:\/\/www.uneviesurterre.com\/index.php?rest_route=\/wp\/v2\/users\/1"}],"replies":[{"embeddable":true,"href":"https:\/\/www.uneviesurterre.com\/index.php?rest_route=%2Fwp%2Fv2%2Fcomments&post=931"}],"version-history":[{"count":66,"href":"https:\/\/www.uneviesurterre.com\/index.php?rest_route=\/wp\/v2\/pages\/931\/revisions"}],"predecessor-version":[{"id":1678,"href":"https:\/\/www.uneviesurterre.com\/index.php?rest_route=\/wp\/v2\/pages\/931\/revisions\/1678"}],"wp:featuredmedia":[{"embeddable":true,"href":"https:\/\/www.uneviesurterre.com\/index.php?rest_route=\/wp\/v2\/media\/929"}],"wp:attachment":[{"href":"https:\/\/www.uneviesurterre.com\/index.php?rest_route=%2Fwp%2Fv2%2Fmedia&parent=931"}],"curies":[{"name":"wp","href":"https:\/\/api.w.org\/{rel}","templated":true}]}}