{"id":322,"date":"2023-11-02T18:19:10","date_gmt":"2023-11-02T17:19:10","guid":{"rendered":"https:\/\/www.uneviesurterre.com\/?page_id=322"},"modified":"2023-12-13T16:10:07","modified_gmt":"2023-12-13T15:10:07","slug":"nos-restaurants-preferes-a-marrakech","status":"publish","type":"page","link":"https:\/\/www.uneviesurterre.com\/?page_id=322","title":{"rendered":"Nos restaurants pr\u00e9f\u00e9r\u00e9s \u00e0 Marrakech"},"content":{"rendered":"\n<h2 class=\"wp-block-heading\" style=\"font-size:clamp(14px, 0.875rem + ((1vw - 3.2px) * 0.313), 17px);font-style:normal;font-weight:400\">On ne peut pas \u00e9voquer le Maroc sans avoir l&#8217;image des couscous et tajines en t\u00eate (je suis un grand fan de couscous en plus). C&#8217;est donc tout naturellement que notre s\u00e9jour a pris l&#8217;odeur des \u00e9pices. Nous avons d\u00e9couvert quelques bonnes adresses que nous voulions partager avec vous :<\/h2>\n\n\n\n<h2 class=\"wp-block-heading\" style=\"font-size:clamp(14px, 0.875rem + ((1vw - 3.2px) * 0.313), 17px);font-style:normal;font-weight:400\"><strong>Le Nomad<\/strong><\/h2>\n\n\n\n<div class=\"wp-block-columns is-layout-flex wp-container-core-columns-is-layout-28f84493 wp-block-columns-is-layout-flex\">\n<div class=\"wp-block-column is-layout-flow wp-block-column-is-layout-flow\">\n<div class=\"wp-block-columns is-layout-flex wp-container-core-columns-is-layout-28f84493 wp-block-columns-is-layout-flex\">\n<div class=\"wp-block-column is-layout-flow wp-block-column-is-layout-flow\" style=\"flex-basis:33.33%\">\n<figure class=\"wp-block-image size-full is-resized\"><img fetchpriority=\"high\" decoding=\"async\" width=\"227\" height=\"401\" src=\"https:\/\/www.uneviesurterre.com\/wp-content\/uploads\/2023\/12\/image.jpeg\" alt=\"\" class=\"wp-image-613\" style=\"width:178px;height:auto\" srcset=\"https:\/\/www.uneviesurterre.com\/wp-content\/uploads\/2023\/12\/image.jpeg 227w, https:\/\/www.uneviesurterre.com\/wp-content\/uploads\/2023\/12\/image-170x300.jpeg 170w\" sizes=\"(max-width: 227px) 100vw, 227px\" \/><\/figure>\n<\/div>\n\n\n\n<div class=\"wp-block-column is-layout-flow wp-block-column-is-layout-flow\" style=\"flex-basis:66.66%\">\n<h2 class=\"wp-block-heading\" style=\"font-size:clamp(14px, 0.875rem + ((1vw - 3.2px) * 0.313), 17px);font-style:normal;font-weight:400\">Ce fut notre premier restaurant, quelques heures apr\u00e8s notre arriv\u00e9e, et s\u00fbrement celui o\u00f9 nous avons le mieux mang\u00e9 ! Mon tajine \u00e9tait juste d\u00e9licat et savoureux.<\/h2>\n\n\n\n<p><\/p>\n\n\n\n<h2 class=\"wp-block-heading\" style=\"font-size:clamp(14px, 0.875rem + ((1vw - 3.2px) * 0.313), 17px);font-style:normal;font-weight:400\">Son point fort : Les bonnes saveurs de leurs plats<\/h2>\n<\/div>\n<\/div>\n<\/div>\n<\/div>\n\n\n\n<h2 class=\"wp-block-heading\" style=\"font-size:clamp(14px, 0.875rem + ((1vw - 3.2px) * 0.313), 17px);font-style:normal;font-weight:400\"><strong>Le jardin<\/strong><\/h2>\n\n\n\n<div class=\"wp-block-columns is-layout-flex wp-container-core-columns-is-layout-28f84493 wp-block-columns-is-layout-flex\">\n<div class=\"wp-block-column is-layout-flow wp-block-column-is-layout-flow\" style=\"flex-basis:66.66%\">\n<h2 class=\"wp-block-heading\" style=\"font-size:clamp(14px, 0.875rem + ((1vw - 3.2px) * 0.313), 17px);font-style:normal;font-weight:400\">Le point fort de cette adresse, c&#8217;est clairement le restaurant en lui-m\u00eame. Les tables sont situ\u00e9es dans la cour en patio o\u00f9 le vert et la verdure sont les maitres mots. La d\u00e9coration est sublime. N&#8217;h\u00e9sitez pas \u00e0 r\u00e9server pour vous assurer une place (possible de le faire en ligne sur leur site)<\/h2>\n\n\n\n<p><\/p>\n\n\n\n<h2 class=\"wp-block-heading\" style=\"font-size:clamp(14px, 0.875rem + ((1vw - 3.2px) * 0.313), 17px);font-style:normal;font-weight:400\">Son point fort :&nbsp;Le cadre <\/h2>\n<\/div>\n\n\n\n<div class=\"wp-block-column is-layout-flow wp-block-column-is-layout-flow\" style=\"flex-basis:33.33%\">\n<figure class=\"wp-block-image size-full is-resized\"><img decoding=\"async\" width=\"294\" height=\"489\" src=\"https:\/\/www.uneviesurterre.com\/wp-content\/uploads\/2023\/12\/image-1.jpeg\" alt=\"\" class=\"wp-image-614\" style=\"width:224px;height:auto\" srcset=\"https:\/\/www.uneviesurterre.com\/wp-content\/uploads\/2023\/12\/image-1.jpeg 294w, https:\/\/www.uneviesurterre.com\/wp-content\/uploads\/2023\/12\/image-1-180x300.jpeg 180w\" sizes=\"(max-width: 294px) 100vw, 294px\" \/><\/figure>\n<\/div>\n<\/div>\n\n\n\n<h2 class=\"wp-block-heading\" style=\"font-size:clamp(14px, 0.875rem + ((1vw - 3.2px) * 0.313), 17px);font-style:normal;font-weight:400\">&nbsp;<\/h2>\n\n\n\n<h2 class=\"wp-block-heading\" style=\"font-size:clamp(14px, 0.875rem + ((1vw - 3.2px) * 0.313), 17px);font-style:normal;font-weight:400\"><strong>Caf\u00e9 des \u00e9pices<\/strong><\/h2>\n\n\n\n<h2 class=\"wp-block-heading\" style=\"font-size:clamp(14px, 0.875rem + ((1vw - 3.2px) * 0.313), 17px);font-style:normal;font-weight:400\">Le caf\u00e9 des \u00e9pices se trouvait \u00e0 quelques pas de notre premier Riad, sur la place&#8230; des \u00e9pices (malin). Ce n&#8217;est pas du tout celui qui nous a le plus s\u00e9duit mais il a l&#8217;avantage de proposer des plats locaux peu chers. Un bon plan pour le midi peut-\u00eatre.<\/h2>\n\n\n\n<p><\/p>\n\n\n\n<h2 class=\"wp-block-heading\" style=\"font-size:clamp(14px, 0.875rem + ((1vw - 3.2px) * 0.313), 17px);font-style:normal;font-weight:400\">Son point fort : Ses tarifs attractifs<\/h2>\n\n\n\n<h2 class=\"wp-block-heading\" style=\"font-size:clamp(14px, 0.875rem + ((1vw - 3.2px) * 0.313), 17px);font-style:normal;font-weight:400\">&nbsp;<\/h2>\n\n\n\n<h2 class=\"wp-block-heading\" style=\"font-size:clamp(14px, 0.875rem + ((1vw - 3.2px) * 0.313), 17px);font-style:normal;font-weight:400\"><strong>Terrasse la maison des \u00e9pices<\/strong><\/h2>\n\n\n\n<h2 class=\"wp-block-heading\" style=\"font-size:clamp(14px, 0.875rem + ((1vw - 3.2px) * 0.313), 17px);font-style:normal;font-weight:400\">Une petite adresse toute en simplicit\u00e9. Les plats sont bons, le cadre est accueillant. Nous avons pass\u00e9 un bon petit moment.<\/h2>\n\n\n\n<p><\/p>\n\n\n\n<h2 class=\"wp-block-heading\" style=\"font-size:clamp(14px, 0.875rem + ((1vw - 3.2px) * 0.313), 17px);font-style:normal;font-weight:400\">Son point fort :&nbsp;Sa simplicit\u00e9 toute en d\u00e9contraction<\/h2>\n\n\n\n<h2 class=\"wp-block-heading\" style=\"font-size:clamp(14px, 0.875rem + ((1vw - 3.2px) * 0.313), 17px);font-style:normal;font-weight:400\">&nbsp;<\/h2>\n\n\n\n<h2 class=\"wp-block-heading\" style=\"font-size:clamp(14px, 0.875rem + ((1vw - 3.2px) * 0.313), 17px);font-style:normal;font-weight:400\"><strong>La cantine des gazelles<\/strong><\/h2>\n\n\n\n<div class=\"wp-block-columns is-layout-flex wp-container-core-columns-is-layout-28f84493 wp-block-columns-is-layout-flex\">\n<div class=\"wp-block-column is-layout-flow wp-block-column-is-layout-flow\" style=\"flex-basis:33.33%\">\n<figure class=\"wp-block-image size-full\"><img decoding=\"async\" width=\"363\" height=\"483\" src=\"https:\/\/www.uneviesurterre.com\/wp-content\/uploads\/2023\/12\/image-2.jpeg\" alt=\"\" class=\"wp-image-615\" srcset=\"https:\/\/www.uneviesurterre.com\/wp-content\/uploads\/2023\/12\/image-2.jpeg 363w, https:\/\/www.uneviesurterre.com\/wp-content\/uploads\/2023\/12\/image-2-225x300.jpeg 225w\" sizes=\"(max-width: 363px) 100vw, 363px\" \/><\/figure>\n<\/div>\n\n\n\n<div class=\"wp-block-column is-layout-flow wp-block-column-is-layout-flow\" style=\"flex-basis:66.66%\">\n<h2 class=\"wp-block-heading\" style=\"font-size:clamp(14px, 0.875rem + ((1vw - 3.2px) * 0.313), 17px);font-style:normal;font-weight:400\">C&#8217;est d\u00e9finitivement une des bonnes petites adresses de Marrakech. Le restaurant est tenu par des marocains, dans une petite boutique &#8220;style souk&#8221;, ce qui rend l&#8217;atmosph\u00e8re tr\u00e8s conviviale.&nbsp;<\/h2>\n\n\n\n<h2 class=\"wp-block-heading\" style=\"font-size:clamp(14px, 0.875rem + ((1vw - 3.2px) * 0.313), 17px);font-style:normal;font-weight:400\">En plus de cela, ils sont r\u00e9put\u00e9s pour faire le meilleur couscous de Marrakech (je sais pas si c&#8217;\u00e9tait le meilleur mais on a bien mang\u00e9).<\/h2>\n\n\n\n<h2 class=\"wp-block-heading\" style=\"font-size:clamp(14px, 0.875rem + ((1vw - 3.2px) * 0.313), 17px);font-style:normal;font-weight:400\">Pr\u00e9f\u00e9rable de r\u00e9server sur place avant de s&#8217;y pr\u00e9senter<\/h2>\n\n\n\n<p><br>Ses points forts : Son cadre atypique et ses tajines monstrueuses<\/p>\n<\/div>\n<\/div>\n","protected":false},"excerpt":{"rendered":"<p>On ne peut pas \u00e9voquer le Maroc sans avoir l&#8217;image des couscous et tajines en t\u00eate (je suis un grand fan de couscous en plus). C&#8217;est donc tout naturellement que notre s\u00e9jour a pris l&#8217;odeur des \u00e9pices. Nous avons d\u00e9couvert quelques bonnes adresses que nous voulions partager avec vous : Le Nomad Ce fut notre &hellip; <\/p>\n<p class=\"link-more\"><a href=\"https:\/\/www.uneviesurterre.com\/?page_id=322\" class=\"more-link\">Read more<span class=\"screen-reader-text\"> &#8220;Nos restaurants pr\u00e9f\u00e9r\u00e9s \u00e0 Marrakech&#8221;<\/span><\/a><\/p>\n","protected":false},"author":1,"featured_media":0,"parent":0,"menu_order":0,"comment_status":"closed","ping_status":"closed","template":"","meta":{"footnotes":""},"class_list":["post-322","page","type-page","status-publish","hentry"],"jetpack_sharing_enabled":true,"_links":{"self":[{"href":"https:\/\/www.uneviesurterre.com\/index.php?rest_route=\/wp\/v2\/pages\/322","targetHints":{"allow":["GET"]}}],"collection":[{"href":"https:\/\/www.uneviesurterre.com\/index.php?rest_route=\/wp\/v2\/pages"}],"about":[{"href":"https:\/\/www.uneviesurterre.com\/index.php?rest_route=\/wp\/v2\/types\/page"}],"author":[{"embeddable":true,"href":"https:\/\/www.uneviesurterre.com\/index.php?rest_route=\/wp\/v2\/users\/1"}],"replies":[{"embeddable":true,"href":"https:\/\/www.uneviesurterre.com\/index.php?rest_route=%2Fwp%2Fv2%2Fcomments&post=322"}],"version-history":[{"count":4,"href":"https:\/\/www.uneviesurterre.com\/index.php?rest_route=\/wp\/v2\/pages\/322\/revisions"}],"predecessor-version":[{"id":618,"href":"https:\/\/www.uneviesurterre.com\/index.php?rest_route=\/wp\/v2\/pages\/322\/revisions\/618"}],"wp:attachment":[{"href":"https:\/\/www.uneviesurterre.com\/index.php?rest_route=%2Fwp%2Fv2%2Fmedia&parent=322"}],"curies":[{"name":"wp","href":"https:\/\/api.w.org\/{rel}","templated":true}]}}