{"id":319,"date":"2023-11-02T18:17:16","date_gmt":"2023-11-02T17:17:16","guid":{"rendered":"https:\/\/www.uneviesurterre.com\/?page_id=319"},"modified":"2023-12-11T18:59:41","modified_gmt":"2023-12-11T17:59:41","slug":"5-jours-a-marrakech","status":"publish","type":"page","link":"https:\/\/www.uneviesurterre.com\/?page_id=319","title":{"rendered":"5 jours \u00e0 Marrakech"},"content":{"rendered":"\n<h2 class=\"wp-block-heading\" style=\"font-size:clamp(14px, 0.875rem + ((1vw - 3.2px) * 0.313), 17px);font-style:normal;font-weight:400\">M\u00eame si j&#8217;avais un peu peur de tomber dans une destination attrape-touristes, j&#8217;avais vraiment h\u00e2te de d\u00e9couvrir cette nouvelle destination. Avec sa culture forte, Marrakech et ses alentours m&#8217;ont d\u00e9pays\u00e9, bouscul\u00e9 et charm\u00e9. Au-del\u00e0 des \u00e9difices \u00e0 visiter, c&#8217;est une ville \u00e0 vivre!<\/h2>\n\n\n\n<h2 class=\"wp-block-heading\" style=\"font-size:clamp(14px, 0.875rem + ((1vw - 3.2px) * 0.313), 17px);font-style:normal;font-weight:400\"><strong>Un accueil exceptionnel<\/strong><\/h2>\n\n\n\n<h2 class=\"wp-block-heading\" style=\"font-size:clamp(14px, 0.875rem + ((1vw - 3.2px) * 0.313), 17px);font-style:normal;font-weight:400\">Mise \u00e0 part \u00e0 notre passage \u00e0 la douane de l&#8217;a\u00e9roport, o\u00f9 Apo&#8217; ne s&#8217;est pas fait un copain, nous avons toujours \u00e9t\u00e9 accueillis d&#8217;une mani\u00e8re tr\u00e8s chaleureuse o\u00f9 que nous soyons all\u00e9s. M\u00eame si, dans la rue, les gens vous aident souvent en attendant une pi\u00e8ce en retour, les Marrakchis restent tr\u00e8s courtois et attachants. Nous ne sommes rest\u00e9s que 5 jours et nous repartons pourtant avec des souvenirs de rencontres en t\u00eate.<\/h2>\n\n\n\n<h2 class=\"wp-block-heading\" style=\"font-size:clamp(14px, 0.875rem + ((1vw - 3.2px) * 0.313), 17px);font-style:normal;font-weight:400\"><strong>Une ville vivante<\/strong><\/h2>\n\n\n\n<h2 class=\"wp-block-heading\" style=\"font-size:clamp(14px, 0.875rem + ((1vw - 3.2px) * 0.313), 17px);font-style:normal;font-weight:400\">L&#8217;int\u00e9rieur de la M\u00e9dina est juste incroyable ! C&#8217;est une \u00e9norme fourmili\u00e8re o\u00f9 se croisent touristes, locaux et &#8230;scooters. C&#8217;est tr\u00e8s d\u00e9routant quand on d\u00e9barque de chez nous, mais on s&#8217;y fait assez vite.<\/h2>\n\n\n\n<h2 class=\"wp-block-heading\" style=\"font-size:clamp(14px, 0.875rem + ((1vw - 3.2px) * 0.313), 17px);font-style:normal;font-weight:400\"><strong>Et sinon, qu&#8217;est-ce qu&#8217;on a fait ?<\/strong><\/h2>\n\n\n\n<div class=\"wp-block-columns is-layout-flex wp-container-core-columns-is-layout-28f84493 wp-block-columns-is-layout-flex\">\n<div class=\"wp-block-column is-layout-flow wp-block-column-is-layout-flow\">\n<h2 class=\"wp-block-heading\" style=\"font-size:clamp(14px, 0.875rem + ((1vw - 3.2px) * 0.313), 17px);font-style:normal;font-weight:400\"><strong>Jour 1 :<\/strong>&nbsp;<\/h2>\n\n\n\n<h2 class=\"wp-block-heading\" style=\"font-size:clamp(14px, 0.875rem + ((1vw - 3.2px) * 0.313), 17px);font-style:normal;font-weight:400\">Arriv\u00e9e au Riad Samira (que nous recommandons vivement!)<\/h2>\n\n\n\n<h2 class=\"wp-block-heading\" style=\"font-size:clamp(14px, 0.875rem + ((1vw - 3.2px) * 0.313), 17px);font-style:normal;font-weight:400\">Premiers pas dans les souks<\/h2>\n\n\n\n<h2 class=\"wp-block-heading\" style=\"font-size:clamp(14px, 0.875rem + ((1vw - 3.2px) * 0.313), 17px);font-style:normal;font-weight:400\">Visite du jardin secret<\/h2>\n\n\n\n<h2 class=\"wp-block-heading\" style=\"font-size:clamp(14px, 0.875rem + ((1vw - 3.2px) * 0.313), 17px);font-style:normal;font-weight:400\">Visite du jardin Majorelle<\/h2>\n\n\n\n<h2 class=\"wp-block-heading\" style=\"font-size:clamp(14px, 0.875rem + ((1vw - 3.2px) * 0.313), 17px);font-style:normal;font-weight:400\">On se fait embarquer par un local vers une mosqu\u00e9e en partie ouverte aux visiteurs, et on finit par boire le th\u00e9 avec un de ses amis.<\/h2>\n\n\n\n<h2 class=\"wp-block-heading\" style=\"font-size:clamp(14px, 0.875rem + ((1vw - 3.2px) * 0.313), 17px);font-style:normal;font-weight:400\"><strong>Jour 2 :<\/strong><\/h2>\n\n\n\n<h2 class=\"wp-block-heading\" style=\"font-size:clamp(14px, 0.875rem + ((1vw - 3.2px) * 0.313), 17px);font-style:normal;font-weight:400\">Excursion aux cascades d&#8217;Ouzoud (reserv\u00e9 via l&#8217;appli GetYourGuide)<\/h2>\n<\/div>\n\n\n\n<div class=\"wp-block-column is-layout-flow wp-block-column-is-layout-flow\">\n<h2 class=\"wp-block-heading\" style=\"font-size:clamp(14px, 0.875rem + ((1vw - 3.2px) * 0.313), 17px);font-style:normal;font-weight:400\"><strong>Jour 3 :<\/strong><\/h2>\n\n\n\n<h2 class=\"wp-block-heading\" style=\"font-size:clamp(14px, 0.875rem + ((1vw - 3.2px) * 0.313), 17px);font-style:normal;font-weight:400\">Changement de Riad, vers un quartier moins touristique de la ville<\/h2>\n\n\n\n<h2 class=\"wp-block-heading\" style=\"font-size:clamp(14px, 0.875rem + ((1vw - 3.2px) * 0.313), 17px);font-style:normal;font-weight:400\">Petit tour dans l&#8217;ancien quartier juif<\/h2>\n\n\n\n<h2 class=\"wp-block-heading\" style=\"font-size:clamp(14px, 0.875rem + ((1vw - 3.2px) * 0.313), 17px);font-style:normal;font-weight:400\">Visite du Palais Bahia<\/h2>\n\n\n\n<h2 class=\"wp-block-heading\" style=\"font-size:clamp(14px, 0.875rem + ((1vw - 3.2px) * 0.313), 17px);font-style:normal;font-weight:400\">Quad dans la palmeraie<\/h2>\n\n\n\n<h2 class=\"wp-block-heading\" style=\"font-size:clamp(14px, 0.875rem + ((1vw - 3.2px) * 0.313), 17px);font-style:normal;font-weight:400\"><strong>Jour 4 :<\/strong><\/h2>\n\n\n\n<h2 class=\"wp-block-heading\" style=\"font-size:clamp(14px, 0.875rem + ((1vw - 3.2px) * 0.313), 17px);font-style:normal;font-weight:400\">Excursion\/Randonn\u00e9e dans la vall\u00e9e d&#8217;Imlil (Haut-Atlas)<\/h2>\n\n\n\n<h2 class=\"wp-block-heading\" style=\"font-size:clamp(14px, 0.875rem + ((1vw - 3.2px) * 0.313), 17px);font-style:normal;font-weight:400\">Petite marche du c\u00f4t\u00e9 de la Koutoubia<\/h2>\n\n\n\n<h2 class=\"wp-block-heading\" style=\"font-size:clamp(14px, 0.875rem + ((1vw - 3.2px) * 0.313), 17px);font-style:normal;font-weight:400\"><strong>Jour 5 :<\/strong><\/h2>\n\n\n\n<h2 class=\"wp-block-heading\" style=\"font-size:clamp(14px, 0.875rem + ((1vw - 3.2px) * 0.313), 17px);font-style:normal;font-weight:400\">Visite de la Medersa Ben-Youssef<\/h2>\n\n\n\n<h2 class=\"wp-block-heading\" style=\"font-size:clamp(14px, 0.875rem + ((1vw - 3.2px) * 0.313), 17px);font-style:normal;font-weight:400\">Derniers achats avant le d\u00e9part<\/h2>\n<\/div>\n<\/div>\n\n\n\n<figure class=\"wp-block-video\"><video height=\"1280\" style=\"aspect-ratio: 720 \/ 1280;\" width=\"720\" controls src=\"https:\/\/www.uneviesurterre.com\/wp-content\/uploads\/2023\/12\/VID_93070305_002648_939-1-1.mp4\"><\/video><\/figure>\n","protected":false},"excerpt":{"rendered":"<p>M\u00eame si j&#8217;avais un peu peur de tomber dans une destination attrape-touristes, j&#8217;avais vraiment h\u00e2te de d\u00e9couvrir cette nouvelle destination. Avec sa culture forte, Marrakech et ses alentours m&#8217;ont d\u00e9pays\u00e9, bouscul\u00e9 et charm\u00e9. Au-del\u00e0 des \u00e9difices \u00e0 visiter, c&#8217;est une ville \u00e0 vivre! Un accueil exceptionnel Mise \u00e0 part \u00e0 notre passage \u00e0 la douane &hellip; <\/p>\n<p class=\"link-more\"><a href=\"https:\/\/www.uneviesurterre.com\/?page_id=319\" class=\"more-link\">Read more<span class=\"screen-reader-text\"> &#8220;5 jours \u00e0 Marrakech&#8221;<\/span><\/a><\/p>\n","protected":false},"author":1,"featured_media":0,"parent":0,"menu_order":0,"comment_status":"closed","ping_status":"closed","template":"","meta":{"footnotes":""},"class_list":["post-319","page","type-page","status-publish","hentry"],"jetpack_sharing_enabled":true,"_links":{"self":[{"href":"https:\/\/www.uneviesurterre.com\/index.php?rest_route=\/wp\/v2\/pages\/319","targetHints":{"allow":["GET"]}}],"collection":[{"href":"https:\/\/www.uneviesurterre.com\/index.php?rest_route=\/wp\/v2\/pages"}],"about":[{"href":"https:\/\/www.uneviesurterre.com\/index.php?rest_route=\/wp\/v2\/types\/page"}],"author":[{"embeddable":true,"href":"https:\/\/www.uneviesurterre.com\/index.php?rest_route=\/wp\/v2\/users\/1"}],"replies":[{"embeddable":true,"href":"https:\/\/www.uneviesurterre.com\/index.php?rest_route=%2Fwp%2Fv2%2Fcomments&post=319"}],"version-history":[{"count":7,"href":"https:\/\/www.uneviesurterre.com\/index.php?rest_route=\/wp\/v2\/pages\/319\/revisions"}],"predecessor-version":[{"id":610,"href":"https:\/\/www.uneviesurterre.com\/index.php?rest_route=\/wp\/v2\/pages\/319\/revisions\/610"}],"wp:attachment":[{"href":"https:\/\/www.uneviesurterre.com\/index.php?rest_route=%2Fwp%2Fv2%2Fmedia&parent=319"}],"curies":[{"name":"wp","href":"https:\/\/api.w.org\/{rel}","templated":true}]}}