{"id":312,"date":"2023-11-02T18:09:16","date_gmt":"2023-11-02T17:09:16","guid":{"rendered":"https:\/\/www.uneviesurterre.com\/?page_id=312"},"modified":"2024-06-01T14:35:37","modified_gmt":"2024-06-01T12:35:37","slug":"5-experiences-a-vivre-a-vancouver","status":"publish","type":"page","link":"https:\/\/www.uneviesurterre.com\/?page_id=312","title":{"rendered":"5 exp\u00e9riences \u00e0 vivre \u00e0 Vancouver"},"content":{"rendered":"\n<h2 class=\"wp-block-heading\">1. Regarder les hydravions d\u00e9coller \u00e0 Canada Place<\/h2>\n\n\n\n<h2 class=\"wp-block-heading\" style=\"font-size:clamp(14px, 0.875rem + ((1vw - 3.2px) * 0.313), 17px);font-style:normal;font-weight:400\">Je ne sais pas pour vous, mais pour moi, belge que je suis, ce n&#8217;est pas tr\u00e8s commun de voir des hydravions. C&#8217;\u00e9tait la premi\u00e8re fois que j&#8217;en approchais pour tout vous dire. J&#8217;\u00e9tais comme un gosse \u00e0 les voir d\u00e9coller et survoler les montagnes qui entourent la ville. Tout cela vous pourrez le voir depuis Canada Place et la Seawall Water Walk, une promenade qui longe le port de plaisance de Vancouver (Big up \u00e0 V\u00e9ronique Sanson)<\/h2>\n\n\n\n<figure class=\"wp-block-gallery has-nested-images columns-default is-cropped wp-block-gallery-1 is-layout-flex wp-block-gallery-is-layout-flex\">\n<figure class=\"wp-block-image\"><img decoding=\"async\" src=\"https:\/\/lh7-us.googleusercontent.com\/ICVBVuM5BsT0Zl0uzhqV3c9mVenth09gtvjS6EzPK8SKWXUf-x05N9bJwbI1Qw8Fuxb7SrAp03NN4txfpC9pTjGIFKaRro11--Q6wJSNUOK8T5fkU_xkKePuq--RfZICzeY1HiPoVlUX59KT0RSjsC8\" alt=\"\"\/><\/figure>\n<\/figure>\n\n\n\n<figure class=\"wp-block-image\"><img decoding=\"async\" src=\"https:\/\/lh7-us.googleusercontent.com\/d60d2wGXJYsla_k4zblcjdBx-goS0PYMpMZHqUAFqGKxBfyBzsrdRq_d6EfF4tuhI45Bb_t48QTD8VIoku2_4NxRpIgZuDt5EX2uzi52fla8uJGYn_ZJGi0kI-gOQU5qB_pkiVg15klHIeVs1zM7Ads\" alt=\"\"\/><\/figure>\n\n\n\n<figure class=\"wp-block-image\"><img decoding=\"async\" src=\"https:\/\/lh7-us.googleusercontent.com\/bTA5NvXLu9_Bd3mur0Q1NtcmRilqAboo-ebgpxqpjJ1rBkDHwqeVZ1hAA1TWu-BSz6LNoOKqPluAE7do1Kwxud4YnBd9BNfT4hpFmrDZuNiasG9CvW_ll0_wITaExmSqEi9Mdr4mrS86L7X4eGEvTtE\" alt=\"\"\/><\/figure>\n\n\n\n<figure class=\"wp-block-image\"><img decoding=\"async\" src=\"https:\/\/lh7-us.googleusercontent.com\/eM79ApWp4_D197w_yepzumcu8YIig9asU0aq9W02W1TmXJky75dCAVuVurpWja12rjMQvxV2Y0CNKsInVZH1t5BxWmKOI6s3cmiJuI4fRZCpkJVciBn5wvF__pLl-7nL-jh7rpMuiyLrzbM8E9LRAKc\" alt=\"\"\/><\/figure>\n\n\n\n<p>1\/4<\/p>\n\n\n\n<h2 class=\"wp-block-heading\">2. Faire le plein de nature \u00e0 Deep Cove &#8211; Quarry Rock<\/h2>\n\n\n\n<h2 class=\"wp-block-heading\" style=\"font-size:clamp(14px, 0.875rem + ((1vw - 3.2px) * 0.313), 17px);font-style:normal;font-weight:400\">Assur\u00e9ment un des plus beaux endroits du grand Vancouver, Deep Cove est un petit village facilement accessible en bus depuis le centre. On s&#8217;\u00e9chappe alors de l&#8217;animation urbaine pour trouver un petit coin de tranquillit\u00e9.<\/h2>\n\n\n\n<h2 class=\"wp-block-heading\" style=\"font-size:clamp(14px, 0.875rem + ((1vw - 3.2px) * 0.313), 17px);font-style:normal;font-weight:400\">Il y a deux choses \u00e0 ne pas manquer lorsque vous vous y rendez. Tout d&#8217;abord, emprunter la marche &#8220;Baden Powell Trail Head&#8221; qui vous emm\u00e8nera \u00e0 Quarry Rock, d&#8217;o\u00f9 vous aurez un incroyable point de vue (Pour la petite histoire, c&#8217;est \u00e0 cet endroit pr\u00e9cis que je me suis dit pour la premi\u00e8re fois &#8220;Waouw, je suis au Canada&#8221;). La deuxi\u00e8me chose \u00e0 faire \u00e0 Deep Cove, c&#8217;est de se rendre \u00e0 la boutique &#8220;Honey Doughnuts &amp; Goodies&#8221;, r\u00e9put\u00e9e pour faire les meilleurs doughnuts de Vancouver. Et au Canada, on ne rigole pas avec les doughnuts !<\/h2>\n\n\n\n<figure class=\"wp-block-image\"><img decoding=\"async\" src=\"https:\/\/lh7-us.googleusercontent.com\/eIqSsi-i3Rzg5H1Q8012ROTf8TJwO9c0VY13UmyJCFgT1TayPZTKueQefOBP-tIxyFxyQ2gvHSv2F_zQRphJCbl-nlu9KPMt7bV9Ct_Wnsnzs52f80iGD49C4ttLhQKgWkthDrdcd0prM7qPnnRLXPc\" alt=\"\"\/><\/figure>\n\n\n\n<figure class=\"wp-block-image\"><img decoding=\"async\" src=\"https:\/\/lh7-us.googleusercontent.com\/mPSNK7KXh-XYVHylAP9SMppJjSrPN9mRxAHAS_6uIjSjsNkX6eGm7BACDcaHUmcZZuVSAar5EtWG0Rkr1yrbLiaIeRNJwqPorVGeRzrA4gWnnn0n4T27d5366eaqpAITUbGLiY8BzogjBZxON1aM6bs\" alt=\"\"\/><\/figure>\n\n\n\n<figure class=\"wp-block-image\"><img decoding=\"async\" src=\"https:\/\/lh7-us.googleusercontent.com\/FuppqQahSRQusY4exjBBkB-f26G8NxicUNyxKiA1Fk3Zx7LoacEYJsC4FPamhsNRM8ixu-qqWQKvpxShyyXy77llMu_7zlvVNm07L5k3fH75SgZ08lpEDNihKwcmckYELcio0YR0Sx_Cz15w05QOTgg\" alt=\"\"\/><\/figure>\n\n\n\n<figure class=\"wp-block-image\"><img decoding=\"async\" src=\"https:\/\/lh7-us.googleusercontent.com\/D9se5Pgq-IuhoSC7fNGBiVCjHKDxqLTm9S8-LyXtugCY0I73_j4reim_3J1Bh_R8ENR-jDQbtOTFzLUo0ADIAKHJ8ppdug6sZNMDRc5jvWGXhnmN5wiDON3m7tBGhqhZlNXRuPhgBPqvBJzbCXjdDsQ\" alt=\"\"\/><\/figure>\n\n\n\n<p>1\/4<\/p>\n\n\n\n<h2 class=\"wp-block-heading\">3. Faire le tour de Stanley Park<\/h2>\n\n\n\n<h2 class=\"wp-block-heading\" style=\"font-size:clamp(14px, 0.875rem + ((1vw - 3.2px) * 0.313), 17px);font-style:normal;font-weight:400\">On peut dire que le Stanley Park est \u00e0 Vancouver ce que Central Park est \u00e0 New York, un \u00e9norme poumon vert en pleine ville. Une grande bouff\u00e9e d&#8217;air frais si comme moi vous n&#8217;\u00eates pas habitu\u00e9s \u00e0 vivre dans une grande ville.<\/h2>\n\n\n\n<p><\/p>\n\n\n\n<h2 class=\"wp-block-heading\" style=\"font-size:clamp(14px, 0.875rem + ((1vw - 3.2px) * 0.313), 17px);font-style:normal;font-weight:400\">Il y a de multiples sentiers pour se promener, mais pour une premi\u00e8re, la plupart des gens empruntent le &#8220;Stanley Park Seawall&#8221;, qui fait le tour du parc en longeant l&#8217;oc\u00e9an (La boucle fait 10km quand m\u00eame, ce n&#8217;est pas n\u00e9gligeable). A mi-chemin, vous aurez une magnifique vue sur le Lions Gate Bridge. C&#8217;est le moment parfait pour prendre un petit caf\u00e9 au petit shop et profiter du panorama.<\/h2>\n\n\n\n<figure class=\"wp-block-image\"><img decoding=\"async\" src=\"https:\/\/lh7-us.googleusercontent.com\/-CM-3L7V_4yvqZC-LjU8YzyZdYwjK73qYmABfmN6kiOC2mB6a5uL6H6bG8TgLZAwmJ7EDryZgQlWIHa8Av-c79fZ_8tTkvGLguylkhAluGiAC4PS088N8NnaUgrX-WInomYzzNrbR0LNIRTLrknKeuI\" alt=\"20190217_150427.jpg\"\/><\/figure>\n\n\n\n<h2 class=\"wp-block-heading\">4. Boire un verre dans le quartier de Gastown<\/h2>\n\n\n\n<h2 class=\"wp-block-heading\" style=\"font-size:clamp(14px, 0.875rem + ((1vw - 3.2px) * 0.313), 17px);font-style:normal;font-weight:400\">Gastown est un quartier qui m&#8217;a beaucoup plu \u00e0 Vancouver. Je pense que \u00e7a vient du fait que ce soit le seul endroit de la ville qui ne respecte pas le plan de rue en damier. Cela lui donne un c\u00f4t\u00e9 romantique, surtout lorsque les lumi\u00e8res s&#8217;allument \u00e0 la nuit tomb\u00e9e. C&#8217;est \u00e9galement un coin tr\u00e8s vivant o\u00f9 vous trouverez beaucoup de bars et de restaurants pour vous satisfaire.<\/h2>\n\n\n\n<p><\/p>\n\n\n\n<h2 class=\"wp-block-heading\" style=\"font-size:clamp(14px, 0.875rem + ((1vw - 3.2px) * 0.313), 17px);font-style:normal;font-weight:400\">En vous promenant, n&#8217;oubliez pas de passer devant la Gastown Steam Clock, qui vous annonce les heures par ses d\u00e9gagements de fum\u00e9e. C&#8217;est l&#8217;attraction du quartier.<\/h2>\n\n\n\n<div class=\"wp-block-columns is-layout-flex wp-container-core-columns-is-layout-28f84493 wp-block-columns-is-layout-flex\">\n<div class=\"wp-block-column is-layout-flow wp-block-column-is-layout-flow\">\n<figure class=\"wp-block-image size-full\"><img fetchpriority=\"high\" decoding=\"async\" width=\"339\" height=\"451\" src=\"https:\/\/www.uneviesurterre.com\/wp-content\/uploads\/2024\/06\/image.jpeg\" alt=\"\" class=\"wp-image-988\" srcset=\"https:\/\/www.uneviesurterre.com\/wp-content\/uploads\/2024\/06\/image.jpeg 339w, https:\/\/www.uneviesurterre.com\/wp-content\/uploads\/2024\/06\/image-225x300.jpeg 225w\" sizes=\"(max-width: 339px) 100vw, 339px\" \/><\/figure>\n<\/div>\n\n\n\n<div class=\"wp-block-column is-layout-flow wp-block-column-is-layout-flow\">\n<figure class=\"wp-block-image size-full\"><img decoding=\"async\" width=\"340\" height=\"451\" src=\"https:\/\/www.uneviesurterre.com\/wp-content\/uploads\/2024\/06\/image-1.jpeg\" alt=\"\" class=\"wp-image-989\" srcset=\"https:\/\/www.uneviesurterre.com\/wp-content\/uploads\/2024\/06\/image-1.jpeg 340w, https:\/\/www.uneviesurterre.com\/wp-content\/uploads\/2024\/06\/image-1-226x300.jpeg 226w\" sizes=\"(max-width: 340px) 100vw, 340px\" \/><\/figure>\n<\/div>\n<\/div>\n\n\n\n<h2 class=\"wp-block-heading\">5. Regarder un coucher de soleil \u00e0 Lighthouse Park<\/h2>\n\n\n\n<h2 class=\"wp-block-heading\" style=\"font-size:clamp(14px, 0.875rem + ((1vw - 3.2px) * 0.313), 17px);font-style:normal;font-weight:400\">Pour terminer une belle journ\u00e9e \u00e0 Vancouver, pourquoi ne pas se rendre \u00e0 Lighthouse Provincial Park ? Situ\u00e9 du c\u00f4t\u00e9 de North Vancouver, il vous faudra prendre un bus pour vous y rendre si vous n&#8217;avez pas de voiture.<\/h2>\n\n\n\n<p><\/p>\n\n\n\n<h2 class=\"wp-block-heading\" style=\"font-size:clamp(14px, 0.875rem + ((1vw - 3.2px) * 0.313), 17px);font-style:normal;font-weight:400\">Au programme, je vous propose une petite balade en for\u00eat se terminant au bord de l&#8217;eau. De l\u00e0 vous aurez une magnifique vue sur Vancouver Downtown et sur l&#8217;oc\u00e9an. Pour optimiser votre venue, pourquoi ne pas pr\u00e9parer un petit pique-nique et attendre le coucher de soleil ?&nbsp;<\/h2>\n\n\n\n<figure class=\"wp-block-image\"><img decoding=\"async\" src=\"https:\/\/lh7-us.googleusercontent.com\/JYzobeudquxAalZjn5sw33-p2tafAQ60TI2e5ummUl8mSJd9S9OhR6WsywZoXcCp38ens1zsWJ8MzE885-IJsqw2D8qEq6YVHkUgrF2PcmtIVjx1y4xLJefjp2kn-u7tC4Pv_GKmbbYzS7wKCs1wJ7M\" alt=\"20190302_153018_HDR.jpg\"\/><\/figure>\n\n\n\n<figure class=\"wp-block-image\"><img decoding=\"async\" src=\"https:\/\/lh7-us.googleusercontent.com\/a_JMhGAl-go4f1tGb1K4mKiS-n7RTuqukfy9lhItGJy5MWKDMhZBgMTxobQrXx1USl-qH1rfbFw12huKpOStgPTTCFieTkcg_L0Ztm3WXGYvvvA0GEAC0L30H5LWci8pote61hJ76OFwzqXDeYO9Qy4\" alt=\"20190302_161911_HDR.jpg\"\/><\/figure>\n\n\n\n<figure class=\"wp-block-image\"><img decoding=\"async\" src=\"https:\/\/lh7-us.googleusercontent.com\/AZ3GQkQlNYsDu7yJnUWxyyMaSh69IgF78007P7hsrMo6n6sVbxGxN-2vGEQTPF3T3BVxF0vbcU-o-JxLvNQeHKjwWIecq1ugLZcfeSMICz40fgiGEvD6wG9LoJg4Mb1uaXZNDjwGhjYP3tyqyX0QTLk\" alt=\"20190302_161920_HDR.jpg\"\/><\/figure>\n\n\n\n<h2 class=\"wp-block-heading\">Mais aussi&#8230;<\/h2>\n\n\n\n<h2 class=\"wp-block-heading\" style=\"font-size:clamp(14px, 0.875rem + ((1vw - 3.2px) * 0.313), 17px);font-style:normal;font-weight:400\">Bien-s\u00fbr, ce que j&#8217;ai d\u00e9couvert \u00e0 Vancouver ne s&#8217;est pas r\u00e9sum\u00e9 en 5 points. J&#8217;ai \u00e9galement appr\u00e9ci\u00e9 me rendre au march\u00e9 de Granville et manger un bout en \u00e9coutant un guitariste au bord de l&#8217;eau, d\u00e9couvrir le plus grand quartier chinois du pays ou tout simplement me poser sur une plage en plein centre de la ville (m\u00eame s&#8217;il faisait un peu froid en f\u00e9vrier haha). J&#8217;ai aussi fait de magnifiques rencontre qui auront marqu\u00e9 mon voyage.<\/h2>\n\n\n\n<p><\/p>\n\n\n\n<h2 class=\"wp-block-heading\" style=\"font-size:clamp(14px, 0.875rem + ((1vw - 3.2px) * 0.313), 17px);font-style:normal;font-weight:400\">Il y a rien \u00e0 rajouter, osez vivre, osez r\u00eaver !&nbsp;<\/h2>\n\n\n\n<div style=\"height:62px\" aria-hidden=\"true\" class=\"wp-block-spacer\"><\/div>\n","protected":false},"excerpt":{"rendered":"<p>1. Regarder les hydravions d\u00e9coller \u00e0 Canada Place Je ne sais pas pour vous, mais pour moi, belge que je suis, ce n&#8217;est pas tr\u00e8s commun de voir des hydravions. C&#8217;\u00e9tait la premi\u00e8re fois que j&#8217;en approchais pour tout vous dire. J&#8217;\u00e9tais comme un gosse \u00e0 les voir d\u00e9coller et survoler les montagnes qui entourent &hellip; <\/p>\n<p class=\"link-more\"><a href=\"https:\/\/www.uneviesurterre.com\/?page_id=312\" class=\"more-link\">Read more<span class=\"screen-reader-text\"> &#8220;5 exp\u00e9riences \u00e0 vivre \u00e0 Vancouver&#8221;<\/span><\/a><\/p>\n","protected":false},"author":1,"featured_media":0,"parent":0,"menu_order":0,"comment_status":"closed","ping_status":"closed","template":"","meta":{"footnotes":""},"class_list":["post-312","page","type-page","status-publish","hentry"],"jetpack_sharing_enabled":true,"_links":{"self":[{"href":"https:\/\/www.uneviesurterre.com\/index.php?rest_route=\/wp\/v2\/pages\/312","targetHints":{"allow":["GET"]}}],"collection":[{"href":"https:\/\/www.uneviesurterre.com\/index.php?rest_route=\/wp\/v2\/pages"}],"about":[{"href":"https:\/\/www.uneviesurterre.com\/index.php?rest_route=\/wp\/v2\/types\/page"}],"author":[{"embeddable":true,"href":"https:\/\/www.uneviesurterre.com\/index.php?rest_route=\/wp\/v2\/users\/1"}],"replies":[{"embeddable":true,"href":"https:\/\/www.uneviesurterre.com\/index.php?rest_route=%2Fwp%2Fv2%2Fcomments&post=312"}],"version-history":[{"count":7,"href":"https:\/\/www.uneviesurterre.com\/index.php?rest_route=\/wp\/v2\/pages\/312\/revisions"}],"predecessor-version":[{"id":990,"href":"https:\/\/www.uneviesurterre.com\/index.php?rest_route=\/wp\/v2\/pages\/312\/revisions\/990"}],"wp:attachment":[{"href":"https:\/\/www.uneviesurterre.com\/index.php?rest_route=%2Fwp%2Fv2%2Fmedia&parent=312"}],"curies":[{"name":"wp","href":"https:\/\/api.w.org\/{rel}","templated":true}]}}