{"id":309,"date":"2023-11-02T18:07:01","date_gmt":"2023-11-02T17:07:01","guid":{"rendered":"https:\/\/www.uneviesurterre.com\/?page_id=309"},"modified":"2024-06-01T09:56:20","modified_gmt":"2024-06-01T07:56:20","slug":"le-yukon-la-perle-du-bout-du-monde","status":"publish","type":"page","link":"https:\/\/www.uneviesurterre.com\/?page_id=309","title":{"rendered":"Le Yukon : la perle du bout du monde"},"content":{"rendered":"\n<h2 class=\"wp-block-heading\" style=\"font-size:clamp(14px, 0.875rem + ((1vw - 3.2px) * 0.313), 17px);font-style:normal;font-weight:400\">Mon Road-trip au Canada m&#8217;a men\u00e9 dans le nord du pays, et plus particuli\u00e8rement au Yukon; une r\u00e9gion que je r\u00eavais de d\u00e9couvrir mais que j&#8217;avais laiss\u00e9 dans un coin de ma t\u00eate tant il est difficile d&#8217;y acc\u00e9der. Finalement, c&#8217;est avec mon compagnon de voyage Martin que nous avons pris la d\u00e9cision de nous lancer dans l&#8217;aventure. Apr\u00e8s plusieurs heures de bateau, plusieurs pleins d&#8217;essence, c&#8217;est avec les doigts gel\u00e9s mais le c\u0153ur euphorique que nous avons enfin atteint cet incroyable territoire !<\/h2>\n\n\n\n<figure class=\"wp-block-image aligncenter\"><img decoding=\"async\" src=\"https:\/\/lh7-us.googleusercontent.com\/qxAwD70MCT7_UE5JTZYjtJAjCWNqJy7We4zGamaKOd12x1aAY0OoNJQEmlpzWtJ0jCcoQnRpMUZQqgSbeTTDTBlzClCnvwAIfyj_TYMXXO11Nasev3F-ZeJJ5IpesWEqvV_Ick2lwaV-IKoM0vwXsh4\" alt=\"P1020536.JPG\"\/><\/figure>\n\n\n\n<h2 class=\"wp-block-heading\">En route vers Whitehorse<\/h2>\n\n\n\n<h2 class=\"wp-block-heading\" style=\"font-size:clamp(14px, 0.875rem + ((1vw - 3.2px) * 0.313), 17px);font-style:normal;font-weight:400\">Notre premi\u00e8re \u00e9tape allait nous mener de la fronti\u00e8re avec la BC jusqu&#8217;\u00e0 Whitehorse, la ville principale du Yukon. On \u00e9tait hyper content de retrouver une &#8220;grande ville&#8221;, cela faisait d\u00e9j\u00e0 1 mois que nous avions quitt\u00e9 Vancouver et Victoria, et un peu de &#8220;confort&#8221; n&#8217;aurait pas fait de mal. Mais bon&#8230; bien que Whitehorse soit le chef-lieu de l&#8217;\u00e9tat, \u00e7a n&#8217;a absolument rien \u00e0 voir avec les villes cit\u00e9es pr\u00e9c\u00e9demment. On y retrouve juste une rue principale avec des commerces, quelques mus\u00e9es et un office du tourisme (qui ma foi nous a \u00e9t\u00e9 bien utile pour cibler nos futures randos). Sans trop nous \u00e9loigner de la ville, nous avons donc d\u00e9cid\u00e9 de continuer \u00e0 randonner. Et \u00e0 notre grande surprise, nous avons d\u00e9couvert des paysages fantastiques, \u00e0 quelques kilom\u00e8tres seulement de notre point de rayonnement. On l&#8217;a bien vite compris, le Yukon c&#8217;est la nature avant tout!<\/h2>\n\n\n\n<div class=\"alignnormal\"><div id=\"metaslider-id-635\" style=\"width: 100%;\" class=\"ml-slider-3-108-0 metaslider metaslider-flex metaslider-635 ml-slider ms-theme-simply-dark nav-hidden\" role=\"region\" aria-label=\"Yukon #1\" data-height=\"600\" data-width=\"900\">\n    <div id=\"metaslider_container_635\">\n        <div id=\"metaslider_635\">\n            <ul class='slides'>\n                <li style=\"display: block; width: 100%;\" class=\"slide-636 ms-image \" aria-roledescription=\"slide\" data-date=\"2023-12-15 10:25:08\" data-filename=\"image-3-597x398.jpeg\" data-slide-type=\"image\"><img fetchpriority=\"high\" decoding=\"async\" src=\"https:\/\/www.uneviesurterre.com\/wp-content\/uploads\/2023\/12\/image-3-597x398.jpeg\" height=\"600\" width=\"900\" alt=\"\" class=\"slider-635 slide-636 msDefaultImage\" title=\"image-3\" \/><\/li>\n                <li style=\"display: none; width: 100%;\" class=\"slide-637 ms-image \" aria-roledescription=\"slide\" data-date=\"2023-12-15 10:25:08\" data-filename=\"image-4-597x398.jpeg\" data-slide-type=\"image\"><img decoding=\"async\" src=\"https:\/\/www.uneviesurterre.com\/wp-content\/uploads\/2023\/12\/image-4-597x398.jpeg\" height=\"600\" width=\"900\" alt=\"\" class=\"slider-635 slide-637 msDefaultImage\" title=\"image-4\" \/><\/li>\n                <li style=\"display: none; width: 100%;\" class=\"slide-638 ms-image \" aria-roledescription=\"slide\" data-date=\"2023-12-15 10:25:09\" data-filename=\"image-5-597x398.jpeg\" data-slide-type=\"image\"><img decoding=\"async\" src=\"https:\/\/www.uneviesurterre.com\/wp-content\/uploads\/2023\/12\/image-5-597x398.jpeg\" height=\"600\" width=\"900\" alt=\"\" class=\"slider-635 slide-638 msDefaultImage\" title=\"image-5\" \/><\/li>\n            <\/ul>\n        <\/div>\n        \n    <\/div>\n<\/div><\/div>\n\n\n\n<p style=\"font-size:clamp(14px, 0.875rem + ((1vw - 3.2px) * 0.313), 17px);font-style:normal;font-weight:400\"><\/p>\n\n\n\n<h2 class=\"wp-block-heading\">Le Kluane National Park<\/h2>\n\n\n\n<figure class=\"wp-block-image\" style=\"font-size:clamp(14px, 0.875rem + ((1vw - 3.2px) * 0.313), 17px);font-style:normal;font-weight:400\"><img decoding=\"async\" src=\"https:\/\/lh7-us.googleusercontent.com\/xLzHmbYqJ1jDKY_Hgdr6FzfOcrr_avC9S8KbGfnTAOPU7_kVwWJVGRaPqWrxniRQG7Ma68D-PbRYJQ18PltZPghV4uZ-wHQlanV9JZn8-u-rujFWQFCb2vyojTnEJhMrEF3V0zzeMTcYOTeDGmMmC38\" alt=\"\"\/><\/figure>\n\n\n\n<h2 class=\"wp-block-heading\" style=\"font-size:clamp(14px, 0.875rem + ((1vw - 3.2px) * 0.313), 17px);font-style:normal;font-weight:400\">Apr\u00e8s quelque jours pass\u00e9s \u00e0 Whitehorse, nous avons repris la route vers l&#8217;ouest, objectif : le Kluane National Park. On ne savait pas du tout \u00e0 quoi s&#8217;attendre car nous n&#8217;avions jamais entendu parler de ce Parc. Le moins qu&#8217;on puisse dire, c&#8217;est qu&#8217;on a \u00e9t\u00e9 enchant\u00e9.<\/h2>\n\n\n\n<h2 class=\"wp-block-heading\" style=\"font-size:clamp(14px, 0.875rem + ((1vw - 3.2px) * 0.313), 17px);font-style:normal;font-weight:400\">Rien qu&#8217;en arrivant, nous \u00e9tions bouche-b\u00e9e devant le mur de montagnes qui se dressait devant nous (petit aper\u00e7u dans la vid\u00e9o). Nous avions h\u00e2te d&#8217;en voir plus! Chauss\u00e9s de nos raquettes, nous sommes donc tr\u00e8s vite partis en direction des sommets afin d&#8217;avoir une vue d&#8217;ensemble sur la r\u00e9serve. Et l\u00e0, un paysage bien contrast\u00e9 devant nous : sur notre gauche, les vastes \u00e9tendues qui nous ont accompagn\u00e9s lors de notre arriv\u00e9e en voiture; et \u00e0 notre droite, une for\u00eat de pics montagneux \u00e0 perte de vue. Quelle splendeur!<\/h2>\n\n\n\n<h2 class=\"wp-block-heading\" style=\"font-size:clamp(14px, 0.875rem + ((1vw - 3.2px) * 0.313), 17px);font-style:normal;font-weight:400\">A titre personnel, je pense que ce sont les plus beaux paysages que j&#8217;ai vu de ma vie (pour l&#8217;instant!). En plus de cela, et malgr\u00e9 le peu de personnes dans la r\u00e9gion, nous avons fait de magnifiques rencontres : Ad\u00e8le et Caro (deux fran\u00e7aises en visite dans la r\u00e9gion), et Martin (tenancier d&#8217;une auberge de jeunesse avec qui nous avons pass\u00e9 une soir\u00e9e incroyable au coin du feu). Fait particulier, nous avons donc r\u00e9ussi \u00e0 r\u00e9unir 3 Martin au fin fond du Canada (Waouuuw)<\/h2>\n\n\n\n<h2 class=\"wp-block-heading\" style=\"font-size:clamp(14px, 0.875rem + ((1vw - 3.2px) * 0.313), 17px);font-style:normal;font-weight:400\">Pour les int\u00e9ress\u00e9s voici les randos que nous avons fait dans le parc :<\/h2>\n\n\n\n<h2 class=\"wp-block-heading\" style=\"font-size:clamp(14px, 0.875rem + ((1vw - 3.2px) * 0.313), 17px);font-style:normal;font-weight:400\">&#8211; La cr\u00e8te du Tachal Dhal : 11km\/1310m de d\u00e9nivel\u00e9 positif<\/h2>\n\n\n\n<h2 class=\"wp-block-heading\" style=\"font-size:clamp(14px, 0.875rem + ((1vw - 3.2px) * 0.313), 17px);font-style:normal;font-weight:400\">&#8211; La ice cave trail : 13km\/700m de d\u00e9nivel\u00e9 positif (mais je pense que la cave de glace s&#8217;est effondr\u00e9e depuis, merci le r\u00e9chauffement climatique)<\/h2>\n\n\n\n<h2 class=\"wp-block-heading\" style=\"font-size:clamp(14px, 0.875rem + ((1vw - 3.2px) * 0.313), 17px);font-style:normal;font-weight:400\">&#8211; King&#8217;s throne : 16km\/1276m de d\u00e9nivel\u00e9<\/h2>\n\n\n\n<div class=\"alignnormal\"><div id=\"metaslider-id-643\" style=\"width: 100%;\" class=\"ml-slider-3-108-0 metaslider metaslider-flex metaslider-643 ml-slider ms-theme-simply-dark nav-hidden nav-hidden\" role=\"region\" aria-label=\"Yukon #2\" data-height=\"600\" data-width=\"900\">\n    <div id=\"metaslider_container_643\">\n        <div id=\"metaslider_643\">\n            <ul class='slides'>\n                <li style=\"display: block; width: 100%;\" class=\"slide-644 ms-image \" aria-roledescription=\"slide\" data-date=\"2023-12-15 10:27:41\" data-filename=\"image-7-597x398.jpeg\" data-slide-type=\"image\"><img loading=\"lazy\" decoding=\"async\" src=\"https:\/\/www.uneviesurterre.com\/wp-content\/uploads\/2023\/12\/image-7-597x398.jpeg\" height=\"600\" width=\"900\" alt=\"\" class=\"slider-643 slide-644 msDefaultImage\" title=\"image-7\" \/><\/li>\n                <li style=\"display: none; width: 100%;\" class=\"slide-645 ms-image \" aria-roledescription=\"slide\" data-date=\"2023-12-15 10:27:42\" data-filename=\"image-8-597x398.jpeg\" data-slide-type=\"image\"><img loading=\"lazy\" decoding=\"async\" src=\"https:\/\/www.uneviesurterre.com\/wp-content\/uploads\/2023\/12\/image-8-597x398.jpeg\" height=\"600\" width=\"900\" alt=\"\" class=\"slider-643 slide-645 msDefaultImage\" title=\"image-8\" \/><\/li>\n                <li style=\"display: none; width: 100%;\" class=\"slide-646 ms-image \" aria-roledescription=\"slide\" data-date=\"2023-12-15 10:27:42\" data-filename=\"image-9-597x398.jpeg\" data-slide-type=\"image\"><img loading=\"lazy\" decoding=\"async\" src=\"https:\/\/www.uneviesurterre.com\/wp-content\/uploads\/2023\/12\/image-9-597x398.jpeg\" height=\"600\" width=\"900\" alt=\"\" class=\"slider-643 slide-646 msDefaultImage\" title=\"image-9\" \/><\/li>\n            <\/ul>\n        <\/div>\n        \n    <\/div>\n<\/div><\/div>\n\n\n\n<p style=\"font-size:clamp(14px, 0.875rem + ((1vw - 3.2px) * 0.313), 17px);font-style:normal;font-weight:400\"><\/p>\n\n\n\n<h2 class=\"wp-block-heading\" style=\"font-size:clamp(14px, 0.875rem + ((1vw - 3.2px) * 0.313), 17px);font-style:normal;font-weight:400\">Malheureusement, nous n&#8217;avons pas pu nous rendre jusque Dawson City car la neige nous obligeait \u00e0 faire un \u00e9norme d\u00e9tour que nous n&#8217;avions pas le temps de faire. Nous avons donc continuer vers le d\u00e9sert de Carcross (et oui il y a bien un d\u00e9sert dans le nord du Canada) et puis vers Skagway en Alaska. Je vous remets quelques photos du Yukon pour cl\u00f4turer cet article (dont celles du d\u00e9sert pour montrer que je ne suis pas un mytho).<\/h2>\n\n\n\n<h2 class=\"wp-block-heading\" style=\"font-size:clamp(14px, 0.875rem + ((1vw - 3.2px) * 0.313), 17px);font-style:normal;font-weight:400\">La bise \u00e0 tous. Et surtout, osez r\u00eaver !<\/h2>\n\n\n\n<div style=\"height:52px\" aria-hidden=\"true\" class=\"wp-block-spacer\"><\/div>\n\n\n\n<p>Un peu plus de photos :<\/p>\n\n\n\n<div class=\"alignnormal\"><div id=\"metaslider-id-651\" style=\"width: 100%;\" class=\"ml-slider-3-108-0 metaslider metaslider-flex metaslider-651 ml-slider ms-theme-simply-dark nav-hidden nav-hidden nav-hidden\" role=\"region\" aria-label=\"Yukon #3\" data-height=\"600\" data-width=\"900\">\n    <div id=\"metaslider_container_651\">\n        <div id=\"metaslider_651\">\n            <ul class='slides'>\n                <li style=\"display: block; width: 100%;\" class=\"slide-653 ms-image \" aria-roledescription=\"slide\" data-date=\"2023-12-15 10:29:48\" data-filename=\"image-10-597x398.jpeg\" data-slide-type=\"image\"><img loading=\"lazy\" decoding=\"async\" src=\"https:\/\/www.uneviesurterre.com\/wp-content\/uploads\/2023\/12\/image-10-597x398.jpeg\" height=\"600\" width=\"900\" alt=\"\" class=\"slider-651 slide-653 msDefaultImage\" title=\"image-10\" \/><\/li>\n                <li style=\"display: none; width: 100%;\" class=\"slide-654 ms-image \" aria-roledescription=\"slide\" data-date=\"2023-12-15 10:29:48\" data-filename=\"image-11-597x398.jpeg\" data-slide-type=\"image\"><img loading=\"lazy\" decoding=\"async\" src=\"https:\/\/www.uneviesurterre.com\/wp-content\/uploads\/2023\/12\/image-11-597x398.jpeg\" height=\"600\" width=\"900\" alt=\"\" class=\"slider-651 slide-654 msDefaultImage\" title=\"image-11\" \/><\/li>\n                <li style=\"display: none; width: 100%;\" class=\"slide-655 ms-image \" aria-roledescription=\"slide\" data-date=\"2023-12-15 10:29:48\" data-filename=\"image-12-597x398.jpeg\" data-slide-type=\"image\"><img loading=\"lazy\" decoding=\"async\" src=\"https:\/\/www.uneviesurterre.com\/wp-content\/uploads\/2023\/12\/image-12-597x398.jpeg\" height=\"600\" width=\"900\" alt=\"\" class=\"slider-651 slide-655 msDefaultImage\" title=\"image-12\" \/><\/li>\n            <\/ul>\n        <\/div>\n        \n    <\/div>\n<\/div><\/div>\n\n\n\n<div style=\"height:54px\" aria-hidden=\"true\" class=\"wp-block-spacer\"><\/div>\n","protected":false},"excerpt":{"rendered":"<p>Mon Road-trip au Canada m&#8217;a men\u00e9 dans le nord du pays, et plus particuli\u00e8rement au Yukon; une r\u00e9gion que je r\u00eavais de d\u00e9couvrir mais que j&#8217;avais laiss\u00e9 dans un coin de ma t\u00eate tant il est difficile d&#8217;y acc\u00e9der. Finalement, c&#8217;est avec mon compagnon de voyage Martin que nous avons pris la d\u00e9cision de nous &hellip; <\/p>\n<p class=\"link-more\"><a href=\"https:\/\/www.uneviesurterre.com\/?page_id=309\" class=\"more-link\">Read more<span class=\"screen-reader-text\"> &#8220;Le Yukon : la perle du bout du monde&#8221;<\/span><\/a><\/p>\n","protected":false},"author":1,"featured_media":0,"parent":0,"menu_order":0,"comment_status":"closed","ping_status":"closed","template":"","meta":{"footnotes":""},"class_list":["post-309","page","type-page","status-publish","hentry"],"jetpack_sharing_enabled":true,"_links":{"self":[{"href":"https:\/\/www.uneviesurterre.com\/index.php?rest_route=\/wp\/v2\/pages\/309","targetHints":{"allow":["GET"]}}],"collection":[{"href":"https:\/\/www.uneviesurterre.com\/index.php?rest_route=\/wp\/v2\/pages"}],"about":[{"href":"https:\/\/www.uneviesurterre.com\/index.php?rest_route=\/wp\/v2\/types\/page"}],"author":[{"embeddable":true,"href":"https:\/\/www.uneviesurterre.com\/index.php?rest_route=\/wp\/v2\/users\/1"}],"replies":[{"embeddable":true,"href":"https:\/\/www.uneviesurterre.com\/index.php?rest_route=%2Fwp%2Fv2%2Fcomments&post=309"}],"version-history":[{"count":11,"href":"https:\/\/www.uneviesurterre.com\/index.php?rest_route=\/wp\/v2\/pages\/309\/revisions"}],"predecessor-version":[{"id":987,"href":"https:\/\/www.uneviesurterre.com\/index.php?rest_route=\/wp\/v2\/pages\/309\/revisions\/987"}],"wp:attachment":[{"href":"https:\/\/www.uneviesurterre.com\/index.php?rest_route=%2Fwp%2Fv2%2Fmedia&parent=309"}],"curies":[{"name":"wp","href":"https:\/\/api.w.org\/{rel}","templated":true}]}}