{"id":308,"date":"2023-11-02T18:05:05","date_gmt":"2023-11-02T17:05:05","guid":{"rendered":"https:\/\/www.uneviesurterre.com\/?page_id=308"},"modified":"2025-08-01T14:38:38","modified_gmt":"2025-08-01T12:38:38","slug":"canada","status":"publish","type":"page","link":"https:\/\/www.uneviesurterre.com\/?page_id=308","title":{"rendered":"Canada"},"content":{"rendered":"\t\t<div data-elementor-type=\"wp-page\" data-elementor-id=\"308\" class=\"elementor elementor-308\">\n\t\t\t\t<div class=\"elementor-element elementor-element-1501d2d6 e-flex e-con-boxed e-con e-parent\" data-id=\"1501d2d6\" data-element_type=\"container\">\n\t\t\t\t\t<div class=\"e-con-inner\">\n\t\t\t\t<div class=\"elementor-element elementor-element-527d5792 elementor-widget elementor-widget-text-editor\" data-id=\"527d5792\" data-element_type=\"widget\" data-widget_type=\"text-editor.default\">\n\t\t\t\t<div class=\"elementor-widget-container\">\n\t\t\t\t\t\t\t\t\t\n<div class=\"wp-block-spacer\" style=\"height: 29px;\" aria-hidden=\"true\">\u00a0<\/div>\n<div aria-hidden=\"true\">\u00a0<\/div>\n<div aria-hidden=\"true\">\u00a0<\/div>\n<div aria-hidden=\"true\">\u00a0<\/div>\n\n<h1 class=\"wp-block-heading has-text-align-center\" style=\"font-size:clamp(15.747px, 0.984rem + ((1vw - 3.2px) * 0.86), 24px);\">Prologue<\/h1>\n\n<h4 class=\"wp-block-heading has-text-align-center\" style=\"font-size:clamp(14px, 0.875rem + ((1vw - 3.2px) * 0.313), 17px); font-style: normal; font-weight: 400;\">Une pub &#8220;PVT Canada&#8221; sur le c\u00f4t\u00e9 de mon ordinateur a suffi \u00e0 me d\u00e9cider. J&#8217;ai fait la demande sur un coup de t\u00eate et quelques mois plus tard j&#8217;\u00e9tais parti dans ce magnifique pays, o\u00f9 la nature est reine. A l&#8217;heure o\u00f9 j&#8217;\u00e9crie ces lignes (20\/01\/24, 12:00), j&#8217;y ai v\u00e9cu mes plus belles exp\u00e9riences de voyage<\/h4>\n\t\t\t\t\t\t\t\t<\/div>\n\t\t\t\t<\/div>\n\t\t\t\t\t<\/div>\n\t\t\t\t<\/div>\n\t\t<div class=\"elementor-element elementor-element-5009883 e-con-full e-flex e-con e-parent\" data-id=\"5009883\" data-element_type=\"container\">\n\t\t<div class=\"elementor-element elementor-element-0f35e3d e-con-full e-flex e-con e-child\" data-id=\"0f35e3d\" data-element_type=\"container\" data-settings=\"{&quot;background_background&quot;:&quot;classic&quot;}\">\n\t\t\t\t<div class=\"elementor-element elementor-element-61c904f elementor-widget elementor-widget-heading\" data-id=\"61c904f\" data-element_type=\"widget\" data-widget_type=\"heading.default\">\n\t\t\t\t<div class=\"elementor-widget-container\">\n\t\t\t\t\t<h2 class=\"elementor-heading-title elementor-size-default\"><a href=\"https:\/\/www.uneviesurterre.com\/?page_id=309\">Le Yukon, joyau du bout du monde<\/a><\/h2>\t\t\t\t<\/div>\n\t\t\t\t<\/div>\n\t\t\t\t<\/div>\n\t\t<div class=\"elementor-element elementor-element-2ffe5ae e-con-full e-flex e-con e-child\" data-id=\"2ffe5ae\" data-element_type=\"container\" data-settings=\"{&quot;background_background&quot;:&quot;classic&quot;}\">\n\t\t\t\t<div class=\"elementor-element elementor-element-ce9fd7e elementor-widget elementor-widget-heading\" data-id=\"ce9fd7e\" data-element_type=\"widget\" data-widget_type=\"heading.default\">\n\t\t\t\t<div class=\"elementor-widget-container\">\n\t\t\t\t\t<h2 class=\"elementor-heading-title elementor-size-default\"><a href=\"https:\/\/www.uneviesurterre.com\/?page_id=312\">5 exp\u00e9riences \u00e0 vivre \u00e0 Vancouver<\/a><\/h2>\t\t\t\t<\/div>\n\t\t\t\t<\/div>\n\t\t\t\t<\/div>\n\t\t\t\t<\/div>\n\t\t<div class=\"elementor-element elementor-element-9bcd510 e-con-full e-flex e-con e-parent\" data-id=\"9bcd510\" data-element_type=\"container\">\n\t\t<div class=\"elementor-element elementor-element-060d5db e-con-full e-flex e-con e-child\" data-id=\"060d5db\" data-element_type=\"container\" data-settings=\"{&quot;background_background&quot;:&quot;classic&quot;}\">\n\t\t\t\t<div class=\"elementor-element elementor-element-0babab2 elementor-widget elementor-widget-heading\" data-id=\"0babab2\" data-element_type=\"widget\" data-widget_type=\"heading.default\">\n\t\t\t\t<div class=\"elementor-widget-container\">\n\t\t\t\t\t<h2 class=\"elementor-heading-title elementor-size-default\"><a href=\"https:\/\/www.uneviesurterre.com\/?page_id=2398\">L'Ouest Canadien en photos<\/a><\/h2>\t\t\t\t<\/div>\n\t\t\t\t<\/div>\n\t\t\t\t<\/div>\n\t\t<div class=\"elementor-element elementor-element-3204087 e-con-full e-flex e-con e-child\" data-id=\"3204087\" data-element_type=\"container\" data-settings=\"{&quot;background_background&quot;:&quot;classic&quot;}\">\n\t\t\t\t<\/div>\n\t\t\t\t<\/div>\n\t\t\t\t<\/div>\n\t\t","protected":false},"excerpt":{"rendered":"<p>Prologue Une pub &#8220;PVT Canada&#8221; sur le c\u00f4t\u00e9 de mon ordinateur a suffi \u00e0 me d\u00e9cider. J&#8217;ai fait la demande sur un coup de t\u00eate et quelques mois plus tard j&#8217;\u00e9tais parti dans ce magnifique pays, o\u00f9 la nature est reine. A l&#8217;heure o\u00f9 j&#8217;\u00e9crie ces lignes (20\/01\/24, 12:00), j&#8217;y ai v\u00e9cu mes plus belles &hellip; <\/p>\n<p class=\"link-more\"><a href=\"https:\/\/www.uneviesurterre.com\/?page_id=308\" class=\"more-link\">Read more<span class=\"screen-reader-text\"> &#8220;Canada&#8221;<\/span><\/a><\/p>\n","protected":false},"author":1,"featured_media":126,"parent":0,"menu_order":0,"comment_status":"closed","ping_status":"closed","template":"","meta":{"footnotes":""},"class_list":["post-308","page","type-page","status-publish","has-post-thumbnail","hentry"],"jetpack_sharing_enabled":true,"_links":{"self":[{"href":"https:\/\/www.uneviesurterre.com\/index.php?rest_route=\/wp\/v2\/pages\/308","targetHints":{"allow":["GET"]}}],"collection":[{"href":"https:\/\/www.uneviesurterre.com\/index.php?rest_route=\/wp\/v2\/pages"}],"about":[{"href":"https:\/\/www.uneviesurterre.com\/index.php?rest_route=\/wp\/v2\/types\/page"}],"author":[{"embeddable":true,"href":"https:\/\/www.uneviesurterre.com\/index.php?rest_route=\/wp\/v2\/users\/1"}],"replies":[{"embeddable":true,"href":"https:\/\/www.uneviesurterre.com\/index.php?rest_route=%2Fwp%2Fv2%2Fcomments&post=308"}],"version-history":[{"count":40,"href":"https:\/\/www.uneviesurterre.com\/index.php?rest_route=\/wp\/v2\/pages\/308\/revisions"}],"predecessor-version":[{"id":2474,"href":"https:\/\/www.uneviesurterre.com\/index.php?rest_route=\/wp\/v2\/pages\/308\/revisions\/2474"}],"wp:featuredmedia":[{"embeddable":true,"href":"https:\/\/www.uneviesurterre.com\/index.php?rest_route=\/wp\/v2\/media\/126"}],"wp:attachment":[{"href":"https:\/\/www.uneviesurterre.com\/index.php?rest_route=%2Fwp%2Fv2%2Fmedia&parent=308"}],"curies":[{"name":"wp","href":"https:\/\/api.w.org\/{rel}","templated":true}]}}