{"id":303,"date":"2023-11-02T17:51:22","date_gmt":"2023-11-02T16:51:22","guid":{"rendered":"https:\/\/www.uneviesurterre.com\/?page_id=303"},"modified":"2023-12-15T10:19:22","modified_gmt":"2023-12-15T09:19:22","slug":"le-parc-manuel-antonio-un-attrape-touriste","status":"publish","type":"page","link":"https:\/\/www.uneviesurterre.com\/?page_id=303","title":{"rendered":"Le parc Manuel Antonio, un attrape touriste ?"},"content":{"rendered":"\n<h2 class=\"wp-block-heading\" style=\"font-size:clamp(14px, 0.875rem + ((1vw - 3.2px) * 0.313), 17px);font-style:normal;font-weight:400\">Lors de mon voyage au Costa Rica en 2017, la question se posait d\u00e9j\u00e0, et je suppose que les choses n&#8217;ont pas chang\u00e9 depuis. Situ\u00e9 \u00e0 quelques heures de San Jos\u00e9, Manuel Antonio est le parc national le plus proche de la capitale, mais aussi un des plus r\u00e9put\u00e9s de tout le pays. Inutile donc de vous faire un dessin, je suppose que vous avez compris qu&#8217;il est pris d&#8217;assaut par les visiteurs. Sa horde de touristes est telle que la plupart des Backpackers d\u00e9cident tout simplement de ne plus y aller. Alors, le parc Manuel Antonio est-il trop touristique ?<\/h2>\n\n\n\n<h2 class=\"wp-block-heading\" style=\"font-size:clamp(14px, 0.875rem + ((1vw - 3.2px) * 0.313), 17px);font-style:normal;font-weight:400\"><img decoding=\"async\" alt=\"17545201_10211892633372540_4639866390585662542_o.jpg\" src=\"https:\/\/lh7-us.googleusercontent.com\/jWub6Zx2FCOP28NMu11450HJ0Cxrz20T1gZ3zDszx9XLMH-J6nSdEmkPThsiC7AWu4gy7ZClCxqez0yUa0FtunBnmJ6eET-vfdRVscr3Vh9TTGnXuV7VrZfF7cMMILtxw90FyAmEOgtHUeYl0sHdLVo\" width=\"251\" height=\"172\"><\/h2>\n\n\n\n<h2 class=\"wp-block-heading\" style=\"font-size:clamp(14px, 0.875rem + ((1vw - 3.2px) * 0.313), 17px);font-style:normal;font-weight:400\">Je ne vais pas ici d\u00e9mentir ce que tout le monde dit, oui le parc est devenu un aimant \u00e0 touristes, et c&#8217;est dommage. Mais le mal n&#8217;est pas pour nous, ce sont les animaux du parc qui en souffre majoritairement selon moi. D&#8217;ailleurs une des principales attractions du parc est devenu &#8220;les singes voleurs&#8221; (\u00e7a sonne comme une attraction de cirque d&#8217;ailleurs). Impossible de laisser votre sac sur la plage sans surveillance si vous avez de la nourriture. Ces monstres \u00e0 poils (bon ok, dans tous les cas ils sont quand m\u00eame mignons) viendront vous voler sans aucune h\u00e9sitation. Des animaux sauvages, devenus bien trop proches de l&#8217;Homme. C&#8217;est l\u00e0 ce qui m&#8217;a choqu\u00e9 le plus.<\/h2>\n\n\n\n<h2 class=\"wp-block-heading\" style=\"font-size:clamp(14px, 0.875rem + ((1vw - 3.2px) * 0.313), 17px);font-style:normal;font-weight:400\">N\u00e9anmoins, on va pas se mentir, le parc est une petite merveille. En plus d&#8217;une faune abondante (j&#8217;y ai notamment vu des singes, des toucans, des coatis, un serpent, &#8230;), on y retrouve des points de vues magnifiques et des plages paradisiaques. Les sentiers sont \u00e9galement d&#8217;une qualit\u00e9 rare, rendant m\u00eame l&#8217;acc\u00e8s possible aux PMR.&nbsp;<\/h2>\n\n\n\n<h2 class=\"wp-block-heading\" style=\"font-size:clamp(14px, 0.875rem + ((1vw - 3.2px) * 0.313), 17px);font-style:normal;font-weight:400\">Il est bien \u00e9vident que le Parc Manuel Antonio a de grands atouts. Et comme je le dis souvent, un lieu devient rarement touristique sans raison. Si je devais donner mon point de vue, je dirais que si vous \u00eates au Costa Rica pour une courte dur\u00e9e, vous \u00eates oblig\u00e9s d&#8217;y aller tant le parc rassemble un concentr\u00e9 de ce qu&#8217;on veut voir lorsqu&#8217;on visite ce pays. Mais si vous voyagez sur le long terme et que vous \u00eates patients, vous retrouverez tout ces \u00e9l\u00e9ments dans des cadres plus &#8220;naturels&#8221;&#8230; vous pouvez donc passer outre cette r\u00e9serve naturelle si vous sentez que l&#8217;amas de visiteurs vous d\u00e9rangera.&nbsp;<\/h2>\n\n\n\n<h2 class=\"wp-block-heading\" style=\"font-size:clamp(14px, 0.875rem + ((1vw - 3.2px) * 0.313), 17px);font-style:normal;font-weight:400\">Dans tous les cas, faites-vous plaisir, Pura Vida.<\/h2>\n","protected":false},"excerpt":{"rendered":"<p>Lors de mon voyage au Costa Rica en 2017, la question se posait d\u00e9j\u00e0, et je suppose que les choses n&#8217;ont pas chang\u00e9 depuis. Situ\u00e9 \u00e0 quelques heures de San Jos\u00e9, Manuel Antonio est le parc national le plus proche de la capitale, mais aussi un des plus r\u00e9put\u00e9s de tout le pays. Inutile donc &hellip; <\/p>\n<p class=\"link-more\"><a href=\"https:\/\/www.uneviesurterre.com\/?page_id=303\" class=\"more-link\">Read more<span class=\"screen-reader-text\"> &#8220;Le parc Manuel Antonio, un attrape touriste ?&#8221;<\/span><\/a><\/p>\n","protected":false},"author":1,"featured_media":0,"parent":0,"menu_order":0,"comment_status":"closed","ping_status":"closed","template":"","meta":{"footnotes":""},"class_list":["post-303","page","type-page","status-publish","hentry"],"jetpack_sharing_enabled":true,"_links":{"self":[{"href":"https:\/\/www.uneviesurterre.com\/index.php?rest_route=\/wp\/v2\/pages\/303","targetHints":{"allow":["GET"]}}],"collection":[{"href":"https:\/\/www.uneviesurterre.com\/index.php?rest_route=\/wp\/v2\/pages"}],"about":[{"href":"https:\/\/www.uneviesurterre.com\/index.php?rest_route=\/wp\/v2\/types\/page"}],"author":[{"embeddable":true,"href":"https:\/\/www.uneviesurterre.com\/index.php?rest_route=\/wp\/v2\/users\/1"}],"replies":[{"embeddable":true,"href":"https:\/\/www.uneviesurterre.com\/index.php?rest_route=%2Fwp%2Fv2%2Fcomments&post=303"}],"version-history":[{"count":2,"href":"https:\/\/www.uneviesurterre.com\/index.php?rest_route=\/wp\/v2\/pages\/303\/revisions"}],"predecessor-version":[{"id":626,"href":"https:\/\/www.uneviesurterre.com\/index.php?rest_route=\/wp\/v2\/pages\/303\/revisions\/626"}],"wp:attachment":[{"href":"https:\/\/www.uneviesurterre.com\/index.php?rest_route=%2Fwp%2Fv2%2Fmedia&parent=303"}],"curies":[{"name":"wp","href":"https:\/\/api.w.org\/{rel}","templated":true}]}}