{"id":301,"date":"2023-11-02T17:48:57","date_gmt":"2023-11-02T16:48:57","guid":{"rendered":"https:\/\/www.uneviesurterre.com\/?page_id=301"},"modified":"2023-12-15T10:18:47","modified_gmt":"2023-12-15T09:18:47","slug":"pourquoi-visiter-santa-elena-et-monteverde","status":"publish","type":"page","link":"https:\/\/www.uneviesurterre.com\/?page_id=301","title":{"rendered":"Pourquoi visiter Santa Elena et Monteverde ?"},"content":{"rendered":"\n<h2 class=\"wp-block-heading\"><img decoding=\"async\" alt=\"108ff4_3b1b787044164646b1b353c708ab5fe3_mv2.png\" src=\"https:\/\/lh7-us.googleusercontent.com\/_7HpaHNtk645zeNLlB0-SGFpzPrIUDcdwo8EDBp32RPS363Z0f4razJXcoH4qCQ60FaTDjHw2-0Fn8VCPR0-evo-lBtcLD2FEsd22ls_WfEP4d-X6dosSfFe0pVo9ijvuoA-K6DD7ut6Ly6A_RPMo7w\" width=\"260\" height=\"146\"><\/h2>\n\n\n\n<h4 class=\"wp-block-heading\" style=\"font-size:clamp(14px, 0.875rem + ((1vw - 3.2px) * 0.313), 17px);font-style:normal;font-weight:400\">C&#8217;est avec \u00e9motion que j&#8217;\u00e9cris cet article car c&#8217;est dans cette r\u00e9gion que j&#8217;ai pas pass\u00e9 la plus grande partie de mon aventure au Costa Rica. J&#8217;y ai \u00e9t\u00e9 accueilli et h\u00e9berg\u00e9 par une famille locale, et j&#8217;y ai su\u00e9 en tant que volontaire dans la r\u00e9serve naturelle de Santa Elena&#8230; des souvenirs qui resteront \u00e0 jamais grav\u00e9s dans ma m\u00e9moire.<\/h4>\n\n\n\n<h2 class=\"wp-block-heading\" style=\"font-size:clamp(14px, 0.875rem + ((1vw - 3.2px) * 0.313), 17px);font-style:normal;font-weight:400\">Mais assez parl\u00e9 de moi, attardons nous plut\u00f4t sur cette destination, qu&#8217;on appelle \u00e9galement la vall\u00e9e aux nuages.&nbsp;<\/h2>\n\n\n\n<h2 class=\"wp-block-heading\" style=\"font-size:clamp(14px, 0.875rem + ((1vw - 3.2px) * 0.313), 17px);font-style:normal;font-weight:400\"><img decoding=\"async\" alt=\"IMG_20170430_184343.jpg\" src=\"https:\/\/lh7-us.googleusercontent.com\/QmOxbF49CpUlSEXXTNmpps7QY8OZm3G6hOkt8DQ9-6HTOGHbqJcMIPFpvtNJYjeDnIglJrw-UDP2HwlMU8B0itFiJl9HyaK17on6RHFL32VaPkoObmRHgL2lPuc6evFca50jwjDo-vOHES0y3dXqc6c\" width=\"209\" height=\"68\"><\/h2>\n\n\n\n<h2 class=\"wp-block-heading\" style=\"font-size:clamp(14px, 0.875rem + ((1vw - 3.2px) * 0.313), 17px);font-style:normal;font-weight:400\">Une situation g\u00e9ographique particuli\u00e8re<\/h2>\n\n\n\n<h2 class=\"wp-block-heading\" style=\"font-size:clamp(14px, 0.875rem + ((1vw - 3.2px) * 0.313), 17px);font-style:normal;font-weight:400\">Santa Elena et Monteverde se trouvent tous les deux sur les hauteurs du Costa Rica, \u00e0 un endroit strat\u00e9gique o\u00f9 le climat est fractionn\u00e9 entre le c\u00f4t\u00e9 pacifique et atlantique. En effet, si on y pr\u00eate attention, la diff\u00e9rence est notable. Vers l&#8217;ouest on retrouve un climat plus sec, tandis que vers l&#8217;est, le climat y est plus humide. D&#8217;ailleurs, lorsque vous arrivez en bus depuis le c\u00f4t\u00e9 ouest, vous emprunterez des chemins tr\u00e8s poussi\u00e9reux; tandis que si vous jetez un \u0153il vers l&#8217;est depuis le mirador de la R\u00e9serve Santa Elena, vous ne verrez que de la for\u00eat \u00e0 perte de vue.<\/h2>\n\n\n\n<h2 class=\"wp-block-heading\" style=\"font-size:clamp(14px, 0.875rem + ((1vw - 3.2px) * 0.313), 17px);font-style:normal;font-weight:400\">Deux r\u00e9serves naturelles aux visages bien diff\u00e9rents<\/h2>\n\n\n\n<h2 class=\"wp-block-heading\" style=\"font-size:clamp(14px, 0.875rem + ((1vw - 3.2px) * 0.313), 17px);font-style:normal;font-weight:400\">Santa Elena et Monteverde ont chacun leur r\u00e9serve naturelle, qui sont donc tr\u00e8s proches, mais tellement diff\u00e9rentes :<\/h2>\n\n\n\n<h2 class=\"wp-block-heading\" style=\"font-size:clamp(14px, 0.875rem + ((1vw - 3.2px) * 0.313), 17px);font-style:normal;font-weight:400\">&nbsp;<\/h2>\n\n\n\n<ul class=\"wp-block-list\" style=\"font-size:clamp(14px, 0.875rem + ((1vw - 3.2px) * 0.313), 17px);font-style:normal;font-weight:400\">\n<li>Reserva bosque nuboso de Santa Elena : Cette r\u00e9serve se trouve sur les sommets de la r\u00e9gion, l\u00e0 o\u00f9 il fait humide tout le temps (petit conseil, prenez un pull avec). C&#8217;est s\u00fbrement de l\u00e0 que la r\u00e9serve tient sa popularit\u00e9, car elle est, d&#8217;apr\u00e8s ce qu&#8217;on dit, un jardin d&#8217;Eden pour les amoureux de la flore. La Rolls Royce des plantes en tout genre. Honn\u00eatement, je m&#8217;y connais tr\u00e8s peu dans ce domaine, mais si cela vous int\u00e9resse, vous devez y aller !<br>&nbsp;<\/li>\n\n\n\n<li>R\u00e9serve naturelle de Monteverde : Ici, on retrouve une r\u00e9serve naturelle \u00e0 la flore riche mais surtout avec une faune tr\u00e8s pr\u00e9sente. Lors de ma visite, j&#8217;y ai vu un grand nombre de capucins, des serpents, de coatis et d&#8217;autres insectes en tout genre. Il y a \u00e9galement des belv\u00e9d\u00e8res offrant des vues magnifiques sur la canop\u00e9e (c&#8217;est depuis un de ces points de vue que j&#8217;ai notamment pris la photo se trouvant au dessus)<\/li>\n<\/ul>\n\n\n\n<h2 class=\"wp-block-heading\" style=\"font-size:clamp(14px, 0.875rem + ((1vw - 3.2px) * 0.313), 17px);font-style:normal;font-weight:400\">\u200b<\/h2>\n\n\n\n<h2 class=\"wp-block-heading\" style=\"font-size:clamp(14px, 0.875rem + ((1vw - 3.2px) * 0.313), 17px);font-style:normal;font-weight:400\">Pour les plus chanceux, que ce soit dans une r\u00e9serve ou dans l&#8217;autre, vous aurez peut-\u00eatre la chance d&#8217;apercevoir le magnifique oiseau embl\u00e9matique de la r\u00e9gion : le Quetzal<\/h2>\n\n\n\n<h2 class=\"wp-block-heading\" style=\"font-size:clamp(14px, 0.875rem + ((1vw - 3.2px) * 0.313), 17px);font-style:normal;font-weight:400\"><img decoding=\"async\" alt=\"P1280439.JPG\" src=\"https:\/\/lh7-us.googleusercontent.com\/2OB4PStoaT3VCqyy_3M_Hw1aXqK-EQxExdNRYlOw8tl2i6TyJk3iFQMPEWgsd0C_eZtzEMMfboavH3d5CPipV9pA9yU-eycYMLCd2AB9teFa-RXwQm_7ahssuNkaPYotEsgn02t80NesxBc861EpFFA\" width=\"277\" height=\"90\"><\/h2>\n\n\n\n<h2 class=\"wp-block-heading\" style=\"font-size:clamp(14px, 0.875rem + ((1vw - 3.2px) * 0.313), 17px);font-style:normal;font-weight:400\">Une r\u00e9gion faite pour les sportifs<\/h2>\n\n\n\n<h2 class=\"wp-block-heading\" style=\"font-size:clamp(14px, 0.875rem + ((1vw - 3.2px) * 0.313), 17px);font-style:normal;font-weight:400\">C&#8217;est s\u00fbrement ce point qui rend Santa Elena si diff\u00e9rente des autres villes costariciennes que j&#8217;ai pu visit\u00e9. Dans le centre, on retrouve un grand nombre de possibilit\u00e9 d&#8217;excursions&#8230; Canopy tour, canyoning, rafting&#8230; Santa Elena est petit \u00e0 petit devenue un vrai hub pour les activit\u00e9s d&#8217;aventures.<\/h2>\n\n\n\n<h2 class=\"wp-block-heading\" style=\"font-size:clamp(14px, 0.875rem + ((1vw - 3.2px) * 0.313), 17px);font-style:normal;font-weight:400\">Pour ma part, j&#8217;ai eu la chance de faire le Canopy Tour de &#8220;100% Aventura&#8221;, avec en prime la plus grande tyrolienne d&#8217;Am\u00e9rique du Sud&nbsp; : 1590m de c\u00e2bles suspendus au-dessus de la luxuriante for\u00eat de Monteverde (C&#8217;\u00e9tait une premi\u00e8re pour moi, mais on peut voir sur la photo que j&#8217;\u00e9tais \u00e0 l&#8217;aise).<\/h2>\n\n\n\n<h2 class=\"wp-block-heading\" style=\"font-size:clamp(14px, 0.875rem + ((1vw - 3.2px) * 0.313), 17px);font-style:normal;font-weight:400\"><img loading=\"lazy\" decoding=\"async\" alt=\"IMG_20170403_170845.jpg\" src=\"https:\/\/lh7-us.googleusercontent.com\/4WEVUTP8SLt6l9a6I4pCFig7MOpOTwBI9igAECdkgRc9BQtV9bsbBWrAZCX6oMgnvGgbVcL8mciRB3wwWYxUIbqHxBFFpX22a1hfHSLlTUEoQ6MC_NL5xd4FbYR6mePPnb3XUbj-mP0F3MsiyKONDOc\" width=\"203\" height=\"114\"><\/h2>\n\n\n\n<h2 class=\"wp-block-heading\" style=\"font-size:clamp(14px, 0.875rem + ((1vw - 3.2px) * 0.313), 17px);font-style:normal;font-weight:400\"><img loading=\"lazy\" decoding=\"async\" alt=\"IMG_20170404_082803.jpg\" src=\"https:\/\/lh7-us.googleusercontent.com\/yotBBVEP1PCoCwfmLhFjlggv10I3N3nze3fVeMjgDWZ69ADgbvtrMc0Kx0gigUAsF5FrqBeA6FOBeLNLLrbsHfmnXIjmhlY-biB5LeWOxB0rlsJJJdsQTdjE3LIZv1cRm5Rvj17BBmGBzDnyIamZIP4\" width=\"178\" height=\"100\"><\/h2>\n\n\n\n<h2 class=\"wp-block-heading\" style=\"font-size:clamp(14px, 0.875rem + ((1vw - 3.2px) * 0.313), 17px);font-style:normal;font-weight:400\"><img loading=\"lazy\" decoding=\"async\" alt=\"IMG_20170429_183002.jpg\" src=\"https:\/\/lh7-us.googleusercontent.com\/X89o9MpKtcNTyQoqhIqF7wHQd0mZKaU-vqYwgx9jgGpAzbzqhDdntWdDLJybva2q27o7IbPOnAGz5RO5eDcBcd4P6FPYR-GcGQ5xiDk1-M65-FaK4oHOd-C9-alrA5F7hJ53MIsltlDs5JocqXTuodw\" width=\"156\" height=\"87\"><\/h2>\n\n\n\n<h2 class=\"wp-block-heading\" style=\"font-size:clamp(14px, 0.875rem + ((1vw - 3.2px) * 0.313), 17px);font-style:normal;font-weight:400\"><img loading=\"lazy\" decoding=\"async\" alt=\"IMG_20170406_180039.jpg\" src=\"https:\/\/lh7-us.googleusercontent.com\/We3GxUDUdUDqizp_L0DEqjSvekfq_2vvgVLyKK9WziUXDFHdsDIabq1d14a_okhrJYdIOQlua6SYViQ5oCDCPYy2ZIa6ESlpOBTQLaGdtdRJshS4P4SuGoYxwEXA7Gb2qSnr1k6cIua9kNA2llXX-zQ\" width=\"190\" height=\"107\"><\/h2>\n\n\n\n<h2 class=\"wp-block-heading\" style=\"font-size:clamp(14px, 0.875rem + ((1vw - 3.2px) * 0.313), 17px);font-style:normal;font-weight:400\"><img loading=\"lazy\" decoding=\"async\" alt=\"IMG_20170406_170258.jpg\" src=\"https:\/\/lh7-us.googleusercontent.com\/Pfi1Ckp0iBnSRofWMrahqPp3mzAkjPUpXL6E0rEUXV7rxTKGcQMOItOiG2trRDmPwhVfJvoiPMmeRju97fD35K1oT2ecNtsiT3Q0fnwU8ny3LLyDvZMwA8gJS9czMmhHfE3CJ9RbuPhBfw6DZYwy_-w\" width=\"195\" height=\"109\"><\/h2>\n\n\n\n<h2 class=\"wp-block-heading\" style=\"font-size:clamp(14px, 0.875rem + ((1vw - 3.2px) * 0.313), 17px);font-style:normal;font-weight:400\"><img loading=\"lazy\" decoding=\"async\" alt=\"IMG_20170426_193650.jpg\" src=\"https:\/\/lh7-us.googleusercontent.com\/V3ArRgUbzZ1jPkczXBDxsDSp4sa8Ncoq4bDU_UiILlW-0I6WEvsIhHb7X9wtAlUuhNUkUPDvY3dMg3lpeDRNeq5mHvYHHOWw_RYR-7NyEbJrG8agNI0GKWQ_JIC5iUwFl1sFKU1ZS_WMSi_SovFKDio\" width=\"147\" height=\"82\"><\/h2>\n\n\n\n<h2 class=\"wp-block-heading\" style=\"font-size:clamp(14px, 0.875rem + ((1vw - 3.2px) * 0.313), 17px);font-style:normal;font-weight:400\"><img loading=\"lazy\" decoding=\"async\" alt=\"IMG_20170418_203045.jpg\" src=\"https:\/\/lh7-us.googleusercontent.com\/XdRryxd5T3zYaW9psHzoosbhGVj0t9tQ7eaLJbFjZLofsMLu5jT6UE1GwBvE-d32iv_Zd2StUgUI4C15TtTjW6s03QPGdCOYO8T1AjmzN1q5fUj8XGDisPdYTCbnB4_6W9wiYbZCat1IAAVyJ28yZ2k\" width=\"130\" height=\"73\"><\/h2>\n\n\n\n<h2 class=\"wp-block-heading\" style=\"font-size:clamp(14px, 0.875rem + ((1vw - 3.2px) * 0.313), 17px);font-style:normal;font-weight:400\"><img loading=\"lazy\" decoding=\"async\" alt=\"P1960541.JPG\" src=\"https:\/\/lh7-us.googleusercontent.com\/5b0MBbOiMB3EiShe00HhrDZkyDAQIlvkOpHLc-DJXNzDhzlasb2fhUO15yVjt1ZCnkGYEkueYLnojlcjokCNG9ECLwPjaojQRcAjqF-OKO2texHFpzcQE6C0LEha0__zez6dRH_TLbqGZGcCALaWsFo\" width=\"108\" height=\"81\"><\/h2>\n\n\n\n<h2 class=\"wp-block-heading\" style=\"font-size:clamp(14px, 0.875rem + ((1vw - 3.2px) * 0.313), 17px);font-style:normal;font-weight:400\"><img loading=\"lazy\" decoding=\"async\" alt=\"IMG_20170430_184306.jpg\" src=\"https:\/\/lh7-us.googleusercontent.com\/PBPD1p_IlcyVkzCdr6Zp-UbBQpMaZknOTuDLkSy300yTc8L2yAbcp2flJwLqq8mXhAMzGuRN1pI1V7ByubeeiOf0mjuTO77mqmZ1sZe71-nGIuFQJF9LAF321xYLRlKFsmv8HvahX2m3Es8V53ZMM-A\" width=\"122\" height=\"68\"><\/h2>\n\n\n\n<h2 class=\"wp-block-heading\" style=\"font-size:clamp(14px, 0.875rem + ((1vw - 3.2px) * 0.313), 17px);font-style:normal;font-weight:400\"><img loading=\"lazy\" decoding=\"async\" alt=\"IMG_20170430_184343.jpg\" src=\"https:\/\/lh7-us.googleusercontent.com\/_t3Qr42ZJYCC4sg9fYqG--hJlqj5nAGScQCqgEK7ylIl3ho_d5ZPknfqhsMXdKV29XQuf99qCRI18F3m1nt1bmX48GBseoOV9qJY5sX1QuUJDysVUOx5M4SdwCd9y_rD3ntkbh6EN9OssT2f3V5z1qM\" width=\"152\" height=\"86\"><\/h2>\n\n\n\n<h2 class=\"wp-block-heading\" style=\"font-size:clamp(14px, 0.875rem + ((1vw - 3.2px) * 0.313), 17px);font-style:normal;font-weight:400\"><img loading=\"lazy\" decoding=\"async\" alt=\"IMG_20170430_184750.jpg\" src=\"https:\/\/lh7-us.googleusercontent.com\/9Q4ntI1Hr6bEZj-CBCEtlqyBK9zcEP7ORzbEA44b4k54sfTQj6TV8hujkPezDJvVSZIFsN9XaBpVbRTHKPk2OsRaTL_QqvNyTjUrAJOEmyTGgnW0-Vfo5TxqM0AZ5dHcUblbLXFNOqGjmT0kzAbUw4M\" width=\"134\" height=\"75\"><\/h2>\n\n\n\n<h2 class=\"wp-block-heading\" style=\"font-size:clamp(14px, 0.875rem + ((1vw - 3.2px) * 0.313), 17px);font-style:normal;font-weight:400\"><img loading=\"lazy\" decoding=\"async\" alt=\"P1280439.JPG\" src=\"https:\/\/lh7-us.googleusercontent.com\/F0yFxF50mCoVLgnPfWcwjoYS7At6YnirucHOB9QoSKrTid0yTcQndFCcQPLYa_WeYCIC3rbfBgm6dPHykRUQKMKARuvQa_1fqnHhDlEFWvRocxOujd65M93n_EXN9RaMHfrnTNtRjtXjePttzz9X7gE\" width=\"128\" height=\"96\"><\/h2>\n","protected":false},"excerpt":{"rendered":"<p>C&#8217;est avec \u00e9motion que j&#8217;\u00e9cris cet article car c&#8217;est dans cette r\u00e9gion que j&#8217;ai pas pass\u00e9 la plus grande partie de mon aventure au Costa Rica. J&#8217;y ai \u00e9t\u00e9 accueilli et h\u00e9berg\u00e9 par une famille locale, et j&#8217;y ai su\u00e9 en tant que volontaire dans la r\u00e9serve naturelle de Santa Elena&#8230; des souvenirs qui resteront &hellip; <\/p>\n<p class=\"link-more\"><a href=\"https:\/\/www.uneviesurterre.com\/?page_id=301\" class=\"more-link\">Read more<span class=\"screen-reader-text\"> &#8220;Pourquoi visiter Santa Elena et Monteverde ?&#8221;<\/span><\/a><\/p>\n","protected":false},"author":1,"featured_media":0,"parent":0,"menu_order":0,"comment_status":"closed","ping_status":"closed","template":"","meta":{"footnotes":""},"class_list":["post-301","page","type-page","status-publish","hentry"],"jetpack_sharing_enabled":true,"_links":{"self":[{"href":"https:\/\/www.uneviesurterre.com\/index.php?rest_route=\/wp\/v2\/pages\/301","targetHints":{"allow":["GET"]}}],"collection":[{"href":"https:\/\/www.uneviesurterre.com\/index.php?rest_route=\/wp\/v2\/pages"}],"about":[{"href":"https:\/\/www.uneviesurterre.com\/index.php?rest_route=\/wp\/v2\/types\/page"}],"author":[{"embeddable":true,"href":"https:\/\/www.uneviesurterre.com\/index.php?rest_route=\/wp\/v2\/users\/1"}],"replies":[{"embeddable":true,"href":"https:\/\/www.uneviesurterre.com\/index.php?rest_route=%2Fwp%2Fv2%2Fcomments&post=301"}],"version-history":[{"count":2,"href":"https:\/\/www.uneviesurterre.com\/index.php?rest_route=\/wp\/v2\/pages\/301\/revisions"}],"predecessor-version":[{"id":625,"href":"https:\/\/www.uneviesurterre.com\/index.php?rest_route=\/wp\/v2\/pages\/301\/revisions\/625"}],"wp:attachment":[{"href":"https:\/\/www.uneviesurterre.com\/index.php?rest_route=%2Fwp%2Fv2%2Fmedia&parent=301"}],"curies":[{"name":"wp","href":"https:\/\/api.w.org\/{rel}","templated":true}]}}