{"id":294,"date":"2023-11-02T12:01:53","date_gmt":"2023-11-02T11:01:53","guid":{"rendered":"https:\/\/www.uneviesurterre.com\/?page_id=294"},"modified":"2024-12-23T16:21:33","modified_gmt":"2024-12-23T15:21:33","slug":"islande","status":"publish","type":"page","link":"https:\/\/www.uneviesurterre.com\/?page_id=294","title":{"rendered":"Islande"},"content":{"rendered":"\t\t<div data-elementor-type=\"wp-page\" data-elementor-id=\"294\" class=\"elementor elementor-294\">\n\t\t\t\t<div class=\"elementor-element elementor-element-67da1e58 e-flex e-con-boxed e-con e-parent\" data-id=\"67da1e58\" data-element_type=\"container\">\n\t\t\t\t\t<div class=\"e-con-inner\">\n\t\t\t\t<div class=\"elementor-element elementor-element-416f7606 elementor-widget elementor-widget-text-editor\" data-id=\"416f7606\" data-element_type=\"widget\" data-widget_type=\"text-editor.default\">\n\t\t\t\t<div class=\"elementor-widget-container\">\n\t\t\t\t\t\t\t\t\t\n<div class=\"wp-block-spacer\" style=\"height: 29px;\" aria-hidden=\"true\">\u00a0<\/div>\n<div aria-hidden=\"true\">\u00a0<\/div>\n<div aria-hidden=\"true\">\u00a0<\/div>\n<div aria-hidden=\"true\">\u00a0<\/div>\n\n<h1 class=\"wp-block-heading has-text-align-center\" style=\"font-size:clamp(15.747px, 0.984rem + ((1vw - 3.2px) * 0.86), 24px);\">Prologue<\/h1>\n\n<h4 class=\"wp-block-heading has-text-align-center\" style=\"font-size:clamp(14px, 0.875rem + ((1vw - 3.2px) * 0.313), 17px); font-style: normal; font-weight: 400;\">Qu&#8217;est-ce qui m&#8217;a pouss\u00e9 \u00e0 aller en Islande ? Le livre &#8220;Les plus beaux treks d&#8217;Europe&#8221; de Lonely Planet. J&#8217;ai simplement ouvert le livre et l&#8217;Islande se trouvait en premi\u00e8re page. Il n&#8217;en fallait pas plus pour d\u00e9marrer une aventure<\/h4>\n\t\t\t\t\t\t\t\t<\/div>\n\t\t\t\t<\/div>\n\t\t\t\t\t<\/div>\n\t\t\t\t<\/div>\n\t\t<div class=\"elementor-element elementor-element-ab3ef54 e-con-full e-flex e-con e-parent\" data-id=\"ab3ef54\" data-element_type=\"container\">\n\t\t<div class=\"elementor-element elementor-element-7a46667 e-con-full e-flex e-con e-child\" data-id=\"7a46667\" data-element_type=\"container\" data-settings=\"{&quot;background_background&quot;:&quot;classic&quot;}\">\n\t\t\t\t<div class=\"elementor-element elementor-element-cb47d20 elementor-widget elementor-widget-heading\" data-id=\"cb47d20\" data-element_type=\"widget\" data-widget_type=\"heading.default\">\n\t\t\t\t<div class=\"elementor-widget-container\">\n\t\t\t\t\t<h2 class=\"elementor-heading-title elementor-size-default\"><a href=\"https:\/\/www.uneviesurterre.com\/?page_id=227\">Pr\u00e9parer le magnifique Laugavegurinn<\/a><\/h2>\t\t\t\t<\/div>\n\t\t\t\t<\/div>\n\t\t\t\t<\/div>\n\t\t<div class=\"elementor-element elementor-element-85e010a e-con-full e-flex e-con e-child\" data-id=\"85e010a\" data-element_type=\"container\">\n\t\t\t\t<\/div>\n\t\t\t\t<\/div>\n\t\t<div class=\"elementor-element elementor-element-336589d e-flex e-con-boxed e-con e-parent\" data-id=\"336589d\" data-element_type=\"container\">\n\t\t\t\t\t<div class=\"e-con-inner\">\n\t\t\t\t<div class=\"elementor-element elementor-element-676973f elementor-widget elementor-widget-spacer\" data-id=\"676973f\" data-element_type=\"widget\" data-widget_type=\"spacer.default\">\n\t\t\t\t<div class=\"elementor-widget-container\">\n\t\t\t\t\t\t\t<div class=\"elementor-spacer\">\n\t\t\t<div class=\"elementor-spacer-inner\"><\/div>\n\t\t<\/div>\n\t\t\t\t\t\t<\/div>\n\t\t\t\t<\/div>\n\t\t\t\t\t<\/div>\n\t\t\t\t<\/div>\n\t\t\t\t<\/div>\n\t\t","protected":false},"excerpt":{"rendered":"<p>Prologue Qu&#8217;est-ce qui m&#8217;a pouss\u00e9 \u00e0 aller en Islande ? Le livre &#8220;Les plus beaux treks d&#8217;Europe&#8221; de Lonely Planet. J&#8217;ai simplement ouvert le livre et l&#8217;Islande se trouvait en premi\u00e8re page. Il n&#8217;en fallait pas plus pour d\u00e9marrer une aventure Pr\u00e9parer le magnifique Laugavegurinn<\/p>\n","protected":false},"author":1,"featured_media":114,"parent":0,"menu_order":0,"comment_status":"closed","ping_status":"closed","template":"","meta":{"footnotes":""},"class_list":["post-294","page","type-page","status-publish","has-post-thumbnail","hentry"],"jetpack_sharing_enabled":true,"_links":{"self":[{"href":"https:\/\/www.uneviesurterre.com\/index.php?rest_route=\/wp\/v2\/pages\/294","targetHints":{"allow":["GET"]}}],"collection":[{"href":"https:\/\/www.uneviesurterre.com\/index.php?rest_route=\/wp\/v2\/pages"}],"about":[{"href":"https:\/\/www.uneviesurterre.com\/index.php?rest_route=\/wp\/v2\/types\/page"}],"author":[{"embeddable":true,"href":"https:\/\/www.uneviesurterre.com\/index.php?rest_route=\/wp\/v2\/users\/1"}],"replies":[{"embeddable":true,"href":"https:\/\/www.uneviesurterre.com\/index.php?rest_route=%2Fwp%2Fv2%2Fcomments&post=294"}],"version-history":[{"count":14,"href":"https:\/\/www.uneviesurterre.com\/index.php?rest_route=\/wp\/v2\/pages\/294\/revisions"}],"predecessor-version":[{"id":1632,"href":"https:\/\/www.uneviesurterre.com\/index.php?rest_route=\/wp\/v2\/pages\/294\/revisions\/1632"}],"wp:featuredmedia":[{"embeddable":true,"href":"https:\/\/www.uneviesurterre.com\/index.php?rest_route=\/wp\/v2\/media\/114"}],"wp:attachment":[{"href":"https:\/\/www.uneviesurterre.com\/index.php?rest_route=%2Fwp%2Fv2%2Fmedia&parent=294"}],"curies":[{"name":"wp","href":"https:\/\/api.w.org\/{rel}","templated":true}]}}