{"id":274,"date":"2023-11-02T11:25:09","date_gmt":"2023-11-02T10:25:09","guid":{"rendered":"https:\/\/www.uneviesurterre.com\/?page_id=274"},"modified":"2024-12-23T14:28:08","modified_gmt":"2024-12-23T13:28:08","slug":"croatie","status":"publish","type":"page","link":"https:\/\/www.uneviesurterre.com\/?page_id=274","title":{"rendered":"Croatie"},"content":{"rendered":"\t\t<div data-elementor-type=\"wp-page\" data-elementor-id=\"274\" class=\"elementor elementor-274\">\n\t\t\t\t<div class=\"elementor-element elementor-element-4b0be335 e-flex e-con-boxed e-con e-parent\" data-id=\"4b0be335\" data-element_type=\"container\">\n\t\t\t\t\t<div class=\"e-con-inner\">\n\t\t\t\t<div class=\"elementor-element elementor-element-4b1d5764 elementor-widget elementor-widget-text-editor\" data-id=\"4b1d5764\" data-element_type=\"widget\" data-widget_type=\"text-editor.default\">\n\t\t\t\t<div class=\"elementor-widget-container\">\n\t\t\t\t\t\t\t\t\t\n<div class=\"wp-block-spacer\" style=\"height: 29px;\" aria-hidden=\"true\">\u00a0<\/div>\n<div aria-hidden=\"true\">\u00a0<\/div>\n<div aria-hidden=\"true\">\u00a0<\/div>\n\n<h1 class=\"wp-block-heading has-text-align-center\" style=\"font-size:clamp(15.747px, 0.984rem + ((1vw - 3.2px) * 0.86), 24px);\">Prologue<\/h1>\n\n<h4 class=\"wp-block-heading has-text-align-center\" style=\"font-size:clamp(14px, 0.875rem + ((1vw - 3.2px) * 0.313), 17px); font-style: normal; font-weight: 400;\">Je ne saurai m\u00eame pas dire ce qui m&#8217;a pouss\u00e9 \u00e0 aller en Croatie, et je ne savais pas \u00e0 quoi m&#8217;attendre. J&#8217;y suis all\u00e9 en van depuis la Belgique et \u00e7a a \u00e9t\u00e9 une exp\u00e9rience super enrichissante&#8230; ne rien conna\u00eetre et tout d\u00e9couvrir au fur et \u00e0 mesure<\/h4>\n\t\t\t\t\t\t\t\t<\/div>\n\t\t\t\t<\/div>\n\t\t\t\t\t<\/div>\n\t\t\t\t<\/div>\n\t\t<div class=\"elementor-element elementor-element-16fb7a0 e-con-full e-flex e-con e-parent\" data-id=\"16fb7a0\" data-element_type=\"container\">\n\t\t<div class=\"elementor-element elementor-element-eff7223 e-con-full e-flex e-con e-child\" data-id=\"eff7223\" data-element_type=\"container\" data-settings=\"{&quot;background_background&quot;:&quot;classic&quot;}\">\n\t\t\t\t<div class=\"elementor-element elementor-element-4b26976 elementor-widget elementor-widget-heading\" data-id=\"4b26976\" data-element_type=\"widget\" data-widget_type=\"heading.default\">\n\t\t\t\t<div class=\"elementor-widget-container\">\n\t\t\t\t\t<h2 class=\"elementor-heading-title elementor-size-default\"><a href=\"https:\/\/www.uneviesurterre.com\/?page_id=211\">Mes 4 coups de coeur en Croatie<\/a><\/h2>\t\t\t\t<\/div>\n\t\t\t\t<\/div>\n\t\t\t\t<\/div>\n\t\t<div class=\"elementor-element elementor-element-a0d6f2b e-con-full e-flex e-con e-child\" data-id=\"a0d6f2b\" data-element_type=\"container\">\n\t\t\t\t<\/div>\n\t\t\t\t<\/div>\n\t\t<div class=\"elementor-element elementor-element-c2d39ff e-flex e-con-boxed e-con e-parent\" data-id=\"c2d39ff\" data-element_type=\"container\">\n\t\t\t\t\t<div class=\"e-con-inner\">\n\t\t\t\t<div class=\"elementor-element elementor-element-02d27b7 elementor-widget elementor-widget-spacer\" data-id=\"02d27b7\" data-element_type=\"widget\" data-widget_type=\"spacer.default\">\n\t\t\t\t<div class=\"elementor-widget-container\">\n\t\t\t\t\t\t\t<div class=\"elementor-spacer\">\n\t\t\t<div class=\"elementor-spacer-inner\"><\/div>\n\t\t<\/div>\n\t\t\t\t\t\t<\/div>\n\t\t\t\t<\/div>\n\t\t\t\t\t<\/div>\n\t\t\t\t<\/div>\n\t\t\t\t<\/div>\n\t\t","protected":false},"excerpt":{"rendered":"<p>Prologue Je ne saurai m\u00eame pas dire ce qui m&#8217;a pouss\u00e9 \u00e0 aller en Croatie, et je ne savais pas \u00e0 quoi m&#8217;attendre. J&#8217;y suis all\u00e9 en van depuis la Belgique et \u00e7a a \u00e9t\u00e9 une exp\u00e9rience super enrichissante&#8230; ne rien conna\u00eetre et tout d\u00e9couvrir au fur et \u00e0 mesure Mes 4 coups de coeur &hellip; <\/p>\n<p class=\"link-more\"><a href=\"https:\/\/www.uneviesurterre.com\/?page_id=274\" class=\"more-link\">Read more<span class=\"screen-reader-text\"> &#8220;Croatie&#8221;<\/span><\/a><\/p>\n","protected":false},"author":1,"featured_media":107,"parent":0,"menu_order":0,"comment_status":"closed","ping_status":"closed","template":"","meta":{"footnotes":""},"class_list":["post-274","page","type-page","status-publish","has-post-thumbnail","hentry"],"jetpack_sharing_enabled":true,"_links":{"self":[{"href":"https:\/\/www.uneviesurterre.com\/index.php?rest_route=\/wp\/v2\/pages\/274","targetHints":{"allow":["GET"]}}],"collection":[{"href":"https:\/\/www.uneviesurterre.com\/index.php?rest_route=\/wp\/v2\/pages"}],"about":[{"href":"https:\/\/www.uneviesurterre.com\/index.php?rest_route=\/wp\/v2\/types\/page"}],"author":[{"embeddable":true,"href":"https:\/\/www.uneviesurterre.com\/index.php?rest_route=\/wp\/v2\/users\/1"}],"replies":[{"embeddable":true,"href":"https:\/\/www.uneviesurterre.com\/index.php?rest_route=%2Fwp%2Fv2%2Fcomments&post=274"}],"version-history":[{"count":10,"href":"https:\/\/www.uneviesurterre.com\/index.php?rest_route=\/wp\/v2\/pages\/274\/revisions"}],"predecessor-version":[{"id":1601,"href":"https:\/\/www.uneviesurterre.com\/index.php?rest_route=\/wp\/v2\/pages\/274\/revisions\/1601"}],"wp:featuredmedia":[{"embeddable":true,"href":"https:\/\/www.uneviesurterre.com\/index.php?rest_route=\/wp\/v2\/media\/107"}],"wp:attachment":[{"href":"https:\/\/www.uneviesurterre.com\/index.php?rest_route=%2Fwp%2Fv2%2Fmedia&parent=274"}],"curies":[{"name":"wp","href":"https:\/\/api.w.org\/{rel}","templated":true}]}}