{"id":264,"date":"2023-10-31T15:24:43","date_gmt":"2023-10-31T14:24:43","guid":{"rendered":"https:\/\/www.uneviesurterre.com\/?page_id=264"},"modified":"2024-12-23T13:43:27","modified_gmt":"2024-12-23T12:43:27","slug":"allemagne","status":"publish","type":"page","link":"https:\/\/www.uneviesurterre.com\/?page_id=264","title":{"rendered":"Allemagne"},"content":{"rendered":"\t\t<div data-elementor-type=\"wp-page\" data-elementor-id=\"264\" class=\"elementor elementor-264\">\n\t\t\t\t<div class=\"elementor-element elementor-element-f7c2842 e-flex e-con-boxed e-con e-parent\" data-id=\"f7c2842\" data-element_type=\"container\">\n\t\t\t\t\t<div class=\"e-con-inner\">\n\t\t\t\t<div class=\"elementor-element elementor-element-4fe823d elementor-widget elementor-widget-text-editor\" data-id=\"4fe823d\" data-element_type=\"widget\" data-widget_type=\"text-editor.default\">\n\t\t\t\t<div class=\"elementor-widget-container\">\n\t\t\t\t\t\t\t\t\t\n<div class=\"wp-block-spacer\" style=\"height: 29px;\" aria-hidden=\"true\">\u00a0<\/div>\n<div aria-hidden=\"true\">\u00a0<\/div>\n<div aria-hidden=\"true\">\u00a0<\/div>\n<div aria-hidden=\"true\">\u00a0<\/div>\n\n<h1 class=\"wp-block-heading has-text-align-center\" style=\"font-size:clamp(15.747px, 0.984rem + ((1vw - 3.2px) * 0.86), 24px);\">Prologue<\/h1>\n\n<h4 class=\"wp-block-heading has-text-align-center\" style=\"font-size:clamp(14px, 0.875rem + ((1vw - 3.2px) * 0.313), 17px); font-style: normal; font-weight: 400;\">J&#8217;ai mis du temps \u00e0 sauter le pas et \u00e0 me rendre en Allemagne&#8230; probablement \u00e0 cause de la barri\u00e8re de la langue. Petit \u00e0 petit, je d\u00e9couvre ses petits villages et prend go\u00fbt \u00e0 en apprendre plus. J&#8217;ai h\u00e2te de voir ce que ce pays a encore \u00e0 nous montrer&#8230;<\/h4>\n\t\t\t\t\t\t\t\t<\/div>\n\t\t\t\t<\/div>\n\t\t\t\t<div class=\"elementor-element elementor-element-5edfe51 elementor-widget elementor-widget-spacer\" data-id=\"5edfe51\" data-element_type=\"widget\" data-widget_type=\"spacer.default\">\n\t\t\t\t<div class=\"elementor-widget-container\">\n\t\t\t\t\t\t\t<div class=\"elementor-spacer\">\n\t\t\t<div class=\"elementor-spacer-inner\"><\/div>\n\t\t<\/div>\n\t\t\t\t\t\t<\/div>\n\t\t\t\t<\/div>\n\t\t\t\t\t<\/div>\n\t\t\t\t<\/div>\n\t\t<div class=\"elementor-element elementor-element-0cbba01 e-con-full e-flex e-con e-parent\" data-id=\"0cbba01\" data-element_type=\"container\">\n\t\t<div class=\"elementor-element elementor-element-c81ad20 e-con-full e-flex e-con e-child\" data-id=\"c81ad20\" data-element_type=\"container\" data-settings=\"{&quot;background_background&quot;:&quot;classic&quot;}\">\n\t\t\t\t<div class=\"elementor-element elementor-element-3c3c333 elementor-widget elementor-widget-heading\" data-id=\"3c3c333\" data-element_type=\"widget\" data-widget_type=\"heading.default\">\n\t\t\t\t<div class=\"elementor-widget-container\">\n\t\t\t\t\t<h2 class=\"elementor-heading-title elementor-size-default\"><a href=\"https:\/\/www.uneviesurterre.com\/?page_id=213\">Partir en randonn\u00e9e dans le Parc Eifel volacanique<\/a><\/h2>\t\t\t\t<\/div>\n\t\t\t\t<\/div>\n\t\t\t\t<\/div>\n\t\t<div class=\"elementor-element elementor-element-837c808 e-con-full e-flex e-con e-child\" data-id=\"837c808\" data-element_type=\"container\">\n\t\t\t\t<\/div>\n\t\t\t\t<\/div>\n\t\t\t\t<\/div>\n\t\t","protected":false},"excerpt":{"rendered":"<p>Prologue J&#8217;ai mis du temps \u00e0 sauter le pas et \u00e0 me rendre en Allemagne&#8230; probablement \u00e0 cause de la barri\u00e8re de la langue. Petit \u00e0 petit, je d\u00e9couvre ses petits villages et prend go\u00fbt \u00e0 en apprendre plus. J&#8217;ai h\u00e2te de voir ce que ce pays a encore \u00e0 nous montrer&#8230; Partir en randonn\u00e9e &hellip; <\/p>\n<p class=\"link-more\"><a href=\"https:\/\/www.uneviesurterre.com\/?page_id=264\" class=\"more-link\">Read more<span class=\"screen-reader-text\"> &#8220;Allemagne&#8221;<\/span><\/a><\/p>\n","protected":false},"author":1,"featured_media":102,"parent":0,"menu_order":0,"comment_status":"closed","ping_status":"closed","template":"","meta":{"footnotes":""},"class_list":["post-264","page","type-page","status-publish","has-post-thumbnail","hentry"],"jetpack_sharing_enabled":true,"_links":{"self":[{"href":"https:\/\/www.uneviesurterre.com\/index.php?rest_route=\/wp\/v2\/pages\/264","targetHints":{"allow":["GET"]}}],"collection":[{"href":"https:\/\/www.uneviesurterre.com\/index.php?rest_route=\/wp\/v2\/pages"}],"about":[{"href":"https:\/\/www.uneviesurterre.com\/index.php?rest_route=\/wp\/v2\/types\/page"}],"author":[{"embeddable":true,"href":"https:\/\/www.uneviesurterre.com\/index.php?rest_route=\/wp\/v2\/users\/1"}],"replies":[{"embeddable":true,"href":"https:\/\/www.uneviesurterre.com\/index.php?rest_route=%2Fwp%2Fv2%2Fcomments&post=264"}],"version-history":[{"count":25,"href":"https:\/\/www.uneviesurterre.com\/index.php?rest_route=\/wp\/v2\/pages\/264\/revisions"}],"predecessor-version":[{"id":1595,"href":"https:\/\/www.uneviesurterre.com\/index.php?rest_route=\/wp\/v2\/pages\/264\/revisions\/1595"}],"wp:featuredmedia":[{"embeddable":true,"href":"https:\/\/www.uneviesurterre.com\/index.php?rest_route=\/wp\/v2\/media\/102"}],"wp:attachment":[{"href":"https:\/\/www.uneviesurterre.com\/index.php?rest_route=%2Fwp%2Fv2%2Fmedia&parent=264"}],"curies":[{"name":"wp","href":"https:\/\/api.w.org\/{rel}","templated":true}]}}