{"id":259,"date":"2023-10-31T11:13:42","date_gmt":"2023-10-31T10:13:42","guid":{"rendered":"https:\/\/www.uneviesurterre.com\/?page_id=259"},"modified":"2025-08-21T13:36:12","modified_gmt":"2025-08-21T11:36:12","slug":"france","status":"publish","type":"page","link":"https:\/\/www.uneviesurterre.com\/?page_id=259","title":{"rendered":"France"},"content":{"rendered":"\t\t<div data-elementor-type=\"wp-page\" data-elementor-id=\"259\" class=\"elementor elementor-259\">\n\t\t\t\t<div class=\"elementor-element elementor-element-29de0e83 e-flex e-con-boxed e-con e-parent\" data-id=\"29de0e83\" data-element_type=\"container\">\n\t\t\t\t\t<div class=\"e-con-inner\">\n\t\t\t\t<div class=\"elementor-element elementor-element-50fd28d5 elementor-widget elementor-widget-text-editor\" data-id=\"50fd28d5\" data-element_type=\"widget\" data-widget_type=\"text-editor.default\">\n\t\t\t\t<div class=\"elementor-widget-container\">\n\t\t\t\t\t\t\t\t\t\n<div class=\"wp-block-spacer\" style=\"height: 29px;\" aria-hidden=\"true\">\u00a0<\/div>\n<div aria-hidden=\"true\">\u00a0<\/div>\n<div aria-hidden=\"true\">\u00a0<\/div>\n<div aria-hidden=\"true\">\u00a0<\/div>\n\n<h1 class=\"wp-block-heading has-text-align-center\" style=\"font-size:clamp(15.747px, 0.984rem + ((1vw - 3.2px) * 0.86), 24px);\">Prologue<\/h1>\n\n<h4 class=\"wp-block-heading has-text-align-center\" style=\"font-size:clamp(14px, 0.875rem + ((1vw - 3.2px) * 0.313), 17px); font-style: normal; font-weight: 400;\">Comment ne pas visiter notre pays voisin quand c&#8217;est l&#8217;un des plus beaux du monde ? Que ce soit pour un week-end ou plus, on adore d\u00e9couvrir toutes ces r\u00e9gions \u00e0 l&#8217;identit\u00e9 forte&#8230;<\/h4>\n\n<div class=\"wp-block-columns\">\n<div class=\"wp-block-column is-layout-flow wp-block-column-is-layout-flow\"><\/div>\n<\/div>\n\t\t\t\t\t\t\t\t<\/div>\n\t\t\t\t<\/div>\n\t\t\t\t\t<\/div>\n\t\t\t\t<\/div>\n\t\t<div class=\"elementor-element elementor-element-b687447 e-con-full e-flex e-con e-parent\" data-id=\"b687447\" data-element_type=\"container\">\n\t\t<div class=\"elementor-element elementor-element-542ccb3 e-con-full e-flex e-con e-child\" data-id=\"542ccb3\" data-element_type=\"container\" data-settings=\"{&quot;background_background&quot;:&quot;classic&quot;}\">\n\t\t\t\t<div class=\"elementor-element elementor-element-556a3ed elementor-widget elementor-widget-heading\" data-id=\"556a3ed\" data-element_type=\"widget\" data-widget_type=\"heading.default\">\n\t\t\t\t<div class=\"elementor-widget-container\">\n\t\t\t\t\t<h2 class=\"elementor-heading-title elementor-size-default\"><a href=\"https:\/\/www.uneviesurterre.com\/?page_id=2631\">7 jours sur le Tour du Mont-Blanc<\/a><\/h2>\t\t\t\t<\/div>\n\t\t\t\t<\/div>\n\t\t\t\t<\/div>\n\t\t\t\t<\/div>\n\t\t<div class=\"elementor-element elementor-element-ebe97ef e-con-full e-flex e-con e-parent\" data-id=\"ebe97ef\" data-element_type=\"container\">\n\t\t<div class=\"elementor-element elementor-element-be5e081 e-con-full e-flex e-con e-child\" data-id=\"be5e081\" data-element_type=\"container\" data-settings=\"{&quot;background_background&quot;:&quot;classic&quot;}\">\n\t\t\t\t<div class=\"elementor-element elementor-element-fa0af15 elementor-widget elementor-widget-heading\" data-id=\"fa0af15\" data-element_type=\"widget\" data-widget_type=\"heading.default\">\n\t\t\t\t<div class=\"elementor-widget-container\">\n\t\t\t\t\t<h2 class=\"elementor-heading-title elementor-size-default\"><a href=\"https:\/\/www.uneviesurterre.com\/?page_id=199\">Randonn\u00e9e et bivouac dans les Vosges<\/a><\/h2>\t\t\t\t<\/div>\n\t\t\t\t<\/div>\n\t\t\t\t<\/div>\n\t\t<div class=\"elementor-element elementor-element-36d8fce e-con-full e-flex e-con e-child\" data-id=\"36d8fce\" data-element_type=\"container\" data-settings=\"{&quot;background_background&quot;:&quot;classic&quot;}\">\n\t\t\t\t<div class=\"elementor-element elementor-element-4adbc90 elementor-widget elementor-widget-heading\" data-id=\"4adbc90\" data-element_type=\"widget\" data-widget_type=\"heading.default\">\n\t\t\t\t<div class=\"elementor-widget-container\">\n\t\t\t\t\t<h2 class=\"elementor-heading-title elementor-size-default\"><a href=\"https:\/\/www.uneviesurterre.com\/?page_id=201\">Immanquables du Jura, le belv\u00e9d\u00e8re des 4 lacs et le pic de l'Aigle<\/a><\/h2>\t\t\t\t<\/div>\n\t\t\t\t<\/div>\n\t\t\t\t<\/div>\n\t\t\t\t<\/div>\n\t\t<div class=\"elementor-element elementor-element-b4fc98e e-con-full e-flex e-con e-parent\" data-id=\"b4fc98e\" data-element_type=\"container\">\n\t\t<div class=\"elementor-element elementor-element-749ffd9 e-con-full e-flex e-con e-child\" data-id=\"749ffd9\" data-element_type=\"container\" data-settings=\"{&quot;background_background&quot;:&quot;classic&quot;}\">\n\t\t\t\t<div class=\"elementor-element elementor-element-8fee7c9 elementor-widget elementor-widget-heading\" data-id=\"8fee7c9\" data-element_type=\"widget\" data-widget_type=\"heading.default\">\n\t\t\t\t<div class=\"elementor-widget-container\">\n\t\t\t\t\t<h2 class=\"elementor-heading-title elementor-size-default\"><a href=\"https:\/\/www.uneviesurterre.com\/?page_id=203\">Immanquables du Jura, les cascades du H\u00e9risson<\/a><\/h2>\t\t\t\t<\/div>\n\t\t\t\t<\/div>\n\t\t\t\t<\/div>\n\t\t<div class=\"elementor-element elementor-element-7bd87b0 e-con-full e-flex e-con e-child\" data-id=\"7bd87b0\" data-element_type=\"container\" data-settings=\"{&quot;background_background&quot;:&quot;classic&quot;}\">\n\t\t\t\t<div class=\"elementor-element elementor-element-d582aa4 elementor-widget elementor-widget-heading\" data-id=\"d582aa4\" data-element_type=\"widget\" data-widget_type=\"heading.default\">\n\t\t\t\t<div class=\"elementor-widget-container\">\n\t\t\t\t\t<h2 class=\"elementor-heading-title elementor-size-default\"><a href=\"https:\/\/www.uneviesurterre.com\/?page_id=205\">La bonne id\u00e9e, s'arr\u00eater \u00e0 Honfleur !<\/a><\/h2>\t\t\t\t<\/div>\n\t\t\t\t<\/div>\n\t\t\t\t<\/div>\n\t\t\t\t<\/div>\n\t\t<div class=\"elementor-element elementor-element-34f7c79 e-con-full e-flex e-con e-parent\" data-id=\"34f7c79\" data-element_type=\"container\">\n\t\t<div class=\"elementor-element elementor-element-0267288 e-con-full e-flex e-con e-child\" data-id=\"0267288\" data-element_type=\"container\" data-settings=\"{&quot;background_background&quot;:&quot;classic&quot;}\">\n\t\t\t\t<div class=\"elementor-element elementor-element-4cf0bef elementor-widget elementor-widget-heading\" data-id=\"4cf0bef\" data-element_type=\"widget\" data-widget_type=\"heading.default\">\n\t\t\t\t<div class=\"elementor-widget-container\">\n\t\t\t\t\t<h2 class=\"elementor-heading-title elementor-size-default\"><a href=\"https:\/\/www.uneviesurterre.com\/?page_id=1055\">D\u00e9couvrir ce qu'il y a de plus beau en Bretagne<\/a><\/h2>\t\t\t\t<\/div>\n\t\t\t\t<\/div>\n\t\t\t\t<\/div>\n\t\t<div class=\"elementor-element elementor-element-d3834b3 e-con-full e-flex e-con e-child\" data-id=\"d3834b3\" data-element_type=\"container\" data-settings=\"{&quot;background_background&quot;:&quot;classic&quot;}\">\n\t\t\t\t<div class=\"elementor-element elementor-element-2d92f36 elementor-widget elementor-widget-heading\" data-id=\"2d92f36\" data-element_type=\"widget\" data-widget_type=\"heading.default\">\n\t\t\t\t<div class=\"elementor-widget-container\">\n\t\t\t\t\t<h2 class=\"elementor-heading-title elementor-size-default\"><a href=\"https:\/\/www.uneviesurterre.com\/?page_id=207\">Se changer les id\u00e9es \u00e0 Reims<\/a><\/h2>\t\t\t\t<\/div>\n\t\t\t\t<\/div>\n\t\t\t\t<\/div>\n\t\t\t\t<\/div>\n\t\t<div class=\"elementor-element elementor-element-3a95f80 e-flex e-con-boxed e-con e-parent\" data-id=\"3a95f80\" data-element_type=\"container\">\n\t\t\t\t\t<div class=\"e-con-inner\">\n\t\t\t\t<div class=\"elementor-element elementor-element-badbd5a elementor-widget elementor-widget-spacer\" data-id=\"badbd5a\" data-element_type=\"widget\" data-widget_type=\"spacer.default\">\n\t\t\t\t<div class=\"elementor-widget-container\">\n\t\t\t\t\t\t\t<div class=\"elementor-spacer\">\n\t\t\t<div class=\"elementor-spacer-inner\"><\/div>\n\t\t<\/div>\n\t\t\t\t\t\t<\/div>\n\t\t\t\t<\/div>\n\t\t\t\t\t<\/div>\n\t\t\t\t<\/div>\n\t\t\n<div class=\"wp-block-columns is-layout-flex wp-container-core-columns-is-layout-28f84493 wp-block-columns-is-layout-flex\"><!-- wp:column -->\n<div class=\"wp-block-column\"><!-- wp:cover {\"url\":\"https:\/\/www.uneviesurterre.com\/wp-content\/uploads\/2024\/01\/Vosges.jpg\",\"id\":715,\"dimRatio\":30,\"contentPosition\":\"center center\",\"layout\":{\"type\":\"constrained\"}} --><\/div>\n<\/div>\n<!-- \/wp:paragraph -->\t\t\t\t\t\t\t\t<\/div>\n\t\t\t\t<\/div>\n\t\t\t\t\t<\/div>\n\t\t\t\t<\/div>\n\t\t<div class=\"elementor-element elementor-element-b687447 e-con-full e-flex e-con e-parent\" data-id=\"b687447\" data-element_type=\"container\">\n\t\t<div class=\"elementor-element elementor-element-542ccb3 e-con-full e-flex e-con e-child\" data-id=\"542ccb3\" data-element_type=\"container\" data-settings=\"{&quot;background_background&quot;:&quot;classic&quot;}\">\n\t\t\t\t<div class=\"elementor-element elementor-element-556a3ed elementor-widget elementor-widget-heading\" data-id=\"556a3ed\" data-element_type=\"widget\" data-widget_type=\"heading.default\">\n\t\t\t\t<div class=\"elementor-widget-container\">\n\t\t\t\t\t<h2 class=\"elementor-heading-title elementor-size-default\"><a href=\"https:\/\/www.uneviesurterre.com\/?page_id=2631\">7 jours sur le Tour du Mont-Blanc<\/a><\/h2>\t\t\t\t<\/div>\n\t\t\t\t<\/div>\n\t\t\t\t<\/div>\n\t\t\t\t<\/div>\n\t\t<div class=\"elementor-element elementor-element-ebe97ef e-con-full e-flex e-con e-parent\" data-id=\"ebe97ef\" data-element_type=\"container\">\n\t\t<div class=\"elementor-element elementor-element-be5e081 e-con-full e-flex e-con e-child\" data-id=\"be5e081\" data-element_type=\"container\" data-settings=\"{&quot;background_background&quot;:&quot;classic&quot;}\">\n\t\t\t\t<div class=\"elementor-element elementor-element-fa0af15 elementor-widget elementor-widget-heading\" data-id=\"fa0af15\" data-element_type=\"widget\" data-widget_type=\"heading.default\">\n\t\t\t\t<div class=\"elementor-widget-container\">\n\t\t\t\t\t<h2 class=\"elementor-heading-title elementor-size-default\"><a href=\"https:\/\/www.uneviesurterre.com\/?page_id=199\">Randonn\u00e9e et bivouac dans les Vosges<\/a><\/h2>\t\t\t\t<\/div>\n\t\t\t\t<\/div>\n\t\t\t\t<\/div>\n\t\t<div class=\"elementor-element elementor-element-36d8fce e-con-full e-flex e-con e-child\" data-id=\"36d8fce\" data-element_type=\"container\" data-settings=\"{&quot;background_background&quot;:&quot;classic&quot;}\">\n\t\t\t\t<div class=\"elementor-element elementor-element-4adbc90 elementor-widget elementor-widget-heading\" data-id=\"4adbc90\" data-element_type=\"widget\" data-widget_type=\"heading.default\">\n\t\t\t\t<div class=\"elementor-widget-container\">\n\t\t\t\t\t<h2 class=\"elementor-heading-title elementor-size-default\"><a href=\"https:\/\/www.uneviesurterre.com\/?page_id=201\">Immanquables du Jura, le belv\u00e9d\u00e8re des 4 lacs et le pic de l'Aigle<\/a><\/h2>\t\t\t\t<\/div>\n\t\t\t\t<\/div>\n\t\t\t\t<\/div>\n\t\t\t\t<\/div>\n\t\t<div class=\"elementor-element elementor-element-b4fc98e e-con-full e-flex e-con e-parent\" data-id=\"b4fc98e\" data-element_type=\"container\">\n\t\t<div class=\"elementor-element elementor-element-749ffd9 e-con-full e-flex e-con e-child\" data-id=\"749ffd9\" data-element_type=\"container\" data-settings=\"{&quot;background_background&quot;:&quot;classic&quot;}\">\n\t\t\t\t<div class=\"elementor-element elementor-element-8fee7c9 elementor-widget elementor-widget-heading\" data-id=\"8fee7c9\" data-element_type=\"widget\" data-widget_type=\"heading.default\">\n\t\t\t\t<div class=\"elementor-widget-container\">\n\t\t\t\t\t<h2 class=\"elementor-heading-title elementor-size-default\"><a href=\"https:\/\/www.uneviesurterre.com\/?page_id=203\">Immanquables du Jura, les cascades du H\u00e9risson<\/a><\/h2>\t\t\t\t<\/div>\n\t\t\t\t<\/div>\n\t\t\t\t<\/div>\n\t\t<div class=\"elementor-element elementor-element-7bd87b0 e-con-full e-flex e-con e-child\" data-id=\"7bd87b0\" data-element_type=\"container\" data-settings=\"{&quot;background_background&quot;:&quot;classic&quot;}\">\n\t\t\t\t<div class=\"elementor-element elementor-element-d582aa4 elementor-widget elementor-widget-heading\" data-id=\"d582aa4\" data-element_type=\"widget\" data-widget_type=\"heading.default\">\n\t\t\t\t<div class=\"elementor-widget-container\">\n\t\t\t\t\t<h2 class=\"elementor-heading-title elementor-size-default\"><a href=\"https:\/\/www.uneviesurterre.com\/?page_id=205\">La bonne id\u00e9e, s'arr\u00eater \u00e0 Honfleur !<\/a><\/h2>\t\t\t\t<\/div>\n\t\t\t\t<\/div>\n\t\t\t\t<\/div>\n\t\t\t\t<\/div>\n\t\t<div class=\"elementor-element elementor-element-34f7c79 e-con-full e-flex e-con e-parent\" data-id=\"34f7c79\" data-element_type=\"container\">\n\t\t<div class=\"elementor-element elementor-element-0267288 e-con-full e-flex e-con e-child\" data-id=\"0267288\" data-element_type=\"container\" data-settings=\"{&quot;background_background&quot;:&quot;classic&quot;}\">\n\t\t\t\t<div class=\"elementor-element elementor-element-4cf0bef elementor-widget elementor-widget-heading\" data-id=\"4cf0bef\" data-element_type=\"widget\" data-widget_type=\"heading.default\">\n\t\t\t\t<div class=\"elementor-widget-container\">\n\t\t\t\t\t<h2 class=\"elementor-heading-title elementor-size-default\"><a href=\"https:\/\/www.uneviesurterre.com\/?page_id=1055\">D\u00e9couvrir ce qu'il y a de plus beau en Bretagne<\/a><\/h2>\t\t\t\t<\/div>\n\t\t\t\t<\/div>\n\t\t\t\t<\/div>\n\t\t<div class=\"elementor-element elementor-element-d3834b3 e-con-full e-flex e-con e-child\" data-id=\"d3834b3\" data-element_type=\"container\" data-settings=\"{&quot;background_background&quot;:&quot;classic&quot;}\">\n\t\t\t\t<div class=\"elementor-element elementor-element-2d92f36 elementor-widget elementor-widget-heading\" data-id=\"2d92f36\" data-element_type=\"widget\" data-widget_type=\"heading.default\">\n\t\t\t\t<div class=\"elementor-widget-container\">\n\t\t\t\t\t<h2 class=\"elementor-heading-title elementor-size-default\"><a href=\"https:\/\/www.uneviesurterre.com\/?page_id=207\">Se changer les id\u00e9es \u00e0 Reims<\/a><\/h2>\t\t\t\t<\/div>\n\t\t\t\t<\/div>\n\t\t\t\t<\/div>\n\t\t\t\t<\/div>\n\t\t<div class=\"elementor-element elementor-element-3a95f80 e-flex e-con-boxed e-con e-parent\" data-id=\"3a95f80\" data-element_type=\"container\">\n\t\t\t\t\t<div class=\"e-con-inner\">\n\t\t\t\t<div class=\"elementor-element elementor-element-badbd5a elementor-widget elementor-widget-spacer\" data-id=\"badbd5a\" data-element_type=\"widget\" data-widget_type=\"spacer.default\">\n\t\t\t\t<div class=\"elementor-widget-container\">\n\t\t\t\t\t\t\t<div class=\"elementor-spacer\">\n\t\t\t<div class=\"elementor-spacer-inner\"><\/div>\n\t\t<\/div>\n\t\t\t\t\t\t<\/div>\n\t\t\t\t<\/div>\n\t\t\t\t\t<\/div>\n\t\t\t\t<\/div>\n\t\t\t\t<\/div>\n\t\t","protected":false},"excerpt":{"rendered":"<p>Prologue Comment ne pas visiter notre pays voisin quand c&#8217;est l&#8217;un des plus beaux du monde ? Que ce soit pour un week-end ou plus, on adore d\u00e9couvrir toutes ces r\u00e9gions \u00e0 l&#8217;identit\u00e9 forte&#8230; 7 jours sur le Tour du Mont-Blanc Randonn\u00e9e et bivouac dans les Vosges Immanquables du Jura, le belv\u00e9d\u00e8re des 4 lacs &hellip; <\/p>\n<p class=\"link-more\"><a href=\"https:\/\/www.uneviesurterre.com\/?page_id=259\" class=\"more-link\">Read more<span class=\"screen-reader-text\"> &#8220;France&#8221;<\/span><\/a><\/p>\n","protected":false},"author":1,"featured_media":101,"parent":0,"menu_order":0,"comment_status":"closed","ping_status":"closed","template":"","meta":{"footnotes":""},"class_list":["post-259","page","type-page","status-publish","has-post-thumbnail","hentry"],"jetpack_sharing_enabled":true,"_links":{"self":[{"href":"https:\/\/www.uneviesurterre.com\/index.php?rest_route=\/wp\/v2\/pages\/259","targetHints":{"allow":["GET"]}}],"collection":[{"href":"https:\/\/www.uneviesurterre.com\/index.php?rest_route=\/wp\/v2\/pages"}],"about":[{"href":"https:\/\/www.uneviesurterre.com\/index.php?rest_route=\/wp\/v2\/types\/page"}],"author":[{"embeddable":true,"href":"https:\/\/www.uneviesurterre.com\/index.php?rest_route=\/wp\/v2\/users\/1"}],"replies":[{"embeddable":true,"href":"https:\/\/www.uneviesurterre.com\/index.php?rest_route=%2Fwp%2Fv2%2Fcomments&post=259"}],"version-history":[{"count":28,"href":"https:\/\/www.uneviesurterre.com\/index.php?rest_route=\/wp\/v2\/pages\/259\/revisions"}],"predecessor-version":[{"id":2685,"href":"https:\/\/www.uneviesurterre.com\/index.php?rest_route=\/wp\/v2\/pages\/259\/revisions\/2685"}],"wp:featuredmedia":[{"embeddable":true,"href":"https:\/\/www.uneviesurterre.com\/index.php?rest_route=\/wp\/v2\/media\/101"}],"wp:attachment":[{"href":"https:\/\/www.uneviesurterre.com\/index.php?rest_route=%2Fwp%2Fv2%2Fmedia&parent=259"}],"curies":[{"name":"wp","href":"https:\/\/api.w.org\/{rel}","templated":true}]}}