{"id":2340,"date":"2025-07-19T12:07:12","date_gmt":"2025-07-19T10:07:12","guid":{"rendered":"https:\/\/www.uneviesurterre.com\/?page_id=2340"},"modified":"2025-07-22T17:18:34","modified_gmt":"2025-07-22T15:18:34","slug":"defier-les-elements-et-marcher-sur-un-glacier","status":"publish","type":"page","link":"https:\/\/www.uneviesurterre.com\/?page_id=2340","title":{"rendered":"D\u00e9fier les \u00e9l\u00e9ments et marcher sur un glacier"},"content":{"rendered":"\t\t<div data-elementor-type=\"wp-page\" data-elementor-id=\"2340\" class=\"elementor elementor-2340\">\n\t\t\t\t<div class=\"elementor-element elementor-element-0de1d60 e-flex e-con-boxed e-con e-parent\" data-id=\"0de1d60\" data-element_type=\"container\">\n\t\t\t\t\t<div class=\"e-con-inner\">\n\t\t\t\t<div class=\"elementor-element elementor-element-7c011ab elementor-widget elementor-widget-spacer\" data-id=\"7c011ab\" data-element_type=\"widget\" data-widget_type=\"spacer.default\">\n\t\t\t\t<div class=\"elementor-widget-container\">\n\t\t\t\t\t\t\t<div class=\"elementor-spacer\">\n\t\t\t<div class=\"elementor-spacer-inner\"><\/div>\n\t\t<\/div>\n\t\t\t\t\t\t<\/div>\n\t\t\t\t<\/div>\n\t\t\t\t<div class=\"elementor-element elementor-element-a7fa86c elementor-widget elementor-widget-heading\" data-id=\"a7fa86c\" data-element_type=\"widget\" data-widget_type=\"heading.default\">\n\t\t\t\t<div class=\"elementor-widget-container\">\n\t\t\t\t\t<h2 class=\"elementor-heading-title elementor-size-default\">D\u00e9fier les \u00e9l\u00e9ments et marcher sur un glacier<\/h2>\t\t\t\t<\/div>\n\t\t\t\t<\/div>\n\t\t\t\t<div class=\"elementor-element elementor-element-735b7c2 elementor-widget elementor-widget-spacer\" data-id=\"735b7c2\" data-element_type=\"widget\" data-widget_type=\"spacer.default\">\n\t\t\t\t<div class=\"elementor-widget-container\">\n\t\t\t\t\t\t\t<div class=\"elementor-spacer\">\n\t\t\t<div class=\"elementor-spacer-inner\"><\/div>\n\t\t<\/div>\n\t\t\t\t\t\t<\/div>\n\t\t\t\t<\/div>\n\t\t\t\t\t<\/div>\n\t\t\t\t<\/div>\n\t\t<div class=\"elementor-element elementor-element-3c382bc9 e-con-full e-flex e-con e-parent\" data-id=\"3c382bc9\" data-element_type=\"container\" data-settings=\"{&quot;background_background&quot;:&quot;classic&quot;}\">\n\t\t<div class=\"elementor-element elementor-element-19b05e8d e-con-full e-flex e-con e-child\" data-id=\"19b05e8d\" data-element_type=\"container\">\n\t\t\t\t<div class=\"elementor-element elementor-element-6f6acdc9 elementor-widget__width-inherit elementor-widget elementor-widget-image\" data-id=\"6f6acdc9\" data-element_type=\"widget\" data-widget_type=\"image.default\">\n\t\t\t\t<div class=\"elementor-widget-container\">\n\t\t\t\t\t\t\t\t\t\t\t\t\t\t\t<img fetchpriority=\"high\" decoding=\"async\" width=\"927\" height=\"662\" src=\"https:\/\/www.uneviesurterre.com\/wp-content\/uploads\/2025\/07\/att.i6n7kgt44ridoej5jvnax0xaawrp1pb148oldj06zxo-1.jpg\" class=\"attachment-full size-full wp-image-2345\" alt=\"\" srcset=\"https:\/\/www.uneviesurterre.com\/wp-content\/uploads\/2025\/07\/att.i6n7kgt44ridoej5jvnax0xaawrp1pb148oldj06zxo-1.jpg 927w, https:\/\/www.uneviesurterre.com\/wp-content\/uploads\/2025\/07\/att.i6n7kgt44ridoej5jvnax0xaawrp1pb148oldj06zxo-1-300x214.jpg 300w, https:\/\/www.uneviesurterre.com\/wp-content\/uploads\/2025\/07\/att.i6n7kgt44ridoej5jvnax0xaawrp1pb148oldj06zxo-1-512x366.jpg 512w\" sizes=\"100vw\" \/>\t\t\t\t\t\t\t\t\t\t\t\t\t\t\t<\/div>\n\t\t\t\t<\/div>\n\t\t\t\t<\/div>\n\t\t<div class=\"elementor-element elementor-element-5949f1db e-con-full e-flex e-con e-child\" data-id=\"5949f1db\" data-element_type=\"container\">\n\t\t\t\t<div class=\"elementor-element elementor-element-3ef0c986 elementor-widget elementor-widget-spacer\" data-id=\"3ef0c986\" data-element_type=\"widget\" data-widget_type=\"spacer.default\">\n\t\t\t\t<div class=\"elementor-widget-container\">\n\t\t\t\t\t\t\t<div class=\"elementor-spacer\">\n\t\t\t<div class=\"elementor-spacer-inner\"><\/div>\n\t\t<\/div>\n\t\t\t\t\t\t<\/div>\n\t\t\t\t<\/div>\n\t\t\t\t<div class=\"elementor-element elementor-element-6c5d021 elementor-widget elementor-widget-heading\" data-id=\"6c5d021\" data-element_type=\"widget\" data-widget_type=\"heading.default\">\n\t\t\t\t<div class=\"elementor-widget-container\">\n\t\t\t\t\t<h2 class=\"elementor-heading-title elementor-size-default\">Comme une apparition ...<\/h2>\t\t\t\t<\/div>\n\t\t\t\t<\/div>\n\t\t\t\t<div class=\"elementor-element elementor-element-48aee03d elementor-widget elementor-widget-spacer\" data-id=\"48aee03d\" data-element_type=\"widget\" data-widget_type=\"spacer.default\">\n\t\t\t\t<div class=\"elementor-widget-container\">\n\t\t\t\t\t\t\t<div class=\"elementor-spacer\">\n\t\t\t<div class=\"elementor-spacer-inner\"><\/div>\n\t\t<\/div>\n\t\t\t\t\t\t<\/div>\n\t\t\t\t<\/div>\n\t\t\t\t<div class=\"elementor-element elementor-element-1a1572b1 elementor-widget__width-initial elementor-widget elementor-widget-text-editor\" data-id=\"1a1572b1\" data-element_type=\"widget\" data-widget_type=\"text-editor.default\">\n\t\t\t\t<div class=\"elementor-widget-container\">\n\t\t\t\t\t\t\t\t\t<p>S&#8217;immerger au coeur de la nature est toujours une exp\u00e9rience, mais cela devient encore plus extraordinaire quand on s&#8217;approche d&#8217;\u00e9l\u00e8ments extr\u00eames, comme le feu ou la glace.<\/p><p>C&#8217;est en remontant vers le Yukon, lors de notre road-trip canadien, que nous avons aper\u00e7u ce g\u00e9ant de glace semblant plus que jamais accessible. Parqu\u00e9s sur le c\u00f4t\u00e9 de la route, nous chaussons nos raquettes et entamons cette rando assez courte pour arriver \u00e0 son pied.<\/p>\t\t\t\t\t\t\t\t<\/div>\n\t\t\t\t<\/div>\n\t\t\t\t<div class=\"elementor-element elementor-element-3fde3cde elementor-widget elementor-widget-spacer\" data-id=\"3fde3cde\" data-element_type=\"widget\" data-widget_type=\"spacer.default\">\n\t\t\t\t<div class=\"elementor-widget-container\">\n\t\t\t\t\t\t\t<div class=\"elementor-spacer\">\n\t\t\t<div class=\"elementor-spacer-inner\"><\/div>\n\t\t<\/div>\n\t\t\t\t\t\t<\/div>\n\t\t\t\t<\/div>\n\t\t\t\t<\/div>\n\t\t\t\t<\/div>\n\t\t<div class=\"elementor-element elementor-element-6172647 e-con-full e-flex e-con e-parent\" data-id=\"6172647\" data-element_type=\"container\" data-settings=\"{&quot;background_background&quot;:&quot;gradient&quot;}\">\n\t\t<div class=\"elementor-element elementor-element-69a2c13 e-con-full e-flex e-con e-child\" data-id=\"69a2c13\" data-element_type=\"container\" data-settings=\"{&quot;background_background&quot;:&quot;gradient&quot;}\">\n\t\t\t\t<div class=\"elementor-element elementor-element-243b321 elementor-widget elementor-widget-spacer\" data-id=\"243b321\" data-element_type=\"widget\" data-widget_type=\"spacer.default\">\n\t\t\t\t<div class=\"elementor-widget-container\">\n\t\t\t\t\t\t\t<div class=\"elementor-spacer\">\n\t\t\t<div class=\"elementor-spacer-inner\"><\/div>\n\t\t<\/div>\n\t\t\t\t\t\t<\/div>\n\t\t\t\t<\/div>\n\t\t\t\t<div class=\"elementor-element elementor-element-bbc9f35 elementor-widget elementor-widget-heading\" data-id=\"bbc9f35\" data-element_type=\"widget\" data-widget_type=\"heading.default\">\n\t\t\t\t<div class=\"elementor-widget-container\">\n\t\t\t\t\t<h2 class=\"elementor-heading-title elementor-size-default\">Le g\u00e9ant de glace<\/h2>\t\t\t\t<\/div>\n\t\t\t\t<\/div>\n\t\t\t\t<div class=\"elementor-element elementor-element-44b43ee elementor-hidden-mobile elementor-widget elementor-widget-spacer\" data-id=\"44b43ee\" data-element_type=\"widget\" data-widget_type=\"spacer.default\">\n\t\t\t\t<div class=\"elementor-widget-container\">\n\t\t\t\t\t\t\t<div class=\"elementor-spacer\">\n\t\t\t<div class=\"elementor-spacer-inner\"><\/div>\n\t\t<\/div>\n\t\t\t\t\t\t<\/div>\n\t\t\t\t<\/div>\n\t\t\t\t<div class=\"elementor-element elementor-element-46ce94e elementor-widget__width-initial elementor-widget elementor-widget-text-editor\" data-id=\"46ce94e\" data-element_type=\"widget\" data-widget_type=\"text-editor.default\">\n\t\t\t\t<div class=\"elementor-widget-container\">\n\t\t\t\t\t\t\t\t\t<p>Apr\u00e8s 1h30-2h de marche, on se retrouve devant le Bear Glacier. Ca parait un peu b\u00eate mais nous y sommes rest\u00e9s un bon moment \u00e0 toucher les parois et admirer le bleu pur de la glace. Les glaciers peuvent souvent avoir une couleur grisonnante \u00e0 cause de leur constitution ou de la lumi\u00e8re. Alors on s&#8217;est senti privil\u00e9gi\u00e9s devant ces couleurs.<\/p><p>Depuis, je suis \u00e9galement all\u00e9 au glacier du Rh\u00f4ne en Suisse, o\u00f9 il est possible de marcher dans le glacier&#8230; mais l&#8217;aspect plus touristique a refroidi mes attentes&#8230; et puis, rien ne remplace une premi\u00e8re fois.<\/p>\t\t\t\t\t\t\t\t<\/div>\n\t\t\t\t<\/div>\n\t\t\t\t<div class=\"elementor-element elementor-element-79edf4f elementor-widget elementor-widget-spacer\" data-id=\"79edf4f\" data-element_type=\"widget\" data-widget_type=\"spacer.default\">\n\t\t\t\t<div class=\"elementor-widget-container\">\n\t\t\t\t\t\t\t<div class=\"elementor-spacer\">\n\t\t\t<div class=\"elementor-spacer-inner\"><\/div>\n\t\t<\/div>\n\t\t\t\t\t\t<\/div>\n\t\t\t\t<\/div>\n\t\t\t\t<\/div>\n\t\t<div class=\"elementor-element elementor-element-3b5b586 e-con-full e-flex e-con e-child\" data-id=\"3b5b586\" data-element_type=\"container\">\n\t\t\t\t<div class=\"elementor-element elementor-element-d18c210 elementor-widget-mobile__width-inherit elementor-widget elementor-widget-image\" data-id=\"d18c210\" data-element_type=\"widget\" data-widget_type=\"image.default\">\n\t\t\t\t<div class=\"elementor-widget-container\">\n\t\t\t\t\t\t\t\t\t\t\t\t\t\t\t<img decoding=\"async\" width=\"1824\" height=\"1368\" src=\"https:\/\/www.uneviesurterre.com\/wp-content\/uploads\/2025\/07\/att.p2iophw8p76dwgm_qux9gcjbo09dj9z9llsycteyoza-1.jpg\" class=\"attachment-full size-full wp-image-2319\" alt=\"\" srcset=\"https:\/\/www.uneviesurterre.com\/wp-content\/uploads\/2025\/07\/att.p2iophw8p76dwgm_qux9gcjbo09dj9z9llsycteyoza-1.jpg 1824w, https:\/\/www.uneviesurterre.com\/wp-content\/uploads\/2025\/07\/att.p2iophw8p76dwgm_qux9gcjbo09dj9z9llsycteyoza-1-300x225.jpg 300w, https:\/\/www.uneviesurterre.com\/wp-content\/uploads\/2025\/07\/att.p2iophw8p76dwgm_qux9gcjbo09dj9z9llsycteyoza-1-512x384.jpg 512w, https:\/\/www.uneviesurterre.com\/wp-content\/uploads\/2025\/07\/att.p2iophw8p76dwgm_qux9gcjbo09dj9z9llsycteyoza-1-1536x1152.jpg 1536w\" sizes=\"100vw\" \/>\t\t\t\t\t\t\t\t\t\t\t\t\t\t\t<\/div>\n\t\t\t\t<\/div>\n\t\t\t\t<\/div>\n\t\t\t\t<\/div>\n\t\t<div class=\"elementor-element elementor-element-67908dc e-con-full e-flex e-con e-parent\" data-id=\"67908dc\" data-element_type=\"container\" data-settings=\"{&quot;background_background&quot;:&quot;classic&quot;}\">\n\t\t\t\t<div class=\"elementor-element elementor-element-0c5e99d elementor-widget__width-inherit elementor-widget elementor-widget-image\" data-id=\"0c5e99d\" data-element_type=\"widget\" data-widget_type=\"image.default\">\n\t\t\t\t<div class=\"elementor-widget-container\">\n\t\t\t\t\t\t\t\t\t\t\t\t\t\t\t<img decoding=\"async\" width=\"2000\" height=\"1500\" src=\"https:\/\/www.uneviesurterre.com\/wp-content\/uploads\/2025\/07\/att.rxdh1m-ewsblfepjdeaydcblbnlscpblyix_gtfw0lw-1.jpg\" class=\"attachment-full size-full wp-image-2318\" alt=\"\" srcset=\"https:\/\/www.uneviesurterre.com\/wp-content\/uploads\/2025\/07\/att.rxdh1m-ewsblfepjdeaydcblbnlscpblyix_gtfw0lw-1.jpg 2000w, https:\/\/www.uneviesurterre.com\/wp-content\/uploads\/2025\/07\/att.rxdh1m-ewsblfepjdeaydcblbnlscpblyix_gtfw0lw-1-300x225.jpg 300w, https:\/\/www.uneviesurterre.com\/wp-content\/uploads\/2025\/07\/att.rxdh1m-ewsblfepjdeaydcblbnlscpblyix_gtfw0lw-1-512x384.jpg 512w, https:\/\/www.uneviesurterre.com\/wp-content\/uploads\/2025\/07\/att.rxdh1m-ewsblfepjdeaydcblbnlscpblyix_gtfw0lw-1-1536x1152.jpg 1536w\" sizes=\"100vw\" \/>\t\t\t\t\t\t\t\t\t\t\t\t\t\t\t<\/div>\n\t\t\t\t<\/div>\n\t\t\t\t<\/div>\n\t\t\t\t<\/div>\n\t\t","protected":false},"excerpt":{"rendered":"<p>D\u00e9fier les \u00e9l\u00e9ments et marcher sur un glacier Comme une apparition &#8230; S&#8217;immerger au coeur de la nature est toujours une exp\u00e9rience, mais cela devient encore plus extraordinaire quand on s&#8217;approche d&#8217;\u00e9l\u00e8ments extr\u00eames, comme le feu ou la glace. C&#8217;est en remontant vers le Yukon, lors de notre road-trip canadien, que nous avons aper\u00e7u ce &hellip; <\/p>\n<p class=\"link-more\"><a href=\"https:\/\/www.uneviesurterre.com\/?page_id=2340\" class=\"more-link\">Read more<span class=\"screen-reader-text\"> &#8220;D\u00e9fier les \u00e9l\u00e9ments et marcher sur un glacier&#8221;<\/span><\/a><\/p>\n","protected":false},"author":1,"featured_media":0,"parent":0,"menu_order":0,"comment_status":"closed","ping_status":"closed","template":"","meta":{"footnotes":""},"class_list":["post-2340","page","type-page","status-publish","hentry"],"jetpack_sharing_enabled":true,"_links":{"self":[{"href":"https:\/\/www.uneviesurterre.com\/index.php?rest_route=\/wp\/v2\/pages\/2340","targetHints":{"allow":["GET"]}}],"collection":[{"href":"https:\/\/www.uneviesurterre.com\/index.php?rest_route=\/wp\/v2\/pages"}],"about":[{"href":"https:\/\/www.uneviesurterre.com\/index.php?rest_route=\/wp\/v2\/types\/page"}],"author":[{"embeddable":true,"href":"https:\/\/www.uneviesurterre.com\/index.php?rest_route=\/wp\/v2\/users\/1"}],"replies":[{"embeddable":true,"href":"https:\/\/www.uneviesurterre.com\/index.php?rest_route=%2Fwp%2Fv2%2Fcomments&post=2340"}],"version-history":[{"count":19,"href":"https:\/\/www.uneviesurterre.com\/index.php?rest_route=\/wp\/v2\/pages\/2340\/revisions"}],"predecessor-version":[{"id":2373,"href":"https:\/\/www.uneviesurterre.com\/index.php?rest_route=\/wp\/v2\/pages\/2340\/revisions\/2373"}],"wp:attachment":[{"href":"https:\/\/www.uneviesurterre.com\/index.php?rest_route=%2Fwp%2Fv2%2Fmedia&parent=2340"}],"curies":[{"name":"wp","href":"https:\/\/api.w.org\/{rel}","templated":true}]}}