{"id":2310,"date":"2025-07-17T15:47:38","date_gmt":"2025-07-17T13:47:38","guid":{"rendered":"https:\/\/www.uneviesurterre.com\/?page_id=2310"},"modified":"2025-07-23T16:45:26","modified_gmt":"2025-07-23T14:45:26","slug":"profiter-de-la-liberte-dun-van-amenage","status":"publish","type":"page","link":"https:\/\/www.uneviesurterre.com\/?page_id=2310","title":{"rendered":"Profiter de la libert\u00e9 d&#8217;un van am\u00e9nag\u00e9"},"content":{"rendered":"\t\t<div data-elementor-type=\"wp-page\" data-elementor-id=\"2310\" class=\"elementor elementor-2310\">\n\t\t\t\t<div class=\"elementor-element elementor-element-0de1d60 e-flex e-con-boxed e-con e-parent\" data-id=\"0de1d60\" data-element_type=\"container\">\n\t\t\t\t\t<div class=\"e-con-inner\">\n\t\t\t\t<div class=\"elementor-element elementor-element-7c011ab elementor-widget elementor-widget-spacer\" data-id=\"7c011ab\" data-element_type=\"widget\" data-widget_type=\"spacer.default\">\n\t\t\t\t<div class=\"elementor-widget-container\">\n\t\t\t\t\t\t\t<div class=\"elementor-spacer\">\n\t\t\t<div class=\"elementor-spacer-inner\"><\/div>\n\t\t<\/div>\n\t\t\t\t\t\t<\/div>\n\t\t\t\t<\/div>\n\t\t\t\t<div class=\"elementor-element elementor-element-a7fa86c elementor-widget elementor-widget-heading\" data-id=\"a7fa86c\" data-element_type=\"widget\" data-widget_type=\"heading.default\">\n\t\t\t\t<div class=\"elementor-widget-container\">\n\t\t\t\t\t<h2 class=\"elementor-heading-title elementor-size-default\">Profiter de la libert\u00e9 d'un van am\u00e9nag\u00e9<\/h2>\t\t\t\t<\/div>\n\t\t\t\t<\/div>\n\t\t\t\t<div class=\"elementor-element elementor-element-735b7c2 elementor-widget elementor-widget-spacer\" data-id=\"735b7c2\" data-element_type=\"widget\" data-widget_type=\"spacer.default\">\n\t\t\t\t<div class=\"elementor-widget-container\">\n\t\t\t\t\t\t\t<div class=\"elementor-spacer\">\n\t\t\t<div class=\"elementor-spacer-inner\"><\/div>\n\t\t<\/div>\n\t\t\t\t\t\t<\/div>\n\t\t\t\t<\/div>\n\t\t\t\t\t<\/div>\n\t\t\t\t<\/div>\n\t\t<div class=\"elementor-element elementor-element-3c382bc9 e-con-full e-flex e-con e-parent\" data-id=\"3c382bc9\" data-element_type=\"container\" data-settings=\"{&quot;background_background&quot;:&quot;classic&quot;}\">\n\t\t<div class=\"elementor-element elementor-element-19b05e8d e-con-full e-flex e-con e-child\" data-id=\"19b05e8d\" data-element_type=\"container\">\n\t\t\t\t<div class=\"elementor-element elementor-element-6f6acdc9 elementor-widget__width-inherit elementor-widget elementor-widget-image\" data-id=\"6f6acdc9\" data-element_type=\"widget\" data-widget_type=\"image.default\">\n\t\t\t\t<div class=\"elementor-widget-container\">\n\t\t\t\t\t\t\t\t\t\t\t\t\t\t\t<img fetchpriority=\"high\" decoding=\"async\" width=\"922\" height=\"697\" src=\"https:\/\/www.uneviesurterre.com\/wp-content\/uploads\/2025\/07\/att.bdnmy_ovuplqthmujqyyc3n2oahlftmgyf8tmqz-75a-1.jpg\" class=\"attachment-full size-full wp-image-2314\" alt=\"\" srcset=\"https:\/\/www.uneviesurterre.com\/wp-content\/uploads\/2025\/07\/att.bdnmy_ovuplqthmujqyyc3n2oahlftmgyf8tmqz-75a-1.jpg 922w, https:\/\/www.uneviesurterre.com\/wp-content\/uploads\/2025\/07\/att.bdnmy_ovuplqthmujqyyc3n2oahlftmgyf8tmqz-75a-1-300x227.jpg 300w, https:\/\/www.uneviesurterre.com\/wp-content\/uploads\/2025\/07\/att.bdnmy_ovuplqthmujqyyc3n2oahlftmgyf8tmqz-75a-1-512x387.jpg 512w\" sizes=\"100vw\" \/>\t\t\t\t\t\t\t\t\t\t\t\t\t\t\t<\/div>\n\t\t\t\t<\/div>\n\t\t\t\t<\/div>\n\t\t<div class=\"elementor-element elementor-element-5949f1db e-con-full e-flex e-con e-child\" data-id=\"5949f1db\" data-element_type=\"container\">\n\t\t\t\t<div class=\"elementor-element elementor-element-3ef0c986 elementor-widget elementor-widget-spacer\" data-id=\"3ef0c986\" data-element_type=\"widget\" data-widget_type=\"spacer.default\">\n\t\t\t\t<div class=\"elementor-widget-container\">\n\t\t\t\t\t\t\t<div class=\"elementor-spacer\">\n\t\t\t<div class=\"elementor-spacer-inner\"><\/div>\n\t\t<\/div>\n\t\t\t\t\t\t<\/div>\n\t\t\t\t<\/div>\n\t\t\t\t<div class=\"elementor-element elementor-element-6c5d021 elementor-widget elementor-widget-heading\" data-id=\"6c5d021\" data-element_type=\"widget\" data-widget_type=\"heading.default\">\n\t\t\t\t<div class=\"elementor-widget-container\">\n\t\t\t\t\t<h2 class=\"elementor-heading-title elementor-size-default\">Une aventure qui d\u00e9marre au Canada<\/h2>\t\t\t\t<\/div>\n\t\t\t\t<\/div>\n\t\t\t\t<div class=\"elementor-element elementor-element-48aee03d elementor-widget elementor-widget-spacer\" data-id=\"48aee03d\" data-element_type=\"widget\" data-widget_type=\"spacer.default\">\n\t\t\t\t<div class=\"elementor-widget-container\">\n\t\t\t\t\t\t\t<div class=\"elementor-spacer\">\n\t\t\t<div class=\"elementor-spacer-inner\"><\/div>\n\t\t<\/div>\n\t\t\t\t\t\t<\/div>\n\t\t\t\t<\/div>\n\t\t\t\t<div class=\"elementor-element elementor-element-1a1572b1 elementor-widget__width-initial elementor-widget elementor-widget-text-editor\" data-id=\"1a1572b1\" data-element_type=\"widget\" data-widget_type=\"text-editor.default\">\n\t\t\t\t<div class=\"elementor-widget-container\">\n\t\t\t\t\t\t\t\t\t<p>Suite \u00e0 la rencontre avec Martin (aussi !) \u00e0 Vancouver, c&#8217;est une premi\u00e8re aventure en Road-trip qui a d\u00e9marr\u00e9. Celle-ci nous a men\u00e9 plus loin que pr\u00e9vu, jusqu&#8217;aux grands espaces enneig\u00e9s du Yukon. Presque deux mois d&#8217;aventure, en montant par la Colombie-Britannique, et en descendant par l&#8217;Alberta. Un voyage qu&#8217;on est pas pr\u00eats d&#8217;oublier.\u00a0<\/p><p>Mais quand on a go\u00fbt\u00e9 \u00e0 tant de libert\u00e9 et de nature, comment revenir chez soi, en Belgique, dans son train-train quotidien ?\u00a0<\/p>\t\t\t\t\t\t\t\t<\/div>\n\t\t\t\t<\/div>\n\t\t\t\t<div class=\"elementor-element elementor-element-7b1da81e elementor-widget elementor-widget-spacer\" data-id=\"7b1da81e\" data-element_type=\"widget\" data-widget_type=\"spacer.default\">\n\t\t\t\t<div class=\"elementor-widget-container\">\n\t\t\t\t\t\t\t<div class=\"elementor-spacer\">\n\t\t\t<div class=\"elementor-spacer-inner\"><\/div>\n\t\t<\/div>\n\t\t\t\t\t\t<\/div>\n\t\t\t\t<\/div>\n\t\t\t\t<div class=\"elementor-element elementor-element-764f4fe1 elementor-align-center elementor-widget elementor-widget-button\" data-id=\"764f4fe1\" data-element_type=\"widget\" data-widget_type=\"button.default\">\n\t\t\t\t<div class=\"elementor-widget-container\">\n\t\t\t\t\t\t\t\t\t<div class=\"elementor-button-wrapper\">\n\t\t\t\t\t<a class=\"elementor-button elementor-button-link elementor-size-sm\" href=\"https:\/\/www.uneviesurterre.com\/?page_id=309\">\n\t\t\t\t\t\t<span class=\"elementor-button-content-wrapper\">\n\t\t\t\t\t\t\t\t\t<span class=\"elementor-button-text\">Le Yukon en quelques mots<\/span>\n\t\t\t\t\t<\/span>\n\t\t\t\t\t<\/a>\n\t\t\t\t<\/div>\n\t\t\t\t\t\t\t\t<\/div>\n\t\t\t\t<\/div>\n\t\t\t\t<div class=\"elementor-element elementor-element-3fde3cde elementor-widget elementor-widget-spacer\" data-id=\"3fde3cde\" data-element_type=\"widget\" data-widget_type=\"spacer.default\">\n\t\t\t\t<div class=\"elementor-widget-container\">\n\t\t\t\t\t\t\t<div class=\"elementor-spacer\">\n\t\t\t<div class=\"elementor-spacer-inner\"><\/div>\n\t\t<\/div>\n\t\t\t\t\t\t<\/div>\n\t\t\t\t<\/div>\n\t\t\t\t<\/div>\n\t\t\t\t<\/div>\n\t\t<div class=\"elementor-element elementor-element-6172647 e-con-full e-flex e-con e-parent\" data-id=\"6172647\" data-element_type=\"container\" data-settings=\"{&quot;background_background&quot;:&quot;gradient&quot;}\">\n\t\t<div class=\"elementor-element elementor-element-69a2c13 e-con-full e-flex e-con e-child\" data-id=\"69a2c13\" data-element_type=\"container\" data-settings=\"{&quot;background_background&quot;:&quot;gradient&quot;}\">\n\t\t\t\t<div class=\"elementor-element elementor-element-243b321 elementor-widget elementor-widget-spacer\" data-id=\"243b321\" data-element_type=\"widget\" data-widget_type=\"spacer.default\">\n\t\t\t\t<div class=\"elementor-widget-container\">\n\t\t\t\t\t\t\t<div class=\"elementor-spacer\">\n\t\t\t<div class=\"elementor-spacer-inner\"><\/div>\n\t\t<\/div>\n\t\t\t\t\t\t<\/div>\n\t\t\t\t<\/div>\n\t\t\t\t<div class=\"elementor-element elementor-element-bbc9f35 elementor-widget elementor-widget-heading\" data-id=\"bbc9f35\" data-element_type=\"widget\" data-widget_type=\"heading.default\">\n\t\t\t\t<div class=\"elementor-widget-container\">\n\t\t\t\t\t<h2 class=\"elementor-heading-title elementor-size-default\">Un sentiment de libert\u00e9 \u00e0 retrouver !<\/h2>\t\t\t\t<\/div>\n\t\t\t\t<\/div>\n\t\t\t\t<div class=\"elementor-element elementor-element-44b43ee elementor-widget elementor-widget-spacer\" data-id=\"44b43ee\" data-element_type=\"widget\" data-widget_type=\"spacer.default\">\n\t\t\t\t<div class=\"elementor-widget-container\">\n\t\t\t\t\t\t\t<div class=\"elementor-spacer\">\n\t\t\t<div class=\"elementor-spacer-inner\"><\/div>\n\t\t<\/div>\n\t\t\t\t\t\t<\/div>\n\t\t\t\t<\/div>\n\t\t\t\t<div class=\"elementor-element elementor-element-46ce94e elementor-widget__width-initial elementor-widget elementor-widget-text-editor\" data-id=\"46ce94e\" data-element_type=\"widget\" data-widget_type=\"text-editor.default\">\n\t\t\t\t<div class=\"elementor-widget-container\">\n\t\t\t\t\t\t\t\t\t<p>Je ne sais pas si on peut parler de chance, mais quelques temps apr\u00e8s mon retour de voyage, ma voiture a commenc\u00e9 \u00e0 se rapprocher de sa fin de vie.\u00a0<\/p><p>Le voyage au Canada toujours en t\u00eate, et la mode de la vanlife battant son plein, je me suis lanc\u00e9 dans l&#8217;achat d&#8217;une camionnette, que j&#8217;ai am\u00e9nag\u00e9e avec l&#8217;aide de mon p\u00e8re (Honn\u00eatement, je ne suis largement pas assez dou\u00e9 de mes mains pour faire \u00e7a moi-m\u00eame <img decoding=\"async\" class=\"emoji\" role=\"img\" draggable=\"false\" src=\"https:\/\/s.w.org\/images\/core\/emoji\/16.0.1\/svg\/1f605.svg\" alt=\"\ud83d\ude05\" \/>).<\/p><p>Isolation, habillement de l&#8217;habitacle, confection des meubles, peinture, confection des mousses et des draps sur mesure&#8230; on est pass\u00e9 par toutes ces \u00e9tapes. Par contre, on a fait le choix de ne pas mettre d&#8217;installation \u00e9lectrique, juste une grosse batterie externe. On va faire \u00e7a \u00e0 l&#8217;ancienne. Le but n&#8217;est pas non plus de vivre dedans.\u00a0<\/p>\t\t\t\t\t\t\t\t<\/div>\n\t\t\t\t<\/div>\n\t\t\t\t<\/div>\n\t\t<div class=\"elementor-element elementor-element-3b5b586 e-con-full e-flex e-con e-child\" data-id=\"3b5b586\" data-element_type=\"container\">\n\t\t\t\t<div class=\"elementor-element elementor-element-88b35c8 elementor-widget elementor-widget-image\" data-id=\"88b35c8\" data-element_type=\"widget\" data-widget_type=\"image.default\">\n\t\t\t\t<div class=\"elementor-widget-container\">\n\t\t\t\t\t\t\t\t\t\t\t\t\t\t\t<img decoding=\"async\" width=\"1664\" height=\"1022\" src=\"https:\/\/www.uneviesurterre.com\/wp-content\/uploads\/2025\/07\/att.h44mqmdlqtyxdfv_hjzt9dosafkmk7zoeoeioatmr20-1.jpg\" class=\"attachment-full size-full wp-image-2353\" alt=\"\" srcset=\"https:\/\/www.uneviesurterre.com\/wp-content\/uploads\/2025\/07\/att.h44mqmdlqtyxdfv_hjzt9dosafkmk7zoeoeioatmr20-1.jpg 1664w, https:\/\/www.uneviesurterre.com\/wp-content\/uploads\/2025\/07\/att.h44mqmdlqtyxdfv_hjzt9dosafkmk7zoeoeioatmr20-1-300x184.jpg 300w, https:\/\/www.uneviesurterre.com\/wp-content\/uploads\/2025\/07\/att.h44mqmdlqtyxdfv_hjzt9dosafkmk7zoeoeioatmr20-1-512x314.jpg 512w, https:\/\/www.uneviesurterre.com\/wp-content\/uploads\/2025\/07\/att.h44mqmdlqtyxdfv_hjzt9dosafkmk7zoeoeioatmr20-1-1536x943.jpg 1536w\" sizes=\"100vw\" \/>\t\t\t\t\t\t\t\t\t\t\t\t\t\t\t<\/div>\n\t\t\t\t<\/div>\n\t\t\t\t<\/div>\n\t\t\t\t<\/div>\n\t\t<div class=\"elementor-element elementor-element-3730e39 e-con-full e-flex e-con e-parent\" data-id=\"3730e39\" data-element_type=\"container\" data-settings=\"{&quot;background_background&quot;:&quot;classic&quot;}\">\n\t\t<div class=\"elementor-element elementor-element-949950a e-con-full e-flex e-con e-child\" data-id=\"949950a\" data-element_type=\"container\">\n\t\t\t\t<div class=\"elementor-element elementor-element-62a43de elementor-widget elementor-widget-image\" data-id=\"62a43de\" data-element_type=\"widget\" data-widget_type=\"image.default\">\n\t\t\t\t<div class=\"elementor-widget-container\">\n\t\t\t\t\t\t\t\t\t\t\t\t\t\t\t<img decoding=\"async\" width=\"256\" height=\"512\" src=\"https:\/\/www.uneviesurterre.com\/wp-content\/uploads\/2025\/07\/att.ihxatbqhdaula7atxrsd3-zabum2gcv7zeqkoqqaav0-1-256x512.jpg\" class=\"attachment-large size-large wp-image-2356\" alt=\"\" srcset=\"https:\/\/www.uneviesurterre.com\/wp-content\/uploads\/2025\/07\/att.ihxatbqhdaula7atxrsd3-zabum2gcv7zeqkoqqaav0-1-256x512.jpg 256w, https:\/\/www.uneviesurterre.com\/wp-content\/uploads\/2025\/07\/att.ihxatbqhdaula7atxrsd3-zabum2gcv7zeqkoqqaav0-1-150x300.jpg 150w, https:\/\/www.uneviesurterre.com\/wp-content\/uploads\/2025\/07\/att.ihxatbqhdaula7atxrsd3-zabum2gcv7zeqkoqqaav0-1-768x1536.jpg 768w, https:\/\/www.uneviesurterre.com\/wp-content\/uploads\/2025\/07\/att.ihxatbqhdaula7atxrsd3-zabum2gcv7zeqkoqqaav0-1.jpg 1000w\" sizes=\"100vw\" \/>\t\t\t\t\t\t\t\t\t\t\t\t\t\t\t<\/div>\n\t\t\t\t<\/div>\n\t\t\t\t<\/div>\n\t\t<div class=\"elementor-element elementor-element-1730376 e-con-full e-flex e-con e-child\" data-id=\"1730376\" data-element_type=\"container\">\n\t\t\t\t<div class=\"elementor-element elementor-element-600b4fd elementor-widget elementor-widget-image\" data-id=\"600b4fd\" data-element_type=\"widget\" data-widget_type=\"image.default\">\n\t\t\t\t<div class=\"elementor-widget-container\">\n\t\t\t\t\t\t\t\t\t\t\t\t\t\t\t<img loading=\"lazy\" decoding=\"async\" width=\"2000\" height=\"1000\" src=\"https:\/\/www.uneviesurterre.com\/wp-content\/uploads\/2025\/07\/att.llubdn4k8srmby_cjkyvsd6xe7vwlkjmme8xegxgvem-1.jpg\" class=\"attachment-full size-full wp-image-2354\" alt=\"\" srcset=\"https:\/\/www.uneviesurterre.com\/wp-content\/uploads\/2025\/07\/att.llubdn4k8srmby_cjkyvsd6xe7vwlkjmme8xegxgvem-1.jpg 2000w, https:\/\/www.uneviesurterre.com\/wp-content\/uploads\/2025\/07\/att.llubdn4k8srmby_cjkyvsd6xe7vwlkjmme8xegxgvem-1-300x150.jpg 300w, https:\/\/www.uneviesurterre.com\/wp-content\/uploads\/2025\/07\/att.llubdn4k8srmby_cjkyvsd6xe7vwlkjmme8xegxgvem-1-512x256.jpg 512w, https:\/\/www.uneviesurterre.com\/wp-content\/uploads\/2025\/07\/att.llubdn4k8srmby_cjkyvsd6xe7vwlkjmme8xegxgvem-1-1536x768.jpg 1536w\" sizes=\"100vw\" \/>\t\t\t\t\t\t\t\t\t\t\t\t\t\t\t<\/div>\n\t\t\t\t<\/div>\n\t\t\t\t<\/div>\n\t\t<div class=\"elementor-element elementor-element-857b660 e-con-full e-flex e-con e-child\" data-id=\"857b660\" data-element_type=\"container\">\n\t\t\t\t<div class=\"elementor-element elementor-element-58ad2a3 elementor-widget elementor-widget-image\" data-id=\"58ad2a3\" data-element_type=\"widget\" data-widget_type=\"image.default\">\n\t\t\t\t<div class=\"elementor-widget-container\">\n\t\t\t\t\t\t\t\t\t\t\t\t\t\t\t<img loading=\"lazy\" decoding=\"async\" width=\"326\" height=\"512\" src=\"https:\/\/www.uneviesurterre.com\/wp-content\/uploads\/2025\/07\/att.y_a5vgpplup7fzvyj_gtvwaamjvwjudjga5cypbq-oc-1-326x512.jpg\" class=\"attachment-large size-large wp-image-2352\" alt=\"\" srcset=\"https:\/\/www.uneviesurterre.com\/wp-content\/uploads\/2025\/07\/att.y_a5vgpplup7fzvyj_gtvwaamjvwjudjga5cypbq-oc-1-326x512.jpg 326w, https:\/\/www.uneviesurterre.com\/wp-content\/uploads\/2025\/07\/att.y_a5vgpplup7fzvyj_gtvwaamjvwjudjga5cypbq-oc-1-191x300.jpg 191w, https:\/\/www.uneviesurterre.com\/wp-content\/uploads\/2025\/07\/att.y_a5vgpplup7fzvyj_gtvwaamjvwjudjga5cypbq-oc-1-979x1536.jpg 979w, https:\/\/www.uneviesurterre.com\/wp-content\/uploads\/2025\/07\/att.y_a5vgpplup7fzvyj_gtvwaamjvwjudjga5cypbq-oc-1.jpg 1023w\" sizes=\"100vw\" \/>\t\t\t\t\t\t\t\t\t\t\t\t\t\t\t<\/div>\n\t\t\t\t<\/div>\n\t\t\t\t<\/div>\n\t\t\t\t<\/div>\n\t\t<div class=\"elementor-element elementor-element-129f138 e-con-full e-flex e-con e-parent\" data-id=\"129f138\" data-element_type=\"container\" data-settings=\"{&quot;background_background&quot;:&quot;classic&quot;}\">\n\t\t<div class=\"elementor-element elementor-element-a52d2e4 e-con-full e-flex e-con e-child\" data-id=\"a52d2e4\" data-element_type=\"container\">\n\t\t\t\t<div class=\"elementor-element elementor-element-aef1720 elementor-widget elementor-widget-image\" data-id=\"aef1720\" data-element_type=\"widget\" data-widget_type=\"image.default\">\n\t\t\t\t<div class=\"elementor-widget-container\">\n\t\t\t\t\t\t\t\t\t\t\t\t\t\t\t<img loading=\"lazy\" decoding=\"async\" width=\"298\" height=\"512\" src=\"https:\/\/www.uneviesurterre.com\/wp-content\/uploads\/2025\/07\/att.zq-l5g9mq-lvylxrxxzqgztolk5olktrnftteh8bnfy-1-298x512.jpg\" class=\"attachment-large size-large wp-image-2357\" alt=\"\" srcset=\"https:\/\/www.uneviesurterre.com\/wp-content\/uploads\/2025\/07\/att.zq-l5g9mq-lvylxrxxzqgztolk5olktrnftteh8bnfy-1-298x512.jpg 298w, https:\/\/www.uneviesurterre.com\/wp-content\/uploads\/2025\/07\/att.zq-l5g9mq-lvylxrxxzqgztolk5olktrnftteh8bnfy-1-174x300.jpg 174w, https:\/\/www.uneviesurterre.com\/wp-content\/uploads\/2025\/07\/att.zq-l5g9mq-lvylxrxxzqgztolk5olktrnftteh8bnfy-1-893x1536.jpg 893w, https:\/\/www.uneviesurterre.com\/wp-content\/uploads\/2025\/07\/att.zq-l5g9mq-lvylxrxxzqgztolk5olktrnftteh8bnfy-1.jpg 966w\" sizes=\"100vw\" \/>\t\t\t\t\t\t\t\t\t\t\t\t\t\t\t<\/div>\n\t\t\t\t<\/div>\n\t\t\t\t<\/div>\n\t\t<div class=\"elementor-element elementor-element-4feb1df e-con-full e-flex e-con e-child\" data-id=\"4feb1df\" data-element_type=\"container\">\n\t\t\t\t<div class=\"elementor-element elementor-element-b49c39a elementor-widget elementor-widget-image\" data-id=\"b49c39a\" data-element_type=\"widget\" data-widget_type=\"image.default\">\n\t\t\t\t<div class=\"elementor-widget-container\">\n\t\t\t\t\t\t\t\t\t\t\t\t\t\t\t<img loading=\"lazy\" decoding=\"async\" width=\"331\" height=\"512\" src=\"https:\/\/www.uneviesurterre.com\/wp-content\/uploads\/2025\/07\/att.ayrzn-8cgxe_qk1m-wpbsolfix5o06xkc13m5b5v2sw-1-331x512.jpg\" class=\"attachment-large size-large wp-image-2351\" alt=\"\" srcset=\"https:\/\/www.uneviesurterre.com\/wp-content\/uploads\/2025\/07\/att.ayrzn-8cgxe_qk1m-wpbsolfix5o06xkc13m5b5v2sw-1-331x512.jpg 331w, https:\/\/www.uneviesurterre.com\/wp-content\/uploads\/2025\/07\/att.ayrzn-8cgxe_qk1m-wpbsolfix5o06xkc13m5b5v2sw-1-194x300.jpg 194w, https:\/\/www.uneviesurterre.com\/wp-content\/uploads\/2025\/07\/att.ayrzn-8cgxe_qk1m-wpbsolfix5o06xkc13m5b5v2sw-1-992x1536.jpg 992w, https:\/\/www.uneviesurterre.com\/wp-content\/uploads\/2025\/07\/att.ayrzn-8cgxe_qk1m-wpbsolfix5o06xkc13m5b5v2sw-1.jpg 1023w\" sizes=\"100vw\" \/>\t\t\t\t\t\t\t\t\t\t\t\t\t\t\t<\/div>\n\t\t\t\t<\/div>\n\t\t\t\t<\/div>\n\t\t<div class=\"elementor-element elementor-element-f5d4603 e-con-full e-flex e-con e-child\" data-id=\"f5d4603\" data-element_type=\"container\">\n\t\t\t\t<div class=\"elementor-element elementor-element-0222f6a elementor-widget elementor-widget-image\" data-id=\"0222f6a\" data-element_type=\"widget\" data-widget_type=\"image.default\">\n\t\t\t\t<div class=\"elementor-widget-container\">\n\t\t\t\t\t\t\t\t\t\t\t\t\t\t\t<img loading=\"lazy\" decoding=\"async\" width=\"376\" height=\"512\" src=\"https:\/\/www.uneviesurterre.com\/wp-content\/uploads\/2025\/07\/att.mi6rpgusydue5aj8d7pbrwgepsw09ibqtdso0wzad8a-1-376x512.jpg\" class=\"attachment-large size-large wp-image-2350\" alt=\"\" srcset=\"https:\/\/www.uneviesurterre.com\/wp-content\/uploads\/2025\/07\/att.mi6rpgusydue5aj8d7pbrwgepsw09ibqtdso0wzad8a-1-376x512.jpg 376w, https:\/\/www.uneviesurterre.com\/wp-content\/uploads\/2025\/07\/att.mi6rpgusydue5aj8d7pbrwgepsw09ibqtdso0wzad8a-1-220x300.jpg 220w, https:\/\/www.uneviesurterre.com\/wp-content\/uploads\/2025\/07\/att.mi6rpgusydue5aj8d7pbrwgepsw09ibqtdso0wzad8a-1-1128x1536.jpg 1128w, https:\/\/www.uneviesurterre.com\/wp-content\/uploads\/2025\/07\/att.mi6rpgusydue5aj8d7pbrwgepsw09ibqtdso0wzad8a-1.jpg 1359w\" sizes=\"100vw\" \/>\t\t\t\t\t\t\t\t\t\t\t\t\t\t\t<\/div>\n\t\t\t\t<\/div>\n\t\t\t\t<\/div>\n\t\t\t\t<\/div>\n\t\t<div class=\"elementor-element elementor-element-7ae875b e-con-full e-flex e-con e-parent\" data-id=\"7ae875b\" data-element_type=\"container\" data-settings=\"{&quot;background_background&quot;:&quot;classic&quot;}\">\n\t\t<div class=\"elementor-element elementor-element-c8c8954 e-con-full e-flex e-con e-child\" data-id=\"c8c8954\" data-element_type=\"container\">\n\t\t\t\t<div class=\"elementor-element elementor-element-7fe5399 elementor-widget__width-inherit elementor-widget elementor-widget-image\" data-id=\"7fe5399\" data-element_type=\"widget\" data-widget_type=\"image.default\">\n\t\t\t\t<div class=\"elementor-widget-container\">\n\t\t\t\t\t\t\t\t\t\t\t\t\t\t\t<img loading=\"lazy\" decoding=\"async\" width=\"1536\" height=\"1536\" src=\"https:\/\/www.uneviesurterre.com\/wp-content\/uploads\/2025\/07\/att.xqtnhryoolb8ytut4ni6svdtikewyyzkiwf2ituwnvw-1.jpg\" class=\"attachment-full size-full wp-image-2339\" alt=\"\" srcset=\"https:\/\/www.uneviesurterre.com\/wp-content\/uploads\/2025\/07\/att.xqtnhryoolb8ytut4ni6svdtikewyyzkiwf2ituwnvw-1.jpg 1536w, https:\/\/www.uneviesurterre.com\/wp-content\/uploads\/2025\/07\/att.xqtnhryoolb8ytut4ni6svdtikewyyzkiwf2ituwnvw-1-300x300.jpg 300w, https:\/\/www.uneviesurterre.com\/wp-content\/uploads\/2025\/07\/att.xqtnhryoolb8ytut4ni6svdtikewyyzkiwf2ituwnvw-1-512x512.jpg 512w, https:\/\/www.uneviesurterre.com\/wp-content\/uploads\/2025\/07\/att.xqtnhryoolb8ytut4ni6svdtikewyyzkiwf2ituwnvw-1-150x150.jpg 150w\" sizes=\"100vw\" \/>\t\t\t\t\t\t\t\t\t\t\t\t\t\t\t<\/div>\n\t\t\t\t<\/div>\n\t\t\t\t<\/div>\n\t\t<div class=\"elementor-element elementor-element-0627e36 e-con-full e-flex e-con e-child\" data-id=\"0627e36\" data-element_type=\"container\">\n\t\t\t\t<div class=\"elementor-element elementor-element-aee88f0 elementor-widget elementor-widget-spacer\" data-id=\"aee88f0\" data-element_type=\"widget\" data-widget_type=\"spacer.default\">\n\t\t\t\t<div class=\"elementor-widget-container\">\n\t\t\t\t\t\t\t<div class=\"elementor-spacer\">\n\t\t\t<div class=\"elementor-spacer-inner\"><\/div>\n\t\t<\/div>\n\t\t\t\t\t\t<\/div>\n\t\t\t\t<\/div>\n\t\t\t\t<div class=\"elementor-element elementor-element-f6bd574 elementor-widget elementor-widget-heading\" data-id=\"f6bd574\" data-element_type=\"widget\" data-widget_type=\"heading.default\">\n\t\t\t\t<div class=\"elementor-widget-container\">\n\t\t\t\t\t<h2 class=\"elementor-heading-title elementor-size-default\">L'aventure prend forme !<\/h2>\t\t\t\t<\/div>\n\t\t\t\t<\/div>\n\t\t\t\t<div class=\"elementor-element elementor-element-9f97127 elementor-widget elementor-widget-spacer\" data-id=\"9f97127\" data-element_type=\"widget\" data-widget_type=\"spacer.default\">\n\t\t\t\t<div class=\"elementor-widget-container\">\n\t\t\t\t\t\t\t<div class=\"elementor-spacer\">\n\t\t\t<div class=\"elementor-spacer-inner\"><\/div>\n\t\t<\/div>\n\t\t\t\t\t\t<\/div>\n\t\t\t\t<\/div>\n\t\t\t\t<div class=\"elementor-element elementor-element-019afad elementor-widget__width-initial elementor-widget elementor-widget-text-editor\" data-id=\"019afad\" data-element_type=\"widget\" data-widget_type=\"text-editor.default\">\n\t\t\t\t<div class=\"elementor-widget-container\">\n\t\t\t\t\t\t\t\t\t<p>Apr\u00e8s quelques semaines de travaux, on est\u00a0 donc arriv\u00e9 au bout de l&#8217;am\u00e9nagement int\u00e9rieur, et on en est vachement content. Le mot d&#8217;ordre est simplicit\u00e9. Et maintenant le temps est venu de profiter.<\/p><p>Mon premier voyage m&#8217;a men\u00e9 sur la c\u00f4te fran\u00e7aise jusqu&#8217;au Mont Saint-Michel, et par la suite j&#8217;ai programm\u00e9 un plus long trip jusqu&#8217;en Croatie. Depuis ces premi\u00e8res exp\u00e9riences, les petits voyages se sont enchain\u00e9s : Belgique, Pays-Bas, France, Luxembourg, Italie, et bient\u00f4t .. la Norv\u00e8ge \ud83e\udd1e<\/p><p><strong>Ce que j&#8217;aime le plus ?<\/strong> Prendre mon temps, d\u00e9couvrir des endroits o\u00f9 on ne s&#8217;arr\u00eaterait pas en temps normal, m&#8217;attarder lorsqu&#8217;un endroit me plait, et passer certaines \u00e9tapes quand j&#8217;ai envie de faire autre chose. En un mot : la <strong>libert\u00e9<\/strong> !<\/p>\t\t\t\t\t\t\t\t<\/div>\n\t\t\t\t<\/div>\n\t\t\t\t<div class=\"elementor-element elementor-element-432f94e elementor-widget elementor-widget-spacer\" data-id=\"432f94e\" data-element_type=\"widget\" data-widget_type=\"spacer.default\">\n\t\t\t\t<div class=\"elementor-widget-container\">\n\t\t\t\t\t\t\t<div class=\"elementor-spacer\">\n\t\t\t<div class=\"elementor-spacer-inner\"><\/div>\n\t\t<\/div>\n\t\t\t\t\t\t<\/div>\n\t\t\t\t<\/div>\n\t\t\t\t<\/div>\n\t\t\t\t<\/div>\n\t\t\t\t<\/div>\n\t\t","protected":false},"excerpt":{"rendered":"<p>Profiter de la libert\u00e9 d&#8217;un van am\u00e9nag\u00e9 Une aventure qui d\u00e9marre au Canada Suite \u00e0 la rencontre avec Martin (aussi !) \u00e0 Vancouver, c&#8217;est une premi\u00e8re aventure en Road-trip qui a d\u00e9marr\u00e9. Celle-ci nous a men\u00e9 plus loin que pr\u00e9vu, jusqu&#8217;aux grands espaces enneig\u00e9s du Yukon. Presque deux mois d&#8217;aventure, en montant par la Colombie-Britannique, &hellip; <\/p>\n<p class=\"link-more\"><a href=\"https:\/\/www.uneviesurterre.com\/?page_id=2310\" class=\"more-link\">Read more<span class=\"screen-reader-text\"> &#8220;Profiter de la libert\u00e9 d&#8217;un van am\u00e9nag\u00e9&#8221;<\/span><\/a><\/p>\n","protected":false},"author":1,"featured_media":0,"parent":0,"menu_order":0,"comment_status":"closed","ping_status":"closed","template":"","meta":{"footnotes":""},"class_list":["post-2310","page","type-page","status-publish","hentry"],"jetpack_sharing_enabled":true,"_links":{"self":[{"href":"https:\/\/www.uneviesurterre.com\/index.php?rest_route=\/wp\/v2\/pages\/2310","targetHints":{"allow":["GET"]}}],"collection":[{"href":"https:\/\/www.uneviesurterre.com\/index.php?rest_route=\/wp\/v2\/pages"}],"about":[{"href":"https:\/\/www.uneviesurterre.com\/index.php?rest_route=\/wp\/v2\/types\/page"}],"author":[{"embeddable":true,"href":"https:\/\/www.uneviesurterre.com\/index.php?rest_route=\/wp\/v2\/users\/1"}],"replies":[{"embeddable":true,"href":"https:\/\/www.uneviesurterre.com\/index.php?rest_route=%2Fwp%2Fv2%2Fcomments&post=2310"}],"version-history":[{"count":32,"href":"https:\/\/www.uneviesurterre.com\/index.php?rest_route=\/wp\/v2\/pages\/2310\/revisions"}],"predecessor-version":[{"id":2396,"href":"https:\/\/www.uneviesurterre.com\/index.php?rest_route=\/wp\/v2\/pages\/2310\/revisions\/2396"}],"wp:attachment":[{"href":"https:\/\/www.uneviesurterre.com\/index.php?rest_route=%2Fwp%2Fv2%2Fmedia&parent=2310"}],"curies":[{"name":"wp","href":"https:\/\/api.w.org\/{rel}","templated":true}]}}