{"id":229,"date":"2023-10-12T16:33:03","date_gmt":"2023-10-12T14:33:03","guid":{"rendered":"https:\/\/www.uneviesurterre.com\/?page_id=229"},"modified":"2024-05-30T11:47:56","modified_gmt":"2024-05-30T09:47:56","slug":"que-faire-a-cracovie-le-temps-dun-week-end","status":"publish","type":"page","link":"https:\/\/www.uneviesurterre.com\/?page_id=229","title":{"rendered":"Que faire \u00e0 Cracovie le temps d&#8217;un week-end ?"},"content":{"rendered":"\n<h2 class=\"wp-block-heading\" style=\"font-size:clamp(14px, 0.875rem + ((1vw - 3.2px) * 0.313), 17px);font-style:normal;font-weight:400\"><strong>Le centre-ville et la basilique Sainte-Marie<\/strong><\/h2>\n\n\n\n<h2 class=\"wp-block-heading\" style=\"font-size:clamp(14px, 0.875rem + ((1vw - 3.2px) * 0.313), 17px);font-style:normal;font-weight:400\">Cracovie poss\u00e8de un centre-ville tr\u00e8s agr\u00e9able, o\u00f9 vous trouverez pas mal de restaurants et de p\u00e2tissiers (les g\u00e2teaux en Pologne c&#8217;est quelque chose !). En point d&#8217;orgue on retrouve bien-s\u00fbr une grand-place tr\u00e8s dynamique avec son march\u00e9 principal &#8220;Rynek Glowny&#8221; regroupant des artisans polonais. C&#8217;est \u00e9galement l\u00e0 qu&#8217;on retrouve la somptueuse Basilique Sainte-Marie. Ce qui la d\u00e9marque des autres \u00e9glises ? &#8230; Sa d\u00e9coration int\u00e9rieure atypique, dor\u00e9e, luxuriante. Magnifique !<\/h2>\n\n\n\n<h2 class=\"wp-block-heading\"><img decoding=\"async\" src=\"https:\/\/lh3.googleusercontent.com\/ebGd4k2hXFOlbN4E_HWxQsoV_twC4AFvUM9Mk92LvFlzLVxungswhCqexA2XoiVc9Zq7mV9Hnn05PRDWwOq3txzJMWfk-xmcEIEkpRHfUQzsno9k-FhDQu14L1vkkLpxKnk4UzOwd6IFKfmyRzNVl44\" alt=\"341012446_1412430949610021_9073566977581637029_n_edited.jpg\" style=\"width: 5000px;\"><\/h2>\n\n\n\n<h2 class=\"wp-block-heading\" style=\"font-size:clamp(14px, 0.875rem + ((1vw - 3.2px) * 0.313), 17px);font-style:normal;font-weight:400\"><strong>Visiter Auschwitz-Birkenau, un devoir de m\u00e9moire<\/strong><\/h2>\n\n\n\n<h2 class=\"wp-block-heading\" style=\"font-size:clamp(14px, 0.875rem + ((1vw - 3.2px) * 0.313), 17px);font-style:normal;font-weight:400\">C&#8217;\u00e9tait, bien s\u00fbr, la raison principale de notre venue \u00e0 Krakaw. Ce n&#8217;est certes pas la visite la plus glamour que vous pourrez faire dans votre vie, mais il est pour nous obligatoire de se souvenir, et de nous rendre compte de l&#8217;ampleur de cet enfer. Une des phrases les plus r\u00e9pandues parmi les Krakauer est &#8220;N&#8217;oubliez jamais que tout cela a \u00e9t\u00e9 caus\u00e9 par un seul homme&#8221; (dixit notre guide)<\/h2>\n\n\n\n<h2 class=\"wp-block-heading\" style=\"font-size:clamp(14px, 0.875rem + ((1vw - 3.2px) * 0.313), 17px);font-style:normal;font-weight:400\">Apo&#8217; comme moi \u00e9tions d\u00e9j\u00e0 bien renseign\u00e9s sur le fonctionnement du centre, de part la lecture d&#8217;anciens t\u00e9moignages. N\u00e9anmoins, il \u00e9tait vraiment int\u00e9ressant de mettre des images sur des mots, d&#8217;imaginer&#8230; Ce qui nous a le plus marqu\u00e9, c&#8217;est l&#8217;immensit\u00e9 du camp de Birkenau, et les conditions de vies dans leurs baraquements.<\/h2>\n\n\n\n<h2 class=\"wp-block-heading\" style=\"font-size:clamp(14px, 0.875rem + ((1vw - 3.2px) * 0.313), 17px);font-style:normal;font-weight:400\">Si je peux vous conseiller un livre sur le sujet : &#8220;Je me suis \u00e9vad\u00e9 d&#8217;Auschwitz&#8221; de Rudolf Vrba. Un livre dur \u00e0 lire mais qui d\u00e9crit bien les conditions de vie sur place&nbsp;<\/h2>\n\n\n\n<h2 class=\"wp-block-heading\"><img decoding=\"async\" src=\"https:\/\/lh6.googleusercontent.com\/DBcWC79EZ4ghWqxykgMyE7v8OqlX3666eCkoTIqUiXQpN8DjLRC_IyCdpuyRdEies2hR6nzLMmBaJ-okpcXg-X4ucHLuauuUfbmFhKx3cbtG55Orc1fg_8Zyede3j3vJSjaXcqhxdU6n0ZSK_0yE_kM\" style=\"width: 5000px;\"><\/h2>\n\n\n\n<h2 class=\"wp-block-heading\" style=\"font-size:clamp(14px, 0.875rem + ((1vw - 3.2px) * 0.313), 17px);font-style:normal;font-weight:400\"><strong>D\u00e9couvrir les recoins du quartier juif<\/strong><\/h2>\n\n\n\n<h2 class=\"wp-block-heading\" style=\"font-size:clamp(14px, 0.875rem + ((1vw - 3.2px) * 0.313), 17px);font-style:normal;font-weight:400\">La visite de ce quartier \u00e9tait un peu l&#8217;escapade myst\u00e8re de ce week-end. Nous n&#8217;avions rien planifi\u00e9 et y sommes all\u00e9s un peu \u00e0 t\u00e2tons jusqu&#8217;\u00e0 en \u00eatre s\u00e9duit. Naviguant de rues en rues, nous avons d\u00e9couvert des endroits chaleureux cach\u00e9s dans cette grande ville : un vendeur de vinyle \u00e0 l&#8217;esprit rock\/vintage, une petite cour fleurie retra\u00e7ant l&#8217;histoire de l&#8217;ancien quartier juif sous l&#8217;occupation nazi, une place avec son vieux march\u00e9 et ses plats typiques de Pologne (The place si vous voulez manger des zapiekanka, la Plaza Nowy).<\/h2>\n\n\n\n<h2 class=\"wp-block-heading\" style=\"font-size:clamp(14px, 0.875rem + ((1vw - 3.2px) * 0.313), 17px);font-style:normal;font-weight:400\">En bref, un quartier qui vaut le coup d&#8217;\u00eatre d\u00e9couvert au gr\u00e9 de ses envies.<\/h2>\n\n\n\n<h2 class=\"wp-block-heading\" style=\"font-size:clamp(14px, 0.875rem + ((1vw - 3.2px) * 0.313), 17px);font-style:normal;font-weight:400\"><strong>Voir un dragon qui crache du feu<\/strong><\/h2>\n\n\n\n<h2 class=\"wp-block-heading\" style=\"font-size:clamp(14px, 0.875rem + ((1vw - 3.2px) * 0.313), 17px);font-style:normal;font-weight:400\">L\u00e0 c&#8217;est mon \u00e2me d&#8217;enfant qui parle ! En regardant des infos sur le ch\u00e2teau Wawel je suis tomb\u00e9 sur cette information : il y a une statue de dragon crachant du feu aux abords des remparts. Ni une ni deux, il fallait qu&#8217;on y aille. La vie serait tellement plus triste sans ces initiatives hors des sentiers battus.<\/h2>\n\n\n\n<h2 class=\"wp-block-heading\" style=\"font-size:clamp(14px, 0.875rem + ((1vw - 3.2px) * 0.313), 17px);font-style:normal;font-weight:400\">Pour l&#8217;histoire, le dragon aurait v\u00e9cu au pied de la colline du ch\u00e2teau, terrorisant les habitants de la ville de Krak et les for\u00e7ant \u00e0 le nourrir par le biais d&#8217;offrandes. Beaucoup de chevaliers tent\u00e8rent d&#8217;en venir \u00e0 bout mais sans y parvenir. C&#8217;est finalement un cordonnier du nom de Skuba qui le terrassa en fourrant de soufre une peau de mouton. Sans s&#8217;en rendre compte, le dragon n&#8217;en fit qu&#8217;une bouch\u00e9e. La gorge brul\u00e9e, il commen\u00e7a \u00e0 boire l&#8217;eau de la Vistule pour apaiser la douleur mais finit par tout simplement exploser.<\/h2>\n\n\n\n<h2 class=\"wp-block-heading\"><img decoding=\"async\" src=\"https:\/\/lh3.googleusercontent.com\/-mClSuLbRySrlZkxHVjZ5F4xuonDx-uZtTYWOnrThvPkTXqeaNagXlmkKx6_rPgYp8K0sG6PgrqowUCqoCTRN__V8vBd1nj1JjimboXUvVmZHuq0W2EBvtPBr96J_-oREq7AG8lbXyI3LZrQlUAX8Uw\" alt=\"343924553_799464688177079_6492813423681279069_n.jpg\" style=\"width: 5000px;\"><\/h2>\n\n\n\n<h2 class=\"wp-block-heading\" style=\"font-size:clamp(14px, 0.875rem + ((1vw - 3.2px) * 0.313), 17px);font-style:normal;font-weight:400\"><strong>Vivre sous terre dans la mine de sel<\/strong><\/h2>\n\n\n\n<h2 class=\"wp-block-heading\" style=\"font-size:clamp(14px, 0.875rem + ((1vw - 3.2px) * 0.313), 17px);font-style:normal;font-weight:400\">Cette visite nous avait \u00e9t\u00e9 conseill\u00e9e par toutes nos connaissances ayant s\u00e9journ\u00e9es \u00e0 Cracovie. A Wielieczka, il est possible de visiter une des plus belles grottes de sel au monde. J&#8217;avoue en avoir \u00e9t\u00e9 impressionn\u00e9 par la grandeur des lieux, dont nous avons visit\u00e9 qu&#8217;une infime partie. La plus grande chapelle de la mine est un r\u00e9elle chef d&#8217;\u0153uvre, sculpt\u00e9 par trois hommes seulement. L&#8217;ambiance, donn\u00e9e par cette pierre finalement tr\u00e8s sombre, est vraiment particuli\u00e8re. Je me suis parfois cru dans la chambre des secrets de Poudlard (Fan d&#8217;Harry Potter TMTC). Une visite \u00e0 faire si vous avez le temps lors de votre s\u00e9jour.<\/h2>\n\n\n\n<h2 class=\"wp-block-heading\" style=\"font-size:clamp(14px, 0.875rem + ((1vw - 3.2px) * 0.313), 17px);font-style:normal;font-weight:400\">L&#8217;ensemble de la ville est tr\u00e8s agr\u00e9able. Les b\u00e2timents sont beaux, color\u00e9s, les rues sont propres et vivantes. N&#8217;oublions pas la nourriture locale et la vodka qui sont l\u00e0 pour r\u00e9chauffer nos c\u0153urs, estomacs et esprits. Voil\u00e0 le merveilleux cocktails qui fait que vous devez, un jour de votre vie, vous rendre \u00e0 Cracovie !<\/h2>\n\n\n\n<h2 class=\"wp-block-heading\">plus de photos \u00e0 venir<\/h2>\n","protected":false},"excerpt":{"rendered":"<p>Le centre-ville et la basilique Sainte-Marie Cracovie poss\u00e8de un centre-ville tr\u00e8s agr\u00e9able, o\u00f9 vous trouverez pas mal de restaurants et de p\u00e2tissiers (les g\u00e2teaux en Pologne c&#8217;est quelque chose !). En point d&#8217;orgue on retrouve bien-s\u00fbr une grand-place tr\u00e8s dynamique avec son march\u00e9 principal &#8220;Rynek Glowny&#8221; regroupant des artisans polonais. C&#8217;est \u00e9galement l\u00e0 qu&#8217;on retrouve &hellip; <\/p>\n<p class=\"link-more\"><a href=\"https:\/\/www.uneviesurterre.com\/?page_id=229\" class=\"more-link\">Read more<span class=\"screen-reader-text\"> &#8220;Que faire \u00e0 Cracovie le temps d&#8217;un week-end ?&#8221;<\/span><\/a><\/p>\n","protected":false},"author":1,"featured_media":0,"parent":0,"menu_order":0,"comment_status":"closed","ping_status":"closed","template":"","meta":{"footnotes":""},"class_list":["post-229","page","type-page","status-publish","hentry"],"jetpack_sharing_enabled":true,"_links":{"self":[{"href":"https:\/\/www.uneviesurterre.com\/index.php?rest_route=\/wp\/v2\/pages\/229","targetHints":{"allow":["GET"]}}],"collection":[{"href":"https:\/\/www.uneviesurterre.com\/index.php?rest_route=\/wp\/v2\/pages"}],"about":[{"href":"https:\/\/www.uneviesurterre.com\/index.php?rest_route=\/wp\/v2\/types\/page"}],"author":[{"embeddable":true,"href":"https:\/\/www.uneviesurterre.com\/index.php?rest_route=\/wp\/v2\/users\/1"}],"replies":[{"embeddable":true,"href":"https:\/\/www.uneviesurterre.com\/index.php?rest_route=%2Fwp%2Fv2%2Fcomments&post=229"}],"version-history":[{"count":3,"href":"https:\/\/www.uneviesurterre.com\/index.php?rest_route=\/wp\/v2\/pages\/229\/revisions"}],"predecessor-version":[{"id":963,"href":"https:\/\/www.uneviesurterre.com\/index.php?rest_route=\/wp\/v2\/pages\/229\/revisions\/963"}],"wp:attachment":[{"href":"https:\/\/www.uneviesurterre.com\/index.php?rest_route=%2Fwp%2Fv2%2Fmedia&parent=229"}],"curies":[{"name":"wp","href":"https:\/\/api.w.org\/{rel}","templated":true}]}}