{"id":227,"date":"2023-10-12T16:31:19","date_gmt":"2023-10-12T14:31:19","guid":{"rendered":"https:\/\/www.uneviesurterre.com\/?page_id=227"},"modified":"2024-05-30T14:15:19","modified_gmt":"2024-05-30T12:15:19","slug":"preparer-le-trek-du-laugavegur","status":"publish","type":"page","link":"https:\/\/www.uneviesurterre.com\/?page_id=227","title":{"rendered":"Pr\u00e9parer le trek du Laugavegur"},"content":{"rendered":"\n<h2 class=\"wp-block-heading\" style=\"font-size:clamp(14px, 0.875rem + ((1vw - 3.2px) * 0.313), 17px);font-style:normal;font-weight:400\">Bienvenus dans le &#8220;guide de l&#8217;amateur qui part pour la premi\u00e8re fois en rando\/bivouac \u00e0 l&#8217;\u00e9tranger&#8221;. <\/h2>\n\n\n\n<h2 class=\"wp-block-heading\" style=\"font-size:clamp(14px, 0.875rem + ((1vw - 3.2px) * 0.313), 17px);font-style:normal;font-weight:400\">Je me suis dit que \u00e7a pourrait \u00eatre int\u00e9ressant de voir un peu comment nous avons organis\u00e9 notre d\u00e9part en tant que novices. Vous retrouverez ici-bas le semblant de planning que nous avions dessin\u00e9, ce qui se retrouvait dans nos sacs \u00e0 dos, et mon retour d&#8217;exp\u00e9rience pour cet s\u00e9jour incroyable.<\/h2>\n\n\n\n<figure class=\"wp-block-image\"><img decoding=\"async\" src=\"https:\/\/lh4.googleusercontent.com\/jdne_hbpHWrANKuMrlivu2rqycrW9pLhH9FyKohwlPvDL5cpwKLQ1KFf00Yan3JrUNUNn3iJZZ18qAMKFxjRHIB-SmZji-lbreva8SjoDUz8toshdMgZ9yJ8NiqBUyJnl0NUJ57SCWOYv1uuIDkMvN0\" alt=\"P1035161.jpg\"\/><\/figure>\n\n\n\n<h2 class=\"wp-block-heading\" style=\"font-size:clamp(14px, 0.875rem + ((1vw - 3.2px) * 0.313), 17px);font-style:normal;font-weight:400\"><strong>Un planning aux gros oignons<\/strong><\/h2>\n\n\n\n<h2 class=\"wp-block-heading\" style=\"font-size:clamp(14px, 0.875rem + ((1vw - 3.2px) * 0.313), 17px);font-style:normal;font-weight:400\">Notre avion pour l&#8217;Islande arrivait \u00e0 1h du matin \u00e0 Keflavik. Je ne vous fait donc pas de dessin, il faisait noir pour rejoindre notre camping et monter notre tente pour la premi\u00e8re fois&#8230; un d\u00e9fi en soit.<\/h2>\n\n\n\n<h2 class=\"wp-block-heading\" style=\"font-size:clamp(14px, 0.875rem + ((1vw - 3.2px) * 0.313), 17px);font-style:normal;font-weight:400\">Jour 1 : Arriv\u00e9 nocturne au &#8220;Reykjavik campingsite&#8221; et petit dodo salvateur. Nous sommes ensuite partis dans le centre de Reykjavik pour faire nos derniers achats avant le d\u00e9part du trek (nourriture, &#8230;). Au camping, il y avait \u00e9galement quelques objets laiss\u00e9s par les trekkeurs qui nous ont pr\u00e9c\u00e9d\u00e9s, comme des bouteilles de gaz pour r\u00e9chaud (tr\u00e8s utile vu qu&#8217;il est interdit d&#8217;en prendre dans l&#8217;avion). Ainsi qu&#8217;un matelas autogonflant, que Julien n&#8217;avait pas pens\u00e9 \u00e0 prendre.<\/h2>\n\n\n\n<h2 class=\"wp-block-heading\" style=\"font-size:clamp(14px, 0.875rem + ((1vw - 3.2px) * 0.313), 17px);font-style:normal;font-weight:400\">Jour 2 : Lev\u00e9 \u00e0 6h30. Le bus nous prend juste en face du camping pour nous mener au d\u00e9but de notre randonn\u00e9e (Hiking pass r\u00e9serv\u00e9 avec Reykjavik Excursions). Apr\u00e8s quelques petites pauses, nous arrivons \u00e0 Landmannalaugar vers 11h. Nous prenons aussit\u00f4t nos jambes \u00e0 notre coup pour nous \u00e9loigner de ce camp de base plein de gens, et entamer notre p\u00e9riple. Nous avions pr\u00e9vu de nous arr\u00eater apr\u00e8s 12km \u00e0 Hrafntinnusker (va-t-en prononcer \u00e7a), mais le temps nous le permettant, nous avons continu\u00e9 12km plus loin jusqu&#8217;Alftavatn.<\/h2>\n\n\n\n<h2 class=\"wp-block-heading\" style=\"font-size:clamp(14px, 0.875rem + ((1vw - 3.2px) * 0.313), 17px);font-style:normal;font-weight:400\">Jour 3 : 15km entre Alftavatn et Ermstur (Botnar) et une travers\u00e9e \u00e0 travers le Mordor que nous n&#8217;oublierons probablement jamais. Nous avons pendant assez longtemps travers\u00e9 une plaine de sable noir, elle nous paraissait interminable. Le moral en prend vraiment un coup \ud83d\ude05.<\/h2>\n\n\n\n<h2 class=\"wp-block-heading\" style=\"font-size:clamp(14px, 0.875rem + ((1vw - 3.2px) * 0.313), 17px);font-style:normal;font-weight:400\">Jour 4 : 15km entre Ermstur (Botnar) et Thormsork&#8230; point final de notre randonn\u00e9e. De l\u00e0 nous attendrons le bus du retour qui nous d\u00e9posera directement \u00e0 la maison&#8230; fin, au&nbsp; camping de Reykjavik.<\/h2>\n\n\n\n<h2 class=\"wp-block-heading\" style=\"font-size:clamp(14px, 0.875rem + ((1vw - 3.2px) * 0.313), 17px);font-style:normal;font-weight:400\">Le reste de notre aventure islandaise se fera \u00e0 bord d&#8217;un van que nous avons lou\u00e9 sur place via airBnb.<\/h2>\n\n\n\n<figure class=\"wp-block-image size-full\"><img fetchpriority=\"high\" decoding=\"async\" width=\"1600\" height=\"519\" src=\"https:\/\/www.uneviesurterre.com\/wp-content\/uploads\/2024\/05\/920800_d049e3c1e4ab44d2a7f9e93ba5385e32mv2.jpg\" alt=\"\" class=\"wp-image-968\" srcset=\"https:\/\/www.uneviesurterre.com\/wp-content\/uploads\/2024\/05\/920800_d049e3c1e4ab44d2a7f9e93ba5385e32mv2.jpg 1600w, https:\/\/www.uneviesurterre.com\/wp-content\/uploads\/2024\/05\/920800_d049e3c1e4ab44d2a7f9e93ba5385e32mv2-300x97.jpg 300w, https:\/\/www.uneviesurterre.com\/wp-content\/uploads\/2024\/05\/920800_d049e3c1e4ab44d2a7f9e93ba5385e32mv2-512x166.jpg 512w, https:\/\/www.uneviesurterre.com\/wp-content\/uploads\/2024\/05\/920800_d049e3c1e4ab44d2a7f9e93ba5385e32mv2-768x249.jpg 768w, https:\/\/www.uneviesurterre.com\/wp-content\/uploads\/2024\/05\/920800_d049e3c1e4ab44d2a7f9e93ba5385e32mv2-1536x498.jpg 1536w\" sizes=\"(max-width: 1600px) 100vw, 1600px\" \/><\/figure>\n\n\n\n<h2 class=\"wp-block-heading\" style=\"font-size:clamp(14px, 0.875rem + ((1vw - 3.2px) * 0.313), 17px);\"><strong>Le sac \u00e0 dos<\/strong><\/h2>\n\n\n\n<h2 class=\"wp-block-heading\" style=\"font-size:clamp(14px, 0.875rem + ((1vw - 3.2px) * 0.313), 17px);font-style:normal;font-weight:400\">La pr\u00e9paration du sac est, bien entendu, super importante car il sera sur notre dos durant toute la dur\u00e9e du p\u00e9riple.&nbsp;<\/h2>\n\n\n\n<h2 class=\"wp-block-heading\" style=\"font-size:clamp(14px, 0.875rem + ((1vw - 3.2px) * 0.313), 17px);font-style:normal;font-weight:400\">Pour ma part, je suis parti avec un sac de 60L&#8230; un bon compromis lorsqu&#8217;on n&#8217;a pas encore d&#8217;\u00e9quipement \u00e0 la pointe. J&#8217;esp\u00e9rais qu&#8217;il fasse aux alentours de 10kg, r\u00e9sultat ? 13kg \u00e0 la pes\u00e9e \u00e0 l&#8217;a\u00e9roport. Objectif non atteint, mais il faudra faire avec. Dedans j&#8217;y ai mis :<\/h2>\n\n\n\n<div style=\"height:32px\" aria-hidden=\"true\" class=\"wp-block-spacer\"><\/div>\n\n\n\n<div class=\"wp-block-columns has-background is-layout-flex wp-container-core-columns-is-layout-28f84493 wp-block-columns-is-layout-flex\" style=\"background-color:#f7f7f7\">\n<div class=\"wp-block-column is-layout-flow wp-block-column-is-layout-flow\">\n<h2 class=\"wp-block-heading\" style=\"font-size:clamp(14px, 0.875rem + ((1vw - 3.2px) * 0.313), 17px);font-style:normal;font-weight:400\">Ma tente QuickHiker ultralight<\/h2>\n\n\n\n<h2 class=\"wp-block-heading\" style=\"font-size:clamp(14px, 0.875rem + ((1vw - 3.2px) * 0.313), 17px);font-style:normal;font-weight:400\">mon sac de couchage Nomad pegasus 450<\/h2>\n\n\n\n<h2 class=\"wp-block-heading\" style=\"font-size:clamp(14px, 0.875rem + ((1vw - 3.2px) * 0.313), 17px);font-style:normal;font-weight:400\">Mon matelas gonflable&nbsp;<\/h2>\n\n\n\n<h2 class=\"wp-block-heading\" style=\"font-size:clamp(14px, 0.875rem + ((1vw - 3.2px) * 0.313), 17px);font-style:normal;font-weight:400\">Le r\u00e9chaud + une casserole qui me servira \u00e9galement d&#8217;assiette<\/h2>\n\n\n\n<h2 class=\"wp-block-heading\" style=\"font-size:clamp(14px, 0.875rem + ((1vw - 3.2px) * 0.313), 17px);font-style:normal;font-weight:400\">Une trousse de s\u00e9cu<\/h2>\n\n\n\n<h2 class=\"wp-block-heading\" style=\"font-size:clamp(14px, 0.875rem + ((1vw - 3.2px) * 0.313), 17px);font-style:normal;font-weight:400\">Lampe frontale (&#8211;&gt; montage de tente \u00e0 2h)<\/h2>\n\n\n\n<h2 class=\"wp-block-heading\" style=\"font-size:clamp(14px, 0.875rem + ((1vw - 3.2px) * 0.313), 17px);font-style:normal;font-weight:400\">Cartes&nbsp;<\/h2>\n\n\n\n<h2 class=\"wp-block-heading\" style=\"font-size:clamp(14px, 0.875rem + ((1vw - 3.2px) * 0.313), 17px);font-style:normal;font-weight:400\">2 couvertures de survie<\/h2>\n\n\n\n<h2 class=\"wp-block-heading\" style=\"font-size:clamp(14px, 0.875rem + ((1vw - 3.2px) * 0.313), 17px);font-style:normal;font-weight:400\"><\/h2>\n<\/div>\n\n\n\n<div class=\"wp-block-column is-layout-flow wp-block-column-is-layout-flow\">\n<h2 class=\"wp-block-heading\" style=\"font-size:clamp(14px, 0.875rem + ((1vw - 3.2px) * 0.313), 17px);font-style:normal;font-weight:400\">2 gourdes<\/h2>\n\n\n\n<h2 class=\"wp-block-heading\" style=\"font-size:clamp(14px, 0.875rem + ((1vw - 3.2px) * 0.313), 17px);font-style:normal;font-weight:400\">Un sac poubelle pour les affaires sales<\/h2>\n\n\n\n<h2 class=\"wp-block-heading\" style=\"font-size:clamp(14px, 0.875rem + ((1vw - 3.2px) * 0.313), 17px);font-style:normal;font-weight:400\">Papier toilette<\/h2>\n\n\n\n<h2 class=\"wp-block-heading\" style=\"font-size:clamp(14px, 0.875rem + ((1vw - 3.2px) * 0.313), 17px);font-style:normal;font-weight:400\">D\u00e9odorant<\/h2>\n\n\n\n<h2 class=\"wp-block-heading\" style=\"font-size:clamp(14px, 0.875rem + ((1vw - 3.2px) * 0.313), 17px);font-style:normal;font-weight:400\">Brosse \u00e0 dents<\/h2>\n\n\n\n<h2 class=\"wp-block-heading\" style=\"font-size:clamp(14px, 0.875rem + ((1vw - 3.2px) * 0.313), 17px);font-style:normal;font-weight:400\">Des chaussures d&#8217;eau, pour traverser les rivi\u00e8res annonc\u00e9es sur notre route (indispensable pour ce trek)<\/h2>\n\n\n\n<h2 class=\"wp-block-heading\" style=\"font-size:clamp(14px, 0.875rem + ((1vw - 3.2px) * 0.313), 17px);font-style:normal;font-weight:400\">Gants<\/h2>\n\n\n\n<h2 class=\"wp-block-heading\" style=\"font-size:clamp(14px, 0.875rem + ((1vw - 3.2px) * 0.313), 17px);font-style:normal;font-weight:400\">3 t-shirt<\/h2>\n\n\n\n<h2 class=\"wp-block-heading\" style=\"font-size:clamp(14px, 0.875rem + ((1vw - 3.2px) * 0.313), 17px);font-style:normal;font-weight:400\"><\/h2>\n<\/div>\n\n\n\n<div class=\"wp-block-column is-layout-flow wp-block-column-is-layout-flow\">\n<h2 class=\"wp-block-heading\" style=\"font-size:clamp(14px, 0.875rem + ((1vw - 3.2px) * 0.313), 17px);font-style:normal;font-weight:400\">2 pulls<\/h2>\n\n\n\n<h2 class=\"wp-block-heading\" style=\"font-size:clamp(14px, 0.875rem + ((1vw - 3.2px) * 0.313), 17px);font-style:normal;font-weight:400\">1 pantalon l\u00e9ger<\/h2>\n\n\n\n<h2 class=\"wp-block-heading\" style=\"font-size:clamp(14px, 0.875rem + ((1vw - 3.2px) * 0.313), 17px);font-style:normal;font-weight:400\">1 pantalon chaud pour la nuit<\/h2>\n\n\n\n<h2 class=\"wp-block-heading\" style=\"font-size:clamp(14px, 0.875rem + ((1vw - 3.2px) * 0.313), 17px);font-style:normal;font-weight:400\">1 Doudoune (pour le soir)<\/h2>\n\n\n\n<h2 class=\"wp-block-heading\" style=\"font-size:clamp(14px, 0.875rem + ((1vw - 3.2px) * 0.313), 17px);font-style:normal;font-weight:400\">1 surpantalon imperm\u00e9able<\/h2>\n\n\n\n<h2 class=\"wp-block-heading\" style=\"font-size:clamp(14px, 0.875rem + ((1vw - 3.2px) * 0.313), 17px);font-style:normal;font-weight:400\">Cale\u00e7ons\/chaussettes<\/h2>\n\n\n\n<h2 class=\"wp-block-heading\" style=\"font-size:clamp(14px, 0.875rem + ((1vw - 3.2px) * 0.313), 17px);font-style:normal;font-weight:400\">Maillot (pour le Blue Lagoon par la suite)<\/h2>\n\n\n\n<h2 class=\"wp-block-heading\" style=\"font-size:clamp(14px, 0.875rem + ((1vw - 3.2px) * 0.313), 17px);font-style:normal;font-weight:400\">Essuie&nbsp;<\/h2>\n<\/div>\n<\/div>\n\n\n\n<div style=\"height:32px\" aria-hidden=\"true\" class=\"wp-block-spacer\"><\/div>\n\n\n\n<figure class=\"wp-block-image size-full\"><img decoding=\"async\" width=\"1600\" height=\"519\" src=\"https:\/\/www.uneviesurterre.com\/wp-content\/uploads\/2024\/05\/920800_175567b4cf364dc48485c6788835af66mv2.jpg\" alt=\"\" class=\"wp-image-965\" srcset=\"https:\/\/www.uneviesurterre.com\/wp-content\/uploads\/2024\/05\/920800_175567b4cf364dc48485c6788835af66mv2.jpg 1600w, https:\/\/www.uneviesurterre.com\/wp-content\/uploads\/2024\/05\/920800_175567b4cf364dc48485c6788835af66mv2-300x97.jpg 300w, https:\/\/www.uneviesurterre.com\/wp-content\/uploads\/2024\/05\/920800_175567b4cf364dc48485c6788835af66mv2-512x166.jpg 512w, https:\/\/www.uneviesurterre.com\/wp-content\/uploads\/2024\/05\/920800_175567b4cf364dc48485c6788835af66mv2-768x249.jpg 768w, https:\/\/www.uneviesurterre.com\/wp-content\/uploads\/2024\/05\/920800_175567b4cf364dc48485c6788835af66mv2-1536x498.jpg 1536w\" sizes=\"(max-width: 1600px) 100vw, 1600px\" \/><\/figure>\n\n\n\n<h2 class=\"wp-block-heading\" style=\"font-size:clamp(14px, 0.875rem + ((1vw - 3.2px) * 0.313), 17px);font-style:normal;font-weight:400\"><strong>Retour d&#8217;exp\u00e9rience<\/strong><\/h2>\n\n\n\n<h2 class=\"wp-block-heading\" style=\"font-size:clamp(14px, 0.875rem + ((1vw - 3.2px) * 0.313), 17px);font-style:normal;font-weight:400\">Sols en fum\u00e9e, montagnes, lacs et glaciers&#8230; comment ne pas tomber amoureux de cette rando. Le Laugavegur est un condens\u00e9 de tout ce que l&#8217;Islande offre de mieux. Un paradis au centre de l&#8217;\u00eele.<\/h2>\n\n\n\n<h2 class=\"wp-block-heading\" style=\"font-size:clamp(14px, 0.875rem + ((1vw - 3.2px) * 0.313), 17px);font-style:normal;font-weight:400\">&#8220;Un condens\u00e9 de tout ce que l&#8217;Islande offre de mieux&#8221;, ce sont aussi de grandes \u00e9tendues de sable noir et la travers\u00e9e de rivi\u00e8res glac\u00e9es&#8230; Nous n&#8217;oublierons pas cette ligne droite de 5-10km dans un d\u00e9sert aux allures de Mordor. Ca fait mal aux pieds, et au moral. N\u00e9anmoins cela est, comme le reste, une aventure grav\u00e9e dans nos m\u00e9moires.<\/h2>\n\n\n\n<div class=\"wp-block-columns is-layout-flex wp-container-core-columns-is-layout-28f84493 wp-block-columns-is-layout-flex\">\n<div class=\"wp-block-column is-layout-flow wp-block-column-is-layout-flow\" style=\"flex-basis:33.33%\">\n<figure class=\"wp-block-image size-full\"><img decoding=\"async\" width=\"364\" height=\"471\" src=\"https:\/\/www.uneviesurterre.com\/wp-content\/uploads\/2024\/05\/920800_84457be3037e487b8d73f1c04c639e4emv2.jpg\" alt=\"\" class=\"wp-image-975\" srcset=\"https:\/\/www.uneviesurterre.com\/wp-content\/uploads\/2024\/05\/920800_84457be3037e487b8d73f1c04c639e4emv2.jpg 364w, https:\/\/www.uneviesurterre.com\/wp-content\/uploads\/2024\/05\/920800_84457be3037e487b8d73f1c04c639e4emv2-232x300.jpg 232w\" sizes=\"(max-width: 364px) 100vw, 364px\" \/><\/figure>\n<\/div>\n\n\n\n<div class=\"wp-block-column is-layout-flow wp-block-column-is-layout-flow\" style=\"flex-basis:66.66%\">\n<figure class=\"wp-block-image aligncenter size-full is-resized\"><img loading=\"lazy\" decoding=\"async\" width=\"803\" height=\"471\" src=\"https:\/\/www.uneviesurterre.com\/wp-content\/uploads\/2024\/05\/920800_6f56481a8e3943a19c1adc4df36e8951mv2.jpg\" alt=\"\" class=\"wp-image-976\" style=\"width:593px;height:auto\" srcset=\"https:\/\/www.uneviesurterre.com\/wp-content\/uploads\/2024\/05\/920800_6f56481a8e3943a19c1adc4df36e8951mv2.jpg 803w, https:\/\/www.uneviesurterre.com\/wp-content\/uploads\/2024\/05\/920800_6f56481a8e3943a19c1adc4df36e8951mv2-300x176.jpg 300w, https:\/\/www.uneviesurterre.com\/wp-content\/uploads\/2024\/05\/920800_6f56481a8e3943a19c1adc4df36e8951mv2-512x300.jpg 512w, https:\/\/www.uneviesurterre.com\/wp-content\/uploads\/2024\/05\/920800_6f56481a8e3943a19c1adc4df36e8951mv2-768x450.jpg 768w\" sizes=\"(max-width: 803px) 100vw, 803px\" \/><\/figure>\n<\/div>\n<\/div>\n\n\n\n<div class=\"wp-block-columns is-layout-flex wp-container-core-columns-is-layout-28f84493 wp-block-columns-is-layout-flex\">\n<div class=\"wp-block-column is-layout-flow wp-block-column-is-layout-flow\">\n<figure class=\"wp-block-image size-large\"><img loading=\"lazy\" decoding=\"async\" width=\"512\" height=\"383\" src=\"https:\/\/www.uneviesurterre.com\/wp-content\/uploads\/2024\/05\/920800_70c2b6e439d549bda614255baad769bemv2-1-512x383.jpg\" alt=\"\" class=\"wp-image-978\" srcset=\"https:\/\/www.uneviesurterre.com\/wp-content\/uploads\/2024\/05\/920800_70c2b6e439d549bda614255baad769bemv2-1-512x383.jpg 512w, https:\/\/www.uneviesurterre.com\/wp-content\/uploads\/2024\/05\/920800_70c2b6e439d549bda614255baad769bemv2-1-300x225.jpg 300w, https:\/\/www.uneviesurterre.com\/wp-content\/uploads\/2024\/05\/920800_70c2b6e439d549bda614255baad769bemv2-1.jpg 629w\" sizes=\"(max-width: 512px) 100vw, 512px\" \/><\/figure>\n<\/div>\n\n\n\n<div class=\"wp-block-column is-layout-flow wp-block-column-is-layout-flow\">\n<figure class=\"wp-block-image size-large\"><img loading=\"lazy\" decoding=\"async\" width=\"512\" height=\"383\" src=\"https:\/\/www.uneviesurterre.com\/wp-content\/uploads\/2024\/05\/920800_c18ae8654f6d448d8bcb482a9903c911mv2-512x383.jpg\" alt=\"\" class=\"wp-image-979\" srcset=\"https:\/\/www.uneviesurterre.com\/wp-content\/uploads\/2024\/05\/920800_c18ae8654f6d448d8bcb482a9903c911mv2-512x383.jpg 512w, https:\/\/www.uneviesurterre.com\/wp-content\/uploads\/2024\/05\/920800_c18ae8654f6d448d8bcb482a9903c911mv2-300x225.jpg 300w, https:\/\/www.uneviesurterre.com\/wp-content\/uploads\/2024\/05\/920800_c18ae8654f6d448d8bcb482a9903c911mv2.jpg 629w\" sizes=\"(max-width: 512px) 100vw, 512px\" \/><\/figure>\n<\/div>\n<\/div>\n\n\n\n<figure class=\"wp-block-image alignwide size-full\"><img loading=\"lazy\" decoding=\"async\" width=\"878\" height=\"471\" src=\"https:\/\/www.uneviesurterre.com\/wp-content\/uploads\/2024\/05\/920800_4c9e97332aa2436e86320bcf2aecde79mv2.jpg\" alt=\"\" class=\"wp-image-980\" srcset=\"https:\/\/www.uneviesurterre.com\/wp-content\/uploads\/2024\/05\/920800_4c9e97332aa2436e86320bcf2aecde79mv2.jpg 878w, https:\/\/www.uneviesurterre.com\/wp-content\/uploads\/2024\/05\/920800_4c9e97332aa2436e86320bcf2aecde79mv2-300x161.jpg 300w, https:\/\/www.uneviesurterre.com\/wp-content\/uploads\/2024\/05\/920800_4c9e97332aa2436e86320bcf2aecde79mv2-512x275.jpg 512w, https:\/\/www.uneviesurterre.com\/wp-content\/uploads\/2024\/05\/920800_4c9e97332aa2436e86320bcf2aecde79mv2-768x412.jpg 768w\" sizes=\"(max-width: 878px) 100vw, 878px\" \/><\/figure>\n\n\n\n<figure class=\"wp-block-image alignwide size-full\"><img loading=\"lazy\" decoding=\"async\" width=\"629\" height=\"471\" src=\"https:\/\/www.uneviesurterre.com\/wp-content\/uploads\/2024\/05\/920800_99e4adfd909d419495ca0dd5feead43amv2.jpg\" alt=\"\" class=\"wp-image-981\" srcset=\"https:\/\/www.uneviesurterre.com\/wp-content\/uploads\/2024\/05\/920800_99e4adfd909d419495ca0dd5feead43amv2.jpg 629w, https:\/\/www.uneviesurterre.com\/wp-content\/uploads\/2024\/05\/920800_99e4adfd909d419495ca0dd5feead43amv2-300x225.jpg 300w, https:\/\/www.uneviesurterre.com\/wp-content\/uploads\/2024\/05\/920800_99e4adfd909d419495ca0dd5feead43amv2-512x383.jpg 512w\" sizes=\"(max-width: 629px) 100vw, 629px\" \/><\/figure>\n","protected":false},"excerpt":{"rendered":"<p>Bienvenus dans le &#8220;guide de l&#8217;amateur qui part pour la premi\u00e8re fois en rando\/bivouac \u00e0 l&#8217;\u00e9tranger&#8221;. Je me suis dit que \u00e7a pourrait \u00eatre int\u00e9ressant de voir un peu comment nous avons organis\u00e9 notre d\u00e9part en tant que novices. Vous retrouverez ici-bas le semblant de planning que nous avions dessin\u00e9, ce qui se retrouvait dans &hellip; <\/p>\n<p class=\"link-more\"><a href=\"https:\/\/www.uneviesurterre.com\/?page_id=227\" class=\"more-link\">Read more<span class=\"screen-reader-text\"> &#8220;Pr\u00e9parer le trek du Laugavegur&#8221;<\/span><\/a><\/p>\n","protected":false},"author":1,"featured_media":0,"parent":0,"menu_order":0,"comment_status":"closed","ping_status":"closed","template":"","meta":{"footnotes":""},"class_list":["post-227","page","type-page","status-publish","hentry"],"jetpack_sharing_enabled":true,"_links":{"self":[{"href":"https:\/\/www.uneviesurterre.com\/index.php?rest_route=\/wp\/v2\/pages\/227","targetHints":{"allow":["GET"]}}],"collection":[{"href":"https:\/\/www.uneviesurterre.com\/index.php?rest_route=\/wp\/v2\/pages"}],"about":[{"href":"https:\/\/www.uneviesurterre.com\/index.php?rest_route=\/wp\/v2\/types\/page"}],"author":[{"embeddable":true,"href":"https:\/\/www.uneviesurterre.com\/index.php?rest_route=\/wp\/v2\/users\/1"}],"replies":[{"embeddable":true,"href":"https:\/\/www.uneviesurterre.com\/index.php?rest_route=%2Fwp%2Fv2%2Fcomments&post=227"}],"version-history":[{"count":14,"href":"https:\/\/www.uneviesurterre.com\/index.php?rest_route=\/wp\/v2\/pages\/227\/revisions"}],"predecessor-version":[{"id":986,"href":"https:\/\/www.uneviesurterre.com\/index.php?rest_route=\/wp\/v2\/pages\/227\/revisions\/986"}],"wp:attachment":[{"href":"https:\/\/www.uneviesurterre.com\/index.php?rest_route=%2Fwp%2Fv2%2Fmedia&parent=227"}],"curies":[{"name":"wp","href":"https:\/\/api.w.org\/{rel}","templated":true}]}}