{"id":225,"date":"2023-10-12T16:26:10","date_gmt":"2023-10-12T14:26:10","guid":{"rendered":"https:\/\/www.uneviesurterre.com\/?page_id=225"},"modified":"2023-12-06T17:17:47","modified_gmt":"2023-12-06T16:17:47","slug":"rome-un-week-end","status":"publish","type":"page","link":"https:\/\/www.uneviesurterre.com\/?page_id=225","title":{"rendered":"Rome, un week-end \u00e0 travers le temps"},"content":{"rendered":"\n<p style=\"font-size:clamp(14px, 0.875rem + ((1vw - 3.2px) * 0.313), 17px);\">Aller \u00e0 Rome, c&#8217;est quelque chose d&#8217;unique en soit. De part son histoire, la ville n&#8217;a pas vraiment son pareil sur Terre. Et en plus de cela, elle r\u00e9ussit d\u00e9sormais \u00e0 m\u00ealer \u00e0 merveille les traces du pass\u00e9s et le mode de vie italien (la Dolce Vita, que j&#8217;aime tant retrouver lors de chaque voyages que j&#8217;entreprends dans la Grande-Botte).<\/p>\n\n\n\n<figure class=\"wp-block-image\"><img decoding=\"async\" src=\"https:\/\/lh5.googleusercontent.com\/HN5e8TP5dFcUA7_FTIRwVws9FceDL7vHdrZItg47BGtouxSvY9IOTATUUvFykx9TOXfigk5ku-sjVNNWEPuUhdJfApRYa7lZ4_AmhYcQhQMS09ta7zHoBpfEC5wmtJjaRlRNdF43VoOsMLdCL-I6uo0\" alt=\"P1035532.JPG\"\/><\/figure>\n\n\n\n<p style=\"font-size:clamp(14px, 0.875rem + ((1vw - 3.2px) * 0.313), 17px);\"><strong>Que faire \u00e0 Rome ?<\/strong> &#8230; Je pense que tous les noms des endroits \u00e0 visiter r\u00e9sonnent dans nos t\u00eates. Avec mon ami Simon, passionn\u00e9 d&#8217;Histoire, nous avons d\u00e9cid\u00e9 de ne pas d\u00e9roger \u00e0 la r\u00e8gle, et avons donc suivi un chemin de visite plut\u00f4t classique.<\/p>\n\n\n\n<p style=\"font-size:clamp(14px, 0.875rem + ((1vw - 3.2px) * 0.313), 17px);\">Les endroits que nous avons visit\u00e9s :<\/p>\n\n\n\n<ul class=\"wp-block-list\">\n<li style=\"font-size:clamp(14px, 0.875rem + ((1vw - 3.2px) * 0.313), 17px);\">Le mus\u00e9e du Vatican : Il est mondialement connu pour sa chapelle Sixtine, en partie peinte par Michel-Ange, qui est vraiment impressionnante. Mais le mus\u00e9e du Vatican ce n&#8217;est pas que \u00e7a. Il regorge d&#8217;une collection incroyable d&#8217;oeuvres. J&#8217;ai particuli\u00e8rement \u00e9t\u00e9 impressionn\u00e9 par la partie &#8220;Egypte antique&#8221;, avec ses hi\u00e9roglyphes et sa momie (L&#8217;occasion de refaire toutes les r\u00e9pliques d&#8217;Ast\u00e9rix mission Cl\u00e9op\u00e2tre).<\/li>\n<\/ul>\n\n\n\n<ul class=\"wp-block-list\">\n<li>La Basilique Saint-Pierre : le grand joyau du Vatican, ou tout simplement &#8220;la demeure du Pape&#8221;&#8230; \u00e7a donne la mesure. Cet \u00e9difice est juste grandiose, avec des richesses incommensurables. Au del\u00e0 du b\u00e2timent, ce sont des dizaines d&#8217;oeuvres des plus grands artistes italiens qu&#8217;on retrouve \u00e0 l&#8217;int\u00e9rieur : Rapha\u00ebl, Michel-Ange, et j&#8217;en passe<\/li>\n<\/ul>\n\n\n\n<ul class=\"wp-block-list\">\n<li>La Fontaine de Tr\u00e9vi : Belle, \u00e0 voir lorsque vous vous baladerez dans le centre, mais pas extraordinaire. N\u00e9anmoins, nous y sommes rest\u00e9s 15-20 minutes pour regarder les instagrameuses en puissance prendre leurs plus beaux clich\u00e9s<\/li>\n<\/ul>\n\n\n\n<ul class=\"wp-block-list\">\n<li>Le Panth\u00e9on : L&#8217;ext\u00e9rieur du Panth\u00e9on ne m&#8217;a pas enthousiasm\u00e9 au premier regard, mais c&#8217;est parce que sa beaut\u00e9 est cach\u00e9e ailleurs&#8230; dans son histoire. Ce monument est en fait un des seules (je pense) \u00e0 ne pas avoir \u00e9t\u00e9 restaur\u00e9 depuis sa cr\u00e9ation, il y a plus ou moins 2000 ans. C&#8217;est-\u00e0-dire que lorsque vous y rentrez, vous foulez le m\u00eame sol que les plus grands empereurs romains !<\/li>\n\n\n\n<li>Le Colis\u00e9e : Je ne sais pas pourquoi, honn\u00eatement, mais c&#8217;est le monument qui m&#8217;a le plus impressionn\u00e9. Imaginer l&#8217;organisation mise en place pour les spectacles, la ferveur des spectateurs, mais aussi la souffrance \u00e0 laquelle ont du faire face certains prisonniers, \u00e7a m&#8217;a fait vibrer.<\/li>\n\n\n\n<li>Le Forum : Si on veut prendre la mesure de ce que devait \u00eatre Rome \u00e0 l&#8217;\u00e9poque antique, c&#8217;est la visite \u00e0 faire. Le nombre de vestiges est impressionnant pour ce qui \u00e9tait le principale lieu de vie \u00e0 ce temps-l\u00e0.&nbsp;<\/li>\n<\/ul>\n\n\n\n<ul class=\"wp-block-list\">\n<li>Trastevere : Moins touristique, le quartier de Trastevere est assez atypique. C&#8217;est un quartier enti\u00e8rement pi\u00e9ton, avec une ambiance un peu boh\u00e8me&#8230; tr\u00e8s agr\u00e9able pour boire un petit verre.<\/li>\n\n\n\n<li>Dans tous les cas, je vous conseille de prendre un audio-guide ou de vous renseigner d&#8217;une autre mani\u00e8re pour profiter pleinement de la ville<\/li>\n<\/ul>\n\n\n\n<figure class=\"wp-block-image\"><img decoding=\"async\" src=\"https:\/\/lh6.googleusercontent.com\/lptdTHVOG1IWAjiyfxWWUxMEEtjHZleQVwi4CZQJXJWKKgSd-7575-NjIeIYhLEIjPy7UHhXVy8ew97Ozr-_JX0cvrHkvoR1-z9VRNYaIhWEGETf81XbGSfvFAtpV3GrISq-j4J86pUS75etv5n8oS4\" alt=\"\"\/><\/figure>\n\n\n\n<p><strong>Se loger &#8230;<\/strong><\/p>\n\n\n\n<p><\/p>\n\n\n\n<p>On va pas se mentir, la plupart des h\u00f4tels \u00e0 Rome ne font pas r\u00eaver du tout, ils sont souvent tr\u00e8s vieillots. Apr\u00e8s pas mal de recherche, nous avons trouv\u00e9, ce qui est pour nous, un bon deal. Nous avons pris une chambre pour deux dans l&#8217;Hostel New Generation. On avait notre confort, une ambiance plus relax qu&#8217;en h\u00f4tel et on \u00e9tait pas mal situ\u00e9 ! En plus, la chambre \u00e9tait vraiment top. Franchement je recommande !<\/p>\n\n\n\n<p><strong>Et manger &#8230;<\/strong><\/p>\n\n\n\n<p>Pour moi, la gastronomie fait enti\u00e8rement partie de la Dolce Vita. S&#8217;asseoir \u00e0 une table et prendre le temps de d\u00e9guster des produits simples mais d\u00e9licieux. Lors de notre s\u00e9jour, nous avons d\u00e9couvert 2 adresses qui nous ont vraiment plus :<\/p>\n\n\n\n<ul class=\"wp-block-list\">\n<li>Il Brigantino : C&#8217;est une petite pizzeria qui \u00e9tait juste \u00e0 c\u00f4t\u00e9 de l&#8217;h\u00f4tel. Nous y sommes all\u00e9s par hasard en fin de soir\u00e9e et nous avons ador\u00e9 ! &#8230; au point d&#8217;y retourner le lendemain. Un int\u00e9rieur plut\u00f4t rustique avec des maillots de cyclisme accroch\u00e9s au mur, on est pas ici sur une adresse touristique, mais qu&#8217;est-ce qu&#8217;on y mange bien.<br>&nbsp;<\/li>\n\n\n\n<li>La Bottega di Cesare : On cherchait un petit restau sympa en se baladant le soir du c\u00f4t\u00e9 de la place d&#8217;Espagne et la place del Popolo, et on est tomb\u00e9 sur cette fa\u00e7ade au n\u00e9on rose. A l&#8217;int\u00e9rieur, on retrouve un cadre chaleureux et des p\u00e2tes de qualit\u00e9. Mais attention, il n&#8217;y a pas beaucoup de tables, pensez peut-\u00eatre \u00e0 r\u00e9server.<br><br>Site internet : <a href=\"https:\/\/www.labottegadicesare.it\/\">La bottega di Cesare<\/a><\/li>\n<\/ul>\n\n\n\n<div style=\"height:42px\" aria-hidden=\"true\" class=\"wp-block-spacer\"><\/div>\n\n\n\n<div class=\"wp-block-columns alignwide is-layout-flex wp-container-core-columns-is-layout-28f84493 wp-block-columns-is-layout-flex\">\n<div class=\"wp-block-column is-layout-flow wp-block-column-is-layout-flow\" style=\"flex-basis:33.33%\">\n<div class=\"alignnormal\"><div id=\"metaslider-id-453\" style=\"max-width: 1200px; margin: 0 auto;\" class=\"ml-slider-3-108-0 metaslider metaslider-flex metaslider-453 ml-slider ms-theme-default nav-hidden\" role=\"region\" aria-label=\"Rome (profil)\" data-height=\"1800\" data-width=\"1200\">\n    <div id=\"metaslider_container_453\">\n        <div id=\"metaslider_453\">\n            <ul class='slides'>\n                <li style=\"display: block; width: 100%;\" class=\"slide-468 ms-image \" aria-roledescription=\"slide\" data-date=\"2023-12-05 14:46:24\" data-filename=\"P1035490-scaled-1200x1800.jpg\" data-slide-type=\"image\"><img fetchpriority=\"high\" decoding=\"async\" src=\"https:\/\/www.uneviesurterre.com\/wp-content\/uploads\/2023\/12\/P1035490-scaled-1200x1800.jpg\" height=\"1800\" width=\"1200\" alt=\"\" class=\"slider-453 slide-468 msDefaultImage\" title=\"P1035490\" \/><\/li>\n                <li style=\"display: none; width: 100%;\" class=\"slide-469 ms-image \" aria-roledescription=\"slide\" data-date=\"2023-12-05 14:46:24\" data-filename=\"P1035495-scaled-1200x1800.jpg\" data-slide-type=\"image\"><img decoding=\"async\" src=\"https:\/\/www.uneviesurterre.com\/wp-content\/uploads\/2023\/12\/P1035495-scaled-1200x1800.jpg\" height=\"1800\" width=\"1200\" alt=\"\" class=\"slider-453 slide-469 msDefaultImage\" title=\"P1035495\" \/><\/li>\n                <li style=\"display: none; width: 100%;\" class=\"slide-470 ms-image \" aria-roledescription=\"slide\" data-date=\"2023-12-05 14:46:24\" data-filename=\"P1035502-scaled-1200x1800.jpg\" data-slide-type=\"image\"><img decoding=\"async\" src=\"https:\/\/www.uneviesurterre.com\/wp-content\/uploads\/2023\/12\/P1035502-scaled-1200x1800.jpg\" height=\"1800\" width=\"1200\" alt=\"\" class=\"slider-453 slide-470 msDefaultImage\" title=\"P1035502\" \/><\/li>\n                <li style=\"display: none; width: 100%;\" class=\"slide-471 ms-image \" aria-roledescription=\"slide\" data-date=\"2023-12-05 14:46:24\" data-filename=\"P1035518-scaled-1200x1800.jpg\" data-slide-type=\"image\"><img loading=\"lazy\" decoding=\"async\" src=\"https:\/\/www.uneviesurterre.com\/wp-content\/uploads\/2023\/12\/P1035518-scaled-1200x1800.jpg\" height=\"1800\" width=\"1200\" alt=\"\" class=\"slider-453 slide-471 msDefaultImage\" title=\"P1035518\" \/><\/li>\n                <li style=\"display: none; width: 100%;\" class=\"slide-472 ms-image \" aria-roledescription=\"slide\" data-date=\"2023-12-05 14:46:24\" data-filename=\"P1035521-scaled-1200x1800.jpg\" data-slide-type=\"image\"><img loading=\"lazy\" decoding=\"async\" src=\"https:\/\/www.uneviesurterre.com\/wp-content\/uploads\/2023\/12\/P1035521-scaled-1200x1800.jpg\" height=\"1800\" width=\"1200\" alt=\"\" class=\"slider-453 slide-472 msDefaultImage\" title=\"P1035521\" \/><\/li>\n                <li style=\"display: none; width: 100%;\" class=\"slide-473 ms-image \" aria-roledescription=\"slide\" data-date=\"2023-12-05 14:46:24\" data-filename=\"P1035525-scaled-1200x1800.jpg\" data-slide-type=\"image\"><img loading=\"lazy\" decoding=\"async\" src=\"https:\/\/www.uneviesurterre.com\/wp-content\/uploads\/2023\/12\/P1035525-scaled-1200x1800.jpg\" height=\"1800\" width=\"1200\" alt=\"\" class=\"slider-453 slide-473 msDefaultImage\" title=\"P1035525\" \/><\/li>\n                <li style=\"display: none; width: 100%;\" class=\"slide-474 ms-image \" aria-roledescription=\"slide\" data-date=\"2023-12-05 14:46:24\" data-filename=\"P1035527-scaled-1200x1800.jpg\" data-slide-type=\"image\"><img loading=\"lazy\" decoding=\"async\" src=\"https:\/\/www.uneviesurterre.com\/wp-content\/uploads\/2023\/12\/P1035527-scaled-1200x1800.jpg\" height=\"1800\" width=\"1200\" alt=\"\" class=\"slider-453 slide-474 msDefaultImage\" title=\"P1035527\" \/><\/li>\n                <li style=\"display: none; width: 100%;\" class=\"slide-475 ms-image \" aria-roledescription=\"slide\" data-date=\"2023-12-05 14:46:24\" data-filename=\"P1035532-scaled-1200x1800.jpg\" data-slide-type=\"image\"><img loading=\"lazy\" decoding=\"async\" src=\"https:\/\/www.uneviesurterre.com\/wp-content\/uploads\/2023\/12\/P1035532-scaled-1200x1800.jpg\" height=\"1800\" width=\"1200\" alt=\"\" class=\"slider-453 slide-475 msDefaultImage\" title=\"P1035532\" \/><\/li>\n                <li style=\"display: none; width: 100%;\" class=\"slide-476 ms-image \" aria-roledescription=\"slide\" data-date=\"2023-12-05 14:46:24\" data-filename=\"P1035541-scaled-1200x1800.jpg\" data-slide-type=\"image\"><img loading=\"lazy\" decoding=\"async\" src=\"https:\/\/www.uneviesurterre.com\/wp-content\/uploads\/2023\/12\/P1035541-scaled-1200x1800.jpg\" height=\"1800\" width=\"1200\" alt=\"\" class=\"slider-453 slide-476 msDefaultImage\" title=\"P1035541\" \/><\/li>\n                <li style=\"display: none; width: 100%;\" class=\"slide-477 ms-image \" aria-roledescription=\"slide\" data-date=\"2023-12-05 14:46:24\" data-filename=\"IMG_20221117_151246-1200x1800.jpg\" data-slide-type=\"image\"><img loading=\"lazy\" decoding=\"async\" src=\"https:\/\/www.uneviesurterre.com\/wp-content\/uploads\/2023\/12\/IMG_20221117_151246-1200x1800.jpg\" height=\"1800\" width=\"1200\" alt=\"\" class=\"slider-453 slide-477 msDefaultImage\" title=\"IMG_20221117_151246\" \/><\/li>\n                <li style=\"display: none; width: 100%;\" class=\"slide-478 ms-image \" aria-roledescription=\"slide\" data-date=\"2023-12-05 14:46:24\" data-filename=\"IMG_20221116_143623-scaled-1200x1800.jpg\" data-slide-type=\"image\"><img loading=\"lazy\" decoding=\"async\" src=\"https:\/\/www.uneviesurterre.com\/wp-content\/uploads\/2023\/12\/IMG_20221116_143623-scaled-1200x1800.jpg\" height=\"1800\" width=\"1200\" alt=\"\" class=\"slider-453 slide-478 msDefaultImage\" title=\"IMG_20221116_143623\" \/><\/li>\n                <li style=\"display: none; width: 100%;\" class=\"slide-479 ms-image \" aria-roledescription=\"slide\" data-date=\"2023-12-05 14:46:24\" data-filename=\"IMG_20221116_200012_573-scaled-1200x1800.jpg\" data-slide-type=\"image\"><img loading=\"lazy\" decoding=\"async\" src=\"https:\/\/www.uneviesurterre.com\/wp-content\/uploads\/2023\/12\/IMG_20221116_200012_573-scaled-1200x1800.jpg\" height=\"1800\" width=\"1200\" alt=\"\" class=\"slider-453 slide-479 msDefaultImage\" title=\"IMG_20221116_200012_573\" \/><\/li>\n                <li style=\"display: none; width: 100%;\" class=\"slide-480 ms-image \" aria-roledescription=\"slide\" data-date=\"2023-12-05 14:46:24\" data-filename=\"IMG_20221117_000143_948-1200x1800.jpg\" data-slide-type=\"image\"><img loading=\"lazy\" decoding=\"async\" src=\"https:\/\/www.uneviesurterre.com\/wp-content\/uploads\/2023\/12\/IMG_20221117_000143_948-1200x1800.jpg\" height=\"1800\" width=\"1200\" alt=\"\" class=\"slider-453 slide-480 msDefaultImage\" title=\"IMG_20221117_000143_948\" \/><\/li>\n                <li style=\"display: none; width: 100%;\" class=\"slide-481 ms-image \" aria-roledescription=\"slide\" data-date=\"2023-12-05 14:46:24\" data-filename=\"IMG_20221117_132814_469-scaled-1200x1800.jpg\" data-slide-type=\"image\"><img loading=\"lazy\" decoding=\"async\" src=\"https:\/\/www.uneviesurterre.com\/wp-content\/uploads\/2023\/12\/IMG_20221117_132814_469-scaled-1200x1800.jpg\" height=\"1800\" width=\"1200\" alt=\"\" class=\"slider-453 slide-481 msDefaultImage\" title=\"IMG_20221117_132814_469\" \/><\/li>\n            <\/ul>\n        <\/div>\n        \n    <\/div>\n<\/div><\/div>\n<\/div>\n\n\n\n<div class=\"wp-block-column is-layout-flow wp-block-column-is-layout-flow\" style=\"flex-basis:66.66%\">\n<div class=\"alignnormal\"><div id=\"metaslider-id-482\" style=\"max-width: 2400px; margin: 0 auto;\" class=\"ml-slider-3-108-0 metaslider metaslider-flex metaslider-482 ml-slider ms-theme-default nav-hidden nav-hidden\" role=\"region\" aria-label=\"Rome paysage\" data-height=\"1800\" data-width=\"2400\">\n    <div id=\"metaslider_container_482\">\n        <div id=\"metaslider_482\">\n            <ul class='slides'>\n                <li style=\"display: block; width: 100%;\" class=\"slide-491 ms-image \" aria-roledescription=\"slide\" data-date=\"2023-12-05 14:53:06\" data-filename=\"IMG_20221117_142955-scaled-1920x1440.jpg\" data-slide-type=\"image\"><img loading=\"lazy\" decoding=\"async\" src=\"https:\/\/www.uneviesurterre.com\/wp-content\/uploads\/2023\/12\/IMG_20221117_142955-scaled-1920x1440.jpg\" height=\"1800\" width=\"2400\" alt=\"\" class=\"slider-482 slide-491 msDefaultImage\" title=\"IMG_20221117_142955\" \/><\/li>\n                <li style=\"display: none; width: 100%;\" class=\"slide-492 ms-image \" aria-roledescription=\"slide\" data-date=\"2023-12-05 14:53:06\" data-filename=\"IMG_20221117_144109-scaled-1920x1440.jpg\" data-slide-type=\"image\"><img loading=\"lazy\" decoding=\"async\" src=\"https:\/\/www.uneviesurterre.com\/wp-content\/uploads\/2023\/12\/IMG_20221117_144109-scaled-1920x1440.jpg\" height=\"1800\" width=\"2400\" alt=\"\" class=\"slider-482 slide-492 msDefaultImage\" title=\"IMG_20221117_144109\" \/><\/li>\n                <li style=\"display: none; width: 100%;\" class=\"slide-493 ms-image \" aria-roledescription=\"slide\" data-date=\"2023-12-05 14:53:06\" data-filename=\"IMG_20221117_144459-scaled-1920x1440.jpg\" data-slide-type=\"image\"><img loading=\"lazy\" decoding=\"async\" src=\"https:\/\/www.uneviesurterre.com\/wp-content\/uploads\/2023\/12\/IMG_20221117_144459-scaled-1920x1440.jpg\" height=\"1800\" width=\"2400\" alt=\"\" class=\"slider-482 slide-493 msDefaultImage\" title=\"IMG_20221117_144459\" \/><\/li>\n                <li style=\"display: none; width: 100%;\" class=\"slide-494 ms-image \" aria-roledescription=\"slide\" data-date=\"2023-12-05 14:53:06\" data-filename=\"IMG_20221117_154419-scaled-1920x1440.jpg\" data-slide-type=\"image\"><img loading=\"lazy\" decoding=\"async\" src=\"https:\/\/www.uneviesurterre.com\/wp-content\/uploads\/2023\/12\/IMG_20221117_154419-scaled-1920x1440.jpg\" height=\"1800\" width=\"2400\" alt=\"\" class=\"slider-482 slide-494 msDefaultImage\" title=\"IMG_20221117_154419\" \/><\/li>\n                <li style=\"display: none; width: 100%;\" class=\"slide-495 ms-image \" aria-roledescription=\"slide\" data-date=\"2023-12-05 14:53:06\" data-filename=\"IMG_20221117_155037-scaled-1920x1440.jpg\" data-slide-type=\"image\"><img loading=\"lazy\" decoding=\"async\" src=\"https:\/\/www.uneviesurterre.com\/wp-content\/uploads\/2023\/12\/IMG_20221117_155037-scaled-1920x1440.jpg\" height=\"1800\" width=\"2400\" alt=\"\" class=\"slider-482 slide-495 msDefaultImage\" title=\"IMG_20221117_155037\" \/><\/li>\n                <li style=\"display: none; width: 100%;\" class=\"slide-496 ms-image \" aria-roledescription=\"slide\" data-date=\"2023-12-05 14:53:06\" data-filename=\"IMG_20221118_120401-scaled-1920x1440.jpg\" data-slide-type=\"image\"><img loading=\"lazy\" decoding=\"async\" src=\"https:\/\/www.uneviesurterre.com\/wp-content\/uploads\/2023\/12\/IMG_20221118_120401-scaled-1920x1440.jpg\" height=\"1800\" width=\"2400\" alt=\"\" class=\"slider-482 slide-496 msDefaultImage\" title=\"IMG_20221118_120401\" \/><\/li>\n                <li style=\"display: none; width: 100%;\" class=\"slide-497 ms-image \" aria-roledescription=\"slide\" data-date=\"2023-12-05 14:53:06\" data-filename=\"IMG_20221118_122844-scaled-1920x1440.jpg\" data-slide-type=\"image\"><img loading=\"lazy\" decoding=\"async\" src=\"https:\/\/www.uneviesurterre.com\/wp-content\/uploads\/2023\/12\/IMG_20221118_122844-scaled-1920x1440.jpg\" height=\"1800\" width=\"2400\" alt=\"\" class=\"slider-482 slide-497 msDefaultImage\" title=\"IMG_20221118_122844\" \/><\/li>\n                <li style=\"display: none; width: 100%;\" class=\"slide-498 ms-image \" aria-roledescription=\"slide\" data-date=\"2023-12-05 14:53:06\" data-filename=\"P1035496-scaled-2400x1800.jpg\" data-slide-type=\"image\"><img loading=\"lazy\" decoding=\"async\" src=\"https:\/\/www.uneviesurterre.com\/wp-content\/uploads\/2023\/12\/P1035496-scaled-2400x1800.jpg\" height=\"1800\" width=\"2400\" alt=\"\" class=\"slider-482 slide-498 msDefaultImage\" title=\"P1035496\" \/><\/li>\n            <\/ul>\n        <\/div>\n        \n    <\/div>\n<\/div><\/div>\n<\/div>\n<\/div>\n","protected":false},"excerpt":{"rendered":"<p>Aller \u00e0 Rome, c&#8217;est quelque chose d&#8217;unique en soit. De part son histoire, la ville n&#8217;a pas vraiment son pareil sur Terre. Et en plus de cela, elle r\u00e9ussit d\u00e9sormais \u00e0 m\u00ealer \u00e0 merveille les traces du pass\u00e9s et le mode de vie italien (la Dolce Vita, que j&#8217;aime tant retrouver lors de chaque voyages &hellip; <\/p>\n<p class=\"link-more\"><a href=\"https:\/\/www.uneviesurterre.com\/?page_id=225\" class=\"more-link\">Read more<span class=\"screen-reader-text\"> &#8220;Rome, un week-end \u00e0 travers le temps&#8221;<\/span><\/a><\/p>\n","protected":false},"author":1,"featured_media":0,"parent":0,"menu_order":0,"comment_status":"closed","ping_status":"closed","template":"","meta":{"footnotes":""},"class_list":["post-225","page","type-page","status-publish","hentry"],"jetpack_sharing_enabled":true,"_links":{"self":[{"href":"https:\/\/www.uneviesurterre.com\/index.php?rest_route=\/wp\/v2\/pages\/225","targetHints":{"allow":["GET"]}}],"collection":[{"href":"https:\/\/www.uneviesurterre.com\/index.php?rest_route=\/wp\/v2\/pages"}],"about":[{"href":"https:\/\/www.uneviesurterre.com\/index.php?rest_route=\/wp\/v2\/types\/page"}],"author":[{"embeddable":true,"href":"https:\/\/www.uneviesurterre.com\/index.php?rest_route=\/wp\/v2\/users\/1"}],"replies":[{"embeddable":true,"href":"https:\/\/www.uneviesurterre.com\/index.php?rest_route=%2Fwp%2Fv2%2Fcomments&post=225"}],"version-history":[{"count":7,"href":"https:\/\/www.uneviesurterre.com\/index.php?rest_route=\/wp\/v2\/pages\/225\/revisions"}],"predecessor-version":[{"id":517,"href":"https:\/\/www.uneviesurterre.com\/index.php?rest_route=\/wp\/v2\/pages\/225\/revisions\/517"}],"wp:attachment":[{"href":"https:\/\/www.uneviesurterre.com\/index.php?rest_route=%2Fwp%2Fv2%2Fmedia&parent=225"}],"curies":[{"name":"wp","href":"https:\/\/api.w.org\/{rel}","templated":true}]}}