{"id":223,"date":"2023-10-12T14:57:54","date_gmt":"2023-10-12T12:57:54","guid":{"rendered":"https:\/\/www.uneviesurterre.com\/?page_id=223"},"modified":"2024-05-30T11:44:13","modified_gmt":"2024-05-30T09:44:13","slug":"se-faire-charmer-par-verone","status":"publish","type":"page","link":"https:\/\/www.uneviesurterre.com\/?page_id=223","title":{"rendered":"Se faire charmer par V\u00e9rone"},"content":{"rendered":"\n<h2 class=\"wp-block-heading\" style=\"font-size:clamp(14px, 0.875rem + ((1vw - 3.2px) * 0.313), 17px);font-style:normal;font-weight:400\">Si vous ne connaissez pas V\u00e9rone, c&#8217;est que vous avez probablement v\u00e9cu dans une grotte ces 400 derni\u00e8res ann\u00e9es. Pourtant, bien que sa renomm\u00e9e ne soit plus \u00e0 faire, je trouve qu&#8217;on en parle tr\u00e8s peu comme attrait touristique.<\/h2>\n\n\n\n<h2 class=\"wp-block-heading\" style=\"font-size:clamp(14px, 0.875rem + ((1vw - 3.2px) * 0.313), 17px);font-style:normal;font-weight:400\">\u00c9tant de passage dans le nord de l&#8217;Italie, j&#8217;ai donc d\u00e9cid\u00e9 d&#8217;aller jeter un coup d&#8217;\u0153il \u00e0 la c\u00e9l\u00e9brissime ville de l&#8217;amour.<\/h2>\n\n\n\n<figure class=\"wp-block-image\"><img decoding=\"async\" src=\"https:\/\/lh3.googleusercontent.com\/NzVJneuA6nftHHBV2cpLchA646Rd51SqGahl1mGf1tTCPEovxukGgNjQG6t4SLMXk0rjXMcgFiw4OHU53TtjSxtdqt2sH04cE1ETC62CwAD8k6MjxtHmyRh2Xg3MQYhEYaf8ZvMR7pBPjzQFP_GUjNE\" alt=\"\"\/><\/figure>\n\n\n\n<h2 class=\"wp-block-heading\" style=\"font-size:clamp(14px, 0.875rem + ((1vw - 3.2px) * 0.313), 17px);font-style:normal;font-weight:400\"><strong>Une ville \u00e0 taille humaine<\/strong><\/h2>\n\n\n\n<h2 class=\"wp-block-heading\" style=\"font-size:clamp(14px, 0.875rem + ((1vw - 3.2px) * 0.313), 17px);font-style:normal;font-weight:400\">Ceux qui suivent un peu la page savent que visiter une ville n&#8217;est pas ce que je pr\u00e9f\u00e8re. Mais ce que j&#8217;ai aim\u00e9 \u00e0 V\u00e9rone, c&#8217;est que je ne me suis jamais senti \u00e9touff\u00e9 par la hauteur des b\u00e2timents ou la grandeur de la ville. En plus, cerise sur le g\u00e2teau, il y a tr\u00e8s peu de v\u00e9hicules qui circulent dans le centre.<\/h2>\n\n\n\n<h2 class=\"wp-block-heading\" style=\"font-size:clamp(14px, 0.875rem + ((1vw - 3.2px) * 0.313), 17px);font-style:normal;font-weight:400\"><strong>Un charme presque indescriptible<\/strong><\/h2>\n\n\n\n<h2 class=\"wp-block-heading\" style=\"font-size:clamp(14px, 0.875rem + ((1vw - 3.2px) * 0.313), 17px);font-style:normal;font-weight:400\">L&#8217;Italie, c&#8217;est un concentr\u00e9 d&#8217;Histoire qui apporte souvent une plus-value au charme de ses villes&#8230; et V\u00e9rone n&#8217;y d\u00e9roge pas !<\/h2>\n\n\n\n<h2 class=\"wp-block-heading\" style=\"font-size:clamp(14px, 0.875rem + ((1vw - 3.2px) * 0.313), 17px);font-style:normal;font-weight:400\">Les b\u00e2timents sont tr\u00e8s color\u00e9s, g\u00e9n\u00e9ralement dans les tons jaunes\/oranges, avec de magnifiques fa\u00e7ades o\u00f9 l&#8217;on voit encore souvent de vieilles peintures murales. C&#8217;est vraiment magnifique, il n&#8217;y a pas d&#8217;autres mots. J&#8217;avais un peu l&#8217;impression de me balader au 14\u00b0si\u00e8cle, \u00e0 l&#8217;\u00e9poque des grands peintres de la Renaissance. Aaaah l&#8217;Italie, \u00e7a vous rend romantique !<\/h2>\n\n\n\n<figure class=\"wp-block-image\"><img decoding=\"async\" src=\"https:\/\/lh3.googleusercontent.com\/Ym6VSQA4g9Y2mBq9NMgUAXcmG2Do9iAQ7XGln4wCPGPY5K7kZIrEZHTLYGN_5sBOHVOOsuRiZ1MANpGmzRoFCQQ4B7Xa7ie9lyoOZXhJVpvkyERTWu2KAWsl1_svHscKScw5h19dUhVGHANgOUCY0Vo\" alt=\"\"\/><\/figure>\n\n\n\n<h2 class=\"wp-block-heading\" style=\"font-size:clamp(14px, 0.875rem + ((1vw - 3.2px) * 0.313), 17px);font-style:normal;font-weight:400\"><strong>Les lieux \u00e0 voir<\/strong><\/h2>\n\n\n\n<ul class=\"wp-block-list\">\n<li style=\"font-size:clamp(14px, 0.875rem + ((1vw - 3.2px) * 0.313), 17px);\">La piazza dei Signori et la piazza delle Erbe : Ce sont pour moi les deux plus belles places, et les deux plus beaux lieux de la ville. C\u00f4te \u00e0 c\u00f4te, elles sont l&#8217;essence m\u00eame du charme de V\u00e9rone.<\/li>\n\n\n\n<li style=\"font-size:clamp(14px, 0.875rem + ((1vw - 3.2px) * 0.313), 17px);\">La torre dei Lamberti : Entre les deux places, se trouve la tour. Il est possible d&#8217;y monter pour avoir une belle vue sur la ville, pour la somme de 6\u20ac.<\/li>\n\n\n\n<li style=\"font-size:clamp(14px, 0.875rem + ((1vw - 3.2px) * 0.313), 17px);\">\u200bLa maison de Juliette : Pour \u00eatre sinc\u00e8re, je n&#8217;ai pas fait la visite car il parait que c&#8217;est un attrape touriste dont le seul int\u00e9r\u00eat est de prendre une photo depuis le balcon de Juliette. N\u00e9anmoins, il est possible de rentrer dans la cour pour voir le balcon et la maison. La tradition veut \u00e9galement qu&#8217;on aille toucher le sein droit de la statue de Juliette, ce qui apporterait bonheur, amour \u00e9ternel et fertilit\u00e9 (la fertilit\u00e9&#8230; tr\u00e8s peu pour moi).<\/li>\n\n\n\n<li style=\"font-size:clamp(14px, 0.875rem + ((1vw - 3.2px) * 0.313), 17px);\">La via Giuseppe Mazzini : C&#8217;est la rue commer\u00e7ante de la ville<\/li>\n\n\n\n<li style=\"font-size:clamp(14px, 0.875rem + ((1vw - 3.2px) * 0.313), 17px);\">\u200bLa piazza Bra et ses ar\u00e8nes : On n&#8217;est pas au colis\u00e9e mais on s&#8217;y approche avec l&#8217;ar\u00e8ne qui borde cette grande place.<\/li>\n\n\n\n<li style=\"font-size:clamp(14px, 0.875rem + ((1vw - 3.2px) * 0.313), 17px);\">\u200bLa vue depuis le Castel San Pietro : S\u00fbrement le plus beau point de vue sur la ville.\u200b<\/li>\n<\/ul>\n\n\n\n<figure class=\"wp-block-image\"><img decoding=\"async\" src=\"https:\/\/lh5.googleusercontent.com\/JfaFB7n5FECe_U1Tf9sarKuebVvmpYUIxFiK64BGD5xldMQ6kcKgQrFZFK281Fv1XL25IZI-7vmYDJOehfAHUFiCNwSEeT8sQDNixQp_bje3RKkF--AFt-aYDL5tbPzJod3MXFidnQuE6Q8loDQal6M\" alt=\"\"\/><\/figure>\n\n\n\n<figure class=\"wp-block-image\"><img decoding=\"async\" src=\"https:\/\/lh5.googleusercontent.com\/xJaxu6NBZBiDZix5IwZ6f8z8DmzeoHRZHtrdz4DKLgQj5FQI3mlEqgbK6n-aTCOk-RFxXr4C4_BXsVLnKtmjkadhUxZ7OiOsH1TjjuRL8VCjR9cD3hhpgpj1sRbIKmDHlDzH6gSmlJS_uVukvhkZR-8\" alt=\"\"\/><\/figure>\n","protected":false},"excerpt":{"rendered":"<p>Si vous ne connaissez pas V\u00e9rone, c&#8217;est que vous avez probablement v\u00e9cu dans une grotte ces 400 derni\u00e8res ann\u00e9es. Pourtant, bien que sa renomm\u00e9e ne soit plus \u00e0 faire, je trouve qu&#8217;on en parle tr\u00e8s peu comme attrait touristique. \u00c9tant de passage dans le nord de l&#8217;Italie, j&#8217;ai donc d\u00e9cid\u00e9 d&#8217;aller jeter un coup d&#8217;\u0153il &hellip; <\/p>\n<p class=\"link-more\"><a href=\"https:\/\/www.uneviesurterre.com\/?page_id=223\" class=\"more-link\">Read more<span class=\"screen-reader-text\"> &#8220;Se faire charmer par V\u00e9rone&#8221;<\/span><\/a><\/p>\n","protected":false},"author":1,"featured_media":0,"parent":0,"menu_order":0,"comment_status":"closed","ping_status":"closed","template":"","meta":{"footnotes":""},"class_list":["post-223","page","type-page","status-publish","hentry"],"jetpack_sharing_enabled":true,"_links":{"self":[{"href":"https:\/\/www.uneviesurterre.com\/index.php?rest_route=\/wp\/v2\/pages\/223","targetHints":{"allow":["GET"]}}],"collection":[{"href":"https:\/\/www.uneviesurterre.com\/index.php?rest_route=\/wp\/v2\/pages"}],"about":[{"href":"https:\/\/www.uneviesurterre.com\/index.php?rest_route=\/wp\/v2\/types\/page"}],"author":[{"embeddable":true,"href":"https:\/\/www.uneviesurterre.com\/index.php?rest_route=\/wp\/v2\/users\/1"}],"replies":[{"embeddable":true,"href":"https:\/\/www.uneviesurterre.com\/index.php?rest_route=%2Fwp%2Fv2%2Fcomments&post=223"}],"version-history":[{"count":2,"href":"https:\/\/www.uneviesurterre.com\/index.php?rest_route=\/wp\/v2\/pages\/223\/revisions"}],"predecessor-version":[{"id":962,"href":"https:\/\/www.uneviesurterre.com\/index.php?rest_route=\/wp\/v2\/pages\/223\/revisions\/962"}],"wp:attachment":[{"href":"https:\/\/www.uneviesurterre.com\/index.php?rest_route=%2Fwp%2Fv2%2Fmedia&parent=223"}],"curies":[{"name":"wp","href":"https:\/\/api.w.org\/{rel}","templated":true}]}}