{"id":221,"date":"2023-10-12T14:43:41","date_gmt":"2023-10-12T12:43:41","guid":{"rendered":"https:\/\/www.uneviesurterre.com\/?page_id=221"},"modified":"2023-11-22T12:35:32","modified_gmt":"2023-11-22T11:35:32","slug":"passer-la-journee-a-sluis-et-dans-ses-alentours","status":"publish","type":"page","link":"https:\/\/www.uneviesurterre.com\/?page_id=221","title":{"rendered":"Passer la journ\u00e9e \u00e0 Sluis et dans ses alentours"},"content":{"rendered":"\n<h2 class=\"wp-block-heading\" style=\"font-size:clamp(14px, 0.875rem + ((1vw - 3.2px) * 0.313), 17px);font-style:normal;font-weight:400\">Situ\u00e9 \u00e0 seulement 1h15 de ma Tournai natale, Sluis propose un d\u00e9paysement \u00e0 port\u00e9e de main&#8230; autre pays, autre culture et autre langue (maar ik zal niet die artiekel in nederland schrijven eh).&nbsp;<\/h2>\n\n\n\n<h2 class=\"wp-block-heading\" style=\"font-size:clamp(14px, 0.875rem + ((1vw - 3.2px) * 0.313), 17px);font-style:normal;font-weight:400\">J&#8217;entends parler de cette ville depuis la fin de mes \u00e9tudes en management du tourisme, quand mon prof de g\u00e9ographie nous racontait ses escapades coquines (Sluis \u00e9tait r\u00e9put\u00e9 en la mati\u00e8re dans les ann\u00e9es 1970, et les belges n&#8217;\u00e9taient pas les derniers \u00e0 aller y faire un tour). Mais c&#8217;est sans arri\u00e8re pens\u00e9e, que quelques ann\u00e9es plus tard, je m&#8217;y rends enfin.<\/h2>\n\n\n\n<figure class=\"wp-block-image\"><img decoding=\"async\" src=\"https:\/\/lh6.googleusercontent.com\/OHg-qNdVlv5ygauoNtE03jFkyzaLQRF3Ew7Ct5e09QFnPSv2k48BrMSJilrJwP_LOotgPiz9KqEbiHF0bf3q1W8K-VFfECm8YUPzIJ0HG_HrQU85niD2QQ5ZPlT2iFZazHuLQyfQaQNAXkoIuv9H8JE\" alt=\"\"\/><\/figure>\n\n\n\n<h2 class=\"wp-block-heading\" style=\"font-size:clamp(14px, 0.875rem + ((1vw - 3.2px) * 0.313), 17px);font-style:normal;font-weight:400\"><strong>Que faire \u00e0 Sluis ?<\/strong><\/h2>\n\n\n\n<h2 class=\"wp-block-heading\" style=\"font-size:clamp(14px, 0.875rem + ((1vw - 3.2px) * 0.313), 17px);font-style:normal;font-weight:400\">Cette ville des Pays-bas, pleine de charme, o\u00f9 il fait bon se promener, est truff\u00e9e de petites boutiques et de restaurants&#8230; de quoi passer un peu de bon temps, en toute simplicit\u00e9.<\/h2>\n\n\n\n<h2 class=\"wp-block-heading\" style=\"font-size:clamp(14px, 0.875rem + ((1vw - 3.2px) * 0.313), 17px);font-style:normal;font-weight:400\">Apr\u00e8s avoir d\u00e9couvert le centre, pourquoi ne pas sortir de l&#8217;agitation urbaine. Les anciens remparts se trouvent seulement \u00e0 quelques pas et proposent une belle balade autour de la ville. Pour ma part, je me suis promen\u00e9 du c\u00f4t\u00e9 de la Westpoort.<\/h2>\n\n\n\n<h2 class=\"wp-block-heading\" style=\"font-size:clamp(14px, 0.875rem + ((1vw - 3.2px) * 0.313), 17px);font-style:normal;font-weight:400\">Mais si je suis all\u00e9 \u00e0 Sluis, c&#8217;est pour une raison bien pr\u00e9cise : pour visiter un mus\u00e9e (et oui, on dirait pas mais je suis cultur\u00e9)! Le mus\u00e9e en question est le Bizarium, qui avait \u00e9t\u00e9 cit\u00e9 comme un des meilleurs mus\u00e9es d&#8217;Europe en 2020. J&#8217;y ai d\u00e9couvert pleins d&#8217;inventions farfelues qui ont parfois inspir\u00e9es les innovations d&#8217;aujourd&#8217;hui, et d&#8217;autres inventions qui m&#8217;ont parfois bien fait rire&#8230; comme cette esp\u00e8ce de chicha \u00e0 tabac \u00e0 ins\u00e9rer dans le post\u00e9rieur des personnes sorties de noyade pour les r\u00e9animer (Je le jure, \u00e7a a sauv\u00e9 des vies en Grande-Bretagne). Seule petite t\u00e2che au tableau, il vous faudra quand m\u00eame d\u00e9penser 16 euros pour visiter ce mus\u00e9e tr\u00e8s original.<\/h2>\n\n\n\n<h2 class=\"wp-block-heading\"><strong>&nbsp;<\/strong><\/h2>\n\n\n\n<div class=\"wp-block-columns is-layout-flex wp-container-core-columns-is-layout-28f84493 wp-block-columns-is-layout-flex\">\n<div class=\"wp-block-column is-layout-flow wp-block-column-is-layout-flow\" style=\"flex-basis:33.33%\">\n<figure class=\"wp-block-image aligncenter size-full is-resized\"><img fetchpriority=\"high\" decoding=\"async\" width=\"540\" height=\"721\" src=\"https:\/\/www.uneviesurterre.com\/wp-content\/uploads\/2023\/11\/P1034881.jpg\" alt=\"\" class=\"wp-image-399\" style=\"width:294px;height:auto\" srcset=\"https:\/\/www.uneviesurterre.com\/wp-content\/uploads\/2023\/11\/P1034881.jpg 540w, https:\/\/www.uneviesurterre.com\/wp-content\/uploads\/2023\/11\/P1034881-225x300.jpg 225w\" sizes=\"(max-width: 540px) 100vw, 540px\" \/><\/figure>\n<\/div>\n\n\n\n<div class=\"wp-block-column is-layout-flow wp-block-column-is-layout-flow\" style=\"flex-basis:66.66%\">\n<figure class=\"wp-block-image aligncenter size-full is-resized\"><img decoding=\"async\" width=\"959\" height=\"721\" src=\"https:\/\/www.uneviesurterre.com\/wp-content\/uploads\/2023\/11\/P1034938-1.jpg\" alt=\"\" class=\"wp-image-400\" style=\"width:523px;height:auto\" srcset=\"https:\/\/www.uneviesurterre.com\/wp-content\/uploads\/2023\/11\/P1034938-1.jpg 959w, https:\/\/www.uneviesurterre.com\/wp-content\/uploads\/2023\/11\/P1034938-1-300x226.jpg 300w, https:\/\/www.uneviesurterre.com\/wp-content\/uploads\/2023\/11\/P1034938-1-768x577.jpg 768w\" sizes=\"(max-width: 959px) 100vw, 959px\" \/><\/figure>\n<\/div>\n<\/div>\n\n\n\n<h2 class=\"wp-block-heading\" style=\"font-size:clamp(14px, 0.875rem + ((1vw - 3.2px) * 0.313), 17px);font-style:normal;font-weight:400\"><strong>Et les alentours ?<\/strong><\/h2>\n\n\n\n<h2 class=\"wp-block-heading\" style=\"font-size:clamp(14px, 0.875rem + ((1vw - 3.2px) * 0.313), 17px);font-style:normal;font-weight:400\">A la base j&#8217;\u00e9tais surtout parti pour visiter Sluis et Cadzand-Bad, la ville c\u00f4ti\u00e8re principale du coin. Mais en traversant Cadzand, j&#8217;ai \u00e9t\u00e9 un peu d\u00e9\u00e7u car elle m&#8217;a \u00e9norm\u00e9ment fait penser aux autres villes qu&#8217;on peut retrouver en Belgique. Alors, mon aventure s&#8217;est transform\u00e9 en d\u00e9couverte des villages alentours, et l\u00e0&#8230; c&#8217;est LA CLAC. M\u00eame s&#8217;ils n&#8217;ont pas d&#8217;attraits touristiques particuliers, et qu&#8217;ils font la plupart du temps la taille d&#8217;une rue, je suis tomb\u00e9 amoureux de leur charme \u00e0 l&#8217;anglaise. Voici les villages dans lesquels je me suis arr\u00eat\u00e9 :<\/h2>\n\n\n\n<h2 class=\"wp-block-heading\" style=\"font-size:clamp(14px, 0.875rem + ((1vw - 3.2px) * 0.313), 17px);font-style:normal;font-weight:400\">Retranchement (Avec sa longue promenade le long du Zwin)<\/h2>\n\n\n\n<h2 class=\"wp-block-heading\" style=\"font-size:clamp(14px, 0.875rem + ((1vw - 3.2px) * 0.313), 17px);font-style:normal;font-weight:400\">Cadzand-Dorp (le village au cach\u00e9 incroyable)<\/h2>\n\n\n\n<h2 class=\"wp-block-heading\" style=\"font-size:clamp(14px, 0.875rem + ((1vw - 3.2px) * 0.313), 17px);font-style:normal;font-weight:400\">Sint Marie ter Muiden (Tout petit village compos\u00e9 principalement de cette rue magnifique, \u00e0 une centaine de m\u00e8tre de Sluis)<\/h2>\n\n\n\n<div style=\"height:44px\" aria-hidden=\"true\" class=\"wp-block-spacer\"><\/div>\n\n\n\n<div class=\"alignwide\"><div id=\"metaslider-id-379\" style=\"max-width: 900px; margin: 0 auto;\" class=\"ml-slider-3-108-0 metaslider metaslider-flex metaslider-379 ml-slider ms-theme-simply-dark nav-hidden\" role=\"region\" aria-label=\"Sluis #1\" data-height=\"500\" data-width=\"900\">\n    <div id=\"metaslider_container_379\">\n        <div id=\"metaslider_379\">\n            <ul class='slides'>\n                <li style=\"display: block; width: 100%;\" class=\"slide-384 ms-image \" aria-roledescription=\"slide\" data-date=\"2023-11-22 11:59:49\" data-filename=\"P1034929-585x325.jpg\" data-slide-type=\"image\"><img decoding=\"async\" src=\"https:\/\/www.uneviesurterre.com\/wp-content\/uploads\/2023\/11\/P1034929-585x325.jpg\" height=\"500\" width=\"900\" alt=\"\" class=\"slider-379 slide-384 msDefaultImage\" \/><\/li>\n                <li style=\"display: none; width: 100%;\" class=\"slide-385 ms-image \" aria-roledescription=\"slide\" data-date=\"2023-11-22 11:59:49\" data-filename=\"P1034925-585x325.jpg\" data-slide-type=\"image\"><img loading=\"lazy\" decoding=\"async\" src=\"https:\/\/www.uneviesurterre.com\/wp-content\/uploads\/2023\/11\/P1034925-585x325.jpg\" height=\"500\" width=\"900\" alt=\"\" class=\"slider-379 slide-385 msDefaultImage\" \/><\/li>\n                <li style=\"display: none; width: 100%;\" class=\"slide-386 ms-image \" aria-roledescription=\"slide\" data-date=\"2023-11-22 11:59:49\" data-filename=\"P1034889-585x325.jpg\" data-slide-type=\"image\"><img loading=\"lazy\" decoding=\"async\" src=\"https:\/\/www.uneviesurterre.com\/wp-content\/uploads\/2023\/11\/P1034889-585x325.jpg\" height=\"500\" width=\"900\" alt=\"\" class=\"slider-379 slide-386 msDefaultImage\" \/><\/li>\n                <li style=\"display: none; width: 100%;\" class=\"slide-393 ms-image \" aria-roledescription=\"slide\" data-date=\"2023-11-22 12:19:26\" data-filename=\"P1034938-e1700652199799-597x332.jpg\" data-slide-type=\"image\"><img loading=\"lazy\" decoding=\"async\" src=\"https:\/\/www.uneviesurterre.com\/wp-content\/uploads\/2023\/11\/P1034938-e1700652199799-597x332.jpg\" height=\"500\" width=\"900\" alt=\"\" class=\"slider-379 slide-393 msDefaultImage\" \/><\/li>\n            <\/ul>\n        <\/div>\n        \n    <\/div>\n<\/div><\/div>\n\n\n\n<div style=\"height:75px\" aria-hidden=\"true\" class=\"wp-block-spacer\"><\/div>\n","protected":false},"excerpt":{"rendered":"<p>Situ\u00e9 \u00e0 seulement 1h15 de ma Tournai natale, Sluis propose un d\u00e9paysement \u00e0 port\u00e9e de main&#8230; autre pays, autre culture et autre langue (maar ik zal niet die artiekel in nederland schrijven eh).&nbsp; J&#8217;entends parler de cette ville depuis la fin de mes \u00e9tudes en management du tourisme, quand mon prof de g\u00e9ographie nous racontait &hellip; <\/p>\n<p class=\"link-more\"><a href=\"https:\/\/www.uneviesurterre.com\/?page_id=221\" class=\"more-link\">Read more<span class=\"screen-reader-text\"> &#8220;Passer la journ\u00e9e \u00e0 Sluis et dans ses alentours&#8221;<\/span><\/a><\/p>\n","protected":false},"author":1,"featured_media":0,"parent":0,"menu_order":0,"comment_status":"closed","ping_status":"closed","template":"","meta":{"footnotes":""},"class_list":["post-221","page","type-page","status-publish","hentry"],"jetpack_sharing_enabled":true,"_links":{"self":[{"href":"https:\/\/www.uneviesurterre.com\/index.php?rest_route=\/wp\/v2\/pages\/221","targetHints":{"allow":["GET"]}}],"collection":[{"href":"https:\/\/www.uneviesurterre.com\/index.php?rest_route=\/wp\/v2\/pages"}],"about":[{"href":"https:\/\/www.uneviesurterre.com\/index.php?rest_route=\/wp\/v2\/types\/page"}],"author":[{"embeddable":true,"href":"https:\/\/www.uneviesurterre.com\/index.php?rest_route=\/wp\/v2\/users\/1"}],"replies":[{"embeddable":true,"href":"https:\/\/www.uneviesurterre.com\/index.php?rest_route=%2Fwp%2Fv2%2Fcomments&post=221"}],"version-history":[{"count":11,"href":"https:\/\/www.uneviesurterre.com\/index.php?rest_route=\/wp\/v2\/pages\/221\/revisions"}],"predecessor-version":[{"id":404,"href":"https:\/\/www.uneviesurterre.com\/index.php?rest_route=\/wp\/v2\/pages\/221\/revisions\/404"}],"wp:attachment":[{"href":"https:\/\/www.uneviesurterre.com\/index.php?rest_route=%2Fwp%2Fv2%2Fmedia&parent=221"}],"curies":[{"name":"wp","href":"https:\/\/api.w.org\/{rel}","templated":true}]}}