{"id":219,"date":"2023-10-12T12:56:04","date_gmt":"2023-10-12T10:56:04","guid":{"rendered":"https:\/\/www.uneviesurterre.com\/?page_id=219"},"modified":"2023-12-10T19:54:55","modified_gmt":"2023-12-10T18:54:55","slug":"ce-quil-ne-faut-pas-manquer-a-lisbonne","status":"publish","type":"page","link":"https:\/\/www.uneviesurterre.com\/?page_id=219","title":{"rendered":"Ce qu&#8217;il ne faut pas manquer \u00e0 Lisbonne"},"content":{"rendered":"\n<h2 class=\"wp-block-heading\" style=\"font-size:clamp(14px, 0.875rem + ((1vw - 3.2px) * 0.313), 17px);font-style:normal;font-weight:400\"><strong>Manger local<\/strong><\/h2>\n\n\n\n<h2 class=\"wp-block-heading\" style=\"font-size:clamp(14px, 0.875rem + ((1vw - 3.2px) * 0.313), 17px);font-style:normal;font-weight:400\">Je ne vais pas vous mentir, je pense que j&#8217;ai pass\u00e9 70% de mon temps \u00e0 Lisbonne \u00e0 manger (&#8220;quel gros sac&#8221; comme on dit chez nous). Et pour cause, le Portugal ne manque pas de sp\u00e9cialit\u00e9s, qui sont soit assez all\u00e9chantes ou assez intrigantes pour qu&#8217;on les go\u00fbte.&nbsp;<\/h2>\n\n\n\n<h2 class=\"wp-block-heading\" style=\"font-size:clamp(14px, 0.875rem + ((1vw - 3.2px) * 0.313), 17px);font-style:normal;font-weight:400\">Le Pasteis de Nata : le fameux Pasteis de Nata n&#8217;est plus \u00e0 pr\u00e9senter, et il m\u00e9rite clairement sa renomm\u00e9e. C&#8217;est ce genre d&#8217;en-cas qui a ce quelque chose en plus qui le rend exceptionnel.&nbsp;<\/h2>\n\n\n\n<h2 class=\"wp-block-heading\" style=\"font-size:clamp(14px, 0.875rem + ((1vw - 3.2px) * 0.313), 17px);font-style:normal;font-weight:400\">Seafood : Qui dit ville portuaire, dit in\u00e9vitablement : poisson. Pour ma part, je n&#8217;ai pas r\u00e9sist\u00e9 \u00e0 la tentation de go\u00fbter un plat \u00e0 base de poulpe, qui est une des signatures de la ville. Ma compagne de voyage a, elle, opt\u00e9e pour les sardines grill\u00e9es, dont elle est follement tomb\u00e9e amoureuse.<\/h2>\n\n\n\n<h2 class=\"wp-block-heading\" style=\"font-size:clamp(14px, 0.875rem + ((1vw - 3.2px) * 0.313), 17px);font-style:normal;font-weight:400\">Le pastel de Bacalhau (morue) : Accrochez votre estomac, vos narines et tout ce dont vous vous servez pour manger. Le Bacalhau, c&#8217;est vraiment sp\u00e9cial. Ca vous fait voyager directement dans les tr\u00e9fonds de la mer. Dans plusieurs endroits de la ville, vous trouverez des magasins vendant des pastel de Bacalhau. Ce sont des sortes de beignets fourr\u00e9s \u00e0 la morue et au fromage local. Vous m&#8217;en direz des nouvelles.<\/h2>\n\n\n\n<h2 class=\"wp-block-heading has-text-align-left\" style=\"font-size:clamp(14px, 0.875rem + ((1vw - 3.2px) * 0.313), 17px);font-style:normal;font-weight:400\">Bonne adresse pour manger local : le Timeout Market<\/h2>\n\n\n\n<figure class=\"wp-block-image\"><img decoding=\"async\" src=\"https:\/\/lh6.googleusercontent.com\/WI2j4FVquz82XxpVZ_ZqomY-7OFMT0svHsNYr__JEEBpwIdnYzmTEOYhSHQKza32xyAow-znWNPAAkSXdPTCCNuJJlbNw7gqM5LvmKkqzbx9z_Vx8ZyTYnvN35a1IpvuTqMrW1w7xiYeBwr3ZjF_0pU\" alt=\"P1034852.jpg\"\/><\/figure>\n\n\n\n<h2 class=\"wp-block-heading\" style=\"font-size:clamp(14px, 0.875rem + ((1vw - 3.2px) * 0.313), 17px);font-style:normal;font-weight:400\"><strong>Passer une soir\u00e9e au son du Fado<\/strong><\/h2>\n\n\n\n<h2 class=\"wp-block-heading\" style=\"font-size:clamp(14px, 0.875rem + ((1vw - 3.2px) * 0.313), 17px);font-style:normal;font-weight:400\">Le premier soir, nous avons mang\u00e9 au restaurant O&#8217;faia. Une bonne adresse proposant une formule particuli\u00e8re, comprenant un repas trois services entrecoup\u00e9 de diff\u00e9rents spectacles de fado. Le prix pour passer une soir\u00e9e exceptionnelle : 60 euros hors boisson.<\/h2>\n\n\n\n<h2 class=\"wp-block-heading\" style=\"font-size:clamp(14px, 0.875rem + ((1vw - 3.2px) * 0.313), 17px);font-style:normal;font-weight:400\">Pour ceux qui ne connaissent pas le &#8220;fado&#8221;, il s&#8217;agit d&#8217;un genre musicale portugais, alliant instruments \u00e0 cordes et chants folkloriques.&nbsp;<\/h2>\n\n\n\n<h2 class=\"wp-block-heading\" style=\"font-size:clamp(14px, 0.875rem + ((1vw - 3.2px) * 0.313), 17px);font-style:normal;font-weight:400\"><strong>La trilogie de Bel\u00e9m<\/strong><\/h2>\n\n\n\n<h2 class=\"wp-block-heading\" style=\"font-size:clamp(14px, 0.875rem + ((1vw - 3.2px) * 0.313), 17px);font-style:normal;font-weight:400\">Bel\u00e9m se trouve \u00e0 quelques kilom\u00e8tres de Lisbonne et est facilement accessible depuis le centre via le tram 15e. Ce quartier, tr\u00e8s touristique, est connu pour sa Tour de Bel\u00e9m, une ancienne fortification de Lisbonne ancr\u00e9e dans le Tage. Lors de votre visite, ne manquez pas non plus la Padrao de descobrimentos, \u00e9rig\u00e9e en honneur des navigateurs, et le majestueux Monasterio de Jeronimos.<\/h2>\n\n\n\n<h2 class=\"wp-block-heading\" style=\"font-size:clamp(14px, 0.875rem + ((1vw - 3.2px) * 0.313), 17px);font-style:normal;font-weight:400\">Les personnes ayant un peu de temps devant eux feront la file pour go\u00fbter aux meilleurs Pasteis de Lisbonne, ceux de la boutique &#8220;Pasteis de Bel\u00e9m&#8221;.&nbsp;&nbsp;<\/h2>\n\n\n\n<figure class=\"wp-block-image\"><img decoding=\"async\" src=\"https:\/\/lh6.googleusercontent.com\/wMz5VjE4xs6F6J0SsCF7RuWVDg0tdbN5_vaXTR_GB00LElEjR08S65OMDfHINnGAX551_PnkK79WlOd8omtqWr2luMnGykA47RuBLhZQyiIE0BWyjxfd42YPUpSOqaFQubRVbhhyTzBa7dn6rDpl6cg\" alt=\"\"\/><\/figure>\n\n\n\n<h2 class=\"wp-block-heading\" style=\"font-size:clamp(14px, 0.875rem + ((1vw - 3.2px) * 0.313), 17px);font-style:normal;font-weight:400\"><strong>Vagabonder entre le centre et l&#8217;Alfama<\/strong><\/h2>\n\n\n\n<h2 class=\"wp-block-heading\" style=\"font-size:clamp(14px, 0.875rem + ((1vw - 3.2px) * 0.313), 17px);font-style:normal;font-weight:400\">Le centre de Lisbonne est une v\u00e9ritable beaut\u00e9. Lors de notre premi\u00e8re journ\u00e9e, nous avons pris le temps de le d\u00e9couvrir \u00e0 pied (histoire de faire chauffer les mollets). Nous avons long\u00e9 le Tage jusqu&#8217;\u00e0 l&#8217;immense Pra\u00e7a de comercio, et nous avons arpent\u00e9 la rua Santa Augusta pour d\u00e9couvrir l&#8217;ascenseur de Santa Justa au coin d&#8217;une rue. Ensuite, nous sommes parti sur les hauteurs de l&#8217;Alfama, le vieux quartier de Lisbonne, en nous perdant volontairement dans ses innombrables ruelles. Les points de vues sur la ville y sont magnifiques. Mon pr\u00e9f\u00e9r\u00e9 a s\u00fbrement \u00e9t\u00e9 le Miradouro de Santa Luiza, que nous avons quitt\u00e9 pour terminer notre exp\u00e9dition \u00e0 la Cath\u00e9drale de S\u00e9.<\/h2>\n\n\n\n<figure class=\"wp-block-image\"><img decoding=\"async\" src=\"https:\/\/lh5.googleusercontent.com\/t0zMV1zxqoYNMo1cLo2FrDLbh93wOCA-8hjmjcbOXx1jG7EYf62W5ralbI8E798cezFou_VDa9irjgBDD6fKFPrJOjoUXOMEKSfDVKwSzh9xrs5671RO994wlR1uH0R5UCKkgZud6Ng5ybDPruQE_MM\" alt=\"\"\/><\/figure>\n\n\n\n<h2 class=\"wp-block-heading\" style=\"font-size:clamp(14px, 0.875rem + ((1vw - 3.2px) * 0.313), 17px);font-style:normal;font-weight:400\"><strong>Prendre le fameux tram 28<\/strong><\/h2>\n\n\n\n<h2 class=\"wp-block-heading\" style=\"font-size:clamp(14px, 0.875rem + ((1vw - 3.2px) * 0.313), 17px);font-style:normal;font-weight:400\">Remonter l&#8217;histoire en suivant cette ligne de tram inaugur\u00e9e en 1914. Encore une fois c&#8217;est un immanquable, connu de tous, qui m&#8217;a s\u00e9duit. Comme il faisait pluvieux le dernier jour nous avons choisi de nous mettre \u00e0 sec et de traverser la ville d&#8217;une mani\u00e8re diff\u00e9rente pour nous donner un autre point de vue. Nous avons ador\u00e9 voyager \u00e0 bord de ce vieux tram au d\u00e9cor de bois.<\/h2>\n\n\n\n<h2 class=\"wp-block-heading\" style=\"font-size:clamp(14px, 0.875rem + ((1vw - 3.2px) * 0.313), 17px);font-style:normal;font-weight:400\">Pour les personnes ayant plus de temps que nous sur place, je vous partage quelques endroits que j&#8217;avais mis dans ma check-list mais que nous n&#8217;avons pas eu le temps de voir : le point de vue Panoramico de Monsanto, la ville de Sintra et son ch\u00e2teau (\u00e0 1h de route) et la petite ville de Cascais (\u00e0 1h de route \u00e9galement)<\/h2>\n\n\n\n<div class=\"alignnormal\"><div id=\"metaslider-id-589\" style=\"width: 100%;\" class=\"ml-slider-3-108-0 metaslider metaslider-flex metaslider-589 ml-slider ms-theme-simply-dark nav-hidden\" role=\"region\" aria-label=\"Lisbonne\" data-height=\"900\" data-width=\"600\">\n    <div id=\"metaslider_container_589\">\n        <div id=\"metaslider_589\">\n            <ul class='slides'>\n                <li style=\"display: block; width: 100%;\" class=\"slide-593 ms-image \" aria-roledescription=\"slide\" data-date=\"2023-12-10 19:51:01\" data-filename=\"P1034861-515x773.jpg\" data-slide-type=\"image\"><img fetchpriority=\"high\" decoding=\"async\" src=\"https:\/\/www.uneviesurterre.com\/wp-content\/uploads\/2023\/12\/P1034861-515x773.jpg\" height=\"900\" width=\"600\" alt=\"\" class=\"slider-589 slide-593 msDefaultImage\" title=\"P1034861\" \/><\/li>\n                <li style=\"display: none; width: 100%;\" class=\"slide-594 ms-image \" aria-roledescription=\"slide\" data-date=\"2023-12-10 19:51:01\" data-filename=\"P1034815-515x773.jpg\" data-slide-type=\"image\"><img decoding=\"async\" src=\"https:\/\/www.uneviesurterre.com\/wp-content\/uploads\/2023\/12\/P1034815-515x773.jpg\" height=\"900\" width=\"600\" alt=\"\" class=\"slider-589 slide-594 msDefaultImage\" title=\"P1034815\" \/><\/li>\n                <li style=\"display: none; width: 100%;\" class=\"slide-595 ms-image \" aria-roledescription=\"slide\" data-date=\"2023-12-10 19:51:01\" data-filename=\"P1034830-515x773.jpg\" data-slide-type=\"image\"><img decoding=\"async\" src=\"https:\/\/www.uneviesurterre.com\/wp-content\/uploads\/2023\/12\/P1034830-515x773.jpg\" height=\"900\" width=\"600\" alt=\"\" class=\"slider-589 slide-595 msDefaultImage\" title=\"P1034830\" \/><\/li>\n            <\/ul>\n        <\/div>\n        \n    <\/div>\n<\/div><\/div>\n","protected":false},"excerpt":{"rendered":"<p>Manger local Je ne vais pas vous mentir, je pense que j&#8217;ai pass\u00e9 70% de mon temps \u00e0 Lisbonne \u00e0 manger (&#8220;quel gros sac&#8221; comme on dit chez nous). Et pour cause, le Portugal ne manque pas de sp\u00e9cialit\u00e9s, qui sont soit assez all\u00e9chantes ou assez intrigantes pour qu&#8217;on les go\u00fbte.&nbsp; Le Pasteis de Nata &hellip; <\/p>\n<p class=\"link-more\"><a href=\"https:\/\/www.uneviesurterre.com\/?page_id=219\" class=\"more-link\">Read more<span class=\"screen-reader-text\"> &#8220;Ce qu&#8217;il ne faut pas manquer \u00e0 Lisbonne&#8221;<\/span><\/a><\/p>\n","protected":false},"author":1,"featured_media":0,"parent":0,"menu_order":0,"comment_status":"closed","ping_status":"closed","template":"","meta":{"footnotes":""},"class_list":["post-219","page","type-page","status-publish","hentry"],"jetpack_sharing_enabled":true,"_links":{"self":[{"href":"https:\/\/www.uneviesurterre.com\/index.php?rest_route=\/wp\/v2\/pages\/219","targetHints":{"allow":["GET"]}}],"collection":[{"href":"https:\/\/www.uneviesurterre.com\/index.php?rest_route=\/wp\/v2\/pages"}],"about":[{"href":"https:\/\/www.uneviesurterre.com\/index.php?rest_route=\/wp\/v2\/types\/page"}],"author":[{"embeddable":true,"href":"https:\/\/www.uneviesurterre.com\/index.php?rest_route=\/wp\/v2\/users\/1"}],"replies":[{"embeddable":true,"href":"https:\/\/www.uneviesurterre.com\/index.php?rest_route=%2Fwp%2Fv2%2Fcomments&post=219"}],"version-history":[{"count":6,"href":"https:\/\/www.uneviesurterre.com\/index.php?rest_route=\/wp\/v2\/pages\/219\/revisions"}],"predecessor-version":[{"id":598,"href":"https:\/\/www.uneviesurterre.com\/index.php?rest_route=\/wp\/v2\/pages\/219\/revisions\/598"}],"wp:attachment":[{"href":"https:\/\/www.uneviesurterre.com\/index.php?rest_route=%2Fwp%2Fv2%2Fmedia&parent=219"}],"curies":[{"name":"wp","href":"https:\/\/api.w.org\/{rel}","templated":true}]}}