{"id":217,"date":"2023-10-12T12:54:27","date_gmt":"2023-10-12T10:54:27","guid":{"rendered":"https:\/\/www.uneviesurterre.com\/?page_id=217"},"modified":"2023-12-07T14:07:28","modified_gmt":"2023-12-07T13:07:28","slug":"grindelwald-en-route-vers-le-bachalpsee-et-plus","status":"publish","type":"page","link":"https:\/\/www.uneviesurterre.com\/?page_id=217","title":{"rendered":"Grindelwald : en route vers le Bachalpsee, et plus &#8230;"},"content":{"rendered":"\n<h2 class=\"wp-block-heading\" style=\"font-size:clamp(14px, 0.875rem + ((1vw - 3.2px) * 0.313), 17px);font-style:normal;font-weight:400\">Aujourd&#8217;hui, Grindelwald sera le point de d\u00e9part de mes d\u00e9couvertes. Apr\u00e8s une bonne nuit de repos je me rends dans ce village tr\u00e8s fr\u00e9quent\u00e9 des touristes. Il s&#8217;agit d&#8217;un lieu incontournable pour tous les amoureux de randonn\u00e9es, cyclo-cross et autres sports en tout genre. Le nombre de sommets autour est impressionnant. Personnellement, je prends le t\u00e9l\u00e9cabine depuis le centre, en direction de la station &#8220;First&#8221; et du Bachalpsee.<\/h2>\n\n\n\n<h2 class=\"wp-block-heading\" style=\"font-size:clamp(14px, 0.875rem + ((1vw - 3.2px) * 0.313), 17px);font-style:normal;font-weight:400\">On va pas se mentir, le t\u00e9l\u00e9cabine n&#8217;est pas pour rien. Avec ma r\u00e9duction obtenu au camping la veille, l&#8217;aller-retour me reviendra \u00e0 48CHF. Sans la r\u00e9duction on en est \u00e0 63CHF (C&#8217;est la Suisse baby).&nbsp;<\/h2>\n\n\n\n<figure class=\"wp-block-image\"><img decoding=\"async\" src=\"https:\/\/lh3.googleusercontent.com\/ZHGg8xl3gjVs7OMul-Ka-Zty8Xutq_0F4y3P-Z9JlpDIzDLJBuzLS_KOj-xfmdkU0Oa43cXbTg90fj7X7xYWFZkJjQjO3GXPh4Cce6jBCAKZ7iXWKFusiTTuOYJJSRjyE6wUwUoGj9y0S3ZNSt0poHw\" alt=\"P1024295.jpg\"\/><\/figure>\n\n\n\n<h2 class=\"wp-block-heading\" style=\"font-size:clamp(14px, 0.875rem + ((1vw - 3.2px) * 0.313), 17px);font-style:normal;font-weight:400\">Arriv\u00e9 \u00e0 First, je commence par l&#8217;attraction \u00e0 touristes : le &#8220;Cliff Walk&#8221;. Je ne m&#8217;y arr\u00eate m\u00eame pas pour y faire LA photo, tellement l&#8217;amas de visiteurs me rebute. Je continue donc rapidement ma route vers mon objectif du jour, le Bachalpsee et sa vue magnifique. Ce qui rend ce lac particulier c&#8217;est la connexion qu&#8217;il y a entre ses eaux et les montagnes qui l&#8217;entourent (on va pas se mentir, en photo \u00e7a donne pas mal).<\/h2>\n\n\n\n<h2 class=\"wp-block-heading\" style=\"font-size:clamp(14px, 0.875rem + ((1vw - 3.2px) * 0.313), 17px);font-style:normal;font-weight:400\">Ensuite, j&#8217;ai continu\u00e9 ma route pour aller toujours un peu plus haut. Le sentier m&#8217;a men\u00e9 directement vers le sommet du Faulhorn, un belv\u00e9d\u00e8re de qualit\u00e9 pour admirer la cha\u00eene de montagne qui m&#8217;accompagne depuis le d\u00e9but, mais aussi les lacs de Thoune et de Brienz que j&#8217;avais quitt\u00e9 la veille. Honn\u00eatement, il y a-t-il une meilleure sensation que d&#8217;admirer un panorama d&#8217;exception acquis \u00e0 la force de son corps ?&#8230; Essouffl\u00e9, mais heureux !<\/h2>\n\n\n\n<div style=\"height:31px\" aria-hidden=\"true\" class=\"wp-block-spacer\"><\/div>\n\n\n\n<div class=\"alignnormal\"><div id=\"metaslider-id-574\" style=\"width: 100%;\" class=\"ml-slider-3-108-0 metaslider metaslider-flex metaslider-574 ml-slider ms-theme-default nav-hidden\" role=\"region\" aria-label=\"Suisse-Grindelwald\" data-height=\"1200\" data-width=\"1800\">\n    <div id=\"metaslider_container_574\">\n        <div id=\"metaslider_574\">\n            <ul class='slides'>\n                <li style=\"display: block; width: 100%;\" class=\"slide-578 ms-image \" aria-roledescription=\"slide\" data-date=\"2023-12-07 14:05:53\" data-filename=\"920800_5de28f1e1c17468eb41e9bd49c504f8bmv2-629x419.jpg\" data-slide-type=\"image\"><img fetchpriority=\"high\" decoding=\"async\" src=\"https:\/\/www.uneviesurterre.com\/wp-content\/uploads\/2023\/12\/920800_5de28f1e1c17468eb41e9bd49c504f8bmv2-629x419.jpg\" height=\"1200\" width=\"1800\" alt=\"\" class=\"slider-574 slide-578 msDefaultImage\" title=\"920800_5de28f1e1c17468eb41e9bd49c504f8b~mv2\" \/><\/li>\n                <li style=\"display: none; width: 100%;\" class=\"slide-579 ms-image \" aria-roledescription=\"slide\" data-date=\"2023-12-07 14:05:53\" data-filename=\"920800_63ae2235c2664898911ceb16dda1963dmv2-629x419.jpg\" data-slide-type=\"image\"><img decoding=\"async\" src=\"https:\/\/www.uneviesurterre.com\/wp-content\/uploads\/2023\/12\/920800_63ae2235c2664898911ceb16dda1963dmv2-629x419.jpg\" height=\"1200\" width=\"1800\" alt=\"\" class=\"slider-574 slide-579 msDefaultImage\" title=\"920800_63ae2235c2664898911ceb16dda1963d~mv2\" \/><\/li>\n                <li style=\"display: none; width: 100%;\" class=\"slide-580 ms-image \" aria-roledescription=\"slide\" data-date=\"2023-12-07 14:05:53\" data-filename=\"920800_923df90558a54838bd91e6ad09bead2bmv2-629x419.jpg\" data-slide-type=\"image\"><img decoding=\"async\" src=\"https:\/\/www.uneviesurterre.com\/wp-content\/uploads\/2023\/12\/920800_923df90558a54838bd91e6ad09bead2bmv2-629x419.jpg\" height=\"1200\" width=\"1800\" alt=\"\" class=\"slider-574 slide-580 msDefaultImage\" title=\"920800_923df90558a54838bd91e6ad09bead2b~mv2\" \/><\/li>\n            <\/ul>\n        <\/div>\n        \n    <\/div>\n<\/div><\/div>\n\n\n\n<div style=\"height:31px\" aria-hidden=\"true\" class=\"wp-block-spacer\"><\/div>\n","protected":false},"excerpt":{"rendered":"<p>Aujourd&#8217;hui, Grindelwald sera le point de d\u00e9part de mes d\u00e9couvertes. Apr\u00e8s une bonne nuit de repos je me rends dans ce village tr\u00e8s fr\u00e9quent\u00e9 des touristes. Il s&#8217;agit d&#8217;un lieu incontournable pour tous les amoureux de randonn\u00e9es, cyclo-cross et autres sports en tout genre. Le nombre de sommets autour est impressionnant. Personnellement, je prends le &hellip; <\/p>\n<p class=\"link-more\"><a href=\"https:\/\/www.uneviesurterre.com\/?page_id=217\" class=\"more-link\">Read more<span class=\"screen-reader-text\"> &#8220;Grindelwald : en route vers le Bachalpsee, et plus &#8230;&#8221;<\/span><\/a><\/p>\n","protected":false},"author":1,"featured_media":0,"parent":0,"menu_order":0,"comment_status":"closed","ping_status":"closed","template":"","meta":{"footnotes":""},"class_list":["post-217","page","type-page","status-publish","hentry"],"jetpack_sharing_enabled":true,"_links":{"self":[{"href":"https:\/\/www.uneviesurterre.com\/index.php?rest_route=\/wp\/v2\/pages\/217","targetHints":{"allow":["GET"]}}],"collection":[{"href":"https:\/\/www.uneviesurterre.com\/index.php?rest_route=\/wp\/v2\/pages"}],"about":[{"href":"https:\/\/www.uneviesurterre.com\/index.php?rest_route=\/wp\/v2\/types\/page"}],"author":[{"embeddable":true,"href":"https:\/\/www.uneviesurterre.com\/index.php?rest_route=\/wp\/v2\/users\/1"}],"replies":[{"embeddable":true,"href":"https:\/\/www.uneviesurterre.com\/index.php?rest_route=%2Fwp%2Fv2%2Fcomments&post=217"}],"version-history":[{"count":3,"href":"https:\/\/www.uneviesurterre.com\/index.php?rest_route=\/wp\/v2\/pages\/217\/revisions"}],"predecessor-version":[{"id":582,"href":"https:\/\/www.uneviesurterre.com\/index.php?rest_route=\/wp\/v2\/pages\/217\/revisions\/582"}],"wp:attachment":[{"href":"https:\/\/www.uneviesurterre.com\/index.php?rest_route=%2Fwp%2Fv2%2Fmedia&parent=217"}],"curies":[{"name":"wp","href":"https:\/\/api.w.org\/{rel}","templated":true}]}}