{"id":215,"date":"2023-10-12T12:53:37","date_gmt":"2023-10-12T10:53:37","guid":{"rendered":"https:\/\/www.uneviesurterre.com\/?page_id=215"},"modified":"2023-10-12T12:53:37","modified_gmt":"2023-10-12T10:53:37","slug":"decouvrir-loeschinensee","status":"publish","type":"page","link":"https:\/\/www.uneviesurterre.com\/?page_id=215","title":{"rendered":"D\u00e9couvrir l&#8217;Oeschinensee"},"content":{"rendered":"\n<h2 class=\"wp-block-heading\" style=\"font-size:clamp(14px, 0.875rem + ((1vw - 3.2px) * 0.313), 17px);font-style:normal;font-weight:400\">Premier jour en Suisse et j&#8217;ai d\u00e9j\u00e0 la t\u00eate dans les nuages&#8230; litt\u00e9ralement parlant. Il y a peu de visibilit\u00e9 mais la m\u00e9t\u00e9o s&#8217;annonce bonne alors on ne change pas le programme, on met les chaussures de rando et on part marcher.<\/h2>\n\n\n\n<figure class=\"wp-block-image\"><img decoding=\"async\" src=\"https:\/\/lh6.googleusercontent.com\/txo5r1CVsaBIS_a7V_nabLm8i0s3M9hQAeDxfg7l-FavHqbtmqJ7vuCHsCLKD1aXjYzPtlJsJENFSr8eEqRNdiCnx1bxdtYyw1nNUVjLXWlMLhETQJvX7OKs-Djdrt8PO1ldJe8MjfzHyX61FFoxn-Y\" alt=\"P1024209.jpg\"\/><\/figure>\n\n\n\n<h2 class=\"wp-block-heading\" style=\"font-size:clamp(14px, 0.875rem + ((1vw - 3.2px) * 0.313), 17px);font-style:normal;font-weight:400\">Pour mes d\u00e9buts en terre helv\u00e8te, j&#8217;ai choisi de grimper jusqu&#8217;au Oeschinensee, qui \u00e9tait pas mal recommand\u00e9 sur d&#8217;autres sites de voyage&#8230; \u00e0 juste titre.<\/h2>\n\n\n\n<h2 class=\"wp-block-heading\" style=\"font-size:clamp(14px, 0.875rem + ((1vw - 3.2px) * 0.313), 17px);font-style:normal;font-weight:400\">Parti \u00e0 pied depuis le parking \u00e0 Kendersteg, il m\u2019aura fallu une heure pour atteindre le lac teint\u00e9 d\u2019un magnifique bleu. Ca me rappelle les lacs d\u2019Alberta, avec cette fois-ci des nuages tr\u00e8s bas qui donnent une ambiance particuli\u00e8re. Je me mets \u00e0 contourner le lac pour mieux admirer les murs de roches qui me font faces, jusqu\u2019\u00e0 trouver un chemin les surmontant.<\/h2>\n\n\n\n<figure class=\"wp-block-image\"><img decoding=\"async\" src=\"https:\/\/lh3.googleusercontent.com\/ng20ezudI5hcus3oa-pXeqDIbZlzbZuuA06niy9jqFzgofKU89IoFaTK0-1pIBxkTTyVg30uq4ON1AbSbtXdRCP09sS3ZxzGws49KVpPLfHINvDgu9Ja4DZQ-twZ079kfjoFh27Jvu-NKHz1PP9gbik\" alt=\"P1024243.jpg\"\/><\/figure>\n\n\n\n<h2 class=\"wp-block-heading\" style=\"font-size:clamp(14px, 0.875rem + ((1vw - 3.2px) * 0.313), 17px);font-style:normal;font-weight:400\">La mont\u00e9e est dure, et en plus les nuages bas sont toujours pr\u00e9sents. Arriv\u00e9 en haut\u2026 pas de vue. Heureusement pour moi 20 min apr\u00e8s mon arriv\u00e9e, le ciel se d\u00e9gage, et je commence \u00e0 apercevoir ce qui est autour de moi depuis le d\u00e9but\u2026 Des&nbsp; monts enneig\u00e9s, des montagnes impressionnantes. C\u2019est magnifique, presque inimaginable.<\/h2>\n\n\n\n<h2 class=\"wp-block-heading\" style=\"font-size:clamp(14px, 0.875rem + ((1vw - 3.2px) * 0.313), 17px);font-style:normal;font-weight:400\">Le voyage commence bien, la Suisse est incroyable.<\/h2>\n\n\n\n<figure class=\"wp-block-image\"><img decoding=\"async\" src=\"https:\/\/lh6.googleusercontent.com\/3s7KzQomizuzzP40dVKFL7wcs-d5mXFuuprLfn1TNkn_e1msHvoAhyBESizM9Dec6FvyUNB7k3gJM9kGtCF8xJTEId5NeNZlxdYA65V6RjV3OacCNdfOWj_3eBZGvxIaZDtuUy7CPLiheClXlRv4OD0\" alt=\"P1024254.jpg\"\/><\/figure>\n","protected":false},"excerpt":{"rendered":"<p>Premier jour en Suisse et j&#8217;ai d\u00e9j\u00e0 la t\u00eate dans les nuages&#8230; litt\u00e9ralement parlant. Il y a peu de visibilit\u00e9 mais la m\u00e9t\u00e9o s&#8217;annonce bonne alors on ne change pas le programme, on met les chaussures de rando et on part marcher. Pour mes d\u00e9buts en terre helv\u00e8te, j&#8217;ai choisi de grimper jusqu&#8217;au Oeschinensee, qui &hellip; <\/p>\n<p class=\"link-more\"><a href=\"https:\/\/www.uneviesurterre.com\/?page_id=215\" class=\"more-link\">Read more<span class=\"screen-reader-text\"> &#8220;D\u00e9couvrir l&#8217;Oeschinensee&#8221;<\/span><\/a><\/p>\n","protected":false},"author":1,"featured_media":0,"parent":0,"menu_order":0,"comment_status":"closed","ping_status":"closed","template":"","meta":{"footnotes":""},"class_list":["post-215","page","type-page","status-publish","hentry"],"jetpack_sharing_enabled":true,"_links":{"self":[{"href":"https:\/\/www.uneviesurterre.com\/index.php?rest_route=\/wp\/v2\/pages\/215","targetHints":{"allow":["GET"]}}],"collection":[{"href":"https:\/\/www.uneviesurterre.com\/index.php?rest_route=\/wp\/v2\/pages"}],"about":[{"href":"https:\/\/www.uneviesurterre.com\/index.php?rest_route=\/wp\/v2\/types\/page"}],"author":[{"embeddable":true,"href":"https:\/\/www.uneviesurterre.com\/index.php?rest_route=\/wp\/v2\/users\/1"}],"replies":[{"embeddable":true,"href":"https:\/\/www.uneviesurterre.com\/index.php?rest_route=%2Fwp%2Fv2%2Fcomments&post=215"}],"version-history":[{"count":1,"href":"https:\/\/www.uneviesurterre.com\/index.php?rest_route=\/wp\/v2\/pages\/215\/revisions"}],"predecessor-version":[{"id":216,"href":"https:\/\/www.uneviesurterre.com\/index.php?rest_route=\/wp\/v2\/pages\/215\/revisions\/216"}],"wp:attachment":[{"href":"https:\/\/www.uneviesurterre.com\/index.php?rest_route=%2Fwp%2Fv2%2Fmedia&parent=215"}],"curies":[{"name":"wp","href":"https:\/\/api.w.org\/{rel}","templated":true}]}}