{"id":213,"date":"2023-10-12T12:52:13","date_gmt":"2023-10-12T10:52:13","guid":{"rendered":"https:\/\/www.uneviesurterre.com\/?page_id=213"},"modified":"2023-12-04T15:34:16","modified_gmt":"2023-12-04T14:34:16","slug":"randonnee-dans-le","status":"publish","type":"page","link":"https:\/\/www.uneviesurterre.com\/?page_id=213","title":{"rendered":"Randonn\u00e9e dans le Parc Eifel volcanique"},"content":{"rendered":"\n<div class=\"wp-block-media-text is-stacked-on-mobile is-vertically-aligned-bottom\" style=\"grid-template-columns:25% auto\"><figure class=\"wp-block-media-text__media\"><img decoding=\"async\" src=\"https:\/\/lh4.googleusercontent.com\/ZcaC-9DrC7fqfr4P9-4_2V7xqQE1Y1rzvunT7ueMh4cAKCwdFoEQqEVl9GXjf3e23_cck8NCAhVXiFlitiVE8fUkkjDcXXc9NagS3x49IjE8apEPvQq4rbhU274wOb6bP4BO5iyOEDXVChbpDw2yxkc\" alt=\"eifelkaarteifel_edited.png\"\/><\/figure><div class=\"wp-block-media-text__content\">\n<p>Tout d&#8217;abord, commen\u00e7ons par une petite mise en situation g\u00e9ographique. Le Parc Eifel, c&#8217;est cette r\u00e9gion allemande situ\u00e9e \u00e0 la fronti\u00e8re avec la Belgique et le Luxembourg. Assez peu connue, elle en vaut toutefois le d\u00e9tour.<\/p>\n<\/div><\/div>\n\n\n\n<h2 class=\"wp-block-heading\" style=\"font-size:clamp(14px, 0.875rem + ((1vw - 3.2px) * 0.313), 17px);font-style:normal;font-weight:400\">Il y a \u00e9norm\u00e9ment d&#8217;endroits int\u00e9ressants, mais pour une premi\u00e8re, nous avons d\u00e9cid\u00e9 de prendre le village de Manderscheid comme point de rayonnement.<\/h2>\n\n\n\n<h2 class=\"wp-block-heading\" style=\"font-size:clamp(14px, 0.875rem + ((1vw - 3.2px) * 0.313), 17px);font-style:normal;font-weight:400\">Le parc de l&#8217;Eifel est particuli\u00e8rement caract\u00e9ris\u00e9 par son pass\u00e9 volcanique, qui s&#8217;est r\u00e9veill\u00e9 il y a \u00e0 peu pr\u00e8s 45 millions d&#8217;ann\u00e9es suite aux mouvements des Alpes. Ce qui en r\u00e9sulte aujourd&#8217;hui, c&#8217;est un relief vallonn\u00e9, et surtout les maars. On n&#8217;est pas ici sur la d\u00e9couverte d&#8217;une nouvelle plan\u00e8te, mais plut\u00f4t sur des crat\u00e8res volcaniques logeant des lacs en leurs centres.<\/h2>\n\n\n\n<figure class=\"wp-block-gallery has-nested-images columns-default is-cropped wp-block-gallery-1 is-layout-flex wp-block-gallery-is-layout-flex\">\n<figure class=\"wp-block-image size-large\"><img fetchpriority=\"high\" decoding=\"async\" width=\"1024\" height=\"768\" data-id=\"424\" src=\"https:\/\/www.uneviesurterre.com\/wp-content\/uploads\/2023\/12\/104860944_936562633472807_4616704707739763631_n-1024x768.jpg\" alt=\"\" class=\"wp-image-424\" srcset=\"https:\/\/www.uneviesurterre.com\/wp-content\/uploads\/2023\/12\/104860944_936562633472807_4616704707739763631_n-1024x768.jpg 1024w, https:\/\/www.uneviesurterre.com\/wp-content\/uploads\/2023\/12\/104860944_936562633472807_4616704707739763631_n-300x225.jpg 300w, https:\/\/www.uneviesurterre.com\/wp-content\/uploads\/2023\/12\/104860944_936562633472807_4616704707739763631_n-768x576.jpg 768w, https:\/\/www.uneviesurterre.com\/wp-content\/uploads\/2023\/12\/104860944_936562633472807_4616704707739763631_n-1536x1152.jpg 1536w, https:\/\/www.uneviesurterre.com\/wp-content\/uploads\/2023\/12\/104860944_936562633472807_4616704707739763631_n-2000x1500.jpg 2000w, https:\/\/www.uneviesurterre.com\/wp-content\/uploads\/2023\/12\/104860944_936562633472807_4616704707739763631_n.jpg 2048w\" sizes=\"(max-width: 1024px) 100vw, 1024px\" \/><\/figure>\n<\/figure>\n\n\n\n<h2 class=\"wp-block-heading\" style=\"font-size:clamp(14px, 0.875rem + ((1vw - 3.2px) * 0.313), 17px);font-style:normal;font-weight:400\">Randonn\u00e9e \u00e0 la journ\u00e9e : La VulkamaarPfad\u200b<\/h2>\n\n\n\n<h2 class=\"wp-block-heading\" style=\"font-size:clamp(14px, 0.875rem + ((1vw - 3.2px) * 0.313), 17px);font-style:normal;font-weight:400\">Dans le coin on connait surtout l&#8217;Eifelsteig, la plus c\u00e9l\u00e8bre des randonn\u00e9es de la r\u00e9gion, mais comme elle fait quand m\u00eame 313 km, il peut \u00eatre int\u00e9ressant de trouver des alternatives plus courtes. Pour cela nous avons jet\u00e9 notre d\u00e9volu sur une marche de 28 km, avec 1000 m de d\u00e9nivel\u00e9 positif : La VulkamaarPfad. Un beau challenge donc pour une journ\u00e9e de randonn\u00e9e. Voyons un peu les c\u00f4t\u00e9s positifs et n\u00e9gatifs de cette itin\u00e9raire :<\/h2>\n\n\n\n<figure class=\"wp-block-image\"><img decoding=\"async\" src=\"https:\/\/lh4.googleusercontent.com\/qqllCU3nVDjQbkRz3Wt03FjOMBe-dVQ5jQe3p1C7dZDXw3BLac2ZEFRfDIBbqIgvMfJR6YcEG95gkhuHoP4huDpwX3wlNyel4TQcIYmHgqj1BkBV3CSpGAg6BAcU3erlU438UpWE8QKijACJiEDzazc\" alt=\"image_preview.png\"\/><\/figure>\n\n\n\n<ul class=\"wp-block-list\">\n<li style=\"font-size:clamp(14px, 0.875rem + ((1vw - 3.2px) * 0.313), 17px);\">Une randonn\u00e9e aux paysages vari\u00e9s. 90% de nature entre champs, for\u00eats et points de vue magnifiques; entrecoup\u00e9e de 3 villages qui apportent une variante appr\u00e9ciable (Manderscheid &#8211; Beppenfield &#8211; Meerfeld)<\/li>\n\n\n\n<li style=\"font-size:clamp(14px, 0.875rem + ((1vw - 3.2px) * 0.313), 17px);\">Un balisage au top ! (Bon pour \u00eatre honn\u00eate on s&#8217;est perdu une fois mais je pense que c&#8217;\u00e9tait plus notre faute. Nous nous sommes vite retrouv\u00e9s, pas d&#8217;inqui\u00e9tude. La randonn\u00e9e aura juste fait 32 km pour nous \u00e0 la place des 28 annonc\u00e9s)<\/li>\n\n\n\n<li style=\"font-size:clamp(14px, 0.875rem + ((1vw - 3.2px) * 0.313), 17px);\">Une bonne distance pour les marcheurs moyens. Au final, avec notre petit d\u00e9tour et plusieurs pauses, nous avons mis plus ou moins 9h. Une belle journ\u00e9e, un bon bol d&#8217;air frais.<\/li>\n<\/ul>\n\n\n\n<figure class=\"wp-block-image\"><img decoding=\"async\" src=\"https:\/\/lh4.googleusercontent.com\/GOCCQTTgD1LUBKSi7qLaWbKqYEeUDCpZcPAG_EH3KNLm3z9DETB9hYIoIAV6Z4KuLDTAk72IoliGnbY0KQoj7eTHIiL_p_TuDaJxgWFE8mYQZKKvCpuiLjwitn6V3ntU7iE4jiO9ErCWG1WlISoLFIE\" alt=\"images.png\"\/><\/figure>\n\n\n\n<ul class=\"wp-block-list\">\n<li style=\"font-size:clamp(14px, 0.875rem + ((1vw - 3.2px) * 0.313), 17px);\">Je vous parlais un peu plus t\u00f4t des &#8220;maars&#8221;, cette particularit\u00e9 g\u00e9ologique de la r\u00e9gion. Nous avons \u00e9t\u00e9 assez d\u00e9\u00e7u par celui de Meerfeld (Meerfeldermaar), qui se trouvait sur notre chemin. Celui-ci se trouvait juste \u00e0 la sortie de la ville, alors qu&#8217;on s&#8217;attendait \u00e0 un environnement plus naturel. Au final, cela ressemblait \u00e0 un lac assez banal. N\u00e9anmoins, je pense qu&#8217;il en existe certains \u00e0 l&#8217;image de l&#8217;id\u00e9e qu&#8217;on s&#8217;en faisait. Il faudra juste que je retourne dans cette r\u00e9gion pour les trouver, et honn\u00eatement j&#8217;ai d\u00e9j\u00e0 h\u00e2te ! <\/li>\n<\/ul>\n\n\n\n<div style=\"height:61px\" aria-hidden=\"true\" class=\"wp-block-spacer\"><\/div>\n\n\n\n<div class=\"alignnormal\"><div id=\"metaslider-id-428\" style=\"max-width: 1800px; margin: 0 auto;\" class=\"ml-slider-3-108-0 metaslider metaslider-flex metaslider-428 ml-slider ms-theme-default nav-hidden\" role=\"region\" aria-label=\"Park Eifel\" data-height=\"1200\" data-width=\"1800\">\n    <div id=\"metaslider_container_428\">\n        <div id=\"metaslider_428\">\n            <ul class='slides'>\n                <li style=\"display: block; width: 100%;\" class=\"slide-439 ms-image \" aria-roledescription=\"slide\" data-date=\"2023-12-04 15:27:12\" data-filename=\"106095019_194968181842809_6786419969975847994_n-1341x894.jpg\" data-slide-type=\"image\"><img decoding=\"async\" src=\"https:\/\/www.uneviesurterre.com\/wp-content\/uploads\/2023\/12\/106095019_194968181842809_6786419969975847994_n-1341x894.jpg\" height=\"1200\" width=\"1800\" alt=\"\" class=\"slider-428 slide-439 msDefaultImage\" title=\"106095019_194968181842809_6786419969975847994_n\" \/><\/li>\n                <li style=\"display: none; width: 100%;\" class=\"slide-440 ms-image \" aria-roledescription=\"slide\" data-date=\"2023-12-04 15:27:12\" data-filename=\"103977462_2624853734454944_6034646429151749213_n-1536x1024.jpg\" data-slide-type=\"image\"><img decoding=\"async\" src=\"https:\/\/www.uneviesurterre.com\/wp-content\/uploads\/2023\/12\/103977462_2624853734454944_6034646429151749213_n-1536x1024.jpg\" height=\"1200\" width=\"1800\" alt=\"\" class=\"slider-428 slide-440 msDefaultImage\" title=\"103977462_2624853734454944_6034646429151749213_n\" \/><\/li>\n                <li style=\"display: none; width: 100%;\" class=\"slide-441 ms-image \" aria-roledescription=\"slide\" data-date=\"2023-12-04 15:27:12\" data-filename=\"104194548_547685995911094_8747914378775773521_n-1800x1200.jpg\" data-slide-type=\"image\"><img loading=\"lazy\" decoding=\"async\" src=\"https:\/\/www.uneviesurterre.com\/wp-content\/uploads\/2023\/12\/104194548_547685995911094_8747914378775773521_n-1800x1200.jpg\" height=\"1200\" width=\"1800\" alt=\"\" class=\"slider-428 slide-441 msDefaultImage\" title=\"104194548_547685995911094_8747914378775773521_n\" \/><\/li>\n                <li style=\"display: none; width: 100%;\" class=\"slide-442 ms-image \" aria-roledescription=\"slide\" data-date=\"2023-12-04 15:27:12\" data-filename=\"104497234_700581000508481_7660039630754501165_n-e1701700229860-1493x996.jpg\" data-slide-type=\"image\"><img loading=\"lazy\" decoding=\"async\" src=\"https:\/\/www.uneviesurterre.com\/wp-content\/uploads\/2023\/12\/104497234_700581000508481_7660039630754501165_n-e1701700229860-1493x996.jpg\" height=\"1200\" width=\"1800\" alt=\"\" class=\"slider-428 slide-442 msDefaultImage\" title=\"104497234_700581000508481_7660039630754501165_n\" \/><\/li>\n                <li style=\"display: none; width: 100%;\" class=\"slide-443 ms-image \" aria-roledescription=\"slide\" data-date=\"2023-12-04 15:27:12\" data-filename=\"104908108_286569049060885_76574576884770394_n-750x500.jpg\" data-slide-type=\"image\"><img loading=\"lazy\" decoding=\"async\" src=\"https:\/\/www.uneviesurterre.com\/wp-content\/uploads\/2023\/12\/104908108_286569049060885_76574576884770394_n-750x500.jpg\" height=\"1200\" width=\"1800\" alt=\"\" class=\"slider-428 slide-443 msDefaultImage\" title=\"104908108_286569049060885_76574576884770394_n\" \/><\/li>\n                <li style=\"display: none; width: 100%;\" class=\"slide-444 ms-image \" aria-roledescription=\"slide\" data-date=\"2023-12-04 15:27:12\" data-filename=\"104915832_2401264103504933_8387158260441254767_n-1800x1200.jpg\" data-slide-type=\"image\"><img loading=\"lazy\" decoding=\"async\" src=\"https:\/\/www.uneviesurterre.com\/wp-content\/uploads\/2023\/12\/104915832_2401264103504933_8387158260441254767_n-1800x1200.jpg\" height=\"1200\" width=\"1800\" alt=\"\" class=\"slider-428 slide-444 msDefaultImage\" title=\"104915832_2401264103504933_8387158260441254767_n\" \/><\/li>\n                <li style=\"display: none; width: 100%;\" class=\"slide-445 ms-image \" aria-roledescription=\"slide\" data-date=\"2023-12-04 15:27:12\" data-filename=\"105305881_970891763344372_1537522755672005292_n-750x500.jpg\" data-slide-type=\"image\"><img loading=\"lazy\" decoding=\"async\" src=\"https:\/\/www.uneviesurterre.com\/wp-content\/uploads\/2023\/12\/105305881_970891763344372_1537522755672005292_n-750x500.jpg\" height=\"1200\" width=\"1800\" alt=\"\" class=\"slider-428 slide-445 msDefaultImage\" title=\"105305881_970891763344372_1537522755672005292_n\" \/><\/li>\n                <li style=\"display: none; width: 100%;\" class=\"slide-446 ms-image \" aria-roledescription=\"slide\" data-date=\"2023-12-04 15:27:12\" data-filename=\"105383007_286554036087544_1413630465553265909_n-1536x1024.jpg\" data-slide-type=\"image\"><img loading=\"lazy\" decoding=\"async\" src=\"https:\/\/www.uneviesurterre.com\/wp-content\/uploads\/2023\/12\/105383007_286554036087544_1413630465553265909_n-1536x1024.jpg\" height=\"1200\" width=\"1800\" alt=\"\" class=\"slider-428 slide-446 msDefaultImage\" title=\"105383007_286554036087544_1413630465553265909_n\" \/><\/li>\n                <li style=\"display: none; width: 100%;\" class=\"slide-447 ms-image \" aria-roledescription=\"slide\" data-date=\"2023-12-04 15:27:12\" data-filename=\"105606043_546760752661947_882364192938773106_n-1536x1024.jpg\" data-slide-type=\"image\"><img loading=\"lazy\" decoding=\"async\" src=\"https:\/\/www.uneviesurterre.com\/wp-content\/uploads\/2023\/12\/105606043_546760752661947_882364192938773106_n-1536x1024.jpg\" height=\"1200\" width=\"1800\" alt=\"\" class=\"slider-428 slide-447 msDefaultImage\" title=\"105606043_546760752661947_882364192938773106_n\" \/><\/li>\n                <li style=\"display: none; width: 100%;\" class=\"slide-448 ms-image \" aria-roledescription=\"slide\" data-date=\"2023-12-04 15:27:12\" data-filename=\"105924859_1465125717024925_8004175634572772043_n-1800x1200.jpg\" data-slide-type=\"image\"><img loading=\"lazy\" decoding=\"async\" src=\"https:\/\/www.uneviesurterre.com\/wp-content\/uploads\/2023\/12\/105924859_1465125717024925_8004175634572772043_n-1800x1200.jpg\" height=\"1200\" width=\"1800\" alt=\"\" class=\"slider-428 slide-448 msDefaultImage\" title=\"105924859_1465125717024925_8004175634572772043_n\" \/><\/li>\n            <\/ul>\n        <\/div>\n        \n    <\/div>\n<\/div><\/div>\n","protected":false},"excerpt":{"rendered":"<p>Tout d&#8217;abord, commen\u00e7ons par une petite mise en situation g\u00e9ographique. Le Parc Eifel, c&#8217;est cette r\u00e9gion allemande situ\u00e9e \u00e0 la fronti\u00e8re avec la Belgique et le Luxembourg. Assez peu connue, elle en vaut toutefois le d\u00e9tour. Il y a \u00e9norm\u00e9ment d&#8217;endroits int\u00e9ressants, mais pour une premi\u00e8re, nous avons d\u00e9cid\u00e9 de prendre le village de Manderscheid &hellip; <\/p>\n<p class=\"link-more\"><a href=\"https:\/\/www.uneviesurterre.com\/?page_id=213\" class=\"more-link\">Read more<span class=\"screen-reader-text\"> &#8220;Randonn\u00e9e dans le Parc Eifel volcanique&#8221;<\/span><\/a><\/p>\n","protected":false},"author":1,"featured_media":0,"parent":0,"menu_order":0,"comment_status":"closed","ping_status":"closed","template":"","meta":{"footnotes":""},"class_list":["post-213","page","type-page","status-publish","hentry"],"jetpack_sharing_enabled":true,"_links":{"self":[{"href":"https:\/\/www.uneviesurterre.com\/index.php?rest_route=\/wp\/v2\/pages\/213","targetHints":{"allow":["GET"]}}],"collection":[{"href":"https:\/\/www.uneviesurterre.com\/index.php?rest_route=\/wp\/v2\/pages"}],"about":[{"href":"https:\/\/www.uneviesurterre.com\/index.php?rest_route=\/wp\/v2\/types\/page"}],"author":[{"embeddable":true,"href":"https:\/\/www.uneviesurterre.com\/index.php?rest_route=\/wp\/v2\/users\/1"}],"replies":[{"embeddable":true,"href":"https:\/\/www.uneviesurterre.com\/index.php?rest_route=%2Fwp%2Fv2%2Fcomments&post=213"}],"version-history":[{"count":7,"href":"https:\/\/www.uneviesurterre.com\/index.php?rest_route=\/wp\/v2\/pages\/213\/revisions"}],"predecessor-version":[{"id":451,"href":"https:\/\/www.uneviesurterre.com\/index.php?rest_route=\/wp\/v2\/pages\/213\/revisions\/451"}],"wp:attachment":[{"href":"https:\/\/www.uneviesurterre.com\/index.php?rest_route=%2Fwp%2Fv2%2Fmedia&parent=213"}],"curies":[{"name":"wp","href":"https:\/\/api.w.org\/{rel}","templated":true}]}}