{"id":211,"date":"2023-10-12T12:50:51","date_gmt":"2023-10-12T10:50:51","guid":{"rendered":"https:\/\/www.uneviesurterre.com\/?page_id=211"},"modified":"2024-05-30T09:51:17","modified_gmt":"2024-05-30T07:51:17","slug":"mes-4-coups-de-coeur-en-croatie","status":"publish","type":"page","link":"https:\/\/www.uneviesurterre.com\/?page_id=211","title":{"rendered":"Mes 4 coups de c\u0153ur en Croatie"},"content":{"rendered":"\n<h2 class=\"wp-block-heading\" style=\"font-size:clamp(14px, 0.875rem + ((1vw - 3.2px) * 0.313), 17px);font-style:normal;font-weight:400\">Pour mon premier Road-trip \u00e0 l&#8217;\u00e9tranger, je suis parti en direction de la mer Adriatique pour la premi\u00e8re fois de ma vie. Pendant 10 jours, j&#8217;ai visit\u00e9 la Croatie et ses paysages vari\u00e9s. Voil\u00e0 les endroits que j&#8217;ai pr\u00e9f\u00e9r\u00e9 dans ce magnifique pays :&nbsp;<\/h2>\n\n\n\n<h2 class=\"wp-block-heading\" style=\"font-size:clamp(14px, 0.875rem + ((1vw - 3.2px) * 0.313), 17px);font-style:normal;font-weight:400\"><strong>Rovinj<\/strong><\/h2>\n\n\n\n<h2 class=\"wp-block-heading\" style=\"font-size:clamp(14px, 0.875rem + ((1vw - 3.2px) * 0.313), 17px);font-style:normal;font-weight:400\">Rovinj n&#8217;\u00e9tait pas pr\u00e9vu initialement sur mon trajet, mais je ne voulais pas quitter l&#8217;Istrie trop t\u00f4t apr\u00e8s avoir visit\u00e9 Porec. Je me suis donc autoris\u00e9 un petit d\u00e9tour&#8230; et je n&#8217;ai pas \u00e9t\u00e9 d\u00e9\u00e7u ! Cette ville est une petite merveille. J&#8217;ai \u00e9t\u00e9 compl\u00e8tement charm\u00e9 par ses fa\u00e7ades color\u00e9es et ses rues de marbre, et le sentiment s&#8217;amplifie lorsqu&#8217;on p\u00e9n\u00e8tre dans la vieille ville pi\u00e9tonni\u00e8re entour\u00e9e par la mer. Les rues se r\u00e9tr\u00e9cissent&#8230; on s&#8217;y perd, on d\u00e9couvre. Rovinj est un arr\u00eat OBLIGATOIRE !<\/h2>\n\n\n\n<figure class=\"wp-block-image\"><img decoding=\"async\" src=\"https:\/\/lh4.googleusercontent.com\/1PsZUKBXdW6FAlbTycp-6-1ZNjRciem8M8E1zJyApR4-PexCXzJ26dHR0QLxqH3KLkcs4SaprKc_ppbzr-_QO9ahsXpuFUasVCecONB8IPLAfPmEuS3c7c7QrXHrgZF9WyABCO6U0yv3n-5ZcLc6aBQ\" alt=\"P1023345.jpg\"\/><\/figure>\n\n\n\n<h2 class=\"wp-block-heading\" style=\"font-size:clamp(14px, 0.875rem + ((1vw - 3.2px) * 0.313), 17px);font-style:normal;font-weight:400\"><strong>Le Parc National Sejerni Velebit<\/strong><\/h2>\n\n\n\n<h2 class=\"wp-block-heading\" style=\"font-size:clamp(14px, 0.875rem + ((1vw - 3.2px) * 0.313), 17px);font-style:normal;font-weight:400\">La mer c&#8217;est pas forc\u00e9ment ma tasse de th\u00e9, alors quand l&#8217;occasion d&#8217;aller gambader dans les montagnes se pr\u00e9sente, je la saisie. Le premier arr\u00eat se fait \u00e0 l&#8217;accueil, o\u00f9 l&#8217;on ach\u00e8te son pass pour l&#8217;acc\u00e8s au Parc National (comptez 45 kunas pour un pass valable 3 jours, soit 6\u20ac). Ensuite vous avez le choix d&#8217;aller \u00e0 pied ou de prendre la voiture pour vous rendre \u00e0 un autre parking plus haut. La marche entre les deux parkings dure 1h30. Personnellement, je suis all\u00e9 en voiture pour mieux profiter au sommet (Malinx le lynx).<\/h2>\n\n\n\n<h2 class=\"wp-block-heading\" style=\"font-size:clamp(14px, 0.875rem + ((1vw - 3.2px) * 0.313), 17px);font-style:normal;font-weight:400\">Au &#8220;parking du haut&#8221;, vous pouvez facilement monter en haut du sommet Zavizan (Zavizan Veliki) pour vous offrir une des plus belles vues de toute la Croatie ! Devant vous se trouve toute la c\u00f4te croate ainsi que grands nombres d&#8217;\u00eeles, c&#8217;est assez impressionnant ! Je vous conseille \u00e9galement d&#8217;aller un peu plus loin et de rejoindre le Premuzic Mountain Trail. Il s&#8217;agit d&#8217;un trail d&#8217;une cinquantaine de kilom\u00e8tres. N&#8217;ayant pas le temps de le faire en entier, je me suis juste aventur\u00e9 dessus, marchant 2 heures dans un sens puis 2 heures dans l&#8217;autre. C&#8217;est vraiment l\u00e0 qu&#8217;on d\u00e9couvre les montagnes croates, et leurs esp\u00e8ces de stalagmites blanches g\u00e9antes (description au top)&#8230; Des paysages lunaires donnant parfois sur l&#8217;arri\u00e8re pays, parfois sur la mer. G\u00e9nial !<\/h2>\n\n\n\n<figure class=\"wp-block-image\"><img decoding=\"async\" src=\"https:\/\/lh5.googleusercontent.com\/xN87DO984bPcx0IiC_btUxshtZJ9cfPGn1X0FOqHTD3eXPY0Dh79ZaUQVS4ZF5TZZKwCxBMMSWy7ioE2Ov6fkzzxPcumiRXPgF8Y1gI1yMATkxFvOOphBWU6zg8wnX8O2-fwJt6t82IU_FZ4SwMcXDA\" alt=\"P1023428.jpg\"\/><\/figure>\n\n\n\n<h2 class=\"wp-block-heading\" style=\"font-size:clamp(14px, 0.875rem + ((1vw - 3.2px) * 0.313), 17px);font-style:normal;font-weight:400\"><strong>Le Parc National de Plitvice<\/strong><\/h2>\n\n\n\n<h2 class=\"wp-block-heading\" style=\"font-size:clamp(14px, 0.875rem + ((1vw - 3.2px) * 0.313), 17px);font-style:normal;font-weight:400\">Un classique parmi les classiques, mais si les attractions touristiques se font une r\u00e9putation ce n&#8217;est pas pour rien ! Le Parc National de Plitvice c&#8217;est un encha\u00eenement de 16 lacs qui se partagent leurs eaux \u00e0 travers des cascades spectaculaires. La flore est abondante, magnifique, et les eaux d&#8217;une couleur turquoise \u00e0 couper le souffle. Je vous encourage grandement \u00e0 prendre le bateau qui relie les 12 lacs sup\u00e9rieurs aux 4 lacs inf\u00e9rieurs (je ne sais pas pourquoi mais il semble que tout le monde ne le fait pas).<\/h2>\n\n\n\n<h2 class=\"wp-block-heading\" style=\"font-size:clamp(14px, 0.875rem + ((1vw - 3.2px) * 0.313), 17px);font-style:normal;font-weight:400\">Je ne parlerai pas de prix parce que, bien que cette visite ait un coup certain, cela ne doit pas vous freiner. Vous reverrez rarement \u00e7a dans votre vie !<\/h2>\n\n\n\n<h2 class=\"wp-block-heading\" style=\"font-size:clamp(14px, 0.875rem + ((1vw - 3.2px) * 0.313), 17px);font-style:normal;font-weight:400\">Je vous conseille vivement de ne pas faire cette visite en haute saison. L&#8217;afflux de touristes pourrait bien vous g\u00e2cher la visite (exp\u00e9rience v\u00e9cue par un ami). Pour ma part, j&#8217;y suis all\u00e9 fin mai et il n&#8217;y avait pas trop de gens (coup de chance).<\/h2>\n\n\n\n<figure class=\"wp-block-image\"><img decoding=\"async\" src=\"https:\/\/lh6.googleusercontent.com\/jYsia2pQNXFwoQ-U9mDAhWgEbMS_nYv_pl_MY8TS2_u7OYnOo-dojtLFwBBOlucBNxiIwrQY31ZpKIImTmS8nfsQpr9MsZmzDEN-NfBNMYjrBi0dq27FpS0FUFQce_UdXjF6-WVooiLS5HcDgxrfMx4\" alt=\"P1023447.jpg\"\/><\/figure>\n\n\n\n<h2 class=\"wp-block-heading\" style=\"font-size:clamp(14px, 0.875rem + ((1vw - 3.2px) * 0.313), 17px);font-style:normal;font-weight:400\"><strong>Dubrovnik<\/strong><\/h2>\n\n\n\n<h2 class=\"wp-block-heading\" style=\"font-size:clamp(14px, 0.875rem + ((1vw - 3.2px) * 0.313), 17px);font-style:normal;font-weight:400\">Que dire, que dire&#8230; la r\u00e9putation de Dubrovnik n&#8217;est plus \u00e0 faire. La ville est surnomm\u00e9e &#8220;La perle de l&#8217;Adriatique&#8221;, et je ne vois pas qui pourrait venir la concurrencer. Elle allie \u00e0 merveille la puissance, symbolis\u00e9e par ses remparts et ses \u00e9difices imposants, et le charme que lui procure ses petites ruelles. Malgr\u00e9 les d\u00e9g\u00e2ts subits lors de la guerre d&#8217;ind\u00e9pendance de la Croatie autour de 1993, elle a su rena\u00eetre encore plus belle en respectant ses traditions. Cerise sur le g\u00e2teau, je vous donne la devise de la ville : &#8220;La libert\u00e9 ne se vend pas, m\u00eame pour tout l&#8217;or du monde&#8221;. Et pour cause, elle est le premier Etat europ\u00e9en \u00e0 abolir l&#8217;esclavagisme. Lors de votre visite, ne manquez surtout pas de faire le tour des remparts. Je suis rarement conquis lorsque je visite une ville, surtout seul, mais l\u00e0, je ne voulais plus partir !<\/h2>\n\n\n\n<h2 class=\"wp-block-heading\" style=\"font-size:clamp(14px, 0.875rem + ((1vw - 3.2px) * 0.313), 17px);font-style:normal;font-weight:400\">Tout comme pour Plitvice, j&#8217;ai eu la chance de visiter la ville hors-saison. Je ne doute pas une seconde qu&#8217;elle doit \u00eatre bond\u00e9e \u00e0 l&#8217;\u00e9t\u00e9&#8230; et c&#8217;\u00e9tait d\u00e9j\u00e0 gal\u00e8re de trouver une place o\u00f9 se parquer.<\/h2>\n\n\n\n<figure class=\"wp-block-image\"><img decoding=\"async\" src=\"https:\/\/lh6.googleusercontent.com\/16Jqyiv7mWYwQoKf0vbeQfYqZ8SZ6FkJmrFaA1WaMqIfAZwVcHDfp5F-4PiFDKc7Gs6h2fpRX_DoCaG7bTUb-z1zI7FDW2Eps9QtRL_9dAQh1wtkr2gE8gQ4cY9KmSFrEBgS7u3jvdfEYQVAmt7dNaY\" alt=\"P1023737.jpg\"\/><\/figure>\n\n\n\n<div class=\"wp-block-columns alignwide is-layout-flex wp-container-core-columns-is-layout-28f84493 wp-block-columns-is-layout-flex\">\n<div class=\"wp-block-column is-layout-flow wp-block-column-is-layout-flow\" style=\"flex-basis:33.33%\">\n<div class=\"alignnormal\"><div id=\"metaslider-id-380\" style=\"width: 100%;\" class=\"ml-slider-3-108-0 metaslider metaslider-flex metaslider-380 ml-slider ms-theme-simply-dark nav-hidden\" role=\"region\" aria-label=\"Croatie profil\" data-height=\"1800\" data-width=\"1200\">\n    <div id=\"metaslider_container_380\">\n        <div id=\"metaslider_380\">\n            <ul class='slides'>\n                <li style=\"display: block; width: 100%;\" class=\"slide-564 ms-image \" aria-roledescription=\"slide\" data-date=\"2023-12-06 17:34:07\" data-filename=\"920800_0e41f2a8710d4567a1106fc27ce2ebc3mv2-314x472.jpg\" data-slide-type=\"image\"><img fetchpriority=\"high\" decoding=\"async\" src=\"https:\/\/www.uneviesurterre.com\/wp-content\/uploads\/2023\/12\/920800_0e41f2a8710d4567a1106fc27ce2ebc3mv2-314x472.jpg\" height=\"1800\" width=\"1200\" alt=\"\" class=\"slider-380 slide-564 msDefaultImage\" title=\"920800_0e41f2a8710d4567a1106fc27ce2ebc3~mv2\" \/><\/li>\n                <li style=\"display: none; width: 100%;\" class=\"slide-565 ms-image \" aria-roledescription=\"slide\" data-date=\"2023-12-06 17:34:07\" data-filename=\"920800_05d71165df264a6096e399b7d7543b87mv2-314x471.jpg\" data-slide-type=\"image\"><img decoding=\"async\" src=\"https:\/\/www.uneviesurterre.com\/wp-content\/uploads\/2023\/12\/920800_05d71165df264a6096e399b7d7543b87mv2-314x471.jpg\" height=\"1800\" width=\"1200\" alt=\"\" class=\"slider-380 slide-565 msDefaultImage\" title=\"920800_05d71165df264a6096e399b7d7543b87~mv2\" \/><\/li>\n                <li style=\"display: none; width: 100%;\" class=\"slide-566 ms-image \" aria-roledescription=\"slide\" data-date=\"2023-12-06 17:34:07\" data-filename=\"920800_6d97a9c1676f4339b54d4bb890af559dmv2-314x472.jpg\" data-slide-type=\"image\"><img decoding=\"async\" src=\"https:\/\/www.uneviesurterre.com\/wp-content\/uploads\/2023\/12\/920800_6d97a9c1676f4339b54d4bb890af559dmv2-314x472.jpg\" height=\"1800\" width=\"1200\" alt=\"\" class=\"slider-380 slide-566 msDefaultImage\" title=\"920800_6d97a9c1676f4339b54d4bb890af559d~mv2\" \/><\/li>\n                <li style=\"display: none; width: 100%;\" class=\"slide-567 ms-image \" aria-roledescription=\"slide\" data-date=\"2023-12-06 17:34:07\" data-filename=\"920800_214ff725be4948e38cfac1e560f066b7mv2-314x472.jpg\" data-slide-type=\"image\"><img loading=\"lazy\" decoding=\"async\" src=\"https:\/\/www.uneviesurterre.com\/wp-content\/uploads\/2023\/12\/920800_214ff725be4948e38cfac1e560f066b7mv2-314x472.jpg\" height=\"1800\" width=\"1200\" alt=\"\" class=\"slider-380 slide-567 msDefaultImage\" title=\"920800_214ff725be4948e38cfac1e560f066b7~mv2\" \/><\/li>\n                <li style=\"display: none; width: 100%;\" class=\"slide-568 ms-image \" aria-roledescription=\"slide\" data-date=\"2023-12-06 17:34:07\" data-filename=\"920800_78459eb9305945908af87889470b6b68mv2-314x472.jpg\" data-slide-type=\"image\"><img loading=\"lazy\" decoding=\"async\" src=\"https:\/\/www.uneviesurterre.com\/wp-content\/uploads\/2023\/12\/920800_78459eb9305945908af87889470b6b68mv2-314x472.jpg\" height=\"1800\" width=\"1200\" alt=\"\" class=\"slider-380 slide-568 msDefaultImage\" title=\"920800_78459eb9305945908af87889470b6b68~mv2\" \/><\/li>\n                <li style=\"display: none; width: 100%;\" class=\"slide-569 ms-image \" aria-roledescription=\"slide\" data-date=\"2023-12-06 17:34:07\" data-filename=\"920800_839091f1c36f47698a58999365f0f2f3mv2-314x471.jpg\" data-slide-type=\"image\"><img loading=\"lazy\" decoding=\"async\" src=\"https:\/\/www.uneviesurterre.com\/wp-content\/uploads\/2023\/12\/920800_839091f1c36f47698a58999365f0f2f3mv2-314x471.jpg\" height=\"1800\" width=\"1200\" alt=\"\" class=\"slider-380 slide-569 msDefaultImage\" title=\"920800_839091f1c36f47698a58999365f0f2f3~mv2\" \/><\/li>\n                <li style=\"display: none; width: 100%;\" class=\"slide-570 ms-image \" aria-roledescription=\"slide\" data-date=\"2023-12-06 17:34:07\" data-filename=\"920800_eb6ee4e013ca44508323e87bd0973bdcmv2-314x472.jpg\" data-slide-type=\"image\"><img loading=\"lazy\" decoding=\"async\" src=\"https:\/\/www.uneviesurterre.com\/wp-content\/uploads\/2023\/12\/920800_eb6ee4e013ca44508323e87bd0973bdcmv2-314x472.jpg\" height=\"1800\" width=\"1200\" alt=\"\" class=\"slider-380 slide-570 msDefaultImage\" title=\"920800_eb6ee4e013ca44508323e87bd0973bdc~mv2\" \/><\/li>\n            <\/ul>\n        <\/div>\n        \n    <\/div>\n<\/div><\/div>\n<\/div>\n\n\n\n<div class=\"wp-block-column is-layout-flow wp-block-column-is-layout-flow\" style=\"flex-basis:66.66%\">\n<div class=\"alignnormal\"><div id=\"metaslider-id-520\" style=\"max-width: 2400px; margin: 0 auto;\" class=\"ml-slider-3-108-0 metaslider metaslider-flex metaslider-520 ml-slider ms-theme-simply-dark nav-hidden nav-hidden\" role=\"region\" aria-label=\"Croatie paysage\" data-height=\"1800\" data-width=\"2400\">\n    <div id=\"metaslider_container_520\">\n        <div id=\"metaslider_520\">\n            <ul class='slides'>\n                <li style=\"display: block; width: 100%;\" class=\"slide-539 ms-image \" aria-roledescription=\"slide\" data-date=\"2023-12-06 17:27:29\" data-filename=\"920800_3b80c5f784a0496fb701fca7db59b892mv2-628x471.jpg\" data-slide-type=\"image\"><img loading=\"lazy\" decoding=\"async\" src=\"https:\/\/www.uneviesurterre.com\/wp-content\/uploads\/2023\/12\/920800_3b80c5f784a0496fb701fca7db59b892mv2-628x471.jpg\" height=\"1800\" width=\"2400\" alt=\"\" class=\"slider-520 slide-539 msDefaultImage\" title=\"920800_3b80c5f784a0496fb701fca7db59b892~mv2\" \/><\/li>\n                <li style=\"display: none; width: 100%;\" class=\"slide-540 ms-image \" aria-roledescription=\"slide\" data-date=\"2023-12-06 17:27:29\" data-filename=\"920800_3d411e45e6d54b699b9c5d618ecac254mv2-628x471.jpg\" data-slide-type=\"image\"><img loading=\"lazy\" decoding=\"async\" src=\"https:\/\/www.uneviesurterre.com\/wp-content\/uploads\/2023\/12\/920800_3d411e45e6d54b699b9c5d618ecac254mv2-628x471.jpg\" height=\"1800\" width=\"2400\" alt=\"\" class=\"slider-520 slide-540 msDefaultImage\" title=\"920800_3d411e45e6d54b699b9c5d618ecac254~mv2\" \/><\/li>\n                <li style=\"display: none; width: 100%;\" class=\"slide-541 ms-image \" aria-roledescription=\"slide\" data-date=\"2023-12-06 17:27:29\" data-filename=\"920800_5e37810980ec48819ab94214d013b704mv2-629x472.jpg\" data-slide-type=\"image\"><img loading=\"lazy\" decoding=\"async\" src=\"https:\/\/www.uneviesurterre.com\/wp-content\/uploads\/2023\/12\/920800_5e37810980ec48819ab94214d013b704mv2-629x472.jpg\" height=\"1800\" width=\"2400\" alt=\"\" class=\"slider-520 slide-541 msDefaultImage\" title=\"920800_5e37810980ec48819ab94214d013b704~mv2\" \/><\/li>\n                <li style=\"display: none; width: 100%;\" class=\"slide-542 ms-image \" aria-roledescription=\"slide\" data-date=\"2023-12-06 17:27:29\" data-filename=\"920800_5f95ad8ab7384db782626c91866cc5c5mv2-628x471.jpg\" data-slide-type=\"image\"><img loading=\"lazy\" decoding=\"async\" src=\"https:\/\/www.uneviesurterre.com\/wp-content\/uploads\/2023\/12\/920800_5f95ad8ab7384db782626c91866cc5c5mv2-628x471.jpg\" height=\"1800\" width=\"2400\" alt=\"\" class=\"slider-520 slide-542 msDefaultImage\" title=\"920800_5f95ad8ab7384db782626c91866cc5c5~mv2\" \/><\/li>\n                <li style=\"display: none; width: 100%;\" class=\"slide-543 ms-image \" aria-roledescription=\"slide\" data-date=\"2023-12-06 17:27:29\" data-filename=\"920800_7f30fb58a56c4837935338ad542484aamv2-628x471.jpg\" data-slide-type=\"image\"><img loading=\"lazy\" decoding=\"async\" src=\"https:\/\/www.uneviesurterre.com\/wp-content\/uploads\/2023\/12\/920800_7f30fb58a56c4837935338ad542484aamv2-628x471.jpg\" height=\"1800\" width=\"2400\" alt=\"\" class=\"slider-520 slide-543 msDefaultImage\" title=\"920800_7f30fb58a56c4837935338ad542484aa~mv2\" \/><\/li>\n                <li style=\"display: none; width: 100%;\" class=\"slide-544 ms-image \" aria-roledescription=\"slide\" data-date=\"2023-12-06 17:27:29\" data-filename=\"920800_9a6da780956b4a81819f588e185ef4f4mv2-628x471.jpg\" data-slide-type=\"image\"><img loading=\"lazy\" decoding=\"async\" src=\"https:\/\/www.uneviesurterre.com\/wp-content\/uploads\/2023\/12\/920800_9a6da780956b4a81819f588e185ef4f4mv2-628x471.jpg\" height=\"1800\" width=\"2400\" alt=\"\" class=\"slider-520 slide-544 msDefaultImage\" title=\"920800_9a6da780956b4a81819f588e185ef4f4~mv2\" \/><\/li>\n                <li style=\"display: none; width: 100%;\" class=\"slide-545 ms-image \" aria-roledescription=\"slide\" data-date=\"2023-12-06 17:27:29\" data-filename=\"920800_9d3ed11ae43f48c2899d07c028c55850mv2-628x471.jpg\" data-slide-type=\"image\"><img loading=\"lazy\" decoding=\"async\" src=\"https:\/\/www.uneviesurterre.com\/wp-content\/uploads\/2023\/12\/920800_9d3ed11ae43f48c2899d07c028c55850mv2-628x471.jpg\" height=\"1800\" width=\"2400\" alt=\"\" class=\"slider-520 slide-545 msDefaultImage\" title=\"920800_9d3ed11ae43f48c2899d07c028c55850~mv2\" \/><\/li>\n                <li style=\"display: none; width: 100%;\" class=\"slide-546 ms-image \" aria-roledescription=\"slide\" data-date=\"2023-12-06 17:27:29\" data-filename=\"920800_22db4811135843e3bca4bb7b7915bb02mv2-628x471.jpg\" data-slide-type=\"image\"><img loading=\"lazy\" decoding=\"async\" src=\"https:\/\/www.uneviesurterre.com\/wp-content\/uploads\/2023\/12\/920800_22db4811135843e3bca4bb7b7915bb02mv2-628x471.jpg\" height=\"1800\" width=\"2400\" alt=\"\" class=\"slider-520 slide-546 msDefaultImage\" title=\"920800_22db4811135843e3bca4bb7b7915bb02~mv2\" \/><\/li>\n                <li style=\"display: none; width: 100%;\" class=\"slide-547 ms-image \" aria-roledescription=\"slide\" data-date=\"2023-12-06 17:27:29\" data-filename=\"920800_62f29ecb8b724730a5ea6f28095a08ecmv2-628x471.jpg\" data-slide-type=\"image\"><img loading=\"lazy\" decoding=\"async\" src=\"https:\/\/www.uneviesurterre.com\/wp-content\/uploads\/2023\/12\/920800_62f29ecb8b724730a5ea6f28095a08ecmv2-628x471.jpg\" height=\"1800\" width=\"2400\" alt=\"\" class=\"slider-520 slide-547 msDefaultImage\" title=\"920800_62f29ecb8b724730a5ea6f28095a08ec~mv2\" \/><\/li>\n                <li style=\"display: none; width: 100%;\" class=\"slide-548 ms-image \" aria-roledescription=\"slide\" data-date=\"2023-12-06 17:27:29\" data-filename=\"920800_66a5ae752cf54fc1b779a38315bd9557mv2-628x471.jpg\" data-slide-type=\"image\"><img loading=\"lazy\" decoding=\"async\" src=\"https:\/\/www.uneviesurterre.com\/wp-content\/uploads\/2023\/12\/920800_66a5ae752cf54fc1b779a38315bd9557mv2-628x471.jpg\" height=\"1800\" width=\"2400\" alt=\"\" class=\"slider-520 slide-548 msDefaultImage\" title=\"920800_66a5ae752cf54fc1b779a38315bd9557~mv2\" \/><\/li>\n                <li style=\"display: none; width: 100%;\" class=\"slide-549 ms-image \" aria-roledescription=\"slide\" data-date=\"2023-12-06 17:27:29\" data-filename=\"920800_00178c4ad75c49319bb5cda668adcd82mv2-628x471.jpg\" data-slide-type=\"image\"><img loading=\"lazy\" decoding=\"async\" src=\"https:\/\/www.uneviesurterre.com\/wp-content\/uploads\/2023\/12\/920800_00178c4ad75c49319bb5cda668adcd82mv2-628x471.jpg\" height=\"1800\" width=\"2400\" alt=\"\" class=\"slider-520 slide-549 msDefaultImage\" title=\"920800_00178c4ad75c49319bb5cda668adcd82~mv2\" \/><\/li>\n                <li style=\"display: none; width: 100%;\" class=\"slide-550 ms-image \" aria-roledescription=\"slide\" data-date=\"2023-12-06 17:27:29\" data-filename=\"920800_879c134180784a0cbe42c630ad4c63d3mv2-628x471.jpg\" data-slide-type=\"image\"><img loading=\"lazy\" decoding=\"async\" src=\"https:\/\/www.uneviesurterre.com\/wp-content\/uploads\/2023\/12\/920800_879c134180784a0cbe42c630ad4c63d3mv2-628x471.jpg\" height=\"1800\" width=\"2400\" alt=\"\" class=\"slider-520 slide-550 msDefaultImage\" title=\"920800_879c134180784a0cbe42c630ad4c63d3~mv2\" \/><\/li>\n                <li style=\"display: none; width: 100%;\" class=\"slide-551 ms-image \" aria-roledescription=\"slide\" data-date=\"2023-12-06 17:27:29\" data-filename=\"920800_08757bee74c44b7d8f245cda36efffc1mv2-628x471.jpg\" data-slide-type=\"image\"><img loading=\"lazy\" decoding=\"async\" src=\"https:\/\/www.uneviesurterre.com\/wp-content\/uploads\/2023\/12\/920800_08757bee74c44b7d8f245cda36efffc1mv2-628x471.jpg\" height=\"1800\" width=\"2400\" alt=\"\" class=\"slider-520 slide-551 msDefaultImage\" title=\"920800_08757bee74c44b7d8f245cda36efffc1~mv2\" \/><\/li>\n                <li style=\"display: none; width: 100%;\" class=\"slide-552 ms-image \" aria-roledescription=\"slide\" data-date=\"2023-12-06 17:27:29\" data-filename=\"920800_a2f821ff3cc5490d96aa9c6edf5bbadbmv2-629x472.jpg\" data-slide-type=\"image\"><img loading=\"lazy\" decoding=\"async\" src=\"https:\/\/www.uneviesurterre.com\/wp-content\/uploads\/2023\/12\/920800_a2f821ff3cc5490d96aa9c6edf5bbadbmv2-629x472.jpg\" height=\"1800\" width=\"2400\" alt=\"\" class=\"slider-520 slide-552 msDefaultImage\" title=\"920800_a2f821ff3cc5490d96aa9c6edf5bbadb~mv2\" \/><\/li>\n                <li style=\"display: none; width: 100%;\" class=\"slide-553 ms-image \" aria-roledescription=\"slide\" data-date=\"2023-12-06 17:27:29\" data-filename=\"920800_bdcbfbcb339943c3b299dada3cca775fmv2-628x471.jpg\" data-slide-type=\"image\"><img loading=\"lazy\" decoding=\"async\" src=\"https:\/\/www.uneviesurterre.com\/wp-content\/uploads\/2023\/12\/920800_bdcbfbcb339943c3b299dada3cca775fmv2-628x471.jpg\" height=\"1800\" width=\"2400\" alt=\"\" class=\"slider-520 slide-553 msDefaultImage\" title=\"920800_bdcbfbcb339943c3b299dada3cca775f~mv2\" \/><\/li>\n                <li style=\"display: none; width: 100%;\" class=\"slide-554 ms-image \" aria-roledescription=\"slide\" data-date=\"2023-12-06 17:27:29\" data-filename=\"920800_c7711ff491e14c4ba10b69229c36edf4mv2-628x471.jpg\" data-slide-type=\"image\"><img loading=\"lazy\" decoding=\"async\" src=\"https:\/\/www.uneviesurterre.com\/wp-content\/uploads\/2023\/12\/920800_c7711ff491e14c4ba10b69229c36edf4mv2-628x471.jpg\" height=\"1800\" width=\"2400\" alt=\"\" class=\"slider-520 slide-554 msDefaultImage\" title=\"920800_c7711ff491e14c4ba10b69229c36edf4~mv2\" \/><\/li>\n                <li style=\"display: none; width: 100%;\" class=\"slide-555 ms-image \" aria-roledescription=\"slide\" data-date=\"2023-12-06 17:27:29\" data-filename=\"920800_f07d8f1fee2949d692f744dfaa098529mv2-628x471.jpg\" data-slide-type=\"image\"><img loading=\"lazy\" decoding=\"async\" src=\"https:\/\/www.uneviesurterre.com\/wp-content\/uploads\/2023\/12\/920800_f07d8f1fee2949d692f744dfaa098529mv2-628x471.jpg\" height=\"1800\" width=\"2400\" alt=\"\" class=\"slider-520 slide-555 msDefaultImage\" title=\"920800_f07d8f1fee2949d692f744dfaa098529~mv2\" \/><\/li>\n                <li style=\"display: none; width: 100%;\" class=\"slide-556 ms-image \" aria-roledescription=\"slide\" data-date=\"2023-12-06 17:27:29\" data-filename=\"920800_feb96943511a47aaaffb3034ac25bf2emv2-628x471.jpg\" data-slide-type=\"image\"><img loading=\"lazy\" decoding=\"async\" src=\"https:\/\/www.uneviesurterre.com\/wp-content\/uploads\/2023\/12\/920800_feb96943511a47aaaffb3034ac25bf2emv2-628x471.jpg\" height=\"1800\" width=\"2400\" alt=\"\" class=\"slider-520 slide-556 msDefaultImage\" title=\"920800_feb96943511a47aaaffb3034ac25bf2e~mv2\" \/><\/li>\n            <\/ul>\n        <\/div>\n        \n    <\/div>\n<\/div><\/div>\n<\/div>\n<\/div>\n","protected":false},"excerpt":{"rendered":"<p>Pour mon premier Road-trip \u00e0 l&#8217;\u00e9tranger, je suis parti en direction de la mer Adriatique pour la premi\u00e8re fois de ma vie. Pendant 10 jours, j&#8217;ai visit\u00e9 la Croatie et ses paysages vari\u00e9s. Voil\u00e0 les endroits que j&#8217;ai pr\u00e9f\u00e9r\u00e9 dans ce magnifique pays :&nbsp; Rovinj Rovinj n&#8217;\u00e9tait pas pr\u00e9vu initialement sur mon trajet, mais je &hellip; <\/p>\n<p class=\"link-more\"><a href=\"https:\/\/www.uneviesurterre.com\/?page_id=211\" class=\"more-link\">Read more<span class=\"screen-reader-text\"> &#8220;Mes 4 coups de c\u0153ur en Croatie&#8221;<\/span><\/a><\/p>\n","protected":false},"author":1,"featured_media":0,"parent":0,"menu_order":0,"comment_status":"closed","ping_status":"closed","template":"","meta":{"footnotes":""},"class_list":["post-211","page","type-page","status-publish","hentry"],"jetpack_sharing_enabled":true,"_links":{"self":[{"href":"https:\/\/www.uneviesurterre.com\/index.php?rest_route=\/wp\/v2\/pages\/211","targetHints":{"allow":["GET"]}}],"collection":[{"href":"https:\/\/www.uneviesurterre.com\/index.php?rest_route=\/wp\/v2\/pages"}],"about":[{"href":"https:\/\/www.uneviesurterre.com\/index.php?rest_route=\/wp\/v2\/types\/page"}],"author":[{"embeddable":true,"href":"https:\/\/www.uneviesurterre.com\/index.php?rest_route=\/wp\/v2\/users\/1"}],"replies":[{"embeddable":true,"href":"https:\/\/www.uneviesurterre.com\/index.php?rest_route=%2Fwp%2Fv2%2Fcomments&post=211"}],"version-history":[{"count":6,"href":"https:\/\/www.uneviesurterre.com\/index.php?rest_route=\/wp\/v2\/pages\/211\/revisions"}],"predecessor-version":[{"id":949,"href":"https:\/\/www.uneviesurterre.com\/index.php?rest_route=\/wp\/v2\/pages\/211\/revisions\/949"}],"wp:attachment":[{"href":"https:\/\/www.uneviesurterre.com\/index.php?rest_route=%2Fwp%2Fv2%2Fmedia&parent=211"}],"curies":[{"name":"wp","href":"https:\/\/api.w.org\/{rel}","templated":true}]}}