{"id":209,"date":"2023-10-12T12:48:55","date_gmt":"2023-10-12T10:48:55","guid":{"rendered":"https:\/\/www.uneviesurterre.com\/?page_id=209"},"modified":"2023-12-06T17:10:29","modified_gmt":"2023-12-06T16:10:29","slug":"la-question-qui-tue","status":"publish","type":"page","link":"https:\/\/www.uneviesurterre.com\/?page_id=209","title":{"rendered":"Plut\u00f4t Glasgow ou Edimbourg ?"},"content":{"rendered":"\n<h2 class=\"wp-block-heading\" style=\"font-size:clamp(14px, 0.875rem + ((1vw - 3.2px) * 0.313), 17px);font-style:normal;font-weight:400\">Je ne sais pas pourquoi, mais cette question semble in\u00e9vitable pour toute personne qui visite, ou a visit\u00e9 l&#8217;Ecosse : &#8220;Tu pr\u00e9f\u00e8res Edimbourg ou Glasgow ?&#8221;. Une chose est s\u00fbre, si j&#8217;avais du boire une Guinness \u00e0 chaque fois qu&#8217;on m&#8217;a pos\u00e9 la question, je ne serai pas parti en marchant droit.&nbsp;<\/h2>\n\n\n\n<h2 class=\"wp-block-heading\" style=\"font-size:clamp(14px, 0.875rem + ((1vw - 3.2px) * 0.313), 17px);font-style:normal;font-weight:400\">M\u00eame si je ne pense pas qu&#8217;une des deux villes est meilleure que l&#8217;autre, c&#8217;est certain qu&#8217;il y a des diff\u00e9rences. Voyons tout \u00e7a ensemble :<\/h2>\n\n\n\n<h2 class=\"wp-block-heading\" style=\"font-size:clamp(14px, 0.875rem + ((1vw - 3.2px) * 0.313), 17px);font-style:normal;font-weight:400\"><strong>Glasgow<\/strong><\/h2>\n\n\n\n<h2 class=\"wp-block-heading\" style=\"font-size:clamp(14px, 0.875rem + ((1vw - 3.2px) * 0.313), 17px);font-style:normal;font-weight:400\">&gt; Ville moderne : envie de passer un week-end shopping, Glasgow vous conviendra s\u00fbrement mieux. Vous y retrouverez un plus grands choix de magasins et grandes enseignes.<\/h2>\n\n\n\n<h2 class=\"wp-block-heading\" style=\"font-size:clamp(14px, 0.875rem + ((1vw - 3.2px) * 0.313), 17px);font-style:normal;font-weight:400\">&gt; Big party : Pour faire la f\u00eate, c&#8217;est l\u00e0 que \u00e7a se passe. Plus de boites, mais aussi plus de gens dans les pubs. Si tu veux &#8220;move your ass&#8221;, va \u00e0 Glasgow!<\/h2>\n\n\n\n<div class=\"wp-block-columns is-layout-flex wp-container-core-columns-is-layout-28f84493 wp-block-columns-is-layout-flex\">\n<div class=\"wp-block-column is-layout-flow wp-block-column-is-layout-flow\">\n<figure class=\"wp-block-image size-full is-resized\"><img fetchpriority=\"high\" decoding=\"async\" width=\"515\" height=\"360\" src=\"https:\/\/www.uneviesurterre.com\/wp-content\/uploads\/2023\/12\/ecosse3-1.jpg\" alt=\"\" class=\"wp-image-510\" style=\"width:422px;height:auto\" srcset=\"https:\/\/www.uneviesurterre.com\/wp-content\/uploads\/2023\/12\/ecosse3-1.jpg 515w, https:\/\/www.uneviesurterre.com\/wp-content\/uploads\/2023\/12\/ecosse3-1-300x210.jpg 300w\" sizes=\"(max-width: 515px) 100vw, 515px\" \/><\/figure>\n<\/div>\n\n\n\n<div class=\"wp-block-column is-layout-flow wp-block-column-is-layout-flow\">\n<figure class=\"wp-block-image size-full is-resized\"><img decoding=\"async\" width=\"515\" height=\"360\" src=\"https:\/\/www.uneviesurterre.com\/wp-content\/uploads\/2023\/12\/ecosse4.jpg\" alt=\"\" class=\"wp-image-511\" style=\"width:422px;height:auto\" srcset=\"https:\/\/www.uneviesurterre.com\/wp-content\/uploads\/2023\/12\/ecosse4.jpg 515w, https:\/\/www.uneviesurterre.com\/wp-content\/uploads\/2023\/12\/ecosse4-300x210.jpg 300w\" sizes=\"(max-width: 515px) 100vw, 515px\" \/><\/figure>\n<\/div>\n<\/div>\n\n\n\n<h2 class=\"wp-block-heading\" style=\"font-size:clamp(14px, 0.875rem + ((1vw - 3.2px) * 0.313), 17px);font-style:normal;font-weight:400\"><strong>Edimbourg\u200b<\/strong><\/h2>\n\n\n\n<h2 class=\"wp-block-heading\" style=\"font-size:clamp(14px, 0.875rem + ((1vw - 3.2px) * 0.313), 17px);font-style:normal;font-weight:400\">&gt; Authenticit\u00e9 : pour moi Edimbourg est un peu plus typ\u00e9 Ecosse traditionnelle, surtout avec sa vieille ville<\/h2>\n\n\n\n<h2 class=\"wp-block-heading\" style=\"font-size:clamp(14px, 0.875rem + ((1vw - 3.2px) * 0.313), 17px);font-style:normal;font-weight:400\">\u200b&gt; Party chill : Tu es plus ambiance feutr\u00e9e, \u00e0 \u00e9couter un groupe dans un petit pub cach\u00e9 en sirotant une Guinness ? Welcome to Edimbourg. Il n&#8217;est pas rare de tomber d&#8217;y retrouver des groupes d&#8217;amateurs qui se regroupent dans les caf\u00e9s pour un concert improvis\u00e9<\/h2>\n\n\n\n<h2 class=\"wp-block-heading\" style=\"font-size:clamp(14px, 0.875rem + ((1vw - 3.2px) * 0.313), 17px);font-style:normal;font-weight:400\">Je vais quand m\u00eame me mouiller, personnellement j&#8217;ai pr\u00e9f\u00e9r\u00e9 Edimbourg pour son identit\u00e9 plus forte. Mais pourquoi ne pas doubler le plaisir en visitant les deux villes. Et oui, Edimbourg et Glasgow sont seulement \u00e0 48 minutes l&#8217;une de l&#8217;autre en train. C&#8217;est pas beau \u00e7a ? Vous n&#8217;avez plus d&#8217;excuse, et vous pourrez ainsi faire vous m\u00eame votre choix entre les deux villes (on est jamais mieux servi que par soi-m\u00eame).&nbsp;<\/h2>\n\n\n\n<div class=\"wp-block-columns is-layout-flex wp-container-core-columns-is-layout-28f84493 wp-block-columns-is-layout-flex\">\n<div class=\"wp-block-column is-layout-flow wp-block-column-is-layout-flow\" style=\"flex-basis:100%\">\n<div class=\"wp-block-columns is-layout-flex wp-container-core-columns-is-layout-28f84493 wp-block-columns-is-layout-flex\">\n<div class=\"wp-block-column is-layout-flow wp-block-column-is-layout-flow\">\n<figure class=\"wp-block-image size-full is-resized\"><img decoding=\"async\" width=\"515\" height=\"360\" src=\"https:\/\/www.uneviesurterre.com\/wp-content\/uploads\/2023\/12\/ecosse1.jpg\" alt=\"\" class=\"wp-image-505\" style=\"width:422px;height:auto\" srcset=\"https:\/\/www.uneviesurterre.com\/wp-content\/uploads\/2023\/12\/ecosse1.jpg 515w, https:\/\/www.uneviesurterre.com\/wp-content\/uploads\/2023\/12\/ecosse1-300x210.jpg 300w\" sizes=\"(max-width: 515px) 100vw, 515px\" \/><\/figure>\n<\/div>\n\n\n\n<div class=\"wp-block-column is-layout-flow wp-block-column-is-layout-flow\">\n<figure class=\"wp-block-image size-full is-resized\"><img loading=\"lazy\" decoding=\"async\" width=\"515\" height=\"360\" src=\"https:\/\/www.uneviesurterre.com\/wp-content\/uploads\/2023\/12\/ecosse2.jpg\" alt=\"\" class=\"wp-image-506\" style=\"width:422px;height:auto\" srcset=\"https:\/\/www.uneviesurterre.com\/wp-content\/uploads\/2023\/12\/ecosse2.jpg 515w, https:\/\/www.uneviesurterre.com\/wp-content\/uploads\/2023\/12\/ecosse2-300x210.jpg 300w\" sizes=\"(max-width: 515px) 100vw, 515px\" \/><\/figure>\n<\/div>\n<\/div>\n<\/div>\n<\/div>\n","protected":false},"excerpt":{"rendered":"<p>Je ne sais pas pourquoi, mais cette question semble in\u00e9vitable pour toute personne qui visite, ou a visit\u00e9 l&#8217;Ecosse : &#8220;Tu pr\u00e9f\u00e8res Edimbourg ou Glasgow ?&#8221;. Une chose est s\u00fbre, si j&#8217;avais du boire une Guinness \u00e0 chaque fois qu&#8217;on m&#8217;a pos\u00e9 la question, je ne serai pas parti en marchant droit.&nbsp; M\u00eame si je &hellip; <\/p>\n<p class=\"link-more\"><a href=\"https:\/\/www.uneviesurterre.com\/?page_id=209\" class=\"more-link\">Read more<span class=\"screen-reader-text\"> &#8220;Plut\u00f4t Glasgow ou Edimbourg ?&#8221;<\/span><\/a><\/p>\n","protected":false},"author":1,"featured_media":0,"parent":0,"menu_order":0,"comment_status":"closed","ping_status":"closed","template":"","meta":{"footnotes":""},"class_list":["post-209","page","type-page","status-publish","hentry"],"jetpack_sharing_enabled":true,"_links":{"self":[{"href":"https:\/\/www.uneviesurterre.com\/index.php?rest_route=\/wp\/v2\/pages\/209","targetHints":{"allow":["GET"]}}],"collection":[{"href":"https:\/\/www.uneviesurterre.com\/index.php?rest_route=\/wp\/v2\/pages"}],"about":[{"href":"https:\/\/www.uneviesurterre.com\/index.php?rest_route=\/wp\/v2\/types\/page"}],"author":[{"embeddable":true,"href":"https:\/\/www.uneviesurterre.com\/index.php?rest_route=\/wp\/v2\/users\/1"}],"replies":[{"embeddable":true,"href":"https:\/\/www.uneviesurterre.com\/index.php?rest_route=%2Fwp%2Fv2%2Fcomments&post=209"}],"version-history":[{"count":5,"href":"https:\/\/www.uneviesurterre.com\/index.php?rest_route=\/wp\/v2\/pages\/209\/revisions"}],"predecessor-version":[{"id":514,"href":"https:\/\/www.uneviesurterre.com\/index.php?rest_route=\/wp\/v2\/pages\/209\/revisions\/514"}],"wp:attachment":[{"href":"https:\/\/www.uneviesurterre.com\/index.php?rest_route=%2Fwp%2Fv2%2Fmedia&parent=209"}],"curies":[{"name":"wp","href":"https:\/\/api.w.org\/{rel}","templated":true}]}}