{"id":205,"date":"2023-10-12T12:08:05","date_gmt":"2023-10-12T10:08:05","guid":{"rendered":"https:\/\/www.uneviesurterre.com\/?page_id=205"},"modified":"2024-05-30T11:43:01","modified_gmt":"2024-05-30T09:43:01","slug":"pourquoi-sarreter-a-honfleur","status":"publish","type":"page","link":"https:\/\/www.uneviesurterre.com\/?page_id=205","title":{"rendered":"Pourquoi s&#8217;arr\u00eater \u00e0 Honfleur ?"},"content":{"rendered":"\n<h2 class=\"wp-block-heading\" style=\"font-size:clamp(14px, 0.875rem + ((1vw - 3.2px) * 0.313), 17px);font-style:normal;font-weight:400\">On ne va pas se le cacher, si vous \u00eates en vacance dans le coin, vous ferez s\u00fbrement un arr\u00eat \u00e0 Honfleur. Si la ville est reconnue pour son petit port de plaisance au centre-ville, il y a n\u00e9anmoins pas mal d&#8217;autres choses \u00e0 y voir. Faisons un peu le tour ensemble de toutes les choses que j&#8217;ai appr\u00e9ci\u00e9 au sein de cette ville de renom !<\/h2>\n\n\n\n<h2 class=\"wp-block-heading\" style=\"font-size:clamp(14px, 0.875rem + ((1vw - 3.2px) * 0.313), 17px);font-style:normal;font-weight:400\"><strong>1. Le vieux bassin de Honfleur<\/strong><\/h2>\n\n\n\n<h2 class=\"wp-block-heading\" style=\"font-size:clamp(14px, 0.875rem + ((1vw - 3.2px) * 0.313), 17px);font-style:normal;font-weight:400\">On va commencer par le plus \u00e9vident. Comme dit plus haut, le vieux bassin est l&#8217;image embl\u00e9matique de la ville, impossible de ne pas y aller ! Un vieux port entour\u00e9 de restaurants aux fa\u00e7ades atypiques qui respirent l&#8217;esprit marin, de quoi nous rappeler le c\u00e9l\u00e9brissime Nyhavn de Copenhague (\u00e0 la sauce normande, bien-s\u00fbr).<\/h2>\n\n\n\n<h2 class=\"wp-block-heading\" style=\"font-size:clamp(14px, 0.875rem + ((1vw - 3.2px) * 0.313), 17px);font-style:normal;font-weight:400\"><strong>2. Arpenter ses rues pav\u00e9es d&#8217;art&nbsp;&nbsp;<\/strong><\/h2>\n\n\n\n<h2 class=\"wp-block-heading\" style=\"font-size:clamp(14px, 0.875rem + ((1vw - 3.2px) * 0.313), 17px);font-style:normal;font-weight:400\">Je ne m&#8217;attendais pas \u00e0 ce que Honfleur soit autant tourn\u00e9 vers l&#8217;art, et plus particuli\u00e8rement la peinture et la photographie (pour mon plus grand plaisir). Pourtant ce n&#8217;est pas si \u00e9tonnant que cela vu son pass\u00e9. Au 19\u00b0eme si\u00e8cle, un grand nombre de peintres paysagistes, dont Claude Monet (pour ne citer que le plus reconnu), se sont rendus \u00e0 Honfleur pour repr\u00e9senter la ville. Il se dit que les peintures qui en sont ressorties auraient eu une grande influence sur la naissance du mouvement impressionniste (Bon je ne vais pas en faire des caisses parce que je ne suis pas tr\u00e8s cal\u00e9 en histoire de l&#8217;art).&nbsp;<\/h2>\n\n\n\n<h2 class=\"wp-block-heading\" style=\"font-size:clamp(14px, 0.875rem + ((1vw - 3.2px) * 0.313), 17px);font-style:normal;font-weight:400\">\u200bCe qui en d\u00e9coule aujourd&#8217;hui, ce sont \u00e9norm\u00e9ment de galeries d&#8217;art dans la ville et d&#8217;expositions \u00e0 ciel ouvert (notamment au Jardin du Tripot et sur le bord de mer).<\/h2>\n\n\n\n<h2 class=\"wp-block-heading\" style=\"font-size:clamp(14px, 0.875rem + ((1vw - 3.2px) * 0.313), 17px);font-style:normal;font-weight:400\"><strong>3. Pour son charme d&#8217;en-temps&nbsp;<\/strong><\/h2>\n\n\n\n<h2 class=\"wp-block-heading\" style=\"font-size:clamp(14px, 0.875rem + ((1vw - 3.2px) * 0.313), 17px);font-style:normal;font-weight:400\">\u200bHonfleur est une ville qui a tr\u00e8s bien su pr\u00e9server son patrimoine. En t\u00e9moigne, les rues \u00e9troites au charme moyen\u00e2geux et les maisons aux poutres apparentes. S&#8217;y promener est un r\u00e9el plaisir.&nbsp;<\/h2>\n\n\n\n<h2 class=\"wp-block-heading\" style=\"font-size:clamp(14px, 0.875rem + ((1vw - 3.2px) * 0.313), 17px);font-style:normal;font-weight:400\">\u200bMes quartiers coups de c\u0153ur : le quartier Saint-Catherine, le quartier autour du mus\u00e9e de la marine&nbsp;<\/h2>\n\n\n\n<h2 class=\"wp-block-heading\" style=\"font-size:clamp(14px, 0.875rem + ((1vw - 3.2px) * 0.313), 17px);font-style:normal;font-weight:400\"><strong>4. Rentrer dans ses \u00e9glises&nbsp;&nbsp;<\/strong><\/h2>\n\n\n\n<h2 class=\"wp-block-heading\" style=\"font-size:clamp(14px, 0.875rem + ((1vw - 3.2px) * 0.313), 17px);font-style:normal;font-weight:400\">Il y a deux \u00e9glises notables que vous devez allez voir \u00e0 Honfleur: l&#8217;\u00e9glise Saint-L\u00e9onard, et surtout l&#8217;\u00e9glise Sainte-Catherine. Ne vous attendez pas \u00e0 faire face \u00e0 une grande luxuriance, ici aussi c&#8217;est plut\u00f4t un charme m\u00e9di\u00e9val qui r\u00e8gne. Ca change, \u00e7a fait du bien ! Lorsque j&#8217;ai pass\u00e9 la porte de l&#8217;\u00e9glise Sainte-Catherine, je me suis cru dans ma t\u00e9l\u00e9, en pleine sc\u00e8ne de Vikings. Mais ce sentiment n&#8217;est pas anodin. L&#8217;\u00e9glise a \u00e9t\u00e9 construite au 15\u00e8me et 16\u00e8me par les charpentiers de marine de l&#8217;\u00e9poque. C&#8217;est donc le savoir-faire de ces professionnels qui m&#8217;auront fait voyager en eau scandinave.<\/h2>\n\n\n\n<div class=\"wp-block-columns is-layout-flex wp-container-core-columns-is-layout-28f84493 wp-block-columns-is-layout-flex\">\n<div class=\"wp-block-column is-layout-flow wp-block-column-is-layout-flow\">\n<figure class=\"wp-block-image size-full\"><img fetchpriority=\"high\" decoding=\"async\" width=\"482\" height=\"319\" src=\"https:\/\/www.uneviesurterre.com\/wp-content\/uploads\/2024\/05\/eglise-Saint-Leonard-1.jpg\" alt=\"\" class=\"wp-image-956\" srcset=\"https:\/\/www.uneviesurterre.com\/wp-content\/uploads\/2024\/05\/eglise-Saint-Leonard-1.jpg 482w, https:\/\/www.uneviesurterre.com\/wp-content\/uploads\/2024\/05\/eglise-Saint-Leonard-1-300x199.jpg 300w\" sizes=\"(max-width: 482px) 100vw, 482px\" \/><\/figure>\n<\/div>\n\n\n\n<div class=\"wp-block-column is-layout-flow wp-block-column-is-layout-flow\">\n<figure class=\"wp-block-image size-full\"><img decoding=\"async\" width=\"481\" height=\"319\" src=\"https:\/\/www.uneviesurterre.com\/wp-content\/uploads\/2024\/05\/eglise-Saint-Leonard.jpg\" alt=\"\" class=\"wp-image-957\" srcset=\"https:\/\/www.uneviesurterre.com\/wp-content\/uploads\/2024\/05\/eglise-Saint-Leonard.jpg 481w, https:\/\/www.uneviesurterre.com\/wp-content\/uploads\/2024\/05\/eglise-Saint-Leonard-300x199.jpg 300w\" sizes=\"(max-width: 481px) 100vw, 481px\" \/><\/figure>\n<\/div>\n<\/div>\n\n\n\n<h2 class=\"wp-block-heading\" style=\"font-size:clamp(14px, 0.875rem + ((1vw - 3.2px) * 0.313), 17px);\"><strong>5. Se promener sur le quai et dans le le jardin des personnalit\u00e9s&nbsp;<\/strong><\/h2>\n\n\n\n<h2 class=\"wp-block-heading\" style=\"font-size:clamp(14px, 0.875rem + ((1vw - 3.2px) * 0.313), 17px);font-style:normal;font-weight:400\">Qu&#8217;on se le dise, la balade le long des quais ne sera pas la plus belle de votre vie; la faute au port du Havre se trouvant sur la rive oppos\u00e9e. N\u00e9anmoins cela reste toujours agr\u00e9able de se promener au bord de l&#8217;eau. Vous pourrez profiter de cette marche pour y contempler l&#8217;expo photo reprenant quelques lieux \u00e0 d\u00e9couvrir dans la r\u00e9gion ou pour avoir un point de vue sur le pont de Normandie (il y en a que \u00e7a int\u00e9resse).<\/h2>\n\n\n\n<h2 class=\"wp-block-heading\" style=\"font-size:clamp(14px, 0.875rem + ((1vw - 3.2px) * 0.313), 17px);font-style:normal;font-weight:400\">Sur le retour, je vous invite \u00e0 emprunter le parc qui rejoint le centre. Vous y trouverez une partie appel\u00e9e &#8220;le jardin des Personnalit\u00e9s&#8221; accueillant les bustes des personnages importants de la ville.<\/h2>\n\n\n\n<h2 class=\"wp-block-heading\" style=\"font-size:clamp(14px, 0.875rem + ((1vw - 3.2px) * 0.313), 17px);font-style:normal;font-weight:400\">Si vous vous rendez \u00e0 Honfleur, n&#8217;h\u00e9sitez pas \u00e0 me donner vos impressions sur la ville (vous pouvez m&#8217;envoyer un petit message via la page d&#8217;accueil). En tout cas, moi, je me suis laiss\u00e9 charmer.<\/h2>\n\n\n\n<div style=\"height:71px\" aria-hidden=\"true\" class=\"wp-block-spacer\"><\/div>\n","protected":false},"excerpt":{"rendered":"<p>On ne va pas se le cacher, si vous \u00eates en vacance dans le coin, vous ferez s\u00fbrement un arr\u00eat \u00e0 Honfleur. Si la ville est reconnue pour son petit port de plaisance au centre-ville, il y a n\u00e9anmoins pas mal d&#8217;autres choses \u00e0 y voir. Faisons un peu le tour ensemble de toutes les &hellip; <\/p>\n<p class=\"link-more\"><a href=\"https:\/\/www.uneviesurterre.com\/?page_id=205\" class=\"more-link\">Read more<span class=\"screen-reader-text\"> &#8220;Pourquoi s&#8217;arr\u00eater \u00e0 Honfleur ?&#8221;<\/span><\/a><\/p>\n","protected":false},"author":1,"featured_media":0,"parent":0,"menu_order":0,"comment_status":"closed","ping_status":"closed","template":"","meta":{"footnotes":""},"class_list":["post-205","page","type-page","status-publish","hentry"],"jetpack_sharing_enabled":true,"_links":{"self":[{"href":"https:\/\/www.uneviesurterre.com\/index.php?rest_route=\/wp\/v2\/pages\/205","targetHints":{"allow":["GET"]}}],"collection":[{"href":"https:\/\/www.uneviesurterre.com\/index.php?rest_route=\/wp\/v2\/pages"}],"about":[{"href":"https:\/\/www.uneviesurterre.com\/index.php?rest_route=\/wp\/v2\/types\/page"}],"author":[{"embeddable":true,"href":"https:\/\/www.uneviesurterre.com\/index.php?rest_route=\/wp\/v2\/users\/1"}],"replies":[{"embeddable":true,"href":"https:\/\/www.uneviesurterre.com\/index.php?rest_route=%2Fwp%2Fv2%2Fcomments&post=205"}],"version-history":[{"count":6,"href":"https:\/\/www.uneviesurterre.com\/index.php?rest_route=\/wp\/v2\/pages\/205\/revisions"}],"predecessor-version":[{"id":961,"href":"https:\/\/www.uneviesurterre.com\/index.php?rest_route=\/wp\/v2\/pages\/205\/revisions\/961"}],"wp:attachment":[{"href":"https:\/\/www.uneviesurterre.com\/index.php?rest_route=%2Fwp%2Fv2%2Fmedia&parent=205"}],"curies":[{"name":"wp","href":"https:\/\/api.w.org\/{rel}","templated":true}]}}