{"id":203,"date":"2023-10-12T12:05:47","date_gmt":"2023-10-12T10:05:47","guid":{"rendered":"https:\/\/www.uneviesurterre.com\/?page_id=203"},"modified":"2023-10-12T12:05:47","modified_gmt":"2023-10-12T10:05:47","slug":"jura-les-cascades-du-herisson","status":"publish","type":"page","link":"https:\/\/www.uneviesurterre.com\/?page_id=203","title":{"rendered":"Jura : les cascades du H\u00e9risson"},"content":{"rendered":"\n<h2 class=\"wp-block-heading\" style=\"font-size:clamp(14px, 0.875rem + ((1vw - 3.2px) * 0.313), 17px);font-style:normal;font-weight:400\">Qui s&#8217;y frotte ne s&#8217;y pique pas ! En effet, le nom donn\u00e9 \u00e0 ces cascades n&#8217;a rien \u00e0 voir avec l&#8217;animal. Dans ce cas ci, &#8220;H\u00e9risson&#8221; est d\u00e9riv\u00e9 de &#8220;Yrisson&#8221;, qui voulait dire &#8220;eau sacr\u00e9e&#8221; il y a fort fort longtemps.<\/h2>\n\n\n\n<h2 class=\"wp-block-heading\" style=\"font-size:clamp(14px, 0.875rem + ((1vw - 3.2px) * 0.313), 17px);font-style:normal;font-weight:400\">Cette marche est un des must-do de la r\u00e9gion ! Elle suit le cours d&#8217;eau de la rivi\u00e8re \u00e0 travers les bois de la vall\u00e9e, nous faisant d\u00e9couvrir ses nombreuses cascades&#8230; vous pourrez m\u00eame vous faufiler derri\u00e8re les plus grandes d&#8217;entre elles (attention \u00e7a mouille!). Je conseille quand m\u00eame de ne pas partir trop tard car cet itin\u00e9raire est pas mal fr\u00e9quent\u00e9. Il ne faudrait pas que \u00e7a vous g\u00e2che le plaisir.<\/h2>\n\n\n\n<h2 class=\"wp-block-heading\" style=\"font-size:clamp(14px, 0.875rem + ((1vw - 3.2px) * 0.313), 17px);font-style:normal;font-weight:400\">Il y a deux possibilit\u00e9s pour commencer cette balade en A\/R : soit vous partez du Saut-Girard pour descendre vers la maison des cascades, ou l&#8217;inverse. Personnellement, j&#8217;ai choisi la premi\u00e8re option. Cela m&#8217;a permis de d\u00e9couvrir les cascades en descendant, sans le d\u00e9nivel\u00e9 positif dans les jambes (m\u00eame s&#8217;il n&#8217;est pas monstrueux). Je pense que c&#8217;\u00e9tait plut\u00f4t une bonne id\u00e9e.&nbsp;<\/h2>\n\n\n\n<h2 class=\"wp-block-heading\" style=\"font-size:clamp(14px, 0.875rem + ((1vw - 3.2px) * 0.313), 17px);font-style:normal;font-weight:400\">D\u00e9part : Parking du Saut-Girard, derri\u00e8re l&#8217;Auberge du H\u00e9risson.<\/h2>\n\n\n\n<h2 class=\"wp-block-heading\" style=\"font-size:clamp(14px, 0.875rem + ((1vw - 3.2px) * 0.313), 17px);font-style:normal;font-weight:400\">Parcours : 7.4km aller\/retour, 250m de d\u00e9nivel\u00e9 positif, environ 3h de marche.<\/h2>\n","protected":false},"excerpt":{"rendered":"<p>Qui s&#8217;y frotte ne s&#8217;y pique pas ! En effet, le nom donn\u00e9 \u00e0 ces cascades n&#8217;a rien \u00e0 voir avec l&#8217;animal. Dans ce cas ci, &#8220;H\u00e9risson&#8221; est d\u00e9riv\u00e9 de &#8220;Yrisson&#8221;, qui voulait dire &#8220;eau sacr\u00e9e&#8221; il y a fort fort longtemps. Cette marche est un des must-do de la r\u00e9gion ! Elle suit le &hellip; <\/p>\n<p class=\"link-more\"><a href=\"https:\/\/www.uneviesurterre.com\/?page_id=203\" class=\"more-link\">Read more<span class=\"screen-reader-text\"> &#8220;Jura : les cascades du H\u00e9risson&#8221;<\/span><\/a><\/p>\n","protected":false},"author":1,"featured_media":0,"parent":0,"menu_order":0,"comment_status":"closed","ping_status":"closed","template":"","meta":{"footnotes":""},"class_list":["post-203","page","type-page","status-publish","hentry"],"jetpack_sharing_enabled":true,"_links":{"self":[{"href":"https:\/\/www.uneviesurterre.com\/index.php?rest_route=\/wp\/v2\/pages\/203","targetHints":{"allow":["GET"]}}],"collection":[{"href":"https:\/\/www.uneviesurterre.com\/index.php?rest_route=\/wp\/v2\/pages"}],"about":[{"href":"https:\/\/www.uneviesurterre.com\/index.php?rest_route=\/wp\/v2\/types\/page"}],"author":[{"embeddable":true,"href":"https:\/\/www.uneviesurterre.com\/index.php?rest_route=\/wp\/v2\/users\/1"}],"replies":[{"embeddable":true,"href":"https:\/\/www.uneviesurterre.com\/index.php?rest_route=%2Fwp%2Fv2%2Fcomments&post=203"}],"version-history":[{"count":1,"href":"https:\/\/www.uneviesurterre.com\/index.php?rest_route=\/wp\/v2\/pages\/203\/revisions"}],"predecessor-version":[{"id":204,"href":"https:\/\/www.uneviesurterre.com\/index.php?rest_route=\/wp\/v2\/pages\/203\/revisions\/204"}],"wp:attachment":[{"href":"https:\/\/www.uneviesurterre.com\/index.php?rest_route=%2Fwp%2Fv2%2Fmedia&parent=203"}],"curies":[{"name":"wp","href":"https:\/\/api.w.org\/{rel}","templated":true}]}}