{"id":201,"date":"2023-10-12T12:01:43","date_gmt":"2023-10-12T10:01:43","guid":{"rendered":"https:\/\/www.uneviesurterre.com\/?page_id=201"},"modified":"2023-10-12T12:01:43","modified_gmt":"2023-10-12T10:01:43","slug":"decouvrir-le-belvedere-des-4-lacs-et-le-pic-de-laigle","status":"publish","type":"page","link":"https:\/\/www.uneviesurterre.com\/?page_id=201","title":{"rendered":"D\u00e9couvrir le belv\u00e9d\u00e8re des 4 lacs et le pic de l&#8217;Aigle"},"content":{"rendered":"\n<h2 class=\"wp-block-heading\" style=\"font-size:clamp(14px, 0.875rem + ((1vw - 3.2px) * 0.313), 17px);font-style:normal;font-weight:400\">D\u00e8s mon arriv\u00e9e dans le Jura, je me suis lanc\u00e9 sur les traces de 2 points de vues tr\u00e8s connus de la r\u00e9gion : &#8220;le pic de l&#8217;aigle&#8221; et &#8220;le belv\u00e9d\u00e8re des 4 lacs&#8221;. Les deux ne sont pas tr\u00e8s loin l&#8217;un de l&#8217;autre, l&#8217;occasion de faire d&#8217;une pierre 2 coups (Tac, tac).<\/h2>\n\n\n\n<h2 class=\"wp-block-heading\" style=\"font-size:clamp(14px, 0.875rem + ((1vw - 3.2px) * 0.313), 17px);font-style:normal;font-weight:400\">D\u00e9part : Lac du Petit Maclu (Parking 5)<\/h2>\n\n\n\n<h2 class=\"wp-block-heading\" style=\"font-size:clamp(14px, 0.875rem + ((1vw - 3.2px) * 0.313), 17px);font-style:normal;font-weight:400\">D\u00e9roul\u00e9 de la randonn\u00e9e : Depuis le parking, j&#8217;ai long\u00e9 le lac du Petit Maclu jusqu&#8217;au lieu-dit &#8220;Chemin des Lacs&#8221;. De l\u00e0, j&#8217;ai quitt\u00e9 les rives du lac pour prendre de la hauteur, en direction du lieu-dit &#8220;Pic de l&#8217;Aigle&#8221;. Ensuite, il s&#8217;agit de suivre la cr\u00eate en direction du &#8220;Belv\u00e9d\u00e8re des 4 lacs&#8221;. Pour enfin redescendre vers le parking du Petit Maclu. Tous les points sont tr\u00e8s bien indiqu\u00e9s, il n&#8217;y a pas vraiment moyen de se perdre.<\/h2>\n\n\n\n<h2 class=\"wp-block-heading\" style=\"font-size:clamp(14px, 0.875rem + ((1vw - 3.2px) * 0.313), 17px);font-style:normal;font-weight:400\">Distance : La rando doit faire +- 8km et est accessible \u00e0 tous (except\u00e9 PMR)&nbsp;<\/h2>\n\n\n\n<p style=\"font-size:clamp(14px, 0.875rem + ((1vw - 3.2px) * 0.313), 17px);\">Le trac\u00e9 g\u00e9n\u00e9ral est vraiment top, il y a tr\u00e8s peu de route (presque aucune \u00e0 vrai dire). On se retrouve tant\u00f4t au bord de l&#8217;eau, tant\u00f4t en for\u00eat et tr\u00e8s vite sur les hauteurs. Pour moi, le plus beau point de vue est celui du Pic de l&#8217;Aigle, m\u00eame si son voisin est plus connu. Prenez donc le temps d&#8217;en profiter avant de continuer votre chemin. Beaucoup de gens faisaient le trac\u00e9 en sens inverse mais je pense que ce sens n&#8217;est pas plus mal (voir mieux). D&#8217;autant plus que le d\u00e9but de la marche n&#8217;est pas facile \u00e0 trouver si on part d&#8217;abord vers le belv\u00e9d\u00e8re des 4 lacs.<\/p>\n","protected":false},"excerpt":{"rendered":"<p>D\u00e8s mon arriv\u00e9e dans le Jura, je me suis lanc\u00e9 sur les traces de 2 points de vues tr\u00e8s connus de la r\u00e9gion : &#8220;le pic de l&#8217;aigle&#8221; et &#8220;le belv\u00e9d\u00e8re des 4 lacs&#8221;. Les deux ne sont pas tr\u00e8s loin l&#8217;un de l&#8217;autre, l&#8217;occasion de faire d&#8217;une pierre 2 coups (Tac, tac). D\u00e9part : &hellip; <\/p>\n<p class=\"link-more\"><a href=\"https:\/\/www.uneviesurterre.com\/?page_id=201\" class=\"more-link\">Read more<span class=\"screen-reader-text\"> &#8220;D\u00e9couvrir le belv\u00e9d\u00e8re des 4 lacs et le pic de l&#8217;Aigle&#8221;<\/span><\/a><\/p>\n","protected":false},"author":1,"featured_media":0,"parent":0,"menu_order":0,"comment_status":"closed","ping_status":"closed","template":"","meta":{"footnotes":""},"class_list":["post-201","page","type-page","status-publish","hentry"],"jetpack_sharing_enabled":true,"_links":{"self":[{"href":"https:\/\/www.uneviesurterre.com\/index.php?rest_route=\/wp\/v2\/pages\/201","targetHints":{"allow":["GET"]}}],"collection":[{"href":"https:\/\/www.uneviesurterre.com\/index.php?rest_route=\/wp\/v2\/pages"}],"about":[{"href":"https:\/\/www.uneviesurterre.com\/index.php?rest_route=\/wp\/v2\/types\/page"}],"author":[{"embeddable":true,"href":"https:\/\/www.uneviesurterre.com\/index.php?rest_route=\/wp\/v2\/users\/1"}],"replies":[{"embeddable":true,"href":"https:\/\/www.uneviesurterre.com\/index.php?rest_route=%2Fwp%2Fv2%2Fcomments&post=201"}],"version-history":[{"count":1,"href":"https:\/\/www.uneviesurterre.com\/index.php?rest_route=\/wp\/v2\/pages\/201\/revisions"}],"predecessor-version":[{"id":202,"href":"https:\/\/www.uneviesurterre.com\/index.php?rest_route=\/wp\/v2\/pages\/201\/revisions\/202"}],"wp:attachment":[{"href":"https:\/\/www.uneviesurterre.com\/index.php?rest_route=%2Fwp%2Fv2%2Fmedia&parent=201"}],"curies":[{"name":"wp","href":"https:\/\/api.w.org\/{rel}","templated":true}]}}