{"id":2004,"date":"2025-05-11T16:01:52","date_gmt":"2025-05-11T14:01:52","guid":{"rendered":"https:\/\/www.uneviesurterre.com\/?page_id=2004"},"modified":"2025-05-25T11:03:48","modified_gmt":"2025-05-25T09:03:48","slug":"lee-trail","status":"publish","type":"page","link":"https:\/\/www.uneviesurterre.com\/?page_id=2004","title":{"rendered":"Lee Trail"},"content":{"rendered":"\t\t<div data-elementor-type=\"wp-page\" data-elementor-id=\"2004\" class=\"elementor elementor-2004\">\n\t\t\t\t<div class=\"elementor-element elementor-element-fa12bd6 e-flex e-con-boxed e-con e-parent\" data-id=\"fa12bd6\" data-element_type=\"container\">\n\t\t\t\t\t<div class=\"e-con-inner\">\n\t\t\t\t<div class=\"elementor-element elementor-element-97577ed elementor-widget elementor-widget-spacer\" data-id=\"97577ed\" data-element_type=\"widget\" data-widget_type=\"spacer.default\">\n\t\t\t\t<div class=\"elementor-widget-container\">\n\t\t\t\t\t\t\t<div class=\"elementor-spacer\">\n\t\t\t<div class=\"elementor-spacer-inner\"><\/div>\n\t\t<\/div>\n\t\t\t\t\t\t<\/div>\n\t\t\t\t<\/div>\n\t\t\t\t<div class=\"elementor-element elementor-element-0eafcfe elementor-widget elementor-widget-heading\" data-id=\"0eafcfe\" data-element_type=\"widget\" data-widget_type=\"heading.default\">\n\t\t\t\t<div class=\"elementor-widget-container\">\n\t\t\t\t\t<h2 class=\"elementor-heading-title elementor-size-default\">Lee Trail : <br><br>immersion en pleine nature au c\u0153ur du Luxembourg<\/h2>\t\t\t\t<\/div>\n\t\t\t\t<\/div>\n\t\t\t\t\t<\/div>\n\t\t\t\t<\/div>\n\t\t<div class=\"elementor-element elementor-element-3602d89 e-flex e-con-boxed e-con e-parent\" data-id=\"3602d89\" data-element_type=\"container\">\n\t\t\t\t\t<div class=\"e-con-inner\">\n\t\t\t\t<div class=\"elementor-element elementor-element-3953a78 elementor-widget elementor-widget-spacer\" data-id=\"3953a78\" data-element_type=\"widget\" data-widget_type=\"spacer.default\">\n\t\t\t\t<div class=\"elementor-widget-container\">\n\t\t\t\t\t\t\t<div class=\"elementor-spacer\">\n\t\t\t<div class=\"elementor-spacer-inner\"><\/div>\n\t\t<\/div>\n\t\t\t\t\t\t<\/div>\n\t\t\t\t<\/div>\n\t\t\t\t\t<\/div>\n\t\t\t\t<\/div>\n\t\t<div class=\"elementor-element elementor-element-84a49df e-flex e-con-boxed e-con e-parent\" data-id=\"84a49df\" data-element_type=\"container\">\n\t\t\t\t\t<div class=\"e-con-inner\">\n\t\t\t\t<div class=\"elementor-element elementor-element-f1d0da8 elementor-widget elementor-widget-text-editor\" data-id=\"f1d0da8\" data-element_type=\"widget\" data-widget_type=\"text-editor.default\">\n\t\t\t\t<div class=\"elementor-widget-container\">\n\t\t\t\t\t\t\t\t\t<p><span style=\"font-weight: 400;\">Le Grand-Duch\u00e9 du Luxembourg est un petit pays auquel on ne pense pas forc\u00e9ment pour ses vacances. Pourtant, il ne se trouve qu\u2019\u00e0 3 heures de route de chez nous (r\u00e9gion de Tournai, Belgique) et propose vraiment \u00e9norm\u00e9ment de choses ! C\u2019\u00e9tait mon troisi\u00e8me s\u00e9jour l\u00e0-bas, et encore une fois je n\u2019ai pas \u00e9t\u00e9 d\u00e9\u00e7u !<\/span><\/p><p><span style=\"font-weight: 400;\">Cette fois-ci je m\u2019y rends sous un format un peu sp\u00e9cial. Avec P\u00each, Ju et Simon, on se pr\u00e9pare pour faire le Tour du Mont-Blanc cet \u00e9t\u00e9, et on a besoin de tester notre matos (et de s&#8217;entrainer physiquement). On s\u2019est donc dit qu\u2019il \u00e9tait important de faire une rando sur plusieurs jours avant le jour J. Et apr\u00e8s quelques recherches, nous avons donc jet\u00e9 notre d\u00e9volu sur le Lee Trail, un sentier de 52km avec un peu plus de 2000 D+, plong\u00e9 au milieu de la nature Luxembourgeoise.<\/span><\/p>\t\t\t\t\t\t\t\t<\/div>\n\t\t\t\t<\/div>\n\t\t\t\t\t<\/div>\n\t\t\t\t<\/div>\n\t\t<div class=\"elementor-element elementor-element-9e20fc3 e-flex e-con-boxed e-con e-parent\" data-id=\"9e20fc3\" data-element_type=\"container\">\n\t\t\t\t\t<div class=\"e-con-inner\">\n\t\t<div class=\"elementor-element elementor-element-b47bc82 e-con-full e-flex e-con e-child\" data-id=\"b47bc82\" data-element_type=\"container\">\n\t\t\t\t<div class=\"elementor-element elementor-element-09b2ad6 elementor-widget elementor-widget-image\" data-id=\"09b2ad6\" data-element_type=\"widget\" data-widget_type=\"image.default\">\n\t\t\t\t<div class=\"elementor-widget-container\">\n\t\t\t\t\t\t\t\t\t\t\t\t\t\t\t<img fetchpriority=\"high\" decoding=\"async\" width=\"384\" height=\"512\" src=\"https:\/\/www.uneviesurterre.com\/wp-content\/uploads\/2025\/05\/img_6376-384x512.jpg\" class=\"attachment-large size-large wp-image-2016\" alt=\"\" srcset=\"https:\/\/www.uneviesurterre.com\/wp-content\/uploads\/2025\/05\/img_6376-384x512.jpg 384w, https:\/\/www.uneviesurterre.com\/wp-content\/uploads\/2025\/05\/img_6376-225x300.jpg 225w, https:\/\/www.uneviesurterre.com\/wp-content\/uploads\/2025\/05\/img_6376-1152x1536.jpg 1152w, https:\/\/www.uneviesurterre.com\/wp-content\/uploads\/2025\/05\/img_6376.jpg 1500w\" sizes=\"100vw\" \/>\t\t\t\t\t\t\t\t\t\t\t\t\t\t\t<\/div>\n\t\t\t\t<\/div>\n\t\t\t\t<\/div>\n\t\t<div class=\"elementor-element elementor-element-56f9ccf e-con-full e-flex e-con e-child\" data-id=\"56f9ccf\" data-element_type=\"container\">\n\t\t\t\t<div class=\"elementor-element elementor-element-8fcd1b7 elementor-widget elementor-widget-image\" data-id=\"8fcd1b7\" data-element_type=\"widget\" data-widget_type=\"image.default\">\n\t\t\t\t<div class=\"elementor-widget-container\">\n\t\t\t\t\t\t\t\t\t\t\t\t\t\t\t<img decoding=\"async\" width=\"512\" height=\"384\" src=\"https:\/\/www.uneviesurterre.com\/wp-content\/uploads\/2025\/05\/img_6379-512x384.jpg\" class=\"attachment-large size-large wp-image-2017\" alt=\"\" srcset=\"https:\/\/www.uneviesurterre.com\/wp-content\/uploads\/2025\/05\/img_6379-512x384.jpg 512w, https:\/\/www.uneviesurterre.com\/wp-content\/uploads\/2025\/05\/img_6379-300x225.jpg 300w, https:\/\/www.uneviesurterre.com\/wp-content\/uploads\/2025\/05\/img_6379-1536x1152.jpg 1536w, https:\/\/www.uneviesurterre.com\/wp-content\/uploads\/2025\/05\/img_6379.jpg 2000w\" sizes=\"100vw\" \/>\t\t\t\t\t\t\t\t\t\t\t\t\t\t\t<\/div>\n\t\t\t\t<\/div>\n\t\t\t\t<\/div>\n\t\t\t\t\t<\/div>\n\t\t\t\t<\/div>\n\t\t<div class=\"elementor-element elementor-element-0a05aa6 e-flex e-con-boxed e-con e-parent\" data-id=\"0a05aa6\" data-element_type=\"container\">\n\t\t\t\t\t<div class=\"e-con-inner\">\n\t\t\t\t<div class=\"elementor-element elementor-element-abed04c elementor-widget elementor-widget-text-editor\" data-id=\"abed04c\" data-element_type=\"widget\" data-widget_type=\"text-editor.default\">\n\t\t\t\t<div class=\"elementor-widget-container\">\n\t\t\t\t\t\t\t\t\t<p><span style=\"font-weight: 400;\">Le sentier, balis\u00e9 du d\u00e9but \u00e0 la fin, traverse la partie centre-nord du pays d&#8217;Ettelbruck \u00e0 Kautenbach (ou inversement). Tout au long de la rando, on retrouvera de nombreux points de vue et sentiers le long de la S\u00fbre, mais surtout tr\u00e8s peu de routes (ou peu fr\u00e9quent\u00e9es) . Vous aurez \u00e9galement l\u2019occasion de contempler le ch\u00e2teau de Bourscheid sous tous les angles. La vari\u00e9t\u00e9 des chemins, en mont\u00e9e, descente, sur cr\u00eate ou \u00e0 travers bois rythme bien les journ\u00e9es et \u00e9vite de se lasser. En bref, un bonheur !<\/span><\/p><p>La randonn\u00e9e \u00e9tait class\u00e9e comme &#8220;difficile&#8221;, en 3 jours. A mon sens, elle est accessible sur cette p\u00e9riode, mais assez physique si comme nous vous voulez plut\u00f4t la faire sur 2 jours en tente. N\u00e9anmoins, on est quand m\u00eame arriv\u00e9s au bout, et presque tous en un seul morceau, donc c&#8217;est quand m\u00eame r\u00e9alisable si vous avez un bon physique.<\/p>\t\t\t\t\t\t\t\t<\/div>\n\t\t\t\t<\/div>\n\t\t\t\t\t<\/div>\n\t\t\t\t<\/div>\n\t\t<div class=\"elementor-element elementor-element-8f5ae3b e-grid e-con-full e-con e-parent\" data-id=\"8f5ae3b\" data-element_type=\"container\">\n\t\t\t\t<div class=\"elementor-element elementor-element-54b1069 elementor-widget elementor-widget-image\" data-id=\"54b1069\" data-element_type=\"widget\" data-widget_type=\"image.default\">\n\t\t\t\t<div class=\"elementor-widget-container\">\n\t\t\t\t\t\t\t\t\t\t\t\t\t\t\t<img decoding=\"async\" width=\"384\" height=\"512\" src=\"https:\/\/www.uneviesurterre.com\/wp-content\/uploads\/2025\/05\/img_5018-384x512.jpg\" class=\"attachment-large size-large wp-image-2015\" alt=\"\" srcset=\"https:\/\/www.uneviesurterre.com\/wp-content\/uploads\/2025\/05\/img_5018-384x512.jpg 384w, https:\/\/www.uneviesurterre.com\/wp-content\/uploads\/2025\/05\/img_5018-225x300.jpg 225w, https:\/\/www.uneviesurterre.com\/wp-content\/uploads\/2025\/05\/img_5018-1152x1536.jpg 1152w, https:\/\/www.uneviesurterre.com\/wp-content\/uploads\/2025\/05\/img_5018.jpg 1500w\" sizes=\"100vw\" \/>\t\t\t\t\t\t\t\t\t\t\t\t\t\t\t<\/div>\n\t\t\t\t<\/div>\n\t\t\t\t<div class=\"elementor-element elementor-element-fd72d5b elementor-widget elementor-widget-image\" data-id=\"fd72d5b\" data-element_type=\"widget\" data-widget_type=\"image.default\">\n\t\t\t\t<div class=\"elementor-widget-container\">\n\t\t\t\t\t\t\t\t\t\t\t\t\t\t\t<img loading=\"lazy\" decoding=\"async\" width=\"384\" height=\"512\" src=\"https:\/\/www.uneviesurterre.com\/wp-content\/uploads\/2025\/05\/img_5072-384x512.jpg\" class=\"attachment-large size-large wp-image-2024\" alt=\"\" srcset=\"https:\/\/www.uneviesurterre.com\/wp-content\/uploads\/2025\/05\/img_5072-384x512.jpg 384w, https:\/\/www.uneviesurterre.com\/wp-content\/uploads\/2025\/05\/img_5072-225x300.jpg 225w, https:\/\/www.uneviesurterre.com\/wp-content\/uploads\/2025\/05\/img_5072-1152x1536.jpg 1152w, https:\/\/www.uneviesurterre.com\/wp-content\/uploads\/2025\/05\/img_5072.jpg 1500w\" sizes=\"100vw\" \/>\t\t\t\t\t\t\t\t\t\t\t\t\t\t\t<\/div>\n\t\t\t\t<\/div>\n\t\t\t\t<div class=\"elementor-element elementor-element-5ae5b01 elementor-widget elementor-widget-image\" data-id=\"5ae5b01\" data-element_type=\"widget\" data-widget_type=\"image.default\">\n\t\t\t\t<div class=\"elementor-widget-container\">\n\t\t\t\t\t\t\t\t\t\t\t\t\t\t\t<img loading=\"lazy\" decoding=\"async\" width=\"384\" height=\"512\" src=\"https:\/\/www.uneviesurterre.com\/wp-content\/uploads\/2025\/05\/img_5042-384x512.jpg\" class=\"attachment-large size-large wp-image-2018\" alt=\"\" srcset=\"https:\/\/www.uneviesurterre.com\/wp-content\/uploads\/2025\/05\/img_5042-384x512.jpg 384w, https:\/\/www.uneviesurterre.com\/wp-content\/uploads\/2025\/05\/img_5042-225x300.jpg 225w, https:\/\/www.uneviesurterre.com\/wp-content\/uploads\/2025\/05\/img_5042-1152x1536.jpg 1152w, https:\/\/www.uneviesurterre.com\/wp-content\/uploads\/2025\/05\/img_5042.jpg 1500w\" sizes=\"100vw\" \/>\t\t\t\t\t\t\t\t\t\t\t\t\t\t\t<\/div>\n\t\t\t\t<\/div>\n\t\t\t\t<\/div>\n\t\t<div class=\"elementor-element elementor-element-8e49498 e-flex e-con-boxed e-con e-parent\" data-id=\"8e49498\" data-element_type=\"container\">\n\t\t\t\t\t<div class=\"e-con-inner\">\n\t\t\t\t<div class=\"elementor-element elementor-element-7ebece5 elementor-widget elementor-widget-n-accordion\" data-id=\"7ebece5\" data-element_type=\"widget\" data-settings=\"{&quot;default_state&quot;:&quot;expanded&quot;,&quot;max_items_expended&quot;:&quot;one&quot;,&quot;n_accordion_animation_duration&quot;:{&quot;unit&quot;:&quot;ms&quot;,&quot;size&quot;:400,&quot;sizes&quot;:[]}}\" data-widget_type=\"nested-accordion.default\">\n\t\t\t\t<div class=\"elementor-widget-container\">\n\t\t\t\t\t\t\t<div class=\"e-n-accordion\" aria-label=\"Accordion. Open links with Enter or Space, close with Escape, and navigate with Arrow Keys\">\n\t\t\t\t\t\t<details id=\"e-n-accordion-item-1320\" class=\"e-n-accordion-item\" open>\n\t\t\t\t<summary class=\"e-n-accordion-item-title\" data-accordion-index=\"1\" tabindex=\"0\" aria-expanded=\"true\" aria-controls=\"e-n-accordion-item-1320\" >\n\t\t\t\t\t<span class='e-n-accordion-item-title-header'><div class=\"e-n-accordion-item-title-text\"> Plus de photos <\/div><\/span>\n\t\t\t\t\t\t\t<span class='e-n-accordion-item-title-icon'>\n\t\t\t<span class='e-opened' ><svg aria-hidden=\"true\" class=\"e-font-icon-svg e-fas-minus\" viewBox=\"0 0 448 512\" xmlns=\"http:\/\/www.w3.org\/2000\/svg\"><path d=\"M416 208H32c-17.67 0-32 14.33-32 32v32c0 17.67 14.33 32 32 32h384c17.67 0 32-14.33 32-32v-32c0-17.67-14.33-32-32-32z\"><\/path><\/svg><\/span>\n\t\t\t<span class='e-closed'><svg aria-hidden=\"true\" class=\"e-font-icon-svg e-fas-plus\" viewBox=\"0 0 448 512\" xmlns=\"http:\/\/www.w3.org\/2000\/svg\"><path d=\"M416 208H272V64c0-17.67-14.33-32-32-32h-32c-17.67 0-32 14.33-32 32v144H32c-17.67 0-32 14.33-32 32v32c0 17.67 14.33 32 32 32h144v144c0 17.67 14.33 32 32 32h32c17.67 0 32-14.33 32-32V304h144c17.67 0 32-14.33 32-32v-32c0-17.67-14.33-32-32-32z\"><\/path><\/svg><\/span>\n\t\t<\/span>\n\n\t\t\t\t\t\t<\/summary>\n\t\t\t\t<div role=\"region\" aria-labelledby=\"e-n-accordion-item-1320\" class=\"elementor-element elementor-element-36d72b2 e-con-full e-flex e-con e-child\" data-id=\"36d72b2\" data-element_type=\"container\">\n\t\t<div role=\"region\" aria-labelledby=\"e-n-accordion-item-1320\" class=\"elementor-element elementor-element-e021618 e-con-full e-flex e-con e-child\" data-id=\"e021618\" data-element_type=\"container\">\n\t\t\t\t<div class=\"elementor-element elementor-element-73b9a0f elementor-pagination-position-inside elementor-arrows-position-inside elementor-widget elementor-widget-image-carousel\" data-id=\"73b9a0f\" data-element_type=\"widget\" data-settings=\"{&quot;slides_to_show&quot;:&quot;1&quot;,&quot;navigation&quot;:&quot;both&quot;,&quot;autoplay&quot;:&quot;yes&quot;,&quot;pause_on_hover&quot;:&quot;yes&quot;,&quot;pause_on_interaction&quot;:&quot;yes&quot;,&quot;autoplay_speed&quot;:5000,&quot;infinite&quot;:&quot;yes&quot;,&quot;effect&quot;:&quot;slide&quot;,&quot;speed&quot;:500}\" data-widget_type=\"image-carousel.default\">\n\t\t\t\t<div class=\"elementor-widget-container\">\n\t\t\t\t\t\t\t<div class=\"elementor-image-carousel-wrapper swiper\" role=\"region\" aria-roledescription=\"carousel\" aria-label=\"Carrousel d\u2019images\" dir=\"ltr\">\n\t\t\t<div class=\"elementor-image-carousel swiper-wrapper\" aria-live=\"off\">\n\t\t\t\t\t\t\t\t<div class=\"swiper-slide\" role=\"group\" aria-roledescription=\"slide\" aria-label=\"1 of 4\"><figure class=\"swiper-slide-inner\"><img decoding=\"async\" class=\"swiper-slide-image\" src=\"https:\/\/www.uneviesurterre.com\/wp-content\/uploads\/2025\/05\/img_6417.jpg\" alt=\"img_6417.jpg\" \/><\/figure><\/div><div class=\"swiper-slide\" role=\"group\" aria-roledescription=\"slide\" aria-label=\"2 of 4\"><figure class=\"swiper-slide-inner\"><img decoding=\"async\" class=\"swiper-slide-image\" src=\"https:\/\/www.uneviesurterre.com\/wp-content\/uploads\/2025\/05\/img_5060.jpg\" alt=\"img_5060.jpg\" \/><\/figure><\/div><div class=\"swiper-slide\" role=\"group\" aria-roledescription=\"slide\" aria-label=\"3 of 4\"><figure class=\"swiper-slide-inner\"><img decoding=\"async\" class=\"swiper-slide-image\" src=\"https:\/\/www.uneviesurterre.com\/wp-content\/uploads\/2025\/05\/img_5053.jpg\" alt=\"img_5053.jpg\" \/><\/figure><\/div><div class=\"swiper-slide\" role=\"group\" aria-roledescription=\"slide\" aria-label=\"4 of 4\"><figure class=\"swiper-slide-inner\"><img decoding=\"async\" class=\"swiper-slide-image\" src=\"https:\/\/www.uneviesurterre.com\/wp-content\/uploads\/2025\/05\/img_5048.jpg\" alt=\"img_5048.jpg\" \/><\/figure><\/div>\t\t\t<\/div>\n\t\t\t\t\t\t\t\t\t\t\t\t<div class=\"elementor-swiper-button elementor-swiper-button-prev\" role=\"button\" tabindex=\"0\">\n\t\t\t\t\t\t<svg aria-hidden=\"true\" class=\"e-font-icon-svg e-eicon-chevron-left\" viewBox=\"0 0 1000 1000\" xmlns=\"http:\/\/www.w3.org\/2000\/svg\"><path d=\"M646 125C629 125 613 133 604 142L308 442C296 454 292 471 292 487 292 504 296 521 308 533L604 854C617 867 629 875 646 875 663 875 679 871 692 858 704 846 713 829 713 812 713 796 708 779 692 767L438 487 692 225C700 217 708 204 708 187 708 171 704 154 692 142 675 129 663 125 646 125Z\"><\/path><\/svg>\t\t\t\t\t<\/div>\n\t\t\t\t\t<div class=\"elementor-swiper-button elementor-swiper-button-next\" role=\"button\" tabindex=\"0\">\n\t\t\t\t\t\t<svg aria-hidden=\"true\" class=\"e-font-icon-svg e-eicon-chevron-right\" viewBox=\"0 0 1000 1000\" xmlns=\"http:\/\/www.w3.org\/2000\/svg\"><path d=\"M696 533C708 521 713 504 713 487 713 471 708 454 696 446L400 146C388 133 375 125 354 125 338 125 325 129 313 142 300 154 292 171 292 187 292 204 296 221 308 233L563 492 304 771C292 783 288 800 288 817 288 833 296 850 308 863 321 871 338 875 354 875 371 875 388 867 400 854L696 533Z\"><\/path><\/svg>\t\t\t\t\t<\/div>\n\t\t\t\t\n\t\t\t\t\t\t\t\t\t<div class=\"swiper-pagination\"><\/div>\n\t\t\t\t\t\t\t\t\t<\/div>\n\t\t\t\t\t\t<\/div>\n\t\t\t\t<\/div>\n\t\t\t\t<\/div>\n\t\t\t\t<\/div>\n\t\t\t\t\t<\/details>\n\t\t\t\t\t<\/div>\n\t\t\t\t\t\t<\/div>\n\t\t\t\t<\/div>\n\t\t\t\t\t<\/div>\n\t\t\t\t<\/div>\n\t\t<div class=\"elementor-element elementor-element-8f90b01 e-flex e-con-boxed e-con e-parent\" data-id=\"8f90b01\" data-element_type=\"container\">\n\t\t\t\t\t<div class=\"e-con-inner\">\n\t\t\t\t<div class=\"elementor-element elementor-element-7336393 elementor-widget elementor-widget-spacer\" data-id=\"7336393\" data-element_type=\"widget\" data-widget_type=\"spacer.default\">\n\t\t\t\t<div class=\"elementor-widget-container\">\n\t\t\t\t\t\t\t<div class=\"elementor-spacer\">\n\t\t\t<div class=\"elementor-spacer-inner\"><\/div>\n\t\t<\/div>\n\t\t\t\t\t\t<\/div>\n\t\t\t\t<\/div>\n\t\t\t\t<div class=\"elementor-element elementor-element-2e2a0da elementor-widget elementor-widget-text-editor\" data-id=\"2e2a0da\" data-element_type=\"widget\" data-widget_type=\"text-editor.default\">\n\t\t\t\t<div class=\"elementor-widget-container\">\n\t\t\t\t\t\t\t\t\t<p><strong>En pratique, si toi aussi tu veux tenter cette aventure&#8230;<\/strong><\/p>\t\t\t\t\t\t\t\t<\/div>\n\t\t\t\t<\/div>\n\t\t\t\t\t<\/div>\n\t\t\t\t<\/div>\n\t\t<div class=\"elementor-element elementor-element-0dfdae4 e-flex e-con-boxed e-con e-parent\" data-id=\"0dfdae4\" data-element_type=\"container\">\n\t\t\t\t\t<div class=\"e-con-inner\">\n\t\t\t\t<div class=\"elementor-element elementor-element-7df664b elementor-widget elementor-widget-text-editor\" data-id=\"7df664b\" data-element_type=\"widget\" data-widget_type=\"text-editor.default\">\n\t\t\t\t<div class=\"elementor-widget-container\">\n\t\t\t\t\t\t\t\t\t<p><span style=\"font-weight: 400;\">Le grand point fort du Lee trail, c\u2019est qu\u2019il est tr\u00e8s simple \u00e0 organiser. Des trains r\u00e9guliers relient les points de d\u00e9part et d\u2019arriv\u00e9e, et la pr\u00e9sence de plusieurs campings en chemin permettent un d\u00e9coupage facile en 2 ou 3 jours selon votre pr\u00e9f\u00e9rence.<\/span><\/p><p><span style=\"font-weight: 400;\">Personnellement, nous avons pos\u00e9 la voiture \u00e0 la gare de Kautenbach le matin, avant de prendre le train en direction d\u2019Ettelbruck, point de d\u00e9part de la randonn\u00e9e.<\/span><\/p><p><span style=\"font-weight: 400;\"><strong>Premier jour<\/strong> : Ettelbruck \u2192 Camping du Nord (pr\u00e8s de Dirbach) : 30km et 1200D+<br \/><\/span><span style=\"font-weight: 400;\"><strong>Deuxi\u00e8me jour<\/strong> : Camping du Nord \u2192 Kautenbach \ud83d\ude97 : 22km et 1100 D+<\/span><\/p><p>(le parking pour plusieurs jours est plus simple \u00e0 Kautenbach. Je vous conseille donc, comme nous, de prendre le train au d\u00e9part plut\u00f4t qu\u2019\u00e0 l\u2019arriv\u00e9e.)<\/p><p><span style=\"font-weight: 400;\">Pour ceux qui souhaitent faire le trajet en 3 jours, il est possible de d\u00e9couper le trajet comme ceci : Ettelbruck \u2192 Camping du moulin \u00e0 Bourscheid \u2192 Camping du Nord \u2192 Kautenbach.<\/span><\/p>\t\t\t\t\t\t\t\t<\/div>\n\t\t\t\t<\/div>\n\t\t\t\t\t<\/div>\n\t\t\t\t<\/div>\n\t\t<div class=\"elementor-element elementor-element-1946be9 e-grid e-con-full e-con e-parent\" data-id=\"1946be9\" data-element_type=\"container\">\n\t\t\t\t<div class=\"elementor-element elementor-element-6d8ddfa elementor-widget elementor-widget-image\" data-id=\"6d8ddfa\" data-element_type=\"widget\" data-widget_type=\"image.default\">\n\t\t\t\t<div class=\"elementor-widget-container\">\n\t\t\t\t\t\t\t\t\t\t\t\t\t\t\t<img loading=\"lazy\" decoding=\"async\" width=\"384\" height=\"512\" src=\"https:\/\/www.uneviesurterre.com\/wp-content\/uploads\/2025\/05\/img_6428-384x512.jpg\" class=\"attachment-large size-large wp-image-2025\" alt=\"\" srcset=\"https:\/\/www.uneviesurterre.com\/wp-content\/uploads\/2025\/05\/img_6428-384x512.jpg 384w, https:\/\/www.uneviesurterre.com\/wp-content\/uploads\/2025\/05\/img_6428-225x300.jpg 225w, https:\/\/www.uneviesurterre.com\/wp-content\/uploads\/2025\/05\/img_6428-1152x1536.jpg 1152w, https:\/\/www.uneviesurterre.com\/wp-content\/uploads\/2025\/05\/img_6428.jpg 1500w\" sizes=\"100vw\" \/>\t\t\t\t\t\t\t\t\t\t\t\t\t\t\t<\/div>\n\t\t\t\t<\/div>\n\t\t\t\t<\/div>\n\t\t<div class=\"elementor-element elementor-element-5d3f96c e-flex e-con-boxed e-con e-parent\" data-id=\"5d3f96c\" data-element_type=\"container\">\n\t\t\t\t\t<div class=\"e-con-inner\">\n\t\t\t\t<div class=\"elementor-element elementor-element-40f2fee elementor-widget elementor-widget-text-editor\" data-id=\"40f2fee\" data-element_type=\"widget\" data-widget_type=\"text-editor.default\">\n\t\t\t\t<div class=\"elementor-widget-container\">\n\t\t\t\t\t\t\t\t\t<p>Dernier bon plan pour ceux qui seront arriv\u00e9s au bout de cet article : sur le site de l\u2019Office du Tourisme du Luxembourg, on retrouve une carte des randonn\u00e9es principales du pays (<a style=\"background-color: #ffffff;\" href=\"https:\/\/www.visitluxembourg.com\/fr\/explorer-le-luxembourg\/nature-outdoor\/randonnees\">https:\/\/www.visitluxembourg.com\/fr\/explorer-le-luxembourg\/nature-outdoor\/randonnees<\/a>). Avec \u00e7a, vous n\u2019avez plus d\u2019excuses pour ne pas visiter le Grand-Duch\u00e9 du Luxembourg !<\/p>\t\t\t\t\t\t\t\t<\/div>\n\t\t\t\t<\/div>\n\t\t\t\t\t<\/div>\n\t\t\t\t<\/div>\n\t\t<div class=\"elementor-element elementor-element-c4fc454 e-flex e-con-boxed e-con e-parent\" data-id=\"c4fc454\" data-element_type=\"container\">\n\t\t\t\t\t<div class=\"e-con-inner\">\n\t\t\t\t<div class=\"elementor-element elementor-element-7e76336 elementor-widget elementor-widget-spacer\" data-id=\"7e76336\" data-element_type=\"widget\" data-widget_type=\"spacer.default\">\n\t\t\t\t<div class=\"elementor-widget-container\">\n\t\t\t\t\t\t\t<div class=\"elementor-spacer\">\n\t\t\t<div class=\"elementor-spacer-inner\"><\/div>\n\t\t<\/div>\n\t\t\t\t\t\t<\/div>\n\t\t\t\t<\/div>\n\t\t\t\t\t<\/div>\n\t\t\t\t<\/div>\n\t\t\t\t<\/div>\n\t\t","protected":false},"excerpt":{"rendered":"<p>Lee Trail : immersion en pleine nature au c\u0153ur du Luxembourg Le Grand-Duch\u00e9 du Luxembourg est un petit pays auquel on ne pense pas forc\u00e9ment pour ses vacances. Pourtant, il ne se trouve qu\u2019\u00e0 3 heures de route de chez nous (r\u00e9gion de Tournai, Belgique) et propose vraiment \u00e9norm\u00e9ment de choses ! C\u2019\u00e9tait mon troisi\u00e8me &hellip; <\/p>\n<p class=\"link-more\"><a href=\"https:\/\/www.uneviesurterre.com\/?page_id=2004\" class=\"more-link\">Read more<span class=\"screen-reader-text\"> &#8220;Lee Trail&#8221;<\/span><\/a><\/p>\n","protected":false},"author":1,"featured_media":0,"parent":0,"menu_order":0,"comment_status":"closed","ping_status":"closed","template":"","meta":{"footnotes":""},"class_list":["post-2004","page","type-page","status-publish","hentry"],"jetpack_sharing_enabled":true,"_links":{"self":[{"href":"https:\/\/www.uneviesurterre.com\/index.php?rest_route=\/wp\/v2\/pages\/2004","targetHints":{"allow":["GET"]}}],"collection":[{"href":"https:\/\/www.uneviesurterre.com\/index.php?rest_route=\/wp\/v2\/pages"}],"about":[{"href":"https:\/\/www.uneviesurterre.com\/index.php?rest_route=\/wp\/v2\/types\/page"}],"author":[{"embeddable":true,"href":"https:\/\/www.uneviesurterre.com\/index.php?rest_route=\/wp\/v2\/users\/1"}],"replies":[{"embeddable":true,"href":"https:\/\/www.uneviesurterre.com\/index.php?rest_route=%2Fwp%2Fv2%2Fcomments&post=2004"}],"version-history":[{"count":37,"href":"https:\/\/www.uneviesurterre.com\/index.php?rest_route=\/wp\/v2\/pages\/2004\/revisions"}],"predecessor-version":[{"id":2184,"href":"https:\/\/www.uneviesurterre.com\/index.php?rest_route=\/wp\/v2\/pages\/2004\/revisions\/2184"}],"wp:attachment":[{"href":"https:\/\/www.uneviesurterre.com\/index.php?rest_route=%2Fwp%2Fv2%2Fmedia&parent=2004"}],"curies":[{"name":"wp","href":"https:\/\/api.w.org\/{rel}","templated":true}]}}