{"id":199,"date":"2023-10-12T11:59:34","date_gmt":"2023-10-12T09:59:34","guid":{"rendered":"https:\/\/www.uneviesurterre.com\/?page_id=199"},"modified":"2023-10-12T11:59:34","modified_gmt":"2023-10-12T09:59:34","slug":"deux-jours-de-randonnee-dans-les-vosges","status":"publish","type":"page","link":"https:\/\/www.uneviesurterre.com\/?page_id=199","title":{"rendered":"Deux jours de randonn\u00e9e dans les Vosges"},"content":{"rendered":"\n<h2 class=\"wp-block-heading\" style=\"font-size:clamp(14px, 0.875rem + ((1vw - 3.2px) * 0.313), 17px);font-style:normal;font-weight:400\">Ressentant le besoin de prendre un grand bol de nature, je profitais du week-end pour me rendre dans les Vosges. Une r\u00e9gion dans laquelle je m&#8217;\u00e9tais d\u00e9j\u00e0 rendu une fois, et que je voulais faire d\u00e9couvrir \u00e0 mon ami Simon (qui m&#8217;aura servi de mod\u00e8le sur les photos, merci gros).<\/h2>\n\n\n\n<h2 class=\"wp-block-heading\" style=\"font-size:clamp(14px, 0.875rem + ((1vw - 3.2px) * 0.313), 17px);font-style:normal;font-weight:400\">Afin de nous d\u00e9connecter un maximum, nous avons opt\u00e9 pour une randonn\u00e9e de 2 jours avec nuit en bivouac. Nous pr\u00e9parons donc nos sacs : v\u00eatements, r\u00e9chaud, de quoi dormir et manger, tout y est. C&#8217;est parti !<\/h2>\n\n\n\n<h2 class=\"wp-block-heading\" style=\"font-size:clamp(14px, 0.875rem + ((1vw - 3.2px) * 0.313), 17px);font-style:normal;font-weight:400\">Nous d\u00e9marrons du col de la Schlucht (rep\u00e8re 0), un point de d\u00e9part id\u00e9al car il nous permet de laisser la voiture sur l&#8217;un de ses grands parkings. La premi\u00e8re partie de notre marche nous m\u00e8nera au sommet du Hohneck, qui culmine \u00e0 1363m (rep\u00e8re 1). De l\u00e0, nous ferons s\u00fbrement face \u00e0 un panorama splendide, une vue d\u00e9gag\u00e9e sur toute la nature environnante. Il parait m\u00eame qu&#8217;on peut y apercevoir la for\u00eat noire lorsque la vue est bien d\u00e9gag\u00e9e (une for\u00eat noire que je devrais retrouver tr\u00e8s vite dans mes prochains voyages).<\/h2>\n\n\n\n<h2 class=\"wp-block-heading\" style=\"font-size:clamp(14px, 0.875rem + ((1vw - 3.2px) * 0.313), 17px);font-style:normal;font-weight:400\">\u200b<\/h2>\n\n\n\n<h2 class=\"wp-block-heading\" style=\"font-size:clamp(14px, 0.875rem + ((1vw - 3.2px) * 0.313), 17px);font-style:normal;font-weight:400\">Nous redescendrons ensuite pour partir \u00e0 la d\u00e9couverte de 3 lacs diff\u00e9rents : celui de Schiessrothried (rep\u00e8re 2), celui de Fieschboelde (rep\u00e8re 3), et celui d&#8217;Altenweiher (rep\u00e8re 4) o\u00f9 nous passerons la nuit. Je sais que les chemins dans les Vosges ne sont pas les plus simples car on y retrouve souvent pas mal de roches, mais nous sommes gonfl\u00e9s \u00e0 bloc, ce n&#8217;est pas \u00e7a qui va nous abattre.<\/h2>\n\n\n\n<h2 class=\"wp-block-heading\" style=\"font-size:clamp(14px, 0.875rem + ((1vw - 3.2px) * 0.313), 17px);font-style:normal;font-weight:400\">La premi\u00e8re partie tient toutes ses promesses. Nous marchons sur la cr\u00e8te et la vue est extraordinaire. Le vent, assez glaciale pour cette p\u00e9riode de l&#8217;ann\u00e9e, essaye de refroidir nos ardeurs mais c&#8217;est impossible. On en prend plein la vue. Apr\u00e8s avoir bien profit\u00e9, nous redescendons du sommet du Hohneck. Les paysages changent et nous retrouvons de plus en plus de bois. Apr\u00e8s un petit arr\u00eat dans une auberge de montagne, nous voil\u00e0 au premier lac. Son eau, d&#8217;un bleu \u00e9lectrique, est entour\u00e9e par les parois du grand Hohneck. Je lui trouve un petit air de Suisse. Le deuxi\u00e8me lac fait son apparition apr\u00e8s moins d&#8217;une heure de marche. Il est tr\u00e8s diff\u00e9rent de celui de Schiessrothried. Son eau est tr\u00e8s sombre, ce qui donne un charme tr\u00e8s particulier au lieu. Nous nous y reposons 20 minutes avant d&#8217;entamer la derni\u00e8re partie de notre parcours du jour. La route qui nous m\u00e8ne au lac d&#8217;Altenweiher monte beaucoup et est tr\u00e8s technique dans les zones plus plates. Le fl\u00e9chage est \u00e9galement moins pr\u00e9cis, et nous devons sortir la carte \u00e0 plusieurs reprises pour nous assurer de notre route. Finalement, nous arrivons \u00e0 notre destination vers 19h. L&#8217;heure est id\u00e9ale pour planter sa tente, prendre un ap\u00e9ro et pr\u00e9parer \u00e0 manger.<\/h2>\n\n\n\n<h2 class=\"wp-block-heading\" style=\"font-size:clamp(14px, 0.875rem + ((1vw - 3.2px) * 0.313), 17px);font-style:normal;font-weight:400\">Apr\u00e8s une nuit paisible (se r\u00e9veiller \u00e0 10h d&#8217;une nuit en bivouac \u00e7a ne m&#8217;\u00e9tait jamais arriv\u00e9), nous repartons sur les chemins vosgiens pour finir notre boucle. Nous partons en direction du Rainkopf pour retrouver les vues d\u00e9gag\u00e9es des sommets. Et le moins que l&#8217;on puisse dire c&#8217;est que \u00e7a monte. N\u00e9anmoins, apr\u00e8s 1h de marche nous atteignons l&#8217;auberge du Rainkopf, o\u00f9 nous prendrons notre d\u00eener. La suite de la randonn\u00e9e est plus simple, malgr\u00e9 quelques petites ascensions, nous retrouvons tr\u00e8s vite le sommet du Hohneck, que nous avions laiss\u00e9 derri\u00e8re nous le jour pr\u00e9c\u00e9dent. Il nous reste juste \u00e0 suivre le chemin qui nous m\u00e8ne au parking, en profitant une derni\u00e8re fois de ces magnifiques vues d\u00e9gag\u00e9es.<\/h2>\n\n\n\n<h2 class=\"wp-block-heading\" style=\"font-size:clamp(14px, 0.875rem + ((1vw - 3.2px) * 0.313), 17px);font-style:normal;font-weight:400\">\u200b<\/h2>\n\n\n\n<h2 class=\"wp-block-heading\" style=\"font-size:clamp(14px, 0.875rem + ((1vw - 3.2px) * 0.313), 17px);font-style:normal;font-weight:400\">Parfois oubli\u00e9e parmi les autres massifs montagneux fran\u00e7ais, les Vosges restent, pour moi, une r\u00e9gion magnifique qui cache beaucoup de tr\u00e9sors. J&#8217;ai d\u00e9j\u00e0 h\u00e2te de revenir pour en d\u00e9couvrir encore plus.<\/h2>\n\n\n\n<h2 class=\"wp-block-heading\" style=\"font-size:clamp(14px, 0.875rem + ((1vw - 3.2px) * 0.313), 17px);font-style:normal;font-weight:400\">\u200b<\/h2>\n\n\n\n<h2 class=\"wp-block-heading\" style=\"font-size:clamp(14px, 0.875rem + ((1vw - 3.2px) * 0.313), 17px);font-style:normal;font-weight:400\">Surtout, n&#8217;oubliez pas de r\u00eaver !<\/h2>\n","protected":false},"excerpt":{"rendered":"<p>Ressentant le besoin de prendre un grand bol de nature, je profitais du week-end pour me rendre dans les Vosges. Une r\u00e9gion dans laquelle je m&#8217;\u00e9tais d\u00e9j\u00e0 rendu une fois, et que je voulais faire d\u00e9couvrir \u00e0 mon ami Simon (qui m&#8217;aura servi de mod\u00e8le sur les photos, merci gros). Afin de nous d\u00e9connecter un &hellip; <\/p>\n<p class=\"link-more\"><a href=\"https:\/\/www.uneviesurterre.com\/?page_id=199\" class=\"more-link\">Read more<span class=\"screen-reader-text\"> &#8220;Deux jours de randonn\u00e9e dans les Vosges&#8221;<\/span><\/a><\/p>\n","protected":false},"author":1,"featured_media":0,"parent":0,"menu_order":0,"comment_status":"closed","ping_status":"closed","template":"","meta":{"footnotes":""},"class_list":["post-199","page","type-page","status-publish","hentry"],"jetpack_sharing_enabled":true,"_links":{"self":[{"href":"https:\/\/www.uneviesurterre.com\/index.php?rest_route=\/wp\/v2\/pages\/199","targetHints":{"allow":["GET"]}}],"collection":[{"href":"https:\/\/www.uneviesurterre.com\/index.php?rest_route=\/wp\/v2\/pages"}],"about":[{"href":"https:\/\/www.uneviesurterre.com\/index.php?rest_route=\/wp\/v2\/types\/page"}],"author":[{"embeddable":true,"href":"https:\/\/www.uneviesurterre.com\/index.php?rest_route=\/wp\/v2\/users\/1"}],"replies":[{"embeddable":true,"href":"https:\/\/www.uneviesurterre.com\/index.php?rest_route=%2Fwp%2Fv2%2Fcomments&post=199"}],"version-history":[{"count":1,"href":"https:\/\/www.uneviesurterre.com\/index.php?rest_route=\/wp\/v2\/pages\/199\/revisions"}],"predecessor-version":[{"id":200,"href":"https:\/\/www.uneviesurterre.com\/index.php?rest_route=\/wp\/v2\/pages\/199\/revisions\/200"}],"wp:attachment":[{"href":"https:\/\/www.uneviesurterre.com\/index.php?rest_route=%2Fwp%2Fv2%2Fmedia&parent=199"}],"curies":[{"name":"wp","href":"https:\/\/api.w.org\/{rel}","templated":true}]}}