{"id":190,"date":"2023-10-11T18:40:14","date_gmt":"2023-10-11T16:40:14","guid":{"rendered":"https:\/\/www.uneviesurterre.com\/?page_id=190"},"modified":"2026-01-04T10:59:33","modified_gmt":"2026-01-04T09:59:33","slug":"les-geants-de-de-schorre","status":"publish","type":"page","link":"https:\/\/www.uneviesurterre.com\/?page_id=190","title":{"rendered":"Les g\u00e9ants de &#8220;De Schorre&#8221;"},"content":{"rendered":"\t\t<div data-elementor-type=\"wp-page\" data-elementor-id=\"190\" class=\"elementor elementor-190\">\n\t\t\t\t<div class=\"elementor-element elementor-element-ef30d3b e-flex e-con-boxed e-con e-parent\" data-id=\"ef30d3b\" data-element_type=\"container\">\n\t\t\t\t\t<div class=\"e-con-inner\">\n\t\t\t\t<div class=\"elementor-element elementor-element-6544ebe elementor-widget elementor-widget-spacer\" data-id=\"6544ebe\" data-element_type=\"widget\" data-widget_type=\"spacer.default\">\n\t\t\t\t<div class=\"elementor-widget-container\">\n\t\t\t\t\t\t\t<div class=\"elementor-spacer\">\n\t\t\t<div class=\"elementor-spacer-inner\"><\/div>\n\t\t<\/div>\n\t\t\t\t\t\t<\/div>\n\t\t\t\t<\/div>\n\t\t\t\t<div class=\"elementor-element elementor-element-108c133 elementor-widget elementor-widget-heading\" data-id=\"108c133\" data-element_type=\"widget\" data-widget_type=\"heading.default\">\n\t\t\t\t<div class=\"elementor-widget-container\">\n\t\t\t\t\t<h2 class=\"elementor-heading-title elementor-size-default\">Les g\u00e9ants de De Schorre<\/h2>\t\t\t\t<\/div>\n\t\t\t\t<\/div>\n\t\t\t\t<div class=\"elementor-element elementor-element-b95f8cd elementor-hidden-tablet elementor-hidden-mobile elementor-widget elementor-widget-spacer\" data-id=\"b95f8cd\" data-element_type=\"widget\" data-widget_type=\"spacer.default\">\n\t\t\t\t<div class=\"elementor-widget-container\">\n\t\t\t\t\t\t\t<div class=\"elementor-spacer\">\n\t\t\t<div class=\"elementor-spacer-inner\"><\/div>\n\t\t<\/div>\n\t\t\t\t\t\t<\/div>\n\t\t\t\t<\/div>\n\t\t\t\t<div class=\"elementor-element elementor-element-93b1d9c elementor-widget elementor-widget-text-editor\" data-id=\"93b1d9c\" data-element_type=\"widget\" data-widget_type=\"text-editor.default\">\n\t\t\t\t<div class=\"elementor-widget-container\">\n\t\t\t\t\t\t\t\t\t\n<h2 class=\"wp-block-heading\" style=\"font-size:clamp(14px, 0.875rem + ((1vw - 3.2px) * 0.313), 17px); font-style: normal; font-weight: 400;\">C&#8217;est accompagn\u00e9 de 4 amis que je continue mes escapades flandriennes du c\u00f4t\u00e9 de Boom, ville mondialement connue pour son festival &#8220;Tomorrowland&#8221;. Cette fois-ci pas de DJ au programme mais nous voulions nous y rendre pour d\u00e9couvrir le parc De Schorre lorsqu&#8217;il est vid\u00e9 de ses milliers de visiteurs.<\/h2>\n\n<h2 class=\"wp-block-heading\" style=\"font-size:clamp(14px, 0.875rem + ((1vw - 3.2px) * 0.313), 17px); font-style: normal; font-weight: 400;\">Bien-s\u00fbr, notre visite du jour n&#8217;est pas anodine (on a pas fait 1h20 de route pour se promener dans un parc quelconque !). La particularit\u00e9 des lieux, ce sont ses sculptures de g\u00e9ants en bois. Elles sont au nombre de 6, dispers\u00e9es un peu partout dans les bois du parc.<\/h2>\n\n<h2 class=\"wp-block-heading\" style=\"font-size:clamp(14px, 0.875rem + ((1vw - 3.2px) * 0.313), 17px); font-style: normal; font-weight: 400;\"><strong>\ud83d\udc79 Les g\u00e9ants et leur cr\u00e9ateur<\/strong><\/h2>\n\n<h2 class=\"wp-block-heading\" style=\"font-size:clamp(14px, 0.875rem + ((1vw - 3.2px) * 0.313), 17px); font-style: normal; font-weight: 400;\">Les Trolls sont au nombre de sept. Enfant\u00e9s par l&#8217;artiste Danois Thomas Dambo, ils ont \u00e9t\u00e9 plac\u00e9s dans le parc \u00e0 l&#8217;occasion du c\u00e9l\u00e8bre festival dont je parlais plus haut. L&#8217;id\u00e9e du cr\u00e9ateur est de cr\u00e9er un monde magique, tout en respectant l&#8217;environnement, car il n&#8217;a utilis\u00e9 que des mat\u00e9riaux recyclables. Par ses \u0153uvres, il manifeste \u00e9galement son envie de faire sortir les gens de leur maison et de les reconnecter avec la nature (je l&#8217;ai lu dans son interview, je n&#8217;ai pas pondu \u00e7a comme \u00e7a, je vous rassure). Un message auquel j&#8217;adh\u00e8re compl\u00e8tement !<\/h2>\n\n<h2 class=\"wp-block-heading\" style=\"font-size:clamp(14px, 0.875rem + ((1vw - 3.2px) * 0.313), 17px); font-style: normal; font-weight: 400;\"><strong>\ud83c\udf33 Le parc<\/strong><\/h2>\n\n<h2 class=\"wp-block-heading\" style=\"font-size:clamp(14px, 0.875rem + ((1vw - 3.2px) * 0.313), 17px); font-style: normal; font-weight: 400;\">Le trac\u00e9 annonc\u00e9 pour suivre &#8220;le chemin des trolls&#8221; fait environ 3km, ce qui le rend facilement accessible aux familles. Le parc dans son ensemble est tr\u00e8s agr\u00e9able avec ses \u0153uvres d&#8217;art, ses lacs, son bois et ses espaces ouverts. Il y a m\u00eame un &#8220;chemin \u00e0 pieds nus&#8221;, qui est bien \u00e9videmment ferm\u00e9 en temps de Covid. Nous avons pris le temps de fl\u00e2ner dans tous les recoins du parc, en appr\u00e9ciant chaque aspect. Je dirai que &#8220;De Schorre&#8221; est un lieu de passage obligatoire si vous passez par l\u00e0 !<\/h2>\n\t\t\t\t\t\t\t\t<\/div>\n\t\t\t\t<\/div>\n\t\t\t\t\t<\/div>\n\t\t\t\t<\/div>\n\t\t<div class=\"elementor-element elementor-element-8979bbb e-flex e-con-boxed e-con e-parent\" data-id=\"8979bbb\" data-element_type=\"container\">\n\t\t\t\t\t<div class=\"e-con-inner\">\n\t\t\t\t<div class=\"elementor-element elementor-element-7df8c29 elementor-widget elementor-widget-video\" data-id=\"7df8c29\" data-element_type=\"widget\" data-settings=\"{&quot;youtube_url&quot;:&quot;https:\\\/\\\/www.youtube.com\\\/watch?v=MR1_QyYiIN4&quot;,&quot;video_type&quot;:&quot;youtube&quot;,&quot;controls&quot;:&quot;yes&quot;}\" data-widget_type=\"video.default\">\n\t\t\t\t<div class=\"elementor-widget-container\">\n\t\t\t\t\t\t\t<div class=\"elementor-wrapper elementor-open-inline\">\n\t\t\t<div class=\"elementor-video\"><\/div>\t\t<\/div>\n\t\t\t\t\t\t<\/div>\n\t\t\t\t<\/div>\n\t\t\t\t\t<\/div>\n\t\t\t\t<\/div>\n\t\t\t\t<\/div>\n\t\t","protected":false},"excerpt":{"rendered":"<p>Les g\u00e9ants de De Schorre C&#8217;est accompagn\u00e9 de 4 amis que je continue mes escapades flandriennes du c\u00f4t\u00e9 de Boom, ville mondialement connue pour son festival &#8220;Tomorrowland&#8221;. Cette fois-ci pas de DJ au programme mais nous voulions nous y rendre pour d\u00e9couvrir le parc De Schorre lorsqu&#8217;il est vid\u00e9 de ses milliers de visiteurs. Bien-s\u00fbr, &hellip; <\/p>\n<p class=\"link-more\"><a href=\"https:\/\/www.uneviesurterre.com\/?page_id=190\" class=\"more-link\">Read more<span class=\"screen-reader-text\"> &#8220;Les g\u00e9ants de &#8220;De Schorre&#8221;&#8221;<\/span><\/a><\/p>\n","protected":false},"author":1,"featured_media":0,"parent":0,"menu_order":0,"comment_status":"closed","ping_status":"closed","template":"","meta":{"footnotes":""},"class_list":["post-190","page","type-page","status-publish","hentry"],"jetpack_sharing_enabled":true,"_links":{"self":[{"href":"https:\/\/www.uneviesurterre.com\/index.php?rest_route=\/wp\/v2\/pages\/190","targetHints":{"allow":["GET"]}}],"collection":[{"href":"https:\/\/www.uneviesurterre.com\/index.php?rest_route=\/wp\/v2\/pages"}],"about":[{"href":"https:\/\/www.uneviesurterre.com\/index.php?rest_route=\/wp\/v2\/types\/page"}],"author":[{"embeddable":true,"href":"https:\/\/www.uneviesurterre.com\/index.php?rest_route=\/wp\/v2\/users\/1"}],"replies":[{"embeddable":true,"href":"https:\/\/www.uneviesurterre.com\/index.php?rest_route=%2Fwp%2Fv2%2Fcomments&post=190"}],"version-history":[{"count":20,"href":"https:\/\/www.uneviesurterre.com\/index.php?rest_route=\/wp\/v2\/pages\/190\/revisions"}],"predecessor-version":[{"id":3023,"href":"https:\/\/www.uneviesurterre.com\/index.php?rest_route=\/wp\/v2\/pages\/190\/revisions\/3023"}],"wp:attachment":[{"href":"https:\/\/www.uneviesurterre.com\/index.php?rest_route=%2Fwp%2Fv2%2Fmedia&parent=190"}],"curies":[{"name":"wp","href":"https:\/\/api.w.org\/{rel}","templated":true}]}}