{"id":144,"date":"2023-10-09T19:40:20","date_gmt":"2023-10-09T17:40:20","guid":{"rendered":"https:\/\/www.uneviesurterre.com\/?page_id=144"},"modified":"2025-08-08T15:26:28","modified_gmt":"2025-08-08T13:26:28","slug":"belgique","status":"publish","type":"page","link":"https:\/\/www.uneviesurterre.com\/?page_id=144","title":{"rendered":"Belgique"},"content":{"rendered":"\t\t<div data-elementor-type=\"wp-page\" data-elementor-id=\"144\" class=\"elementor elementor-144\">\n\t\t\t\t<div class=\"elementor-element elementor-element-4f512ed2 e-flex e-con-boxed e-con e-parent\" data-id=\"4f512ed2\" data-element_type=\"container\">\n\t\t\t\t\t<div class=\"e-con-inner\">\n\t\t\t\t<div class=\"elementor-element elementor-element-459af314 elementor-widget elementor-widget-text-editor\" data-id=\"459af314\" data-element_type=\"widget\" data-widget_type=\"text-editor.default\">\n\t\t\t\t<div class=\"elementor-widget-container\">\n\t\t\t\t\t\t\t\t\t<div aria-hidden=\"true\">\u00a0<\/div>\n<div aria-hidden=\"true\">\u00a0<\/div>\n<div aria-hidden=\"true\">\u00a0<\/div>\n<div class=\"wp-block-spacer\" style=\"height: 29px;\" aria-hidden=\"true\">\u00a0<\/div>\n<p><!-- \/wp:spacer --><!-- wp:heading {\"textAlign\":\"center\",\"level\":1,\"style\":{\"typography\":{\"fontSize\":\"24px\"}}} --><\/p>\n<h1 class=\"wp-block-heading has-text-align-center\" style=\"font-size: 24px;\">Prologue<\/h1>\n<p><!-- \/wp:heading --><!-- wp:heading {\"textAlign\":\"center\",\"level\":4,\"style\":{\"typography\":{\"fontStyle\":\"normal\",\"fontWeight\":\"400\",\"fontSize\":\"17px\"}}} --><\/p>\n<h4 class=\"wp-block-heading has-text-align-center\" style=\"font-size: 17px; font-style: normal; font-weight: 400;\">Des frites&#8230; des frites&#8230; des frites, des frites, des frites. C&#8217;est souvent \u00e0 \u00e7a que se r\u00e9sume nos connaissances sur la Belgique. Mais heureusement, le covid est pass\u00e9 par l\u00e0 ! Il a ferm\u00e9 nos fronti\u00e8res et m&#8217;a permis de me pencher sur la d\u00e9couverte de mon pays<\/h4>\n<p><!-- \/wp:columns --><\/p>\t\t\t\t\t\t\t\t<\/div>\n\t\t\t\t<\/div>\n\t\t\t\t\t<\/div>\n\t\t\t\t<\/div>\n\t\t<div class=\"elementor-element elementor-element-f6aefb8 e-con-full e-flex e-con e-parent\" data-id=\"f6aefb8\" data-element_type=\"container\">\n\t\t<div class=\"elementor-element elementor-element-30031b2 e-con-full e-flex e-con e-child\" data-id=\"30031b2\" data-element_type=\"container\" data-settings=\"{&quot;background_background&quot;:&quot;classic&quot;}\">\n\t\t\t\t<div class=\"elementor-element elementor-element-34f717a elementor-widget elementor-widget-heading\" data-id=\"34f717a\" data-element_type=\"widget\" data-widget_type=\"heading.default\">\n\t\t\t\t<div class=\"elementor-widget-container\">\n\t\t\t\t\t<h2 class=\"elementor-heading-title elementor-size-default\"><a href=\"https:\/\/www.uneviesurterre.com\/?page_id=183\">A la d\u00e9couverte de la Gaume<\/a><\/h2>\t\t\t\t<\/div>\n\t\t\t\t<\/div>\n\t\t\t\t<\/div>\n\t\t\t\t<div class=\"elementor-element elementor-element-e59c35b elementor-widget elementor-widget-spacer\" data-id=\"e59c35b\" data-element_type=\"widget\" data-widget_type=\"spacer.default\">\n\t\t\t\t<div class=\"elementor-widget-container\">\n\t\t\t\t\t\t\t<div class=\"elementor-spacer\">\n\t\t\t<div class=\"elementor-spacer-inner\"><\/div>\n\t\t<\/div>\n\t\t\t\t\t\t<\/div>\n\t\t\t\t<\/div>\n\t\t<div class=\"elementor-element elementor-element-f8d0fe7 e-con-full e-flex e-con e-child\" data-id=\"f8d0fe7\" data-element_type=\"container\" data-settings=\"{&quot;background_background&quot;:&quot;classic&quot;}\">\n\t\t\t\t<div class=\"elementor-element elementor-element-9ff4549 elementor-widget elementor-widget-heading\" data-id=\"9ff4549\" data-element_type=\"widget\" data-widget_type=\"heading.default\">\n\t\t\t\t<div class=\"elementor-widget-container\">\n\t\t\t\t\t<h2 class=\"elementor-heading-title elementor-size-default\"><a href=\"https:\/\/www.uneviesurterre.com\/?page_id=2527\">Mes randonn\u00e9es pr\u00e9f\u00e9r\u00e9es en Belgique<\/a><\/h2>\t\t\t\t<\/div>\n\t\t\t\t<\/div>\n\t\t\t\t<\/div>\n\t\t\t\t<\/div>\n\t\t<div class=\"elementor-element elementor-element-1c2a9c3 e-con-full e-flex e-con e-parent\" data-id=\"1c2a9c3\" data-element_type=\"container\">\n\t\t<div class=\"elementor-element elementor-element-7c7f4b1 e-con-full e-flex e-con e-child\" data-id=\"7c7f4b1\" data-element_type=\"container\" data-settings=\"{&quot;background_background&quot;:&quot;classic&quot;}\">\n\t\t\t\t<div class=\"elementor-element elementor-element-09176ed elementor-widget elementor-widget-heading\" data-id=\"09176ed\" data-element_type=\"widget\" data-widget_type=\"heading.default\">\n\t\t\t\t<div class=\"elementor-widget-container\">\n\t\t\t\t\t<h2 class=\"elementor-heading-title elementor-size-default\"><a href=\"https:\/\/www.uneviesurterre.com\/?page_id=190\">De Schorre, le parc des g\u00e9ants<\/a><\/h2>\t\t\t\t<\/div>\n\t\t\t\t<\/div>\n\t\t\t\t<\/div>\n\t\t\t\t<div class=\"elementor-element elementor-element-b305cd8 elementor-widget elementor-widget-spacer\" data-id=\"b305cd8\" data-element_type=\"widget\" data-widget_type=\"spacer.default\">\n\t\t\t\t<div class=\"elementor-widget-container\">\n\t\t\t\t\t\t\t<div class=\"elementor-spacer\">\n\t\t\t<div class=\"elementor-spacer-inner\"><\/div>\n\t\t<\/div>\n\t\t\t\t\t\t<\/div>\n\t\t\t\t<\/div>\n\t\t<div class=\"elementor-element elementor-element-baad420 e-con-full e-flex e-con e-child\" data-id=\"baad420\" data-element_type=\"container\">\n\t\t\t\t<\/div>\n\t\t\t\t<\/div>\n\t\t\t\t<\/div>\n\t\t","protected":false},"excerpt":{"rendered":"<p>\u00a0 \u00a0 \u00a0 \u00a0 Prologue Des frites&#8230; des frites&#8230; des frites, des frites, des frites. C&#8217;est souvent \u00e0 \u00e7a que se r\u00e9sume nos connaissances sur la Belgique. Mais heureusement, le covid est pass\u00e9 par l\u00e0 ! Il a ferm\u00e9 nos fronti\u00e8res et m&#8217;a permis de me pencher sur la d\u00e9couverte de mon pays A la &hellip; <\/p>\n<p class=\"link-more\"><a href=\"https:\/\/www.uneviesurterre.com\/?page_id=144\" class=\"more-link\">Read more<span class=\"screen-reader-text\"> &#8220;Belgique&#8221;<\/span><\/a><\/p>\n","protected":false},"author":1,"featured_media":94,"parent":0,"menu_order":0,"comment_status":"closed","ping_status":"closed","template":"","meta":{"footnotes":""},"class_list":["post-144","page","type-page","status-publish","has-post-thumbnail","hentry"],"jetpack_sharing_enabled":true,"_links":{"self":[{"href":"https:\/\/www.uneviesurterre.com\/index.php?rest_route=\/wp\/v2\/pages\/144","targetHints":{"allow":["GET"]}}],"collection":[{"href":"https:\/\/www.uneviesurterre.com\/index.php?rest_route=\/wp\/v2\/pages"}],"about":[{"href":"https:\/\/www.uneviesurterre.com\/index.php?rest_route=\/wp\/v2\/types\/page"}],"author":[{"embeddable":true,"href":"https:\/\/www.uneviesurterre.com\/index.php?rest_route=\/wp\/v2\/users\/1"}],"replies":[{"embeddable":true,"href":"https:\/\/www.uneviesurterre.com\/index.php?rest_route=%2Fwp%2Fv2%2Fcomments&post=144"}],"version-history":[{"count":57,"href":"https:\/\/www.uneviesurterre.com\/index.php?rest_route=\/wp\/v2\/pages\/144\/revisions"}],"predecessor-version":[{"id":2581,"href":"https:\/\/www.uneviesurterre.com\/index.php?rest_route=\/wp\/v2\/pages\/144\/revisions\/2581"}],"wp:featuredmedia":[{"embeddable":true,"href":"https:\/\/www.uneviesurterre.com\/index.php?rest_route=\/wp\/v2\/media\/94"}],"wp:attachment":[{"href":"https:\/\/www.uneviesurterre.com\/index.php?rest_route=%2Fwp%2Fv2%2Fmedia&parent=144"}],"curies":[{"name":"wp","href":"https:\/\/api.w.org\/{rel}","templated":true}]}}