{"id":1055,"date":"2024-08-14T19:17:11","date_gmt":"2024-08-14T17:17:11","guid":{"rendered":"https:\/\/www.uneviesurterre.com\/?page_id=1055"},"modified":"2024-08-15T15:29:45","modified_gmt":"2024-08-15T13:29:45","slug":"la-bretagne-du-nord","status":"publish","type":"page","link":"https:\/\/www.uneviesurterre.com\/?page_id=1055","title":{"rendered":"D\u00e9couvrir ce qu&#8217;il y a de plus beaux en Bretagne"},"content":{"rendered":"\n<div style=\"height:45px\" aria-hidden=\"true\" class=\"wp-block-spacer\"><\/div>\n\n\n\n<p>Durant mes vacances j\u2019ai pass\u00e9 quelques jours \u00e0 sillonner la Bretagne, un road-trip qui me tenait \u00e0 c\u0153ur depuis longtemps. Je me suis plus particuli\u00e8rement attard\u00e9 sur la partie nord de la r\u00e9gion, ayant d\u00e9j\u00e0 visit\u00e9 une partie de la partie sud dans mon jeune temps.<br><\/p>\n\n\n\n<div style=\"height:51px\" aria-hidden=\"true\" class=\"wp-block-spacer\"><\/div>\n\n\n\n<figure class=\"wp-block-image alignwide size-full\"><img fetchpriority=\"high\" decoding=\"async\" width=\"2000\" height=\"1000\" src=\"https:\/\/www.uneviesurterre.com\/wp-content\/uploads\/2024\/08\/Design-sans-titre-2.png\" alt=\"\" class=\"wp-image-1085\" srcset=\"https:\/\/www.uneviesurterre.com\/wp-content\/uploads\/2024\/08\/Design-sans-titre-2.png 2000w, https:\/\/www.uneviesurterre.com\/wp-content\/uploads\/2024\/08\/Design-sans-titre-2-300x150.png 300w, https:\/\/www.uneviesurterre.com\/wp-content\/uploads\/2024\/08\/Design-sans-titre-2-512x256.png 512w\" sizes=\"(max-width: 2000px) 100vw, 2000px\" \/><\/figure>\n\n\n\n<h2 class=\"wp-block-heading\">Des villes et villages de charme<\/h2>\n\n\n\n<p>On retrouve en Bretagne un bon nombre de cit\u00e9s class\u00e9es parmi \u201cles plus beaux villages de France\u201d, et bien d\u2019autres qui en valent \u00e9galement la peine :&nbsp;<\/p>\n\n\n\n<p><strong>Saint Malo<\/strong> : Ville portuaire fond\u00e9e au premier si\u00e8cle avant JC, Saint-Malo est devenue c\u00e9l\u00e8bre gr\u00e2ce aux corsaires: des marins autoris\u00e9s par le roi de France \u00e0 attaquer les navires ennemis. Aujourd\u2019hui, on appr\u00e9cie se promener dans la vieille ville, faire le tour des remparts et parcourir la plage, allant jusqu\u2019\u00e0 d\u00e9couvrir les petits \u00eelots accessibles \u00e0 mar\u00e9e basse.<\/p>\n\n\n\n<p><strong>Ploumanac\u2019h<\/strong> : Ploumanac&#8217;h est situ\u00e9 sur la c\u00e9l\u00e8bre C\u00f4te de Granit Rose, connue pour ses rochers color\u00e9s qui prennent des formes \u00e9tonnantes en raison de l&#8217;\u00e9rosion marine. Au-del\u00e0 du village, le plus grand int\u00e9r\u00eat ici est donc le d\u00e9cor qui l\u2019entoure. Lors de votre visite, vous \u00eates donc oblig\u00e9s de vous balader le long du sentier des Douaniers (GR34) afin de d\u00e9couvrir cette c\u00f4te d\u2019exception.<\/p>\n\n\n\n<p><strong>Locronan<\/strong> : Petit village pittoresque situ\u00e9 dans le Finist\u00e8re, Locronan est r\u00e9put\u00e9 pour son ambiance m\u00e9di\u00e9vale. Son centre-ville pi\u00e9ton pav\u00e9 de pierres appelle \u00e0 la balade et la fl\u00e2nerie.<\/p>\n\n\n\n<div style=\"height:32px\" aria-hidden=\"true\" class=\"wp-block-spacer\"><\/div>\n\n\n\n<div class=\"alignnormal\"><div id=\"metaslider-id-1103\" style=\"max-width: 1920px;\" class=\"ml-slider-3-108-0 metaslider metaslider-flex metaslider-1103 ml-slider has-dots-nav ms-theme-outline\" role=\"region\" aria-label=\"bretagne slide 1\" data-height=\"1080\" data-width=\"1920\">\n    <div id=\"metaslider_container_1103\">\n        <div id=\"metaslider_1103\">\n            <ul class='slides'>\n                <li style=\"display: block; width: 100%;\" class=\"slide-1166 ms-image \" aria-roledescription=\"slide\" data-date=\"2024-08-14 19:05:16\" data-filename=\"P1035846-2-Copie-1-scaled-1920x1080.jpg\" data-slide-type=\"image\"><img decoding=\"async\" src=\"https:\/\/www.uneviesurterre.com\/wp-content\/uploads\/2024\/08\/P1035846-2-Copie-1-scaled-1920x1080.jpg\" height=\"1080\" width=\"1920\" alt=\"\" class=\"slider-1103 slide-1166 msDefaultImage\" title=\"P1035846-2 - Copie\" \/><\/li>\n                <li style=\"display: none; width: 100%;\" class=\"slide-1167 ms-image \" aria-roledescription=\"slide\" data-date=\"2024-08-14 19:05:16\" data-filename=\"P1035983-2-scaled-1920x1080.jpg\" data-slide-type=\"image\"><img decoding=\"async\" src=\"https:\/\/www.uneviesurterre.com\/wp-content\/uploads\/2024\/08\/P1035983-2-scaled-1920x1080.jpg\" height=\"1080\" width=\"1920\" alt=\"\" class=\"slider-1103 slide-1167 msDefaultImage\" title=\"P1035983-2\" \/><\/li>\n                <li style=\"display: none; width: 100%;\" class=\"slide-1168 ms-image \" aria-roledescription=\"slide\" data-date=\"2024-08-14 19:05:16\" data-filename=\"P1035986-Copie-scaled-1920x1080.jpg\" data-slide-type=\"image\"><img loading=\"lazy\" decoding=\"async\" src=\"https:\/\/www.uneviesurterre.com\/wp-content\/uploads\/2024\/08\/P1035986-Copie-scaled-1920x1080.jpg\" height=\"1080\" width=\"1920\" alt=\"\" class=\"slider-1103 slide-1168 msDefaultImage\" title=\"P1035986 - Copie\" \/><\/li>\n            <\/ul>\n        <\/div>\n        \n    <\/div>\n<\/div><\/div>\n\n\n\n<h2 class=\"wp-block-heading\">Une c\u00f4te sauvage<\/h2>\n\n\n\n<div class=\"wp-block-media-text is-stacked-on-mobile\" style=\"grid-template-columns:25% auto\"><figure class=\"wp-block-media-text__media\"><img loading=\"lazy\" decoding=\"async\" width=\"288\" height=\"512\" src=\"https:\/\/www.uneviesurterre.com\/wp-content\/uploads\/2024\/08\/Le-saviez-vous--288x512.png\" alt=\"\" class=\"wp-image-1093 size-full\" srcset=\"https:\/\/www.uneviesurterre.com\/wp-content\/uploads\/2024\/08\/Le-saviez-vous--288x512.png 288w, https:\/\/www.uneviesurterre.com\/wp-content\/uploads\/2024\/08\/Le-saviez-vous--169x300.png 169w, https:\/\/www.uneviesurterre.com\/wp-content\/uploads\/2024\/08\/Le-saviez-vous-.png 1080w\" sizes=\"(max-width: 288px) 100vw, 288px\" \/><\/figure><div class=\"wp-block-media-text__content\">\n<p>Pendant mon voyage je me suis offert quelques randonn\u00e9es assez \u00e9piques le long du littoral. Je suis s\u00fbr qu\u2019il y a un tas d\u2019autres endroits o\u00f9 aller marcher, tant la c\u00f4te est bien pr\u00e9serv\u00e9e :&nbsp;<\/p>\n\n\n\n<p><strong>Randonn\u00e9e au Cap Fr\u00e9hel<\/strong> : Comme souvent lorsqu\u2019on veut randonner le long de l\u2019eau en Bretagne, j\u2019ai emprunt\u00e9 le GR34, allant cette fois-ci du Fort la Latte jusqu\u2019\u00e0 la pointe du Cap Fr\u00e9hel. La c\u00f4te y est tr\u00e8s fleurie et l\u2019eau est d\u2019un turquoise qui rappelle les destinations exotiques. C\u2019est Apo qui m\u2019avait sugg\u00e9r\u00e9 cette rando avant de partir. L\u2019aller-retour fait plus ou moins 9km.&nbsp;&nbsp;&nbsp;<\/p>\n\n\n\n<p><strong>La c\u00f4te de Granite Rose<\/strong><\/p>\n\n\n\n<p>\u2764\ufe0f <strong>Randonn\u00e9e au Pen-Hir<\/strong> : Attention, c\u2019est mon coup de c\u0153ur de ces vacances ! Parti de Camaret-sur-mer (Presqu&#8217;\u00eele de Crozon) j\u2019ai effectu\u00e9 une boucle en passant par la pointe du Toulinguet, la plage de Pen Hat et enfin la pointe de Pen Hir. M\u00eame si toute la randonn\u00e9e \u00e9tait agr\u00e9able, c&#8217;est ce dernier lieu qui rend la balade incroyable. Avec ses mouvements d\u2019eau, ainsi que ses falaises et rochers accident\u00e9s qui tombent \u00e0 pic dans la mer, ce lieu n\u2019a pas son \u00e9gale dans mes voyages. Un tour de 11.2 km qui restera grav\u00e9 dans ma m\u00e9moire. Cette marche, tout comme le reste de l\u2019\u00eele, sont des immanquables en Bretagne !<\/p>\n<\/div><\/div>\n\n\n\n<div style=\"height:32px\" aria-hidden=\"true\" class=\"wp-block-spacer\"><\/div>\n\n\n\n<h2 class=\"wp-block-heading\">Des villages, la mer, mais pas qu\u2019eux\u2026<\/h2>\n\n\n\n<p>C\u2019est vrai que lorsqu\u2019on visite cette r\u00e9gion, on s\u2019attarde plus souvent sur ces deux premi\u00e8res attractions, mais des fois \u00e7a fait du bien d\u2019explorer un peu d\u2019autres choses pour varier.&nbsp;<\/p>\n\n\n\n<p>Dans cette optique, je me suis notamment rendu au <strong>domaine de la Roche Jagu<\/strong> pour visiter son ch\u00e2teau. Finalement, je me suis plus balad\u00e9 dans le parc qu\u2019attarder dans le ch\u00e2teau. Le domaine entend laisser une grande place \u00e0 la nature et met en place pas mal d\u2019ateliers p\u00e9dagogiques pour sensibiliser les gens. Un endroit tr\u00e8s sympa o\u00f9 s\u2019arr\u00eater en route.<\/p>\n\n\n\n<p>C\u2019est dans les terres que se trouvait la derni\u00e8re \u00e9tape de mon voyage, et plus exactement dans <strong>la for\u00eat de Broc\u00e9liande<\/strong>. Et oui, en Bretagne il est aussi possible de se balader en for\u00eat, et pas n\u2019importe laquelle ! C\u2019est ici Merlin l\u2019enchanteur lui-m\u00eame qui nous invite \u00e0 la balade. Bon, une fois la l\u00e9gende pass\u00e9e, la for\u00eat est quand m\u00eame assez banale (plaisante mais pas extraordinaire). Mais pourquoi pas faire un tour pour voir le tombeau du mage.<\/p>\n\n\n\n<div class=\"alignnormal\"><div id=\"metaslider-id-1117\" style=\"max-width: 1920px;\" class=\"ml-slider-3-108-0 metaslider metaslider-flex metaslider-1117 ml-slider has-dots-nav ms-theme-outline\" role=\"region\" aria-label=\"Bretagne 2\" data-height=\"1080\" data-width=\"1920\">\n    <div id=\"metaslider_container_1117\">\n        <div id=\"metaslider_1117\">\n            <ul class='slides'>\n                <li style=\"display: block; width: 100%;\" class=\"slide-1143 ms-image \" aria-roledescription=\"slide\" data-date=\"2024-08-14 19:00:26\" data-filename=\"e43e8b55-c775-448b-a85d-3d3d9e9e5b56photo-1807x1017.jpeg\" data-slide-type=\"image\"><img loading=\"lazy\" decoding=\"async\" src=\"https:\/\/www.uneviesurterre.com\/wp-content\/uploads\/2024\/08\/e43e8b55-c775-448b-a85d-3d3d9e9e5b56photo-1807x1017.jpeg\" height=\"1080\" width=\"1920\" alt=\"\" class=\"slider-1117 slide-1143 msDefaultImage\" title=\"e43e8b55-c775-448b-a85d-3d3d9e9e5b56photo\" \/><\/li>\n                <li style=\"display: none; width: 100%;\" class=\"slide-1144 ms-image \" aria-roledescription=\"slide\" data-date=\"2024-08-14 19:00:26\" data-filename=\"IMG_20240628_133903-scaled-1920x1080.jpg\" data-slide-type=\"image\"><img loading=\"lazy\" decoding=\"async\" src=\"https:\/\/www.uneviesurterre.com\/wp-content\/uploads\/2024\/08\/IMG_20240628_133903-scaled-1920x1080.jpg\" height=\"1080\" width=\"1920\" alt=\"\" class=\"slider-1117 slide-1144 msDefaultImage\" title=\"IMG_20240628_133903\" \/><\/li>\n                <li style=\"display: none; width: 100%;\" class=\"slide-1145 ms-image \" aria-roledescription=\"slide\" data-date=\"2024-08-14 19:00:26\" data-filename=\"P1035846-2-Copie-scaled-1920x1080.jpg\" data-slide-type=\"image\"><img loading=\"lazy\" decoding=\"async\" src=\"https:\/\/www.uneviesurterre.com\/wp-content\/uploads\/2024\/08\/P1035846-2-Copie-scaled-1920x1080.jpg\" height=\"1080\" width=\"1920\" alt=\"\" class=\"slider-1117 slide-1145 msDefaultImage\" title=\"P1035846-2 - Copie\" \/><\/li>\n                <li style=\"display: none; width: 100%;\" class=\"slide-1146 ms-image \" aria-roledescription=\"slide\" data-date=\"2024-08-14 19:00:26\" data-filename=\"P1035850-2-scaled-1920x1080.jpg\" data-slide-type=\"image\"><img loading=\"lazy\" decoding=\"async\" src=\"https:\/\/www.uneviesurterre.com\/wp-content\/uploads\/2024\/08\/P1035850-2-scaled-1920x1080.jpg\" height=\"1080\" width=\"1920\" alt=\"\" class=\"slider-1117 slide-1146 msDefaultImage\" title=\"P1035850-2\" \/><\/li>\n                <li style=\"display: none; width: 100%;\" class=\"slide-1147 ms-image \" aria-roledescription=\"slide\" data-date=\"2024-08-14 19:00:27\" data-filename=\"P1035861-scaled-1920x1080.jpg\" data-slide-type=\"image\"><img loading=\"lazy\" decoding=\"async\" src=\"https:\/\/www.uneviesurterre.com\/wp-content\/uploads\/2024\/08\/P1035861-scaled-1920x1080.jpg\" height=\"1080\" width=\"1920\" alt=\"\" class=\"slider-1117 slide-1147 msDefaultImage\" title=\"P1035861\" \/><\/li>\n                <li style=\"display: none; width: 100%;\" class=\"slide-1148 ms-image \" aria-roledescription=\"slide\" data-date=\"2024-08-14 19:00:27\" data-filename=\"P1035865-2-scaled-1920x1080.jpg\" data-slide-type=\"image\"><img loading=\"lazy\" decoding=\"async\" src=\"https:\/\/www.uneviesurterre.com\/wp-content\/uploads\/2024\/08\/P1035865-2-scaled-1920x1080.jpg\" height=\"1080\" width=\"1920\" alt=\"\" class=\"slider-1117 slide-1148 msDefaultImage\" title=\"P1035865-2\" \/><\/li>\n                <li style=\"display: none; width: 100%;\" class=\"slide-1149 ms-image \" aria-roledescription=\"slide\" data-date=\"2024-08-14 19:00:27\" data-filename=\"P1035890-2-scaled-1920x1080.jpg\" data-slide-type=\"image\"><img loading=\"lazy\" decoding=\"async\" src=\"https:\/\/www.uneviesurterre.com\/wp-content\/uploads\/2024\/08\/P1035890-2-scaled-1920x1080.jpg\" height=\"1080\" width=\"1920\" alt=\"\" class=\"slider-1117 slide-1149 msDefaultImage\" title=\"P1035890-2\" \/><\/li>\n                <li style=\"display: none; width: 100%;\" class=\"slide-1150 ms-image \" aria-roledescription=\"slide\" data-date=\"2024-08-14 19:00:27\" data-filename=\"P1035913-2-scaled-1920x1080.jpg\" data-slide-type=\"image\"><img loading=\"lazy\" decoding=\"async\" src=\"https:\/\/www.uneviesurterre.com\/wp-content\/uploads\/2024\/08\/P1035913-2-scaled-1920x1080.jpg\" height=\"1080\" width=\"1920\" alt=\"\" class=\"slider-1117 slide-1150 msDefaultImage\" title=\"P1035913-2\" \/><\/li>\n                <li style=\"display: none; width: 100%;\" class=\"slide-1151 ms-image \" aria-roledescription=\"slide\" data-date=\"2024-08-14 19:00:27\" data-filename=\"P1035922-2-scaled-1920x1080.jpg\" data-slide-type=\"image\"><img loading=\"lazy\" decoding=\"async\" src=\"https:\/\/www.uneviesurterre.com\/wp-content\/uploads\/2024\/08\/P1035922-2-scaled-1920x1080.jpg\" height=\"1080\" width=\"1920\" alt=\"\" class=\"slider-1117 slide-1151 msDefaultImage\" title=\"P1035922-2\" \/><\/li>\n                <li style=\"display: none; width: 100%;\" class=\"slide-1152 ms-image \" aria-roledescription=\"slide\" data-date=\"2024-08-14 19:00:27\" data-filename=\"P1035926-scaled-1920x1080.jpg\" data-slide-type=\"image\"><img loading=\"lazy\" decoding=\"async\" src=\"https:\/\/www.uneviesurterre.com\/wp-content\/uploads\/2024\/08\/P1035926-scaled-1920x1080.jpg\" height=\"1080\" width=\"1920\" alt=\"\" class=\"slider-1117 slide-1152 msDefaultImage\" title=\"P1035926\" \/><\/li>\n                <li style=\"display: none; width: 100%;\" class=\"slide-1153 ms-image \" aria-roledescription=\"slide\" data-date=\"2024-08-14 19:00:27\" data-filename=\"P1035934-scaled-1920x1080.jpg\" data-slide-type=\"image\"><img loading=\"lazy\" decoding=\"async\" src=\"https:\/\/www.uneviesurterre.com\/wp-content\/uploads\/2024\/08\/P1035934-scaled-1920x1080.jpg\" height=\"1080\" width=\"1920\" alt=\"\" class=\"slider-1117 slide-1153 msDefaultImage\" title=\"P1035934\" \/><\/li>\n                <li style=\"display: none; width: 100%;\" class=\"slide-1154 ms-image \" aria-roledescription=\"slide\" data-date=\"2024-08-14 19:00:27\" data-filename=\"P1035936-scaled-1920x1080.jpg\" data-slide-type=\"image\"><img loading=\"lazy\" decoding=\"async\" src=\"https:\/\/www.uneviesurterre.com\/wp-content\/uploads\/2024\/08\/P1035936-scaled-1920x1080.jpg\" height=\"1080\" width=\"1920\" alt=\"\" class=\"slider-1117 slide-1154 msDefaultImage\" title=\"P1035936\" \/><\/li>\n                <li style=\"display: none; width: 100%;\" class=\"slide-1155 ms-image \" aria-roledescription=\"slide\" data-date=\"2024-08-14 19:00:27\" data-filename=\"P1035938-2-scaled-1920x1080.jpg\" data-slide-type=\"image\"><img loading=\"lazy\" decoding=\"async\" src=\"https:\/\/www.uneviesurterre.com\/wp-content\/uploads\/2024\/08\/P1035938-2-scaled-1920x1080.jpg\" height=\"1080\" width=\"1920\" alt=\"\" class=\"slider-1117 slide-1155 msDefaultImage\" title=\"P1035938-2\" \/><\/li>\n                <li style=\"display: none; width: 100%;\" class=\"slide-1156 ms-image \" aria-roledescription=\"slide\" data-date=\"2024-08-14 19:00:27\" data-filename=\"P1035939-2-scaled-1920x1080.jpg\" data-slide-type=\"image\"><img loading=\"lazy\" decoding=\"async\" src=\"https:\/\/www.uneviesurterre.com\/wp-content\/uploads\/2024\/08\/P1035939-2-scaled-1920x1080.jpg\" height=\"1080\" width=\"1920\" alt=\"\" class=\"slider-1117 slide-1156 msDefaultImage\" title=\"P1035939-2\" \/><\/li>\n                <li style=\"display: none; width: 100%;\" class=\"slide-1157 ms-image \" aria-roledescription=\"slide\" data-date=\"2024-08-14 19:00:27\" data-filename=\"P1035955-2-1920x1080.jpg\" data-slide-type=\"image\"><img loading=\"lazy\" decoding=\"async\" src=\"https:\/\/www.uneviesurterre.com\/wp-content\/uploads\/2024\/08\/P1035955-2-1920x1080.jpg\" height=\"1080\" width=\"1920\" alt=\"\" class=\"slider-1117 slide-1157 msDefaultImage\" title=\"P1035955-2\" \/><\/li>\n                <li style=\"display: none; width: 100%;\" class=\"slide-1158 ms-image \" aria-roledescription=\"slide\" data-date=\"2024-08-14 19:00:27\" data-filename=\"P1035959-2-scaled-1920x1080.jpg\" data-slide-type=\"image\"><img loading=\"lazy\" decoding=\"async\" src=\"https:\/\/www.uneviesurterre.com\/wp-content\/uploads\/2024\/08\/P1035959-2-scaled-1920x1080.jpg\" height=\"1080\" width=\"1920\" alt=\"\" class=\"slider-1117 slide-1158 msDefaultImage\" title=\"P1035959-2\" \/><\/li>\n                <li style=\"display: none; width: 100%;\" class=\"slide-1159 ms-image \" aria-roledescription=\"slide\" data-date=\"2024-08-14 19:00:27\" data-filename=\"P1035961-scaled-1920x1080.jpg\" data-slide-type=\"image\"><img loading=\"lazy\" decoding=\"async\" src=\"https:\/\/www.uneviesurterre.com\/wp-content\/uploads\/2024\/08\/P1035961-scaled-1920x1080.jpg\" height=\"1080\" width=\"1920\" alt=\"\" class=\"slider-1117 slide-1159 msDefaultImage\" title=\"P1035961\" \/><\/li>\n                <li style=\"display: none; width: 100%;\" class=\"slide-1160 ms-image \" aria-roledescription=\"slide\" data-date=\"2024-08-14 19:00:27\" data-filename=\"P1035963-scaled-1920x1080.jpg\" data-slide-type=\"image\"><img loading=\"lazy\" decoding=\"async\" src=\"https:\/\/www.uneviesurterre.com\/wp-content\/uploads\/2024\/08\/P1035963-scaled-1920x1080.jpg\" height=\"1080\" width=\"1920\" alt=\"\" class=\"slider-1117 slide-1160 msDefaultImage\" title=\"P1035963\" \/><\/li>\n                <li style=\"display: none; width: 100%;\" class=\"slide-1161 ms-image \" aria-roledescription=\"slide\" data-date=\"2024-08-14 19:00:27\" data-filename=\"P1035979-scaled-1920x1080.jpg\" data-slide-type=\"image\"><img loading=\"lazy\" decoding=\"async\" src=\"https:\/\/www.uneviesurterre.com\/wp-content\/uploads\/2024\/08\/P1035979-scaled-1920x1080.jpg\" height=\"1080\" width=\"1920\" alt=\"\" class=\"slider-1117 slide-1161 msDefaultImage\" title=\"P1035979\" \/><\/li>\n            <\/ul>\n        <\/div>\n        \n    <\/div>\n<\/div><\/div>\n\n\n\n<div style=\"height:96px\" aria-hidden=\"true\" class=\"wp-block-spacer\"><\/div>\n","protected":false},"excerpt":{"rendered":"<p>Durant mes vacances j\u2019ai pass\u00e9 quelques jours \u00e0 sillonner la Bretagne, un road-trip qui me tenait \u00e0 c\u0153ur depuis longtemps. Je me suis plus particuli\u00e8rement attard\u00e9 sur la partie nord de la r\u00e9gion, ayant d\u00e9j\u00e0 visit\u00e9 une partie de la partie sud dans mon jeune temps. Des villes et villages de charme On retrouve en &hellip; <\/p>\n<p class=\"link-more\"><a href=\"https:\/\/www.uneviesurterre.com\/?page_id=1055\" class=\"more-link\">Read more<span class=\"screen-reader-text\"> &#8220;D\u00e9couvrir ce qu&#8217;il y a de plus beaux en Bretagne&#8221;<\/span><\/a><\/p>\n","protected":false},"author":1,"featured_media":1127,"parent":0,"menu_order":0,"comment_status":"closed","ping_status":"closed","template":"","meta":{"footnotes":""},"class_list":["post-1055","page","type-page","status-publish","has-post-thumbnail","hentry"],"jetpack_sharing_enabled":true,"_links":{"self":[{"href":"https:\/\/www.uneviesurterre.com\/index.php?rest_route=\/wp\/v2\/pages\/1055","targetHints":{"allow":["GET"]}}],"collection":[{"href":"https:\/\/www.uneviesurterre.com\/index.php?rest_route=\/wp\/v2\/pages"}],"about":[{"href":"https:\/\/www.uneviesurterre.com\/index.php?rest_route=\/wp\/v2\/types\/page"}],"author":[{"embeddable":true,"href":"https:\/\/www.uneviesurterre.com\/index.php?rest_route=\/wp\/v2\/users\/1"}],"replies":[{"embeddable":true,"href":"https:\/\/www.uneviesurterre.com\/index.php?rest_route=%2Fwp%2Fv2%2Fcomments&post=1055"}],"version-history":[{"count":34,"href":"https:\/\/www.uneviesurterre.com\/index.php?rest_route=\/wp\/v2\/pages\/1055\/revisions"}],"predecessor-version":[{"id":1179,"href":"https:\/\/www.uneviesurterre.com\/index.php?rest_route=\/wp\/v2\/pages\/1055\/revisions\/1179"}],"wp:featuredmedia":[{"embeddable":true,"href":"https:\/\/www.uneviesurterre.com\/index.php?rest_route=\/wp\/v2\/media\/1127"}],"wp:attachment":[{"href":"https:\/\/www.uneviesurterre.com\/index.php?rest_route=%2Fwp%2Fv2%2Fmedia&parent=1055"}],"curies":[{"name":"wp","href":"https:\/\/api.w.org\/{rel}","templated":true}]}}